{"id":29155,"date":"2026-03-12T19:51:39","date_gmt":"2026-03-12T19:51:39","guid":{"rendered":"https:\/\/kingimeister.ee\/?page_id=29155"},"modified":"2026-03-30T10:44:59","modified_gmt":"2026-03-30T08:44:59","slug":"ettevotetele","status":"publish","type":"page","link":"https:\/\/kingimeister.ee\/ru\/ettevotetele\/","title":{"rendered":"Ettev\u00f5tetele"},"content":{"rendered":"<div data-elementor-type=\"wp-page\" data-elementor-id=\"29155\" class=\"elementor elementor-29155\">\n\t\t\t\t<div class=\"wd-negative-gap elementor-element elementor-element-0f95acb e-flex e-con-boxed e-con e-parent\" data-id=\"0f95acb\" data-element_type=\"container\" data-e-type=\"container\">\n\t\t\t\t\t<div class=\"e-con-inner\">\n\t\t<div class=\"elementor-element elementor-element-98b862e e-con-full e-flex e-con e-child\" data-id=\"98b862e\" data-element_type=\"container\" data-e-type=\"container\">\n\t\t\t\t<div class=\"elementor-element elementor-element-abb95f3 elementor-widget elementor-widget-wd_mega_menu\" data-id=\"abb95f3\" data-element_type=\"widget\" data-e-type=\"widget\" data-widget_type=\"wd_mega_menu.default\">\n\t\t\t\t<div class=\"elementor-widget-container\">\n\t\t\t\t\t\t\t<div class=\"wd-menu widget_nav_mega_menu wd-nav-wrapper\">\n\t\t\t\t\t\t\t<h5 class=\"widget-title color-scheme-\">\n\t\t\t\t\t\u00c4rikliendile\t\t\t\t<\/h5>\n\t\t\t\t\t\t<ul id=\"menu-arikliendi-menuu\" class=\"menu wd-nav wd-nav-vertical wd-design-default\"><li id=\"menu-item-30109\" class=\"menu-item menu-item-type-custom menu-item-object-custom menu-item-30109 item-level-0 menu-simple-dropdown wd-event-hover\" ><a href=\"https:\/\/kingimeister.ee\/ru\/arikliendile\/\" class=\"woodmart-nav-link\"><span class=\"nav-link-text\">\u00c4rikliendile<\/span><\/a><\/li>\n<li id=\"menu-item-30106\" class=\"menu-item menu-item-type-post_type menu-item-object-page menu-item-30106 item-level-0 menu-simple-dropdown wd-event-hover\" ><a href=\"https:\/\/kingimeister.ee\/ru\/lasteaedadele\/\" class=\"woodmart-nav-link\"><span class=\"nav-link-text\">\u0414\u043b\u044f \u0434\u0435\u0442\u0441\u043a\u0438\u0445 \u0441\u0430\u0434\u043e\u0432<\/span><\/a><\/li>\n<li id=\"menu-item-30107\" class=\"menu-item menu-item-type-post_type menu-item-object-page menu-item-30107 item-level-0 menu-simple-dropdown wd-event-hover\" ><a href=\"https:\/\/kingimeister.ee\/ru\/koolidele\/\" class=\"woodmart-nav-link\"><span class=\"nav-link-text\">\u0414\u043b\u044f \u0448\u043a\u043e\u043b<\/span><\/a><\/li>\n<li id=\"menu-item-30111\" class=\"menu-item menu-item-type-custom menu-item-object-custom menu-item-30111 item-level-0 menu-simple-dropdown wd-event-hover\" ><a href=\"#\" class=\"woodmart-nav-link\"><span class=\"nav-link-text\">Firmakingitused<\/span><\/a><\/li>\n<li id=\"menu-item-30110\" class=\"menu-item menu-item-type-custom menu-item-object-custom menu-item-has-children menu-item-30110 item-level-0 menu-simple-dropdown wd-event-hover\" ><a href=\"#\" class=\"woodmart-nav-link\"><span class=\"nav-link-text\">Tootevalik<\/span><\/a><div class=\"color-scheme- wd-design-default wd-dropdown-menu wd-dropdown\"><div class=\"container wd-entry-content\">\n<ul class=\"wd-sub-menu color-scheme-\">\n\t<li id=\"menu-item-30112\" class=\"menu-item menu-item-type-custom menu-item-object-custom menu-item-30112 item-level-1 wd-event-hover\" ><a href=\"https:\/\/kingimeister.ee\/ru\/firma-logoga-kruusid-tassid\/\" class=\"woodmart-nav-link\">Kruusid\/Tassid<\/a><\/li>\n\t<li id=\"menu-item-30113\" class=\"menu-item menu-item-type-custom menu-item-object-custom menu-item-30113 item-level-1 wd-event-hover\" ><a href=\"#\" class=\"woodmart-nav-link\">T-s\u00e4rgid<\/a><\/li>\n\t<li id=\"menu-item-30114\" class=\"menu-item menu-item-type-custom menu-item-object-custom menu-item-30114 item-level-1 wd-event-hover\" ><a href=\"#\" class=\"woodmart-nav-link\">Pusad<\/a><\/li>\n\t<li id=\"menu-item-30115\" class=\"menu-item menu-item-type-custom menu-item-object-custom menu-item-30115 item-level-1 wd-event-hover\" ><a href=\"#\" class=\"woodmart-nav-link\">Muud tooted<\/a><\/li>\n<\/ul>\n<\/div>\n<\/div>\n<\/li>\n<li id=\"menu-item-30117\" class=\"menu-item menu-item-type-post_type menu-item-object-page menu-item-30117 item-level-0 menu-simple-dropdown wd-event-hover\" ><a href=\"https:\/\/kingimeister.ee\/ru\/trukimeetodid-ja-lasergraveerimine\/\" class=\"woodmart-nav-link\"><span class=\"nav-link-text\">Tr\u00fckimeetodid<\/span><\/a><\/li>\n<li id=\"menu-item-30118\" class=\"menu-item menu-item-type-post_type menu-item-object-page menu-item-30118 item-level-0 menu-simple-dropdown wd-event-hover\" ><a href=\"https:\/\/kingimeister.ee\/ru\/hulgimuuk\/\" class=\"woodmart-nav-link\"><span class=\"nav-link-text\">Hulgim\u00fc\u00fck<\/span><\/a><\/li>\n<li id=\"menu-item-30119\" class=\"menu-item menu-item-type-post_type menu-item-object-page menu-item-30119 item-level-0 menu-simple-dropdown wd-event-hover\" ><a href=\"https:\/\/kingimeister.ee\/ru\/kleebiste-valmistamine\/\" class=\"woodmart-nav-link\"><span class=\"nav-link-text\">\u041d\u0430\u043a\u043b\u0435\u0439\u043a\u0438<\/span><\/a><\/li>\n<li id=\"menu-item-30116\" class=\"menu-item menu-item-type-post_type menu-item-object-page menu-item-30116 item-level-0 menu-simple-dropdown wd-event-hover\" ><a href=\"https:\/\/kingimeister.ee\/ru\/hulgiparing\/\" class=\"woodmart-nav-link\"><span class=\"nav-link-text\">Hulgip\u00e4ring<\/span><\/a><\/li>\n<\/ul>\t\t<\/div>\n\t\t\t\t\t\t<\/div>\n\t\t\t\t<\/div>\n\t\t\t\t<\/div>\n\t\t<div class=\"elementor-element elementor-element-a43dc02 e-con-full e-flex e-con e-child\" data-id=\"a43dc02\" data-element_type=\"container\" data-e-type=\"container\">\n\t\t\t\t<div class=\"elementor-element elementor-element-b52f6da elementor-widget elementor-widget-wd_text_block\" data-id=\"b52f6da\" data-element_type=\"widget\" data-e-type=\"widget\" data-widget_type=\"wd_text_block.default\">\n\t\t\t\t<div class=\"elementor-widget-container\">\n\t\t\t\t\t\t\t<div class=\"wd-text-block reset-last-child text-left\">\n\t\t\t\n\t\t\t<h1 data-section-id=\"1whrodx\" data-start=\"84\" data-end=\"119\">Reklaamtooted ja ettev\u00f5tte meened<\/h1><p data-start=\"121\" data-end=\"366\">Kingimeister aitab ettev\u00f5tetel valmistada kvaliteetseid reklaamtooteid, ettev\u00f5tte meeneid ja logoga kingitusi. Pakume personaalseid lahendusi, mis aitavad teie ettev\u00f5ttel silma paista ning j\u00e4tta klientidele ja partneritele professionaalne mulje.<\/p><p data-start=\"368\" data-end=\"500\">Valmistame tooteid nii v\u00e4ikestes kui ka suuremates kogustes ning aitame leida sobiva lahenduse vastavalt teie ettev\u00f5tte vajadustele.<\/p><p data-start=\"502\" data-end=\"538\">Meie teenused sobivad h\u00e4sti n\u00e4iteks:<\/p><p data-start=\"540\" data-end=\"720\">\u2714 ettev\u00f5tte meeneteks<br data-start=\"561\" data-end=\"564\" \/>\u2714 reklaamtoodeteks<br data-start=\"582\" data-end=\"585\" \/>\u2714 t\u00f6\u00f6tajate kingitusteks<br data-start=\"609\" data-end=\"612\" \/>\u2714 kliendi- ja koost\u00f6\u00f6partnerite kingitusteks<br data-start=\"656\" data-end=\"659\" \/>\u2714 messidele ja \u00fcritustele<br data-start=\"684\" data-end=\"687\" \/>\u2714 j\u00f5ulukingitusteks klientidele<\/p><hr data-start=\"722\" data-end=\"725\" \/><h2 data-section-id=\"1my80lm\" data-start=\"727\" data-end=\"742\">Logoga tooted<\/h2><p data-start=\"744\" data-end=\"856\">Saame lisada toodetele ettev\u00f5tte logo, teksti v\u00f5i kujunduse, kasutades erinevaid tr\u00fcki- ja graveerimismeetodeid.<\/p><p data-start=\"858\" data-end=\"892\">Pakume n\u00e4iteks j\u00e4rgmisi lahendusi:<\/p><p data-start=\"894\" data-end=\"1083\">\u2714 logoga kruusid<br data-start=\"910\" data-end=\"913\" \/>\u2714 graveeringuga klaasid<br data-start=\"936\" data-end=\"939\" \/>\u2714 graveeritud l\u00f5ikelauad<br data-start=\"963\" data-end=\"966\" \/>\u2714 LED-lambid graveeringuga<br data-start=\"992\" data-end=\"995\" \/>\u2714 vin\u00fc\u00fclkleebised ettev\u00f5tte akendele ja s\u00f5idukitele<br data-start=\"1046\" data-end=\"1049\" \/>\u2714 reklaamtooted ettev\u00f5tte logoga<\/p><p data-start=\"1085\" data-end=\"1186\">Sellised tooted aitavad tugevdada teie br\u00e4ndi n\u00e4htavust ning loovad klientidele meeldej\u00e4\u00e4va kogemuse.<\/p><hr data-start=\"1188\" data-end=\"1191\" \/><h2 data-section-id=\"jwuwa2\" data-start=\"1193\" data-end=\"1231\">Personaalsed lahendused ettev\u00f5tetele<\/h2><p data-start=\"1233\" data-end=\"1333\">Iga ettev\u00f5te on erinev ning seet\u00f5ttu pakume paindlikke ja personaalseid lahendusi. Vajadusel aitame:<\/p><p data-start=\"1335\" data-end=\"1488\">\u2714 valida sobiva toote<br data-start=\"1356\" data-end=\"1359\" \/>\u2714 valida sobiva tr\u00fcki- v\u00f5i graveerimismeetodi<br data-start=\"1404\" data-end=\"1407\" \/>\u2714 kohandada kujundust tootmiseks<br data-start=\"1439\" data-end=\"1442\" \/>\u2714 leida lahenduse suuremate tellimuste jaoks<\/p><p data-start=\"1490\" data-end=\"1593\">Soovi korral saame valmistada ka unikaalseid ettev\u00f5tte kingitusi, mis on loodud just teie br\u00e4ndi jaoks.<\/p><hr data-start=\"1595\" data-end=\"1598\" \/><h2 data-section-id=\"1un0c7e\" data-start=\"1600\" data-end=\"1626\">Hinnap\u00e4ring ettev\u00f5tetele<\/h2><p data-start=\"1628\" data-end=\"1723\">Kui soovite tellida suurema koguse tooteid v\u00f5i logoga reklaamtooteid, saatke meile hinnap\u00e4ring.<\/p><p data-start=\"1725\" data-end=\"1762\">Hinnap\u00e4ringu esitamisel v\u00f5ite lisada:<\/p><p data-start=\"1764\" data-end=\"1837\">\u2714 soovitud toote<br data-start=\"1780\" data-end=\"1783\" \/>\u2714 koguse<br data-start=\"1791\" data-end=\"1794\" \/>\u2714 logo v\u00f5i kujunduse<br data-start=\"1814\" data-end=\"1817\" \/>\u2714 soovitud t\u00e4htaja<\/p><p data-start=\"1839\" data-end=\"1948\">V\u00f5tame teiega \u00fchendust ja leiame parima v\u00f5imaliku lahenduse. Hinnap\u00e4ringuvormi link asub selle lehe all osas.<\/p><hr data-start=\"1950\" data-end=\"1953\" \/><h2 data-section-id=\"b6td32\" data-start=\"1955\" data-end=\"1981\">Miks valida Kingimeister<\/h2><p data-start=\"1983\" data-end=\"2166\">\u2714 kvaliteetsed personaalsed tooted<br data-start=\"2017\" data-end=\"2020\" \/>\u2714 erinevad tr\u00fcki- ja graveerimistehnoloogiad<br data-start=\"2064\" data-end=\"2067\" \/>\u2714 paindlikud lahendused ettev\u00f5tetele<br data-start=\"2103\" data-end=\"2106\" \/>\u2714 v\u00e4iksed ja suured tellimused<br data-start=\"2136\" data-end=\"2139\" \/>\u2714 professionaalne tulemus<\/p><p data-start=\"2168\" data-end=\"2269\">Meie eesm\u00e4rk on aidata ettev\u00f5tetel luua kvaliteetseid ja meeldej\u00e4\u00e4vaid reklaamtooteid ning kingitusi.<\/p><p data-start=\"2168\" data-end=\"2269\">\u00a0<\/p>\n\t\t\t\t\t<\/div>\n\t\t\t\t\t\t<\/div>\n\t\t\t\t<\/div>\n\t\t\t\t<\/div>\n\t\t\t\t\t<\/div>\n\t\t\t\t<\/div>\n\t\t<div class=\"wd-negative-gap elementor-element elementor-element-8147607 e-flex e-con-boxed e-con e-parent\" data-id=\"8147607\" data-element_type=\"container\" data-e-type=\"container\">\n\t\t\t\t\t<div class=\"e-con-inner\">\n\t\t\t\t<div class=\"elementor-element elementor-element-c221caf elementor-widget elementor-widget-wd_button\" data-id=\"c221caf\" data-element_type=\"widget\" data-e-type=\"widget\" data-widget_type=\"wd_button.default\">\n\t\t\t\t<div class=\"elementor-widget-container\">\n\t\t\t\t\t\t\t<div class=\"wd-button-wrapper text-center\" >\n\t\t\t<a class=\"btn btn-style-default btn-shape-rectangle btn-size-large btn-color-primary btn-full-width btn-icon-pos-right\"  href=\"https:\/\/kingimeister.ee\/ru\/hulgiparing\/\">\n\t\t\t\t<span class=\"wd-btn-text\" data-elementor-setting-key=\"text\">\n\t\t\t\t\tK\u00fcsi hulgipakkumist\t\t\t\t<\/span>\n\n\t\t\t\t\t\t\t<\/a>\n\t\t<\/div>\n\t\t\t\t\t\t<\/div>\n\t\t\t\t<\/div>\n\t\t\t\t\t<\/div>\n\t\t\t\t<\/div>\n\t\t\t\t<\/div>","protected":false},"excerpt":{"rendered":"<p>\u00c4rikliendile \u00c4rikliendile Ettev\u00f5tetele Lasteaedadele Koolidele Firmakingitused Tootevalik Kruusid\/Tassid T-s\u00e4rgid Pusad Muud tooted Tr\u00fckimeetodid Hulgim\u00fc\u00fck Kleebiste valmistamine Hulgip\u00e4ring Reklaamtooted ja ettev\u00f5tte<\/p>","protected":false},"author":1,"featured_media":0,"parent":0,"menu_order":0,"comment_status":"closed","ping_status":"closed","template":"","meta":{"footnotes":""},"class_list":["post-29155","page","type-page","status-publish","hentry"],"yoast_head":"<!-- This site is optimized with the Yoast SEO Premium plugin v27.1 (Yoast SEO v27.3) - https:\/\/yoast.com\/product\/yoast-seo-premium-wordpress\/ -->\n<title>Ettev\u00f5tte meened ja reklaamtooted logoga | Kingimeister<\/title>\n<meta name=\"description\" content=\"Tellige ettev\u00f5tte meened, reklaamtooted ja logoga kingitused. Kingimeister pakub lasergraveerimist, tr\u00fckiteenuseid ja personaalseid lahendusi ettev\u00f5tetele.\" \/>\n<meta name=\"robots\" content=\"index, follow, max-snippet:-1, max-image-preview:large, max-video-preview:-1\" \/>\n<link rel=\"canonical\" href=\"https:\/\/kingimeister.ee\/ru\/ettevotetele\/\" \/>\n<meta property=\"og:locale\" content=\"ru_RU\" \/>\n<meta property=\"og:type\" content=\"article\" \/>\n<meta property=\"og:title\" content=\"Ettev\u00f5tetele\" \/>\n<meta property=\"og:description\" content=\"Tellige ettev\u00f5tte meened, reklaamtooted ja logoga kingitused. Kingimeister pakub lasergraveerimist, tr\u00fckiteenuseid ja personaalseid lahendusi ettev\u00f5tetele.\" \/>\n<meta property=\"og:url\" content=\"https:\/\/kingimeister.ee\/ru\/ettevotetele\/\" \/>\n<meta property=\"og:site_name\" content=\"Kingimeister.ee - Kingituste E-pood\" \/>\n<meta property=\"article:modified_time\" content=\"2026-03-30T08:44:59+00:00\" \/>\n<meta property=\"og:image\" content=\"https:\/\/i0.wp.com\/kingimeister.ee\/wp-content\/uploads\/2026\/03\/Logo-e1773259902867.png?fit=1443%2C237&ssl=1\" \/>\n\t<meta property=\"og:image:width\" content=\"1443\" \/>\n\t<meta property=\"og:image:height\" content=\"237\" \/>\n\t<meta property=\"og:image:type\" content=\"image\/png\" \/>\n<meta name=\"twitter:card\" content=\"summary_large_image\" \/>\n<meta name=\"twitter:label1\" content=\"\u041f\u0440\u0438\u043c\u0435\u0440\u043d\u043e\u0435 \u0432\u0440\u0435\u043c\u044f \u0434\u043b\u044f \u0447\u0442\u0435\u043d\u0438\u044f\" \/>\n\t<meta name=\"twitter:data1\" content=\"2 \u043c\u0438\u043d\u0443\u0442\u044b\" \/>\n<script type=\"application\/ld+json\" class=\"yoast-schema-graph\">{\"@context\":\"https:\\\/\\\/schema.org\",\"@graph\":[{\"@type\":\"WebPage\",\"@id\":\"https:\\\/\\\/kingimeister.ee\\\/ettevotetele\\\/\",\"url\":\"https:\\\/\\\/kingimeister.ee\\\/ettevotetele\\\/\",\"name\":\"Ettev\u00f5tte meened ja reklaamtooted logoga | Kingimeister\",\"isPartOf\":{\"@id\":\"https:\\\/\\\/kingimeister.ee\\\/#website\"},\"datePublished\":\"2026-03-12T19:51:39+00:00\",\"dateModified\":\"2026-03-30T08:44:59+00:00\",\"description\":\"Tellige ettev\u00f5tte meened, reklaamtooted ja logoga kingitused. Kingimeister pakub lasergraveerimist, tr\u00fckiteenuseid ja personaalseid lahendusi ettev\u00f5tetele.\",\"breadcrumb\":{\"@id\":\"https:\\\/\\\/kingimeister.ee\\\/ettevotetele\\\/#breadcrumb\"},\"inLanguage\":\"ru-RU\",\"potentialAction\":[{\"@type\":\"ReadAction\",\"target\":[\"https:\\\/\\\/kingimeister.ee\\\/ettevotetele\\\/\"]}]},{\"@type\":\"BreadcrumbList\",\"@id\":\"https:\\\/\\\/kingimeister.ee\\\/ettevotetele\\\/#breadcrumb\",\"itemListElement\":[{\"@type\":\"ListItem\",\"position\":1,\"name\":\"Home\",\"item\":\"https:\\\/\\\/kingimeister.ee\\\/\"},{\"@type\":\"ListItem\",\"position\":2,\"name\":\"Ettev\u00f5tetele\"}]},{\"@type\":\"WebSite\",\"@id\":\"https:\\\/\\\/kingimeister.ee\\\/#website\",\"url\":\"https:\\\/\\\/kingimeister.ee\\\/\",\"name\":\"Kingimeister.ee - Kingituste E-pood\",\"description\":\"\",\"publisher\":{\"@id\":\"https:\\\/\\\/kingimeister.ee\\\/#organization\"},\"potentialAction\":[{\"@type\":\"SearchAction\",\"target\":{\"@type\":\"EntryPoint\",\"urlTemplate\":\"https:\\\/\\\/kingimeister.ee\\\/?s={search_term_string}\"},\"query-input\":{\"@type\":\"PropertyValueSpecification\",\"valueRequired\":true,\"valueName\":\"search_term_string\"}}],\"inLanguage\":\"ru-RU\"},{\"@type\":\"Organization\",\"@id\":\"https:\\\/\\\/kingimeister.ee\\\/#organization\",\"name\":\"Kingimeister.ee - Kingituste E-pood\",\"url\":\"https:\\\/\\\/kingimeister.ee\\\/\",\"logo\":{\"@type\":\"ImageObject\",\"inLanguage\":\"ru-RU\",\"@id\":\"https:\\\/\\\/kingimeister.ee\\\/#\\\/schema\\\/logo\\\/image\\\/\",\"url\":\"https:\\\/\\\/kingimeister.ee\\\/wp-content\\\/uploads\\\/2026\\\/03\\\/Logo-e1773259902867.png\",\"contentUrl\":\"https:\\\/\\\/kingimeister.ee\\\/wp-content\\\/uploads\\\/2026\\\/03\\\/Logo-e1773259902867.png\",\"width\":1443,\"height\":237,\"caption\":\"Kingimeister.ee - Kingituste E-pood\"},\"image\":{\"@id\":\"https:\\\/\\\/kingimeister.ee\\\/#\\\/schema\\\/logo\\\/image\\\/\"}}]}<\/script>\n<!-- \/ Yoast SEO Premium plugin. -->","yoast_head_json":{"title":"Ettev\u00f5tte meened ja reklaamtooted logoga | Kingimeister","description":"Tellige ettev\u00f5tte meened, reklaamtooted ja logoga kingitused. Kingimeister pakub lasergraveerimist, tr\u00fckiteenuseid ja personaalseid lahendusi ettev\u00f5tetele.","robots":{"index":"index","follow":"follow","max-snippet":"max-snippet:-1","max-image-preview":"max-image-preview:large","max-video-preview":"max-video-preview:-1"},"canonical":"https:\/\/kingimeister.ee\/ru\/ettevotetele\/","og_locale":"ru_RU","og_type":"article","og_title":"Ettev\u00f5tetele","og_description":"Tellige ettev\u00f5tte meened, reklaamtooted ja logoga kingitused. Kingimeister pakub lasergraveerimist, tr\u00fckiteenuseid ja personaalseid lahendusi ettev\u00f5tetele.","og_url":"https:\/\/kingimeister.ee\/ru\/ettevotetele\/","og_site_name":"Kingimeister.ee - Kingituste E-pood","article_modified_time":"2026-03-30T08:44:59+00:00","og_image":[{"width":1443,"height":237,"url":"https:\/\/i0.wp.com\/kingimeister.ee\/wp-content\/uploads\/2026\/03\/Logo-e1773259902867.png?fit=1443%2C237&ssl=1","type":"image\/png"}],"twitter_card":"summary_large_image","twitter_misc":{"\u041f\u0440\u0438\u043c\u0435\u0440\u043d\u043e\u0435 \u0432\u0440\u0435\u043c\u044f \u0434\u043b\u044f \u0447\u0442\u0435\u043d\u0438\u044f":"2 \u043c\u0438\u043d\u0443\u0442\u044b"},"schema":{"@context":"https:\/\/schema.org","@graph":[{"@type":"WebPage","@id":"https:\/\/kingimeister.ee\/ettevotetele\/","url":"https:\/\/kingimeister.ee\/ettevotetele\/","name":"Ettev\u00f5tte meened ja reklaamtooted logoga | Kingimeister","isPartOf":{"@id":"https:\/\/kingimeister.ee\/#website"},"datePublished":"2026-03-12T19:51:39+00:00","dateModified":"2026-03-30T08:44:59+00:00","description":"Tellige ettev\u00f5tte meened, reklaamtooted ja logoga kingitused. Kingimeister pakub lasergraveerimist, tr\u00fckiteenuseid ja personaalseid lahendusi ettev\u00f5tetele.","breadcrumb":{"@id":"https:\/\/kingimeister.ee\/ettevotetele\/#breadcrumb"},"inLanguage":"ru-RU","potentialAction":[{"@type":"ReadAction","target":["https:\/\/kingimeister.ee\/ettevotetele\/"]}]},{"@type":"BreadcrumbList","@id":"https:\/\/kingimeister.ee\/ettevotetele\/#breadcrumb","itemListElement":[{"@type":"ListItem","position":1,"name":"Home","item":"https:\/\/kingimeister.ee\/"},{"@type":"ListItem","position":2,"name":"Ettev\u00f5tetele"}]},{"@type":"WebSite","@id":"https:\/\/kingimeister.ee\/#website","url":"https:\/\/kingimeister.ee\/","name":"Kingimeister.ee - Kingituste E-pood","description":"","publisher":{"@id":"https:\/\/kingimeister.ee\/#organization"},"potentialAction":[{"@type":"SearchAction","target":{"@type":"EntryPoint","urlTemplate":"https:\/\/kingimeister.ee\/?s={search_term_string}"},"query-input":{"@type":"PropertyValueSpecification","valueRequired":true,"valueName":"search_term_string"}}],"inLanguage":"ru-RU"},{"@type":"Organization","@id":"https:\/\/kingimeister.ee\/#organization","name":"Kingimeister.ee - Kingituste E-pood","url":"https:\/\/kingimeister.ee\/","logo":{"@type":"ImageObject","inLanguage":"ru-RU","@id":"https:\/\/kingimeister.ee\/#\/schema\/logo\/image\/","url":"https:\/\/kingimeister.ee\/wp-content\/uploads\/2026\/03\/Logo-e1773259902867.png","contentUrl":"https:\/\/kingimeister.ee\/wp-content\/uploads\/2026\/03\/Logo-e1773259902867.png","width":1443,"height":237,"caption":"Kingimeister.ee - Kingituste E-pood"},"image":{"@id":"https:\/\/kingimeister.ee\/#\/schema\/logo\/image\/"}}]}},"jetpack_sharing_enabled":true,"_links":{"self":[{"href":"https:\/\/kingimeister.ee\/ru\/wp-json\/wp\/v2\/pages\/29155","targetHints":{"allow":["GET"]}}],"collection":[{"href":"https:\/\/kingimeister.ee\/ru\/wp-json\/wp\/v2\/pages"}],"about":[{"href":"https:\/\/kingimeister.ee\/ru\/wp-json\/wp\/v2\/types\/page"}],"author":[{"embeddable":true,"href":"https:\/\/kingimeister.ee\/ru\/wp-json\/wp\/v2\/users\/1"}],"replies":[{"embeddable":true,"href":"https:\/\/kingimeister.ee\/ru\/wp-json\/wp\/v2\/comments?post=29155"}],"version-history":[{"count":52,"href":"https:\/\/kingimeister.ee\/ru\/wp-json\/wp\/v2\/pages\/29155\/revisions"}],"predecessor-version":[{"id":30144,"href":"https:\/\/kingimeister.ee\/ru\/wp-json\/wp\/v2\/pages\/29155\/revisions\/30144"}],"wp:attachment":[{"href":"https:\/\/kingimeister.ee\/ru\/wp-json\/wp\/v2\/media?parent=29155"}],"curies":[{"name":"wp","href":"https:\/\/api.w.org\/{rel}","templated":true}]}}