{"id":29178,"date":"2026-03-12T20:18:57","date_gmt":"2026-03-12T20:18:57","guid":{"rendered":"https:\/\/kingimeister.ee\/?page_id=29178"},"modified":"2026-03-30T09:28:32","modified_gmt":"2026-03-30T07:28:32","slug":"kleebiste-valmistamine","status":"publish","type":"page","link":"https:\/\/kingimeister.ee\/ru\/kleebiste-valmistamine\/","title":{"rendered":"\u041d\u0430\u043a\u043b\u0435\u0439\u043a\u0438"},"content":{"rendered":"<div data-elementor-type=\"wp-page\" data-elementor-id=\"29178\" class=\"elementor elementor-29178\">\n\t\t\t\t<div class=\"wd-negative-gap elementor-element elementor-element-80e1bc8 e-flex e-con-boxed e-con e-parent\" data-id=\"80e1bc8\" data-element_type=\"container\" data-e-type=\"container\">\n\t\t\t\t\t<div class=\"e-con-inner\">\n\t\t<div class=\"elementor-element elementor-element-4fa471a e-con-full e-flex e-con e-child\" data-id=\"4fa471a\" data-element_type=\"container\" data-e-type=\"container\">\n\t\t\t\t<div class=\"elementor-element elementor-element-8c4255a elementor-widget elementor-widget-wd_mega_menu\" data-id=\"8c4255a\" data-element_type=\"widget\" data-e-type=\"widget\" data-widget_type=\"wd_mega_menu.default\">\n\t\t\t\t<div class=\"elementor-widget-container\">\n\t\t\t\t\t\t\t<div class=\"wd-menu widget_nav_mega_menu wd-nav-wrapper\">\n\t\t\t\t\t\t\t<h5 class=\"widget-title color-scheme-\">\n\t\t\t\t\t\u00c4rikliendile\t\t\t\t<\/h5>\n\t\t\t\t\t\t<ul id=\"menu-arikliendi-menuu\" class=\"menu wd-nav wd-nav-vertical wd-design-default\"><li id=\"menu-item-30109\" class=\"menu-item menu-item-type-custom menu-item-object-custom menu-item-30109 item-level-0 menu-simple-dropdown wd-event-hover\" ><a href=\"https:\/\/kingimeister.ee\/ru\/arikliendile\/\" class=\"woodmart-nav-link\"><span class=\"nav-link-text\">\u00c4rikliendile<\/span><\/a><\/li>\n<li id=\"menu-item-30106\" class=\"menu-item menu-item-type-post_type menu-item-object-page menu-item-30106 item-level-0 menu-simple-dropdown wd-event-hover\" ><a href=\"https:\/\/kingimeister.ee\/ru\/lasteaedadele\/\" class=\"woodmart-nav-link\"><span class=\"nav-link-text\">\u0414\u043b\u044f \u0434\u0435\u0442\u0441\u043a\u0438\u0445 \u0441\u0430\u0434\u043e\u0432<\/span><\/a><\/li>\n<li id=\"menu-item-30107\" class=\"menu-item menu-item-type-post_type menu-item-object-page menu-item-30107 item-level-0 menu-simple-dropdown wd-event-hover\" ><a href=\"https:\/\/kingimeister.ee\/ru\/koolidele\/\" class=\"woodmart-nav-link\"><span class=\"nav-link-text\">\u0414\u043b\u044f \u0448\u043a\u043e\u043b<\/span><\/a><\/li>\n<li id=\"menu-item-30111\" class=\"menu-item menu-item-type-custom menu-item-object-custom menu-item-30111 item-level-0 menu-simple-dropdown wd-event-hover\" ><a href=\"#\" class=\"woodmart-nav-link\"><span class=\"nav-link-text\">Firmakingitused<\/span><\/a><\/li>\n<li id=\"menu-item-30110\" class=\"menu-item menu-item-type-custom menu-item-object-custom menu-item-has-children menu-item-30110 item-level-0 menu-simple-dropdown wd-event-hover\" ><a href=\"#\" class=\"woodmart-nav-link\"><span class=\"nav-link-text\">Tootevalik<\/span><\/a><div class=\"color-scheme- wd-design-default wd-dropdown-menu wd-dropdown\"><div class=\"container wd-entry-content\">\n<ul class=\"wd-sub-menu color-scheme-\">\n\t<li id=\"menu-item-30112\" class=\"menu-item menu-item-type-custom menu-item-object-custom menu-item-30112 item-level-1 wd-event-hover\" ><a href=\"https:\/\/kingimeister.ee\/ru\/firma-logoga-kruusid-tassid\/\" class=\"woodmart-nav-link\">Kruusid\/Tassid<\/a><\/li>\n\t<li id=\"menu-item-30113\" class=\"menu-item menu-item-type-custom menu-item-object-custom menu-item-30113 item-level-1 wd-event-hover\" ><a href=\"#\" class=\"woodmart-nav-link\">T-s\u00e4rgid<\/a><\/li>\n\t<li id=\"menu-item-30114\" class=\"menu-item menu-item-type-custom menu-item-object-custom menu-item-30114 item-level-1 wd-event-hover\" ><a href=\"#\" class=\"woodmart-nav-link\">Pusad<\/a><\/li>\n\t<li id=\"menu-item-30115\" class=\"menu-item menu-item-type-custom menu-item-object-custom menu-item-30115 item-level-1 wd-event-hover\" ><a href=\"#\" class=\"woodmart-nav-link\">Muud tooted<\/a><\/li>\n<\/ul>\n<\/div>\n<\/div>\n<\/li>\n<li id=\"menu-item-30117\" class=\"menu-item menu-item-type-post_type menu-item-object-page menu-item-30117 item-level-0 menu-simple-dropdown wd-event-hover\" ><a href=\"https:\/\/kingimeister.ee\/ru\/trukimeetodid-ja-lasergraveerimine\/\" class=\"woodmart-nav-link\"><span class=\"nav-link-text\">Tr\u00fckimeetodid<\/span><\/a><\/li>\n<li id=\"menu-item-30118\" class=\"menu-item menu-item-type-post_type menu-item-object-page menu-item-30118 item-level-0 menu-simple-dropdown wd-event-hover\" ><a href=\"https:\/\/kingimeister.ee\/ru\/hulgimuuk\/\" class=\"woodmart-nav-link\"><span class=\"nav-link-text\">Hulgim\u00fc\u00fck<\/span><\/a><\/li>\n<li id=\"menu-item-30119\" class=\"menu-item menu-item-type-post_type menu-item-object-page menu-item-30119 item-level-0 menu-simple-dropdown wd-event-hover\" ><a href=\"https:\/\/kingimeister.ee\/ru\/kleebiste-valmistamine\/\" class=\"woodmart-nav-link\"><span class=\"nav-link-text\">\u041d\u0430\u043a\u043b\u0435\u0439\u043a\u0438<\/span><\/a><\/li>\n<li id=\"menu-item-30116\" class=\"menu-item menu-item-type-post_type menu-item-object-page menu-item-30116 item-level-0 menu-simple-dropdown wd-event-hover\" ><a href=\"https:\/\/kingimeister.ee\/ru\/hulgiparing\/\" class=\"woodmart-nav-link\"><span class=\"nav-link-text\">Hulgip\u00e4ring<\/span><\/a><\/li>\n<\/ul>\t\t<\/div>\n\t\t\t\t\t\t<\/div>\n\t\t\t\t<\/div>\n\t\t\t\t<\/div>\n\t\t<div class=\"elementor-element elementor-element-3a2b8ae e-con-full e-flex e-con e-child\" data-id=\"3a2b8ae\" data-element_type=\"container\" data-e-type=\"container\">\n\t\t\t\t<div class=\"elementor-element elementor-element-1399fdd elementor-widget elementor-widget-wd_text_block\" data-id=\"1399fdd\" data-element_type=\"widget\" data-e-type=\"widget\" data-widget_type=\"wd_text_block.default\">\n\t\t\t\t<div class=\"elementor-widget-container\">\n\t\t\t\t\t\t\t<div class=\"wd-text-block reset-last-child text-left\">\n\t\t\t\n\t\t\t<h1 data-section-id=\"1toddjy\" data-start=\"164\" data-end=\"188\">\u041d\u0430\u043a\u043b\u0435\u0439\u043a\u0438<\/h1><p data-start=\"190\" data-end=\"425\">Kingimeister pakub <strong data-start=\"209\" data-end=\"249\">kvaliteetsete kleebiste valmistamist<\/strong> nii ettev\u00f5tetele kui ka eraisikutele. Valmistame erinevaid kleebiseid, mis sobivad h\u00e4sti poodidele, toodetele, reklaamiks, dekoratsiooniks v\u00f5i ettev\u00f5tte br\u00e4ndi esiletoomiseks.<\/p><p data-start=\"427\" data-end=\"596\">Kleebiseid saab tellida <strong data-start=\"451\" data-end=\"487\">oma teksti, logo v\u00f5i kujundusega<\/strong>. Vajadusel aitame ka kujunduse kohandamisega, et tulemus oleks visuaalselt puhas, loetav ja professionaalne.<\/p><p data-start=\"598\" data-end=\"632\">Kleebised on lihtne ja t\u00f5hus viis:<\/p><p data-start=\"634\" data-end=\"834\">\u2714 ettev\u00f5tte logo n\u00e4htavaks tegemiseks<br data-start=\"671\" data-end=\"674\" \/>\u2714 toodete m\u00e4rgistamiseks<br data-start=\"698\" data-end=\"701\" \/>\u2714 reklaami ja kampaaniate esiletoomiseks<br data-start=\"741\" data-end=\"744\" \/>\u2714 poodide ja kontorite informatsiooni kuvamiseks<br data-start=\"792\" data-end=\"795\" \/>\u2714 dekoratiivsete kujunduste loomiseks<\/p><hr data-start=\"836\" data-end=\"839\" \/><h2 data-section-id=\"r79kze\" data-start=\"841\" data-end=\"881\">Kleebised ettev\u00f5tetele ja eraisikutele<\/h2><p data-start=\"883\" data-end=\"1064\">Valmistame kleebiseid nii ettev\u00f5tetele kui ka eraisikutele. Kleebised on praktiline lahendus info edastamiseks, toodete m\u00e4rgistamiseks v\u00f5i ettev\u00f5tte br\u00e4ndi n\u00e4htavuse suurendamiseks.<\/p><p data-start=\"1066\" data-end=\"1096\">N\u00e4iteks valmistame kleebiseid:<\/p><p data-start=\"1098\" data-end=\"1293\">\u2714 poodide avamisaegade jaoks<br data-start=\"1126\" data-end=\"1129\" \/>\u2714 ukseklaasidele ja vitriinidele<br data-start=\"1161\" data-end=\"1164\" \/>\u2714 pakenditele ja toodetele<br data-start=\"1190\" data-end=\"1193\" \/>\u2714 ettev\u00f5tte logoga m\u00e4rgistamiseks<br data-start=\"1226\" data-end=\"1229\" \/>\u2714 reklaamiks ja kampaaniateks<br data-start=\"1258\" data-end=\"1261\" \/>\u2714 dekoratiivseteks kleebisteks<\/p><p data-start=\"1295\" data-end=\"1402\">Kleebised sobivad h\u00e4sti kasutamiseks <strong data-start=\"1332\" data-end=\"1401\">poodides, kontorites, toodetel, pakenditel ja erinevatel pindadel<\/strong>.<\/p><hr data-start=\"1404\" data-end=\"1407\" \/><h2 data-section-id=\"ycle5c\" data-start=\"1409\" data-end=\"1450\">Personaalsed kleebised teie kujundusega<\/h2><p data-start=\"1452\" data-end=\"1539\">Pakume v\u00f5imalust tellida <strong data-start=\"1477\" data-end=\"1538\">personaalseid kleebiseid oma kujunduse, logo v\u00f5i tekstiga<\/strong>.<\/p><p data-start=\"1541\" data-end=\"1578\">Sageli valmistame kleebiseid n\u00e4iteks:<\/p><p data-start=\"1580\" data-end=\"1703\">\u2714 ettev\u00f5tte logoga kleebised<br data-start=\"1608\" data-end=\"1611\" \/>\u2714 toodete m\u00e4rgistamiseks<br data-start=\"1635\" data-end=\"1638\" \/>\u2714 pakenditele<br data-start=\"1651\" data-end=\"1654\" \/>\u2714 reklaamikleebised<br data-start=\"1673\" data-end=\"1676\" \/>\u2714 dekoratiivsed kleebised<\/p><p data-start=\"1705\" data-end=\"1846\">Lihtsamaid logosid ja kujundusi on v\u00f5imalik valmistada ka <strong data-start=\"1763\" data-end=\"1795\">mitme v\u00e4rvi kombinatsioonina<\/strong>, et tulemus oleks silmapaistev ja professionaalne.<\/p><p data-start=\"1848\" data-end=\"1989\">Kui te pole kindel, kas teie kujundus sobib kleebiseks, v\u00f5ite selle meile saata ning leiame koos <strong data-start=\"1945\" data-end=\"1988\">parima tehnilise ja visuaalse lahenduse<\/strong>.<\/p><hr data-start=\"1991\" data-end=\"1994\" \/><h2 data-section-id=\"2vn3c5\" data-start=\"1996\" data-end=\"2013\">Vin\u00fc\u00fclkleebised<\/h2><p data-start=\"2015\" data-end=\"2135\">Valmistame <strong data-start=\"2026\" data-end=\"2046\">vin\u00fc\u00fclkleebiseid<\/strong>, mis sobivad h\u00e4sti erinevatele pindadele ning on vastupidavad igap\u00e4evasele kasutamisele.<\/p><p data-start=\"2137\" data-end=\"2161\">Vin\u00fc\u00fclkleebiste eelised:<\/p><p data-start=\"2163\" data-end=\"2356\">\u2714 vastupidav ja kvaliteetne materjal<br data-start=\"2199\" data-end=\"2202\" \/>\u2714 sobib kasutamiseks siseruumides<br data-start=\"2235\" data-end=\"2238\" \/>\u2714 paljudel juhtudel sobib ka v\u00e4litingimustes kasutamiseks<br data-start=\"2295\" data-end=\"2298\" \/>\u2714 puhas ja professionaalne tulemus<br data-start=\"2332\" data-end=\"2335\" \/>\u2714 lihtne paigaldada<\/p><p data-start=\"2358\" data-end=\"2396\">Vin\u00fc\u00fclkleebised sobivad h\u00e4sti n\u00e4iteks:<\/p><p data-start=\"2398\" data-end=\"2521\">\u2714 ukseklaasidele<br data-start=\"2414\" data-end=\"2417\" \/>\u2714 vitriinidele<br data-start=\"2431\" data-end=\"2434\" \/>\u2714 toodetele ja pakenditele<br data-start=\"2460\" data-end=\"2463\" \/>\u2714 ettev\u00f5tte reklaamiks<br data-start=\"2485\" data-end=\"2488\" \/>\u2714 dekoratiivseteks kujundusteks<\/p><hr data-start=\"2523\" data-end=\"2526\" \/><h2 data-section-id=\"ikgi41\" data-start=\"2528\" data-end=\"2569\">K\u00fcsi pakkumist kleebiste valmistamiseks<\/h2><p data-start=\"2571\" data-end=\"2662\">Kui soovite tellida <strong data-start=\"2591\" data-end=\"2638\">kleebiseid oma logo, teksti v\u00f5i kujundusega<\/strong>, v\u00f5tke meiega \u00fchendust.<\/p><p data-start=\"2664\" data-end=\"2703\">Pakkumise tegemiseks v\u00f5ite saata meile:<\/p><p data-start=\"2705\" data-end=\"2801\">\u2714 kleebise kujunduse v\u00f5i logo<br data-start=\"2734\" data-end=\"2737\" \/>\u2714 soovitud m\u00f5\u00f5dud<br data-start=\"2754\" data-end=\"2757\" \/>\u2714 koguse<br data-start=\"2765\" data-end=\"2768\" \/>\u2714 kuhu kleebis tuleb paigaldada<\/p><p data-start=\"2803\" data-end=\"2908\">Leiame koos <strong data-start=\"2815\" data-end=\"2860\">parima lahenduse kleebiste valmistamiseks<\/strong>, mis sobib teie vajaduste ja kasutuskoha jaoks.<\/p><p data-start=\"2803\" data-end=\"2908\">\u00a0<\/p>\n\t\t\t\t\t<\/div>\n\t\t\t\t\t\t<\/div>\n\t\t\t\t<\/div>\n\t\t\t\t<\/div>\n\t\t\t\t\t<\/div>\n\t\t\t\t<\/div>\n\t\t<div class=\"wd-negative-gap elementor-element elementor-element-bf85714 e-flex e-con-boxed e-con e-parent\" data-id=\"bf85714\" data-element_type=\"container\" data-e-type=\"container\">\n\t\t\t\t\t<div class=\"e-con-inner\">\n\t\t\t\t<div class=\"elementor-element elementor-element-1318da1 elementor-widget elementor-widget-wd_button\" data-id=\"1318da1\" data-element_type=\"widget\" data-e-type=\"widget\" data-widget_type=\"wd_button.default\">\n\t\t\t\t<div class=\"elementor-widget-container\">\n\t\t\t\t\t\t\t<div class=\"wd-button-wrapper text-center\" >\n\t\t\t<a class=\"btn btn-style-default btn-shape-rectangle btn-size-large btn-color-primary btn-full-width btn-icon-pos-right\"  href=\"https:\/\/kingimeister.ee\/ru\/kontakt\/\">\n\t\t\t\t<span class=\"wd-btn-text\" data-elementor-setting-key=\"text\">\n\t\t\t\t\tK\u00fcsi pakkumist\t\t\t\t<\/span>\n\n\t\t\t\t\t\t\t<\/a>\n\t\t<\/div>\n\t\t\t\t\t\t<\/div>\n\t\t\t\t<\/div>\n\t\t\t\t\t<\/div>\n\t\t\t\t<\/div>\n\t\t\t\t<\/div>","protected":false},"excerpt":{"rendered":"<p>\u00c4rikliendile \u00c4rikliendile Ettev\u00f5tetele Lasteaedadele Koolidele Firmakingitused Tootevalik Kruusid\/Tassid T-s\u00e4rgid Pusad Muud tooted Tr\u00fckimeetodid Hulgim\u00fc\u00fck Kleebiste valmistamine Hulgip\u00e4ring Kleebiste valmistamine Kingimeister<\/p>","protected":false},"author":1,"featured_media":0,"parent":0,"menu_order":0,"comment_status":"closed","ping_status":"closed","template":"","meta":{"footnotes":""},"class_list":["post-29178","page","type-page","status-publish","hentry"],"yoast_head":"<!-- This site is optimized with the Yoast SEO Premium plugin v27.1 (Yoast SEO v27.3) - https:\/\/yoast.com\/product\/yoast-seo-premium-wordpress\/ -->\n<title>Kleebiste valmistamine ja vin\u00fc\u00fclkleebised | Kingimeister<\/title>\n<meta name=\"description\" content=\"Kleebiste valmistamine ettev\u00f5tetele ja eraisikutele. Logoga kleebised, vin\u00fc\u00fclkleebised, pakendikleebised ja reklaamikleebised.\" \/>\n<meta name=\"robots\" content=\"index, follow, max-snippet:-1, max-image-preview:large, max-video-preview:-1\" \/>\n<link rel=\"canonical\" href=\"https:\/\/kingimeister.ee\/ru\/kleebiste-valmistamine\/\" \/>\n<meta property=\"og:locale\" content=\"ru_RU\" \/>\n<meta property=\"og:type\" content=\"article\" \/>\n<meta property=\"og:title\" content=\"Kleebiste valmistamine\" \/>\n<meta property=\"og:description\" content=\"Kleebiste valmistamine ettev\u00f5tetele ja eraisikutele. Logoga kleebised, vin\u00fc\u00fclkleebised, pakendikleebised ja reklaamikleebised.\" \/>\n<meta property=\"og:url\" content=\"https:\/\/kingimeister.ee\/ru\/kleebiste-valmistamine\/\" \/>\n<meta property=\"og:site_name\" content=\"Kingimeister.ee - Kingituste E-pood\" \/>\n<meta property=\"article:modified_time\" content=\"2026-03-30T07:28:32+00:00\" \/>\n<meta property=\"og:image\" content=\"https:\/\/i0.wp.com\/kingimeister.ee\/wp-content\/uploads\/2026\/03\/Logo-e1773259902867.png?fit=1443%2C237&ssl=1\" \/>\n\t<meta property=\"og:image:width\" content=\"1443\" \/>\n\t<meta property=\"og:image:height\" content=\"237\" \/>\n\t<meta property=\"og:image:type\" content=\"image\/png\" \/>\n<meta name=\"twitter:card\" content=\"summary_large_image\" \/>\n<meta name=\"twitter:label1\" content=\"\u041f\u0440\u0438\u043c\u0435\u0440\u043d\u043e\u0435 \u0432\u0440\u0435\u043c\u044f \u0434\u043b\u044f \u0447\u0442\u0435\u043d\u0438\u044f\" \/>\n\t<meta name=\"twitter:data1\" content=\"2 \u043c\u0438\u043d\u0443\u0442\u044b\" \/>\n<script type=\"application\/ld+json\" class=\"yoast-schema-graph\">{\"@context\":\"https:\\\/\\\/schema.org\",\"@graph\":[{\"@type\":\"WebPage\",\"@id\":\"https:\\\/\\\/kingimeister.ee\\\/kleebiste-valmistamine\\\/\",\"url\":\"https:\\\/\\\/kingimeister.ee\\\/kleebiste-valmistamine\\\/\",\"name\":\"Kleebiste valmistamine ja vin\u00fc\u00fclkleebised | Kingimeister\",\"isPartOf\":{\"@id\":\"https:\\\/\\\/kingimeister.ee\\\/#website\"},\"datePublished\":\"2026-03-12T20:18:57+00:00\",\"dateModified\":\"2026-03-30T07:28:32+00:00\",\"description\":\"Kleebiste valmistamine ettev\u00f5tetele ja eraisikutele. Logoga kleebised, vin\u00fc\u00fclkleebised, pakendikleebised ja reklaamikleebised.\",\"breadcrumb\":{\"@id\":\"https:\\\/\\\/kingimeister.ee\\\/kleebiste-valmistamine\\\/#breadcrumb\"},\"inLanguage\":\"ru-RU\",\"potentialAction\":[{\"@type\":\"ReadAction\",\"target\":[\"https:\\\/\\\/kingimeister.ee\\\/kleebiste-valmistamine\\\/\"]}]},{\"@type\":\"BreadcrumbList\",\"@id\":\"https:\\\/\\\/kingimeister.ee\\\/kleebiste-valmistamine\\\/#breadcrumb\",\"itemListElement\":[{\"@type\":\"ListItem\",\"position\":1,\"name\":\"Home\",\"item\":\"https:\\\/\\\/kingimeister.ee\\\/\"},{\"@type\":\"ListItem\",\"position\":2,\"name\":\"Kleebiste valmistamine\"}]},{\"@type\":\"WebSite\",\"@id\":\"https:\\\/\\\/kingimeister.ee\\\/#website\",\"url\":\"https:\\\/\\\/kingimeister.ee\\\/\",\"name\":\"Kingimeister.ee - Kingituste E-pood\",\"description\":\"\",\"publisher\":{\"@id\":\"https:\\\/\\\/kingimeister.ee\\\/#organization\"},\"potentialAction\":[{\"@type\":\"SearchAction\",\"target\":{\"@type\":\"EntryPoint\",\"urlTemplate\":\"https:\\\/\\\/kingimeister.ee\\\/?s={search_term_string}\"},\"query-input\":{\"@type\":\"PropertyValueSpecification\",\"valueRequired\":true,\"valueName\":\"search_term_string\"}}],\"inLanguage\":\"ru-RU\"},{\"@type\":\"Organization\",\"@id\":\"https:\\\/\\\/kingimeister.ee\\\/#organization\",\"name\":\"Kingimeister.ee - Kingituste E-pood\",\"url\":\"https:\\\/\\\/kingimeister.ee\\\/\",\"logo\":{\"@type\":\"ImageObject\",\"inLanguage\":\"ru-RU\",\"@id\":\"https:\\\/\\\/kingimeister.ee\\\/#\\\/schema\\\/logo\\\/image\\\/\",\"url\":\"https:\\\/\\\/kingimeister.ee\\\/wp-content\\\/uploads\\\/2026\\\/03\\\/Logo-e1773259902867.png\",\"contentUrl\":\"https:\\\/\\\/kingimeister.ee\\\/wp-content\\\/uploads\\\/2026\\\/03\\\/Logo-e1773259902867.png\",\"width\":1443,\"height\":237,\"caption\":\"Kingimeister.ee - Kingituste E-pood\"},\"image\":{\"@id\":\"https:\\\/\\\/kingimeister.ee\\\/#\\\/schema\\\/logo\\\/image\\\/\"}}]}<\/script>\n<!-- \/ Yoast SEO Premium plugin. -->","yoast_head_json":{"title":"Kleebiste valmistamine ja vin\u00fc\u00fclkleebised | Kingimeister","description":"Kleebiste valmistamine ettev\u00f5tetele ja eraisikutele. Logoga kleebised, vin\u00fc\u00fclkleebised, pakendikleebised ja reklaamikleebised.","robots":{"index":"index","follow":"follow","max-snippet":"max-snippet:-1","max-image-preview":"max-image-preview:large","max-video-preview":"max-video-preview:-1"},"canonical":"https:\/\/kingimeister.ee\/ru\/kleebiste-valmistamine\/","og_locale":"ru_RU","og_type":"article","og_title":"Kleebiste valmistamine","og_description":"Kleebiste valmistamine ettev\u00f5tetele ja eraisikutele. Logoga kleebised, vin\u00fc\u00fclkleebised, pakendikleebised ja reklaamikleebised.","og_url":"https:\/\/kingimeister.ee\/ru\/kleebiste-valmistamine\/","og_site_name":"Kingimeister.ee - Kingituste E-pood","article_modified_time":"2026-03-30T07:28:32+00:00","og_image":[{"width":1443,"height":237,"url":"https:\/\/i0.wp.com\/kingimeister.ee\/wp-content\/uploads\/2026\/03\/Logo-e1773259902867.png?fit=1443%2C237&ssl=1","type":"image\/png"}],"twitter_card":"summary_large_image","twitter_misc":{"\u041f\u0440\u0438\u043c\u0435\u0440\u043d\u043e\u0435 \u0432\u0440\u0435\u043c\u044f \u0434\u043b\u044f \u0447\u0442\u0435\u043d\u0438\u044f":"2 \u043c\u0438\u043d\u0443\u0442\u044b"},"schema":{"@context":"https:\/\/schema.org","@graph":[{"@type":"WebPage","@id":"https:\/\/kingimeister.ee\/kleebiste-valmistamine\/","url":"https:\/\/kingimeister.ee\/kleebiste-valmistamine\/","name":"Kleebiste valmistamine ja vin\u00fc\u00fclkleebised | Kingimeister","isPartOf":{"@id":"https:\/\/kingimeister.ee\/#website"},"datePublished":"2026-03-12T20:18:57+00:00","dateModified":"2026-03-30T07:28:32+00:00","description":"Kleebiste valmistamine ettev\u00f5tetele ja eraisikutele. Logoga kleebised, vin\u00fc\u00fclkleebised, pakendikleebised ja reklaamikleebised.","breadcrumb":{"@id":"https:\/\/kingimeister.ee\/kleebiste-valmistamine\/#breadcrumb"},"inLanguage":"ru-RU","potentialAction":[{"@type":"ReadAction","target":["https:\/\/kingimeister.ee\/kleebiste-valmistamine\/"]}]},{"@type":"BreadcrumbList","@id":"https:\/\/kingimeister.ee\/kleebiste-valmistamine\/#breadcrumb","itemListElement":[{"@type":"ListItem","position":1,"name":"Home","item":"https:\/\/kingimeister.ee\/"},{"@type":"ListItem","position":2,"name":"Kleebiste valmistamine"}]},{"@type":"WebSite","@id":"https:\/\/kingimeister.ee\/#website","url":"https:\/\/kingimeister.ee\/","name":"Kingimeister.ee - Kingituste E-pood","description":"","publisher":{"@id":"https:\/\/kingimeister.ee\/#organization"},"potentialAction":[{"@type":"SearchAction","target":{"@type":"EntryPoint","urlTemplate":"https:\/\/kingimeister.ee\/?s={search_term_string}"},"query-input":{"@type":"PropertyValueSpecification","valueRequired":true,"valueName":"search_term_string"}}],"inLanguage":"ru-RU"},{"@type":"Organization","@id":"https:\/\/kingimeister.ee\/#organization","name":"Kingimeister.ee - Kingituste E-pood","url":"https:\/\/kingimeister.ee\/","logo":{"@type":"ImageObject","inLanguage":"ru-RU","@id":"https:\/\/kingimeister.ee\/#\/schema\/logo\/image\/","url":"https:\/\/kingimeister.ee\/wp-content\/uploads\/2026\/03\/Logo-e1773259902867.png","contentUrl":"https:\/\/kingimeister.ee\/wp-content\/uploads\/2026\/03\/Logo-e1773259902867.png","width":1443,"height":237,"caption":"Kingimeister.ee - Kingituste E-pood"},"image":{"@id":"https:\/\/kingimeister.ee\/#\/schema\/logo\/image\/"}}]}},"jetpack_sharing_enabled":true,"_links":{"self":[{"href":"https:\/\/kingimeister.ee\/ru\/wp-json\/wp\/v2\/pages\/29178","targetHints":{"allow":["GET"]}}],"collection":[{"href":"https:\/\/kingimeister.ee\/ru\/wp-json\/wp\/v2\/pages"}],"about":[{"href":"https:\/\/kingimeister.ee\/ru\/wp-json\/wp\/v2\/types\/page"}],"author":[{"embeddable":true,"href":"https:\/\/kingimeister.ee\/ru\/wp-json\/wp\/v2\/users\/1"}],"replies":[{"embeddable":true,"href":"https:\/\/kingimeister.ee\/ru\/wp-json\/wp\/v2\/comments?post=29178"}],"version-history":[{"count":37,"href":"https:\/\/kingimeister.ee\/ru\/wp-json\/wp\/v2\/pages\/29178\/revisions"}],"predecessor-version":[{"id":30122,"href":"https:\/\/kingimeister.ee\/ru\/wp-json\/wp\/v2\/pages\/29178\/revisions\/30122"}],"wp:attachment":[{"href":"https:\/\/kingimeister.ee\/ru\/wp-json\/wp\/v2\/media?parent=29178"}],"curies":[{"name":"wp","href":"https:\/\/api.w.org\/{rel}","templated":true}]}}