{"id":29198,"date":"2026-03-12T20:56:59","date_gmt":"2026-03-12T20:56:59","guid":{"rendered":"https:\/\/kingimeister.ee\/?page_id=29198"},"modified":"2026-03-30T10:47:36","modified_gmt":"2026-03-30T08:47:36","slug":"hulgimuuk","status":"publish","type":"page","link":"https:\/\/kingimeister.ee\/ru\/hulgimuuk\/","title":{"rendered":"Hulgim\u00fc\u00fck"},"content":{"rendered":"<div data-elementor-type=\"wp-page\" data-elementor-id=\"29198\" class=\"elementor elementor-29198\">\n\t\t\t\t<div class=\"wd-negative-gap elementor-element elementor-element-81de98e e-flex e-con-boxed e-con e-parent\" data-id=\"81de98e\" data-element_type=\"container\" data-e-type=\"container\">\n\t\t\t\t\t<div class=\"e-con-inner\">\n\t\t<div class=\"elementor-element elementor-element-6ffafb2 e-con-full e-flex e-con e-child\" data-id=\"6ffafb2\" data-element_type=\"container\" data-e-type=\"container\">\n\t\t\t\t<div class=\"elementor-element elementor-element-ddbf352 elementor-widget elementor-widget-wd_mega_menu\" data-id=\"ddbf352\" data-element_type=\"widget\" data-e-type=\"widget\" data-widget_type=\"wd_mega_menu.default\">\n\t\t\t\t<div class=\"elementor-widget-container\">\n\t\t\t\t\t\t\t<div class=\"wd-menu widget_nav_mega_menu wd-nav-wrapper\">\n\t\t\t\t\t\t\t<h5 class=\"widget-title color-scheme-\">\n\t\t\t\t\t\u00c4rikliendile\t\t\t\t<\/h5>\n\t\t\t\t\t\t<ul id=\"menu-arikliendi-menuu\" class=\"menu wd-nav wd-nav-vertical wd-design-default\"><li id=\"menu-item-30109\" class=\"menu-item menu-item-type-custom menu-item-object-custom menu-item-30109 item-level-0 menu-simple-dropdown wd-event-hover\" ><a href=\"https:\/\/kingimeister.ee\/ru\/arikliendile\/\" class=\"woodmart-nav-link\"><span class=\"nav-link-text\">\u00c4rikliendile<\/span><\/a><\/li>\n<li id=\"menu-item-30106\" class=\"menu-item menu-item-type-post_type menu-item-object-page menu-item-30106 item-level-0 menu-simple-dropdown wd-event-hover\" ><a href=\"https:\/\/kingimeister.ee\/ru\/lasteaedadele\/\" class=\"woodmart-nav-link\"><span class=\"nav-link-text\">\u0414\u043b\u044f \u0434\u0435\u0442\u0441\u043a\u0438\u0445 \u0441\u0430\u0434\u043e\u0432<\/span><\/a><\/li>\n<li id=\"menu-item-30107\" class=\"menu-item menu-item-type-post_type menu-item-object-page menu-item-30107 item-level-0 menu-simple-dropdown wd-event-hover\" ><a href=\"https:\/\/kingimeister.ee\/ru\/koolidele\/\" class=\"woodmart-nav-link\"><span class=\"nav-link-text\">\u0414\u043b\u044f \u0448\u043a\u043e\u043b<\/span><\/a><\/li>\n<li id=\"menu-item-30111\" class=\"menu-item menu-item-type-custom menu-item-object-custom menu-item-30111 item-level-0 menu-simple-dropdown wd-event-hover\" ><a href=\"#\" class=\"woodmart-nav-link\"><span class=\"nav-link-text\">Firmakingitused<\/span><\/a><\/li>\n<li id=\"menu-item-30110\" class=\"menu-item menu-item-type-custom menu-item-object-custom menu-item-has-children menu-item-30110 item-level-0 menu-simple-dropdown wd-event-hover\" ><a href=\"#\" class=\"woodmart-nav-link\"><span class=\"nav-link-text\">Tootevalik<\/span><\/a><div class=\"color-scheme- wd-design-default wd-dropdown-menu wd-dropdown\"><div class=\"container wd-entry-content\">\n<ul class=\"wd-sub-menu color-scheme-\">\n\t<li id=\"menu-item-30112\" class=\"menu-item menu-item-type-custom menu-item-object-custom menu-item-30112 item-level-1 wd-event-hover\" ><a href=\"https:\/\/kingimeister.ee\/ru\/firma-logoga-kruusid-tassid\/\" class=\"woodmart-nav-link\">Kruusid\/Tassid<\/a><\/li>\n\t<li id=\"menu-item-30113\" class=\"menu-item menu-item-type-custom menu-item-object-custom menu-item-30113 item-level-1 wd-event-hover\" ><a href=\"#\" class=\"woodmart-nav-link\">T-s\u00e4rgid<\/a><\/li>\n\t<li id=\"menu-item-30114\" class=\"menu-item menu-item-type-custom menu-item-object-custom menu-item-30114 item-level-1 wd-event-hover\" ><a href=\"#\" class=\"woodmart-nav-link\">Pusad<\/a><\/li>\n\t<li id=\"menu-item-30115\" class=\"menu-item menu-item-type-custom menu-item-object-custom menu-item-30115 item-level-1 wd-event-hover\" ><a href=\"#\" class=\"woodmart-nav-link\">Muud tooted<\/a><\/li>\n<\/ul>\n<\/div>\n<\/div>\n<\/li>\n<li id=\"menu-item-30117\" class=\"menu-item menu-item-type-post_type menu-item-object-page menu-item-30117 item-level-0 menu-simple-dropdown wd-event-hover\" ><a href=\"https:\/\/kingimeister.ee\/ru\/trukimeetodid-ja-lasergraveerimine\/\" class=\"woodmart-nav-link\"><span class=\"nav-link-text\">Tr\u00fckimeetodid<\/span><\/a><\/li>\n<li id=\"menu-item-30118\" class=\"menu-item menu-item-type-post_type menu-item-object-page menu-item-30118 item-level-0 menu-simple-dropdown wd-event-hover\" ><a href=\"https:\/\/kingimeister.ee\/ru\/hulgimuuk\/\" class=\"woodmart-nav-link\"><span class=\"nav-link-text\">Hulgim\u00fc\u00fck<\/span><\/a><\/li>\n<li id=\"menu-item-30119\" class=\"menu-item menu-item-type-post_type menu-item-object-page menu-item-30119 item-level-0 menu-simple-dropdown wd-event-hover\" ><a href=\"https:\/\/kingimeister.ee\/ru\/kleebiste-valmistamine\/\" class=\"woodmart-nav-link\"><span class=\"nav-link-text\">\u041d\u0430\u043a\u043b\u0435\u0439\u043a\u0438<\/span><\/a><\/li>\n<li id=\"menu-item-30116\" class=\"menu-item menu-item-type-post_type menu-item-object-page menu-item-30116 item-level-0 menu-simple-dropdown wd-event-hover\" ><a href=\"https:\/\/kingimeister.ee\/ru\/hulgiparing\/\" class=\"woodmart-nav-link\"><span class=\"nav-link-text\">Hulgip\u00e4ring<\/span><\/a><\/li>\n<\/ul>\t\t<\/div>\n\t\t\t\t\t\t<\/div>\n\t\t\t\t<\/div>\n\t\t\t\t<\/div>\n\t\t<div class=\"elementor-element elementor-element-b0ff4bb e-con-full e-flex e-con e-child\" data-id=\"b0ff4bb\" data-element_type=\"container\" data-e-type=\"container\">\n\t\t\t\t<div class=\"elementor-element elementor-element-c49ea2b elementor-widget elementor-widget-wd_text_block\" data-id=\"c49ea2b\" data-element_type=\"widget\" data-e-type=\"widget\" data-widget_type=\"wd_text_block.default\">\n\t\t\t\t<div class=\"elementor-widget-container\">\n\t\t\t\t\t\t\t<div class=\"wd-text-block reset-last-child text-left\">\n\t\t\t\n\t\t\t<h2 data-section-id=\"1ar9t23\" data-start=\"398\" data-end=\"429\">Hulgim\u00fc\u00fck ja koost\u00f6\u00f6partnerid<\/h2><p data-start=\"431\" data-end=\"548\">Kingimeister pakub v\u00f5imalust osta meie <strong data-start=\"470\" data-end=\"507\">kingitusi ja meeneid hulgihinnaga<\/strong>, et neid edasi m\u00fc\u00fca oma poes v\u00f5i e-poes.<\/p><p data-start=\"550\" data-end=\"829\">Lisaks personaaltellimustele arendame ka <strong data-start=\"591\" data-end=\"624\">oma kujundustega kingitooteid<\/strong>, mida pakume koost\u00f6\u00f6partneritele edasim\u00fc\u00fcgiks. See annab v\u00f5imaluse lisada oma tootevalikusse <strong data-start=\"718\" data-end=\"760\">unikaalseid ja pilkup\u00fc\u00fcdvaid kingitusi<\/strong>, mis sobivad h\u00e4sti nii f\u00fc\u00fcsilistesse poodidesse kui ka e-poodidesse.<\/p><p data-start=\"831\" data-end=\"871\">Meie eesm\u00e4rk on pakkuda tooteid, mis on:<\/p><p data-start=\"873\" data-end=\"1019\">\u2714 visuaalselt atraktiivsed<br data-start=\"899\" data-end=\"902\" \/>\u2714 kvaliteetsed ja vastupidavad<br data-start=\"932\" data-end=\"935\" \/>\u2714 sobivad h\u00e4sti kingitusteks ja meeneteks<br data-start=\"976\" data-end=\"979\" \/>\u2714 eristuvad tavap\u00e4rasest kaubavalikust<\/p><hr data-start=\"1021\" data-end=\"1024\" \/><h2 data-section-id=\"141dsiw\" data-start=\"1026\" data-end=\"1051\">Kellele hulgim\u00fc\u00fck sobib<\/h2><p data-start=\"1053\" data-end=\"1195\">Kingimeistri hulgim\u00fc\u00fck sobib h\u00e4sti ettev\u00f5tetele ja kauplustele, kes soovivad oma tootevalikusse lisada <strong data-start=\"1156\" data-end=\"1194\">personaalseid kingitusi ja meeneid<\/strong>.<\/p><p data-start=\"1197\" data-end=\"1229\">Hulgim\u00fc\u00fck on populaarne n\u00e4iteks:<\/p><p data-start=\"1231\" data-end=\"1407\">\u2714 kingipoodide jaoks<br data-start=\"1251\" data-end=\"1254\" \/>\u2714 suveniiripoodide jaoks<br data-start=\"1278\" data-end=\"1281\" \/>\u2714 e-poodide jaoks<br data-start=\"1298\" data-end=\"1301\" \/>\u2714 turismipoodide jaoks<br data-start=\"1323\" data-end=\"1326\" \/>\u2714 lillepoodide jaoks<br data-start=\"1346\" data-end=\"1349\" \/>\u2714 v\u00e4ikeste butiikide jaoks<br data-start=\"1375\" data-end=\"1378\" \/>\u2714 teiste edasim\u00fc\u00fcjate jaoks<\/p><p data-start=\"1409\" data-end=\"1533\">Kui soovite pakkuda klientidele <strong data-start=\"1441\" data-end=\"1485\">originaalseid ja huvitavaid kingitooteid<\/strong>, v\u00f5ib koost\u00f6\u00f6 Kingimeistriga olla hea v\u00f5imalus.<\/p><hr data-start=\"1535\" data-end=\"1538\" \/><h2 data-section-id=\"knfrev\" data-start=\"1540\" data-end=\"1566\">Meie tooted hulgim\u00fc\u00fcgiks<\/h2><p data-start=\"1568\" data-end=\"1681\">Arendame ja toodame erinevaid <strong data-start=\"1598\" data-end=\"1638\">kingitusi, reklaamtooteid ja meeneid<\/strong>, mida on v\u00f5imalik osta hulgi edasim\u00fc\u00fcgiks.<\/p><p data-start=\"1683\" data-end=\"1717\">Tootevalik v\u00f5ib sisaldada n\u00e4iteks:<\/p><p data-start=\"1719\" data-end=\"1888\">\u2714 tasse ja kruuse kujundustega<br data-start=\"1749\" data-end=\"1752\" \/>\u2714 T-s\u00e4rke ja muid tekstiiltooteid<br data-start=\"1785\" data-end=\"1788\" \/>\u2714 puslesid<br data-start=\"1798\" data-end=\"1801\" \/>\u2714 nokam\u00fctse<br data-start=\"1812\" data-end=\"1815\" \/>\u2714 kleebiseid<br data-start=\"1827\" data-end=\"1830\" \/>\u2714 v\u00f5tmehoidjaid<br data-start=\"1845\" data-end=\"1848\" \/>\u2714 erinevaid personaalseid kingitooteid<\/p><p data-start=\"1890\" data-end=\"2002\">Lisaks valmistame ka <strong data-start=\"1911\" data-end=\"1941\">lasergraveeringuga tooteid<\/strong>, mis on v\u00e4ga populaarsed kingipoodides ja suveniiripoodides.<\/p><p data-start=\"2004\" data-end=\"2043\">Lasergraveerimisega valmistame n\u00e4iteks:<\/p><p data-start=\"2045\" data-end=\"2212\">\u2714 graveeringuga v\u00f5tmehoidjaid<br data-start=\"2074\" data-end=\"2077\" \/>\u2714 puidust meeneid<br data-start=\"2094\" data-end=\"2097\" \/>\u2714 graveeringuga l\u00f5ikelaudu<br data-start=\"2123\" data-end=\"2126\" \/>\u2714 graveeritud klaase<br data-start=\"2146\" data-end=\"2149\" \/>\u2714 dekoratiivseid LED-lampe<br data-start=\"2175\" data-end=\"2178\" \/>\u2714 personaalse tekstiga kingitusi<\/p><p data-start=\"2214\" data-end=\"2292\">Sellised tooted on <strong data-start=\"2233\" data-end=\"2291\">unikaalsed, vastupidavad ja sobivad h\u00e4sti edasim\u00fc\u00fcgiks<\/strong>.<\/p><hr data-start=\"2294\" data-end=\"2297\" \/><h2 data-section-id=\"167cfn7\" data-start=\"2299\" data-end=\"2334\">Miks teha koost\u00f6\u00f6d Kingimeistriga<\/h2><p data-start=\"2336\" data-end=\"2500\">Kingimeister soovib luua <strong data-start=\"2361\" data-end=\"2420\">pikaajalisi koost\u00f6\u00f6suhteid edasim\u00fc\u00fcjate ja partneritega<\/strong>, kes soovivad pakkuda oma klientidele kvaliteetseid ja eristuvaid kingitooteid.<\/p><p data-start=\"2502\" data-end=\"2518\">Koost\u00f6\u00f6 eelised:<\/p><p data-start=\"2520\" data-end=\"2754\">\u2714 unikaalsed ja oman\u00e4olised kujundused<br data-start=\"2558\" data-end=\"2561\" \/>\u2714 v\u00f5imalus pakkuda klientidele eristuvaid kingitusi<br data-start=\"2612\" data-end=\"2615\" \/>\u2714 paindlik koost\u00f6\u00f6 ja tellimisv\u00f5imalused<br data-start=\"2655\" data-end=\"2658\" \/>\u2714 kvaliteetsed ja vastupidavad tooted<br data-start=\"2695\" data-end=\"2698\" \/>\u2714 v\u00f5imalus tellida erinevaid kingitooteid \u00fchest kohast<\/p><hr data-start=\"2756\" data-end=\"2759\" \/><h2 data-section-id=\"ws7qu4\" data-start=\"2761\" data-end=\"2788\">Soovid saada hulgiostjaks<\/h2><p data-start=\"2790\" data-end=\"2869\">Kui oled huvitatud <strong data-start=\"2809\" data-end=\"2846\">Kingimeistri toodete edasim\u00fc\u00fcgist<\/strong>, v\u00f5ta meiega \u00fchendust.<\/p><p data-start=\"2871\" data-end=\"2895\">Kirjuta meile aadressil:<\/p><p data-start=\"2897\" data-end=\"2917\"><a class=\"decorated-link cursor-pointer\" rel=\"noopener\" data-start=\"2897\" data-end=\"2917\">info@kingimeister.ee<\/a><\/p><p data-start=\"2919\" data-end=\"2946\">Kirjas v\u00f5id lisada n\u00e4iteks:<\/p><p data-start=\"2948\" data-end=\"3051\">\u2714 oma ettev\u00f5tte nimi<br data-start=\"2968\" data-end=\"2971\" \/>\u2714 millist t\u00fc\u00fcpi poes v\u00f5i e-poes m\u00fc\u00fcte<br data-start=\"3008\" data-end=\"3011\" \/>\u2714 millised tooted v\u00f5iksid huvi pakkuda<\/p><p data-start=\"3053\" data-end=\"3129\">Saadame teile lisainfo <strong data-start=\"3076\" data-end=\"3128\">hulgim\u00fc\u00fcgi v\u00f5imaluste ja koost\u00f6\u00f6tingimuste kohta<\/strong>.<\/p><p data-start=\"3053\" data-end=\"3129\">\u00a0<\/p>\n\t\t\t\t\t<\/div>\n\t\t\t\t\t\t<\/div>\n\t\t\t\t<\/div>\n\t\t\t\t<\/div>\n\t\t\t\t\t<\/div>\n\t\t\t\t<\/div>\n\t\t<div class=\"wd-negative-gap elementor-element elementor-element-7534961 e-flex e-con-boxed e-con e-parent\" data-id=\"7534961\" data-element_type=\"container\" data-e-type=\"container\">\n\t\t\t\t\t<div class=\"e-con-inner\">\n\t\t\t\t<div class=\"elementor-element elementor-element-28e4f71 elementor-widget elementor-widget-wd_button\" data-id=\"28e4f71\" data-element_type=\"widget\" data-e-type=\"widget\" data-widget_type=\"wd_button.default\">\n\t\t\t\t<div class=\"elementor-widget-container\">\n\t\t\t\t\t\t\t<div class=\"wd-button-wrapper text-center\" >\n\t\t\t<a class=\"btn btn-style-default btn-shape-rectangle btn-size-large btn-color-primary btn-full-width btn-icon-pos-right\"  href=\"https:\/\/kingimeister.ee\/ru\/hulgiparing\/\">\n\t\t\t\t<span class=\"wd-btn-text\" data-elementor-setting-key=\"text\">\n\t\t\t\t\tK\u00fcsi hulgipakkumist\t\t\t\t<\/span>\n\n\t\t\t\t\t\t\t<\/a>\n\t\t<\/div>\n\t\t\t\t\t\t<\/div>\n\t\t\t\t<\/div>\n\t\t\t\t\t<\/div>\n\t\t\t\t<\/div>\n\t\t\t\t<\/div>","protected":false},"excerpt":{"rendered":"<p>\u00c4rikliendile \u00c4rikliendile Ettev\u00f5tetele Lasteaedadele Koolidele Firmakingitused Tootevalik Kruusid\/Tassid T-s\u00e4rgid Pusad Muud tooted Tr\u00fckimeetodid Hulgim\u00fc\u00fck Kleebiste valmistamine Hulgip\u00e4ring Hulgim\u00fc\u00fck ja koost\u00f6\u00f6partnerid<\/p>","protected":false},"author":1,"featured_media":0,"parent":0,"menu_order":0,"comment_status":"closed","ping_status":"closed","template":"","meta":{"footnotes":""},"class_list":["post-29198","page","type-page","status-publish","hentry"],"yoast_head":"<!-- This site is optimized with the Yoast SEO Premium plugin v27.1 (Yoast SEO v27.3) - https:\/\/yoast.com\/product\/yoast-seo-premium-wordpress\/ -->\n<title>Kingituste hulgim\u00fc\u00fck ja edasim\u00fc\u00fck | Kingimeister<\/title>\n<meta name=\"description\" content=\"Kingituste hulgim\u00fc\u00fck edasim\u00fc\u00fcjatele. Tasse, T-s\u00e4rke, v\u00f5tmehoidjaid ja lasergraveeringuga meeneid kingipoodidele, e-poodidele ja suveniiripoodidele.\" \/>\n<meta name=\"robots\" content=\"index, follow, max-snippet:-1, max-image-preview:large, max-video-preview:-1\" \/>\n<link rel=\"canonical\" href=\"https:\/\/kingimeister.ee\/ru\/hulgimuuk\/\" \/>\n<meta property=\"og:locale\" content=\"ru_RU\" \/>\n<meta property=\"og:type\" content=\"article\" \/>\n<meta property=\"og:title\" content=\"Hulgim\u00fc\u00fck\" \/>\n<meta property=\"og:description\" content=\"Kingituste hulgim\u00fc\u00fck edasim\u00fc\u00fcjatele. Tasse, T-s\u00e4rke, v\u00f5tmehoidjaid ja lasergraveeringuga meeneid kingipoodidele, e-poodidele ja suveniiripoodidele.\" \/>\n<meta property=\"og:url\" content=\"https:\/\/kingimeister.ee\/ru\/hulgimuuk\/\" \/>\n<meta property=\"og:site_name\" content=\"Kingimeister.ee - Kingituste E-pood\" \/>\n<meta property=\"article:modified_time\" content=\"2026-03-30T08:47:36+00:00\" \/>\n<meta property=\"og:image\" content=\"https:\/\/i0.wp.com\/kingimeister.ee\/wp-content\/uploads\/2026\/03\/Logo-e1773259902867.png?fit=1443%2C237&ssl=1\" \/>\n\t<meta property=\"og:image:width\" content=\"1443\" \/>\n\t<meta property=\"og:image:height\" content=\"237\" \/>\n\t<meta property=\"og:image:type\" content=\"image\/png\" \/>\n<meta name=\"twitter:card\" content=\"summary_large_image\" \/>\n<meta name=\"twitter:label1\" content=\"\u041f\u0440\u0438\u043c\u0435\u0440\u043d\u043e\u0435 \u0432\u0440\u0435\u043c\u044f \u0434\u043b\u044f \u0447\u0442\u0435\u043d\u0438\u044f\" \/>\n\t<meta name=\"twitter:data1\" content=\"2 \u043c\u0438\u043d\u0443\u0442\u044b\" \/>\n<script type=\"application\/ld+json\" class=\"yoast-schema-graph\">{\"@context\":\"https:\\\/\\\/schema.org\",\"@graph\":[{\"@type\":\"WebPage\",\"@id\":\"https:\\\/\\\/kingimeister.ee\\\/hulgimuuk\\\/\",\"url\":\"https:\\\/\\\/kingimeister.ee\\\/hulgimuuk\\\/\",\"name\":\"Kingituste hulgim\u00fc\u00fck ja edasim\u00fc\u00fck | Kingimeister\",\"isPartOf\":{\"@id\":\"https:\\\/\\\/kingimeister.ee\\\/#website\"},\"datePublished\":\"2026-03-12T20:56:59+00:00\",\"dateModified\":\"2026-03-30T08:47:36+00:00\",\"description\":\"Kingituste hulgim\u00fc\u00fck edasim\u00fc\u00fcjatele. Tasse, T-s\u00e4rke, v\u00f5tmehoidjaid ja lasergraveeringuga meeneid kingipoodidele, e-poodidele ja suveniiripoodidele.\",\"breadcrumb\":{\"@id\":\"https:\\\/\\\/kingimeister.ee\\\/hulgimuuk\\\/#breadcrumb\"},\"inLanguage\":\"ru-RU\",\"potentialAction\":[{\"@type\":\"ReadAction\",\"target\":[\"https:\\\/\\\/kingimeister.ee\\\/hulgimuuk\\\/\"]}]},{\"@type\":\"BreadcrumbList\",\"@id\":\"https:\\\/\\\/kingimeister.ee\\\/hulgimuuk\\\/#breadcrumb\",\"itemListElement\":[{\"@type\":\"ListItem\",\"position\":1,\"name\":\"Home\",\"item\":\"https:\\\/\\\/kingimeister.ee\\\/\"},{\"@type\":\"ListItem\",\"position\":2,\"name\":\"Hulgim\u00fc\u00fck\"}]},{\"@type\":\"WebSite\",\"@id\":\"https:\\\/\\\/kingimeister.ee\\\/#website\",\"url\":\"https:\\\/\\\/kingimeister.ee\\\/\",\"name\":\"Kingimeister.ee - Kingituste E-pood\",\"description\":\"\",\"publisher\":{\"@id\":\"https:\\\/\\\/kingimeister.ee\\\/#organization\"},\"potentialAction\":[{\"@type\":\"SearchAction\",\"target\":{\"@type\":\"EntryPoint\",\"urlTemplate\":\"https:\\\/\\\/kingimeister.ee\\\/?s={search_term_string}\"},\"query-input\":{\"@type\":\"PropertyValueSpecification\",\"valueRequired\":true,\"valueName\":\"search_term_string\"}}],\"inLanguage\":\"ru-RU\"},{\"@type\":\"Organization\",\"@id\":\"https:\\\/\\\/kingimeister.ee\\\/#organization\",\"name\":\"Kingimeister.ee - Kingituste E-pood\",\"url\":\"https:\\\/\\\/kingimeister.ee\\\/\",\"logo\":{\"@type\":\"ImageObject\",\"inLanguage\":\"ru-RU\",\"@id\":\"https:\\\/\\\/kingimeister.ee\\\/#\\\/schema\\\/logo\\\/image\\\/\",\"url\":\"https:\\\/\\\/kingimeister.ee\\\/wp-content\\\/uploads\\\/2026\\\/03\\\/Logo-e1773259902867.png\",\"contentUrl\":\"https:\\\/\\\/kingimeister.ee\\\/wp-content\\\/uploads\\\/2026\\\/03\\\/Logo-e1773259902867.png\",\"width\":1443,\"height\":237,\"caption\":\"Kingimeister.ee - Kingituste E-pood\"},\"image\":{\"@id\":\"https:\\\/\\\/kingimeister.ee\\\/#\\\/schema\\\/logo\\\/image\\\/\"}}]}<\/script>\n<!-- \/ Yoast SEO Premium plugin. -->","yoast_head_json":{"title":"Kingituste hulgim\u00fc\u00fck ja edasim\u00fc\u00fck | Kingimeister","description":"Kingituste hulgim\u00fc\u00fck edasim\u00fc\u00fcjatele. Tasse, T-s\u00e4rke, v\u00f5tmehoidjaid ja lasergraveeringuga meeneid kingipoodidele, e-poodidele ja suveniiripoodidele.","robots":{"index":"index","follow":"follow","max-snippet":"max-snippet:-1","max-image-preview":"max-image-preview:large","max-video-preview":"max-video-preview:-1"},"canonical":"https:\/\/kingimeister.ee\/ru\/hulgimuuk\/","og_locale":"ru_RU","og_type":"article","og_title":"Hulgim\u00fc\u00fck","og_description":"Kingituste hulgim\u00fc\u00fck edasim\u00fc\u00fcjatele. Tasse, T-s\u00e4rke, v\u00f5tmehoidjaid ja lasergraveeringuga meeneid kingipoodidele, e-poodidele ja suveniiripoodidele.","og_url":"https:\/\/kingimeister.ee\/ru\/hulgimuuk\/","og_site_name":"Kingimeister.ee - Kingituste E-pood","article_modified_time":"2026-03-30T08:47:36+00:00","og_image":[{"width":1443,"height":237,"url":"https:\/\/i0.wp.com\/kingimeister.ee\/wp-content\/uploads\/2026\/03\/Logo-e1773259902867.png?fit=1443%2C237&ssl=1","type":"image\/png"}],"twitter_card":"summary_large_image","twitter_misc":{"\u041f\u0440\u0438\u043c\u0435\u0440\u043d\u043e\u0435 \u0432\u0440\u0435\u043c\u044f \u0434\u043b\u044f \u0447\u0442\u0435\u043d\u0438\u044f":"2 \u043c\u0438\u043d\u0443\u0442\u044b"},"schema":{"@context":"https:\/\/schema.org","@graph":[{"@type":"WebPage","@id":"https:\/\/kingimeister.ee\/hulgimuuk\/","url":"https:\/\/kingimeister.ee\/hulgimuuk\/","name":"Kingituste hulgim\u00fc\u00fck ja edasim\u00fc\u00fck | Kingimeister","isPartOf":{"@id":"https:\/\/kingimeister.ee\/#website"},"datePublished":"2026-03-12T20:56:59+00:00","dateModified":"2026-03-30T08:47:36+00:00","description":"Kingituste hulgim\u00fc\u00fck edasim\u00fc\u00fcjatele. Tasse, T-s\u00e4rke, v\u00f5tmehoidjaid ja lasergraveeringuga meeneid kingipoodidele, e-poodidele ja suveniiripoodidele.","breadcrumb":{"@id":"https:\/\/kingimeister.ee\/hulgimuuk\/#breadcrumb"},"inLanguage":"ru-RU","potentialAction":[{"@type":"ReadAction","target":["https:\/\/kingimeister.ee\/hulgimuuk\/"]}]},{"@type":"BreadcrumbList","@id":"https:\/\/kingimeister.ee\/hulgimuuk\/#breadcrumb","itemListElement":[{"@type":"ListItem","position":1,"name":"Home","item":"https:\/\/kingimeister.ee\/"},{"@type":"ListItem","position":2,"name":"Hulgim\u00fc\u00fck"}]},{"@type":"WebSite","@id":"https:\/\/kingimeister.ee\/#website","url":"https:\/\/kingimeister.ee\/","name":"Kingimeister.ee - Kingituste E-pood","description":"","publisher":{"@id":"https:\/\/kingimeister.ee\/#organization"},"potentialAction":[{"@type":"SearchAction","target":{"@type":"EntryPoint","urlTemplate":"https:\/\/kingimeister.ee\/?s={search_term_string}"},"query-input":{"@type":"PropertyValueSpecification","valueRequired":true,"valueName":"search_term_string"}}],"inLanguage":"ru-RU"},{"@type":"Organization","@id":"https:\/\/kingimeister.ee\/#organization","name":"Kingimeister.ee - Kingituste E-pood","url":"https:\/\/kingimeister.ee\/","logo":{"@type":"ImageObject","inLanguage":"ru-RU","@id":"https:\/\/kingimeister.ee\/#\/schema\/logo\/image\/","url":"https:\/\/kingimeister.ee\/wp-content\/uploads\/2026\/03\/Logo-e1773259902867.png","contentUrl":"https:\/\/kingimeister.ee\/wp-content\/uploads\/2026\/03\/Logo-e1773259902867.png","width":1443,"height":237,"caption":"Kingimeister.ee - Kingituste E-pood"},"image":{"@id":"https:\/\/kingimeister.ee\/#\/schema\/logo\/image\/"}}]}},"jetpack_sharing_enabled":true,"_links":{"self":[{"href":"https:\/\/kingimeister.ee\/ru\/wp-json\/wp\/v2\/pages\/29198","targetHints":{"allow":["GET"]}}],"collection":[{"href":"https:\/\/kingimeister.ee\/ru\/wp-json\/wp\/v2\/pages"}],"about":[{"href":"https:\/\/kingimeister.ee\/ru\/wp-json\/wp\/v2\/types\/page"}],"author":[{"embeddable":true,"href":"https:\/\/kingimeister.ee\/ru\/wp-json\/wp\/v2\/users\/1"}],"replies":[{"embeddable":true,"href":"https:\/\/kingimeister.ee\/ru\/wp-json\/wp\/v2\/comments?post=29198"}],"version-history":[{"count":34,"href":"https:\/\/kingimeister.ee\/ru\/wp-json\/wp\/v2\/pages\/29198\/revisions"}],"predecessor-version":[{"id":30156,"href":"https:\/\/kingimeister.ee\/ru\/wp-json\/wp\/v2\/pages\/29198\/revisions\/30156"}],"wp:attachment":[{"href":"https:\/\/kingimeister.ee\/ru\/wp-json\/wp\/v2\/media?parent=29198"}],"curies":[{"name":"wp","href":"https:\/\/api.w.org\/{rel}","templated":true}]}}