{"id":29340,"date":"2026-03-13T06:18:55","date_gmt":"2026-03-13T06:18:55","guid":{"rendered":"https:\/\/kingimeister.ee\/?page_id=29340"},"modified":"2026-03-15T11:53:43","modified_gmt":"2026-03-15T09:53:43","slug":"hulgiparing","status":"publish","type":"page","link":"https:\/\/kingimeister.ee\/ru\/hulgiparing\/","title":{"rendered":"Hulgip\u00e4ring"},"content":{"rendered":"<div data-elementor-type=\"wp-page\" data-elementor-id=\"29340\" class=\"elementor elementor-29340\">\n\t\t\t\t<div class=\"wd-negative-gap elementor-element elementor-element-e998fcf e-flex e-con-boxed e-con e-parent\" data-id=\"e998fcf\" data-element_type=\"container\" data-e-type=\"container\" data-settings=\"{&quot;background_background&quot;:&quot;classic&quot;}\">\n\t\t\t\t\t<div class=\"e-con-inner\">\n\t\t<div class=\"elementor-element elementor-element-e07ccf4 e-con-full e-flex e-con e-child\" data-id=\"e07ccf4\" data-element_type=\"container\" data-e-type=\"container\">\n\t\t\t\t<div class=\"elementor-element elementor-element-6e25fd6 elementor-widget elementor-widget-wd_text_block\" data-id=\"6e25fd6\" data-element_type=\"widget\" data-e-type=\"widget\" data-widget_type=\"wd_text_block.default\">\n\t\t\t\t<div class=\"elementor-widget-container\">\n\t\t\t\t\t\t\t<div class=\"wd-text-block reset-last-child text-left\">\n\t\t\t\n\t\t\t<h1 data-section-id=\"14c04vz\" data-start=\"183\" data-end=\"196\">Hulgip\u00e4ring<\/h1><p data-start=\"198\" data-end=\"486\">Kingimeister pakub ettev\u00f5tetele ja edasim\u00fc\u00fcjatele v\u00f5imalust tellida <strong data-start=\"266\" data-end=\"313\">kingitooteid ja reklaamtooteid hulgihinnaga<\/strong>. Valmistame ja arendame erinevaid tooteid, millele saab lisada <strong data-start=\"377\" data-end=\"417\">ettev\u00f5tte logo, teksti v\u00f5i kujunduse<\/strong>, samuti pakume ka meie enda loodud disainidega tooteid edasim\u00fc\u00fcgiks.<\/p><p data-start=\"488\" data-end=\"537\">Hulgitellimuse kaudu on v\u00f5imalik tellida n\u00e4iteks:<\/p><p data-start=\"539\" data-end=\"685\">\u2714 tasse ja kruuse kujundustega<br data-start=\"569\" data-end=\"572\" \/>\u2714 T-s\u00e4rke ja tekstiiltooteid<br data-start=\"600\" data-end=\"603\" \/>\u2714 puslesid<br data-start=\"613\" data-end=\"616\" \/>\u2714 nokam\u00fctse<br data-start=\"627\" data-end=\"630\" \/>\u2714 kleebiseid<br data-start=\"642\" data-end=\"645\" \/>\u2714 erinevaid personaalseid kingitooteid<\/p><p data-start=\"687\" data-end=\"814\">Vajadusel saame valmistada ka <strong data-start=\"717\" data-end=\"747\">lasergraveeringuga tooteid<\/strong>, n\u00e4iteks v\u00f5tmehoidjaid, puidust meeneid v\u00f5i graveeritud kingitusi.<\/p><hr data-start=\"816\" data-end=\"819\" \/><h1 data-section-id=\"1i603xh\" data-start=\"821\" data-end=\"851\">Kellele hulgipakkumine sobib<\/h1><p data-start=\"853\" data-end=\"1024\">Kingimeistri hulgipakkumine sobib h\u00e4sti erinevatele ettev\u00f5tetele ja organisatsioonidele, kes soovivad tellida tooteid suuremas koguses v\u00f5i m\u00fc\u00fca neid edasi oma klientidele.<\/p><p data-start=\"1026\" data-end=\"1055\">Hulgipakkumine sobib n\u00e4iteks:<\/p><p data-start=\"1057\" data-end=\"1192\">\u2714 ettev\u00f5tetele ja organisatsioonidele<br data-start=\"1094\" data-end=\"1097\" \/>\u2714 kingi- ja suveniiripoodidele<br data-start=\"1127\" data-end=\"1130\" \/>\u2714 e-poodidele<br data-start=\"1143\" data-end=\"1146\" \/>\u2714 \u00fcrituste korraldajatele<br data-start=\"1171\" data-end=\"1174\" \/>\u2714 edasim\u00fc\u00fcjatele<\/p><p data-start=\"1194\" data-end=\"1341\">Pakume paindlikku koost\u00f6\u00f6d ning <strong data-start=\"1226\" data-end=\"1262\">soodsaid hulgi- ja partnerihindu<\/strong>, mis v\u00f5imaldavad pakkuda klientidele kvaliteetseid ja huvitavaid kingitooteid.<\/p><p data-start=\"1194\" data-end=\"1341\">\u00a0<\/p>\n\t\t\t\t\t<\/div>\n\t\t\t\t\t\t<\/div>\n\t\t\t\t<\/div>\n\t\t\t\t<\/div>\n\t\t<div class=\"elementor-element elementor-element-5cc1aeb e-con-full e-flex e-con e-child\" data-id=\"5cc1aeb\" data-element_type=\"container\" data-e-type=\"container\">\n\t\t\t\t<div class=\"elementor-element elementor-element-ce7f8b7 wd-el-page-heading text-left elementor-widget elementor-widget-wd_page_heading\" data-id=\"ce7f8b7\" data-element_type=\"widget\" data-e-type=\"widget\" data-widget_type=\"wd_page_heading.default\">\n\t\t\t\t<div class=\"elementor-widget-container\">\n\t\t\t\t\t<h2 class=\"entry-title title\">Hulgip\u00e4ring<\/h2>\t\t\t\t<\/div>\n\t\t\t\t<\/div>\n\t\t\t\t<div class=\"elementor-element elementor-element-423a824 wd-cf7 elementor-widget elementor-widget-wd_contact_form_7\" data-id=\"423a824\" data-element_type=\"widget\" data-e-type=\"widget\" data-widget_type=\"wd_contact_form_7.default\">\n\t\t\t\t<div class=\"elementor-widget-container\">\n\t\t\t\t\t\n<div class=\"wpcf7 no-js\" id=\"wpcf7-f29333-o1\" lang=\"en-US\" dir=\"ltr\" data-wpcf7-id=\"29333\">\n<div class=\"screen-reader-response\"><p role=\"status\" aria-live=\"polite\" aria-atomic=\"true\"><\/p> <ul><\/ul><\/div>\n<form action=\"\/ru\/wp-json\/wp\/v2\/pages\/29340#wpcf7-f29333-o1\" method=\"post\" class=\"wpcf7-form init\" aria-label=\"Contact form\" enctype=\"multipart\/form-data\" novalidate=\"novalidate\" data-status=\"init\" data-trp-original-action=\"\/ru\/wp-json\/wp\/v2\/pages\/29340#wpcf7-f29333-o1\">\n<fieldset class=\"hidden-fields-container\"><input type=\"hidden\" name=\"_wpcf7\" value=\"29333\" \/><input type=\"hidden\" name=\"_wpcf7_version\" value=\"6.1.5\" \/><input type=\"hidden\" name=\"_wpcf7_locale\" value=\"en_US\" \/><input type=\"hidden\" name=\"_wpcf7_unit_tag\" value=\"wpcf7-f29333-o1\" \/><input type=\"hidden\" name=\"_wpcf7_container_post\" value=\"0\" \/><input type=\"hidden\" name=\"_wpcf7_posted_data_hash\" value=\"\" \/>\n<\/fieldset>\n<div class=\"wd-grid-g\">\n\t<div class=\"wd-grid-f-stretch\">\n\t\t<div class=\"wd-col\">\n\t\t\t<p><label>Ettev\u00f5te<\/label><span class=\"wpcf7-form-control-wrap\" data-name=\"firma\"><input size=\"40\" maxlength=\"400\" class=\"wpcf7-form-control wpcf7-text wpcf7-validates-as-required\" aria-required=\"true\" aria-invalid=\"false\" value=\"\" type=\"text\" name=\"firma\" \/><\/span>\n\t\t\t<\/p>\n\t\t<\/div>\n\t\t<div class=\"wd-col\">\n\t\t\t<p><label>Email<\/label><span class=\"wpcf7-form-control-wrap\" data-name=\"your-email\"><input size=\"40\" maxlength=\"400\" class=\"wpcf7-form-control wpcf7-email wpcf7-validates-as-required wpcf7-text wpcf7-validates-as-email\" aria-required=\"true\" aria-invalid=\"false\" value=\"\" type=\"email\" name=\"your-email\" \/><\/span>\n\t\t\t<\/p>\n\t\t<\/div>\n\t<\/div>\n\t<div class=\"wd-grid-f-stretch\">\n\t\t<div class=\"wd-col\">\n\t\t\t<p><label>Telefoninumber<\/label><span class=\"wpcf7-form-control-wrap\" data-name=\"tel-767\"><input size=\"40\" maxlength=\"400\" class=\"wpcf7-form-control wpcf7-tel wpcf7-text wpcf7-validates-as-tel\" aria-invalid=\"false\" value=\"\" type=\"tel\" name=\"tel-767\" \/><\/span>\n\t\t\t<\/p>\n\t\t<\/div>\n\t\t<div class=\"wd-col\">\n\t\t\t<p><label>Kontaktisik<\/label><span class=\"wpcf7-form-control-wrap\" data-name=\"kontakt\"><input size=\"40\" maxlength=\"400\" class=\"wpcf7-form-control wpcf7-text\" aria-invalid=\"false\" value=\"\" type=\"text\" name=\"kontakt\" \/><\/span>\n\t\t\t<\/p>\n\t\t<\/div>\n\t<\/div>\n\t<div class=\"wd-grid-f-stretch\">\n\t\t<div class=\"wd-col\">\n\t\t\t<p><label>Toode mida soovid<\/label><span class=\"wpcf7-form-control-wrap\" data-name=\"toode\"><input size=\"40\" maxlength=\"400\" class=\"wpcf7-form-control wpcf7-text wpcf7-validates-as-required\" aria-required=\"true\" aria-invalid=\"false\" value=\"\" type=\"text\" name=\"toode\" \/><\/span>\n\t\t\t<\/p>\n\t\t<\/div>\n\t\t<div class=\"wd-col\">\n\t\t\t<p><label>Kogus<\/label><span class=\"wpcf7-form-control-wrap\" data-name=\"kogus\"><input size=\"40\" maxlength=\"400\" class=\"wpcf7-form-control wpcf7-text\" aria-invalid=\"false\" value=\"\" type=\"text\" name=\"kogus\" \/><\/span>\n\t\t\t<\/p>\n\t\t<\/div>\n\t<\/div>\n\t<p>Lisa logo v\u00f5i kujundus\n\t<\/p>\n<\/div>\n<p><span class=\"wpcf7-form-control-wrap\" data-name=\"file-754\"><input size=\"40\" class=\"wpcf7-form-control wpcf7-file\" accept=\"audio\/*,video\/*,image\/*\" aria-invalid=\"false\" type=\"file\" name=\"file-754\" \/><\/span><br \/>\n<\/p>\n<div>\n\t<p><label>Sinu kiri (kirjuta v\u00f5imalikult t\u00e4pselt oma soovidest)<\/label><span class=\"wpcf7-form-control-wrap\" data-name=\"your-message\"><textarea cols=\"40\" rows=\"10\" maxlength=\"2000\" class=\"wpcf7-form-control wpcf7-textarea\" aria-invalid=\"false\" name=\"your-message\"><\/textarea><\/span>\n\t<\/p>\n<\/div>\n<div>\n\t<p><input class=\"wpcf7-form-control wpcf7-submit has-spinner btn-color-black\" type=\"submit\" value=\"SAADA P\u00c4RING\" \/>\n\t<\/p>\n<\/div>\n<div class=\"wpcf7-response-output\" aria-hidden=\"true\"><\/div>\n<input type=\"hidden\" name=\"trp-form-language\" value=\"ru\"\/><\/form>\n<\/div>\n\t\t\t\t<\/div>\n\t\t\t\t<\/div>\n\t\t\t\t<\/div>\n\t\t\t\t\t<\/div>\n\t\t\t\t<\/div>\n\t\t<div class=\"wd-negative-gap elementor-element elementor-element-e70f520 e-flex e-con-boxed e-con e-parent\" data-id=\"e70f520\" data-element_type=\"container\" data-e-type=\"container\">\n\t\t\t\t\t<div class=\"e-con-inner\">\n\t\t\t\t\t<\/div>\n\t\t\t\t<\/div>\n\t\t\t\t<\/div>","protected":false},"excerpt":{"rendered":"<p>Hulgip\u00e4ring Kingimeister pakub ettev\u00f5tetele ja edasim\u00fc\u00fcjatele v\u00f5imalust tellida kingitooteid ja reklaamtooteid hulgihinnaga. Valmistame ja arendame erinevaid tooteid, millele saab lisada<\/p>","protected":false},"author":1,"featured_media":0,"parent":0,"menu_order":0,"comment_status":"closed","ping_status":"closed","template":"","meta":{"footnotes":""},"class_list":["post-29340","page","type-page","status-publish","hentry"],"yoast_head":"<!-- This site is optimized with the Yoast SEO Premium plugin v27.1 (Yoast SEO v27.3) - https:\/\/yoast.com\/product\/yoast-seo-premium-wordpress\/ -->\n<title>Hulgip\u00e4ring ja kingituste hulgim\u00fc\u00fck | Kingimeister<\/title>\n<meta name=\"description\" content=\"Saada hulgip\u00e4ring ja telli kingitused v\u00f5i reklaamtooted hulgihinnaga. Tassid, T-s\u00e4rgid, kleebised ja personaalsed kingitooted.\" \/>\n<meta name=\"robots\" content=\"index, follow, max-snippet:-1, max-image-preview:large, max-video-preview:-1\" \/>\n<link rel=\"canonical\" href=\"https:\/\/kingimeister.ee\/ru\/hulgiparing\/\" \/>\n<meta property=\"og:locale\" content=\"ru_RU\" \/>\n<meta property=\"og:type\" content=\"article\" \/>\n<meta property=\"og:title\" content=\"Hulgip\u00e4ring\" \/>\n<meta property=\"og:description\" content=\"Saada hulgip\u00e4ring ja telli kingitused v\u00f5i reklaamtooted hulgihinnaga. Tassid, T-s\u00e4rgid, kleebised ja personaalsed kingitooted.\" \/>\n<meta property=\"og:url\" content=\"https:\/\/kingimeister.ee\/ru\/hulgiparing\/\" \/>\n<meta property=\"og:site_name\" content=\"Kingimeister.ee - Kingituste E-pood\" \/>\n<meta property=\"article:modified_time\" content=\"2026-03-15T09:53:43+00:00\" \/>\n<meta property=\"og:image\" content=\"https:\/\/i0.wp.com\/kingimeister.ee\/wp-content\/uploads\/2026\/03\/Logo-e1773259902867.png?fit=1443%2C237&ssl=1\" \/>\n\t<meta property=\"og:image:width\" content=\"1443\" \/>\n\t<meta property=\"og:image:height\" content=\"237\" \/>\n\t<meta property=\"og:image:type\" content=\"image\/png\" \/>\n<meta name=\"twitter:card\" content=\"summary_large_image\" \/>\n<meta name=\"twitter:label1\" content=\"\u041f\u0440\u0438\u043c\u0435\u0440\u043d\u043e\u0435 \u0432\u0440\u0435\u043c\u044f \u0434\u043b\u044f \u0447\u0442\u0435\u043d\u0438\u044f\" \/>\n\t<meta name=\"twitter:data1\" content=\"1 \u043c\u0438\u043d\u0443\u0442\u0430\" \/>\n<script type=\"application\/ld+json\" class=\"yoast-schema-graph\">{\"@context\":\"https:\\\/\\\/schema.org\",\"@graph\":[{\"@type\":\"WebPage\",\"@id\":\"https:\\\/\\\/kingimeister.ee\\\/hulgiparing\\\/\",\"url\":\"https:\\\/\\\/kingimeister.ee\\\/hulgiparing\\\/\",\"name\":\"Hulgip\u00e4ring ja kingituste hulgim\u00fc\u00fck | Kingimeister\",\"isPartOf\":{\"@id\":\"https:\\\/\\\/kingimeister.ee\\\/#website\"},\"datePublished\":\"2026-03-13T06:18:55+00:00\",\"dateModified\":\"2026-03-15T09:53:43+00:00\",\"description\":\"Saada hulgip\u00e4ring ja telli kingitused v\u00f5i reklaamtooted hulgihinnaga. Tassid, T-s\u00e4rgid, kleebised ja personaalsed kingitooted.\",\"breadcrumb\":{\"@id\":\"https:\\\/\\\/kingimeister.ee\\\/hulgiparing\\\/#breadcrumb\"},\"inLanguage\":\"ru-RU\",\"potentialAction\":[{\"@type\":\"ReadAction\",\"target\":[\"https:\\\/\\\/kingimeister.ee\\\/hulgiparing\\\/\"]}]},{\"@type\":\"BreadcrumbList\",\"@id\":\"https:\\\/\\\/kingimeister.ee\\\/hulgiparing\\\/#breadcrumb\",\"itemListElement\":[{\"@type\":\"ListItem\",\"position\":1,\"name\":\"Home\",\"item\":\"https:\\\/\\\/kingimeister.ee\\\/\"},{\"@type\":\"ListItem\",\"position\":2,\"name\":\"Hulgip\u00e4ring\"}]},{\"@type\":\"WebSite\",\"@id\":\"https:\\\/\\\/kingimeister.ee\\\/#website\",\"url\":\"https:\\\/\\\/kingimeister.ee\\\/\",\"name\":\"Kingimeister.ee - Kingituste E-pood\",\"description\":\"\",\"publisher\":{\"@id\":\"https:\\\/\\\/kingimeister.ee\\\/#organization\"},\"potentialAction\":[{\"@type\":\"SearchAction\",\"target\":{\"@type\":\"EntryPoint\",\"urlTemplate\":\"https:\\\/\\\/kingimeister.ee\\\/?s={search_term_string}\"},\"query-input\":{\"@type\":\"PropertyValueSpecification\",\"valueRequired\":true,\"valueName\":\"search_term_string\"}}],\"inLanguage\":\"ru-RU\"},{\"@type\":\"Organization\",\"@id\":\"https:\\\/\\\/kingimeister.ee\\\/#organization\",\"name\":\"Kingimeister.ee - Kingituste E-pood\",\"url\":\"https:\\\/\\\/kingimeister.ee\\\/\",\"logo\":{\"@type\":\"ImageObject\",\"inLanguage\":\"ru-RU\",\"@id\":\"https:\\\/\\\/kingimeister.ee\\\/#\\\/schema\\\/logo\\\/image\\\/\",\"url\":\"https:\\\/\\\/kingimeister.ee\\\/wp-content\\\/uploads\\\/2026\\\/03\\\/Logo-e1773259902867.png\",\"contentUrl\":\"https:\\\/\\\/kingimeister.ee\\\/wp-content\\\/uploads\\\/2026\\\/03\\\/Logo-e1773259902867.png\",\"width\":1443,\"height\":237,\"caption\":\"Kingimeister.ee - Kingituste E-pood\"},\"image\":{\"@id\":\"https:\\\/\\\/kingimeister.ee\\\/#\\\/schema\\\/logo\\\/image\\\/\"}}]}<\/script>\n<!-- \/ Yoast SEO Premium plugin. -->","yoast_head_json":{"title":"Hulgip\u00e4ring ja kingituste hulgim\u00fc\u00fck | Kingimeister","description":"Saada hulgip\u00e4ring ja telli kingitused v\u00f5i reklaamtooted hulgihinnaga. Tassid, T-s\u00e4rgid, kleebised ja personaalsed kingitooted.","robots":{"index":"index","follow":"follow","max-snippet":"max-snippet:-1","max-image-preview":"max-image-preview:large","max-video-preview":"max-video-preview:-1"},"canonical":"https:\/\/kingimeister.ee\/ru\/hulgiparing\/","og_locale":"ru_RU","og_type":"article","og_title":"Hulgip\u00e4ring","og_description":"Saada hulgip\u00e4ring ja telli kingitused v\u00f5i reklaamtooted hulgihinnaga. Tassid, T-s\u00e4rgid, kleebised ja personaalsed kingitooted.","og_url":"https:\/\/kingimeister.ee\/ru\/hulgiparing\/","og_site_name":"Kingimeister.ee - Kingituste E-pood","article_modified_time":"2026-03-15T09:53:43+00:00","og_image":[{"width":1443,"height":237,"url":"https:\/\/i0.wp.com\/kingimeister.ee\/wp-content\/uploads\/2026\/03\/Logo-e1773259902867.png?fit=1443%2C237&ssl=1","type":"image\/png"}],"twitter_card":"summary_large_image","twitter_misc":{"\u041f\u0440\u0438\u043c\u0435\u0440\u043d\u043e\u0435 \u0432\u0440\u0435\u043c\u044f \u0434\u043b\u044f \u0447\u0442\u0435\u043d\u0438\u044f":"1 \u043c\u0438\u043d\u0443\u0442\u0430"},"schema":{"@context":"https:\/\/schema.org","@graph":[{"@type":"WebPage","@id":"https:\/\/kingimeister.ee\/hulgiparing\/","url":"https:\/\/kingimeister.ee\/hulgiparing\/","name":"Hulgip\u00e4ring ja kingituste hulgim\u00fc\u00fck | Kingimeister","isPartOf":{"@id":"https:\/\/kingimeister.ee\/#website"},"datePublished":"2026-03-13T06:18:55+00:00","dateModified":"2026-03-15T09:53:43+00:00","description":"Saada hulgip\u00e4ring ja telli kingitused v\u00f5i reklaamtooted hulgihinnaga. Tassid, T-s\u00e4rgid, kleebised ja personaalsed kingitooted.","breadcrumb":{"@id":"https:\/\/kingimeister.ee\/hulgiparing\/#breadcrumb"},"inLanguage":"ru-RU","potentialAction":[{"@type":"ReadAction","target":["https:\/\/kingimeister.ee\/hulgiparing\/"]}]},{"@type":"BreadcrumbList","@id":"https:\/\/kingimeister.ee\/hulgiparing\/#breadcrumb","itemListElement":[{"@type":"ListItem","position":1,"name":"Home","item":"https:\/\/kingimeister.ee\/"},{"@type":"ListItem","position":2,"name":"Hulgip\u00e4ring"}]},{"@type":"WebSite","@id":"https:\/\/kingimeister.ee\/#website","url":"https:\/\/kingimeister.ee\/","name":"Kingimeister.ee - Kingituste E-pood","description":"","publisher":{"@id":"https:\/\/kingimeister.ee\/#organization"},"potentialAction":[{"@type":"SearchAction","target":{"@type":"EntryPoint","urlTemplate":"https:\/\/kingimeister.ee\/?s={search_term_string}"},"query-input":{"@type":"PropertyValueSpecification","valueRequired":true,"valueName":"search_term_string"}}],"inLanguage":"ru-RU"},{"@type":"Organization","@id":"https:\/\/kingimeister.ee\/#organization","name":"Kingimeister.ee - Kingituste E-pood","url":"https:\/\/kingimeister.ee\/","logo":{"@type":"ImageObject","inLanguage":"ru-RU","@id":"https:\/\/kingimeister.ee\/#\/schema\/logo\/image\/","url":"https:\/\/kingimeister.ee\/wp-content\/uploads\/2026\/03\/Logo-e1773259902867.png","contentUrl":"https:\/\/kingimeister.ee\/wp-content\/uploads\/2026\/03\/Logo-e1773259902867.png","width":1443,"height":237,"caption":"Kingimeister.ee - Kingituste E-pood"},"image":{"@id":"https:\/\/kingimeister.ee\/#\/schema\/logo\/image\/"}}]}},"jetpack_sharing_enabled":true,"_links":{"self":[{"href":"https:\/\/kingimeister.ee\/ru\/wp-json\/wp\/v2\/pages\/29340","targetHints":{"allow":["GET"]}}],"collection":[{"href":"https:\/\/kingimeister.ee\/ru\/wp-json\/wp\/v2\/pages"}],"about":[{"href":"https:\/\/kingimeister.ee\/ru\/wp-json\/wp\/v2\/types\/page"}],"author":[{"embeddable":true,"href":"https:\/\/kingimeister.ee\/ru\/wp-json\/wp\/v2\/users\/1"}],"replies":[{"embeddable":true,"href":"https:\/\/kingimeister.ee\/ru\/wp-json\/wp\/v2\/comments?post=29340"}],"version-history":[{"count":19,"href":"https:\/\/kingimeister.ee\/ru\/wp-json\/wp\/v2\/pages\/29340\/revisions"}],"predecessor-version":[{"id":29509,"href":"https:\/\/kingimeister.ee\/ru\/wp-json\/wp\/v2\/pages\/29340\/revisions\/29509"}],"wp:attachment":[{"href":"https:\/\/kingimeister.ee\/ru\/wp-json\/wp\/v2\/media?parent=29340"}],"curies":[{"name":"wp","href":"https:\/\/api.w.org\/{rel}","templated":true}]}}