{"id":30123,"date":"2026-03-30T10:08:49","date_gmt":"2026-03-30T08:08:49","guid":{"rendered":"https:\/\/kingimeister.ee\/?page_id=30123"},"modified":"2026-03-30T22:02:04","modified_gmt":"2026-03-30T20:02:04","slug":"arikliendile","status":"publish","type":"page","link":"https:\/\/kingimeister.ee\/ru\/arikliendile\/","title":{"rendered":"\u00c4rikliendile"},"content":{"rendered":"<div data-elementor-type=\"wp-page\" data-elementor-id=\"30123\" class=\"elementor elementor-30123\">\n\t\t\t\t<div class=\"wd-negative-gap elementor-element elementor-element-b6f1be8 e-flex e-con-boxed e-con e-parent\" data-id=\"b6f1be8\" data-element_type=\"container\" data-e-type=\"container\">\n\t\t\t\t\t<div class=\"e-con-inner\">\n\t\t<div class=\"elementor-element elementor-element-3280d2b e-con-full e-flex e-con e-child\" data-id=\"3280d2b\" data-element_type=\"container\" data-e-type=\"container\">\n\t\t\t\t<div class=\"elementor-element elementor-element-51bfcf7 elementor-hidden-mobile elementor-widget elementor-widget-wd_mega_menu\" data-id=\"51bfcf7\" data-element_type=\"widget\" data-e-type=\"widget\" data-widget_type=\"wd_mega_menu.default\">\n\t\t\t\t<div class=\"elementor-widget-container\">\n\t\t\t\t\t\t\t<div class=\"wd-menu widget_nav_mega_menu wd-nav-wrapper\">\n\t\t\t\t\t\t\t<h5 class=\"widget-title color-scheme-\">\n\t\t\t\t\t\u00c4rikliendile\t\t\t\t<\/h5>\n\t\t\t\t\t\t<ul id=\"menu-arikliendi-menuu\" class=\"menu wd-nav wd-nav-vertical wd-design-default\"><li id=\"menu-item-30109\" class=\"menu-item menu-item-type-custom menu-item-object-custom menu-item-30109 item-level-0 menu-simple-dropdown wd-event-hover\" ><a href=\"https:\/\/kingimeister.ee\/ru\/arikliendile\/\" class=\"woodmart-nav-link\"><span class=\"nav-link-text\">\u00c4rikliendile<\/span><\/a><\/li>\n<li id=\"menu-item-30106\" class=\"menu-item menu-item-type-post_type menu-item-object-page menu-item-30106 item-level-0 menu-simple-dropdown wd-event-hover\" ><a href=\"https:\/\/kingimeister.ee\/ru\/lasteaedadele\/\" class=\"woodmart-nav-link\"><span class=\"nav-link-text\">\u0414\u043b\u044f \u0434\u0435\u0442\u0441\u043a\u0438\u0445 \u0441\u0430\u0434\u043e\u0432<\/span><\/a><\/li>\n<li id=\"menu-item-30107\" class=\"menu-item menu-item-type-post_type menu-item-object-page menu-item-30107 item-level-0 menu-simple-dropdown wd-event-hover\" ><a href=\"https:\/\/kingimeister.ee\/ru\/koolidele\/\" class=\"woodmart-nav-link\"><span class=\"nav-link-text\">\u0414\u043b\u044f \u0448\u043a\u043e\u043b<\/span><\/a><\/li>\n<li id=\"menu-item-30111\" class=\"menu-item menu-item-type-custom menu-item-object-custom menu-item-30111 item-level-0 menu-simple-dropdown wd-event-hover\" ><a href=\"#\" class=\"woodmart-nav-link\"><span class=\"nav-link-text\">Firmakingitused<\/span><\/a><\/li>\n<li id=\"menu-item-30110\" class=\"menu-item menu-item-type-custom menu-item-object-custom menu-item-has-children menu-item-30110 item-level-0 menu-simple-dropdown wd-event-hover\" ><a href=\"#\" class=\"woodmart-nav-link\"><span class=\"nav-link-text\">Tootevalik<\/span><\/a><div class=\"color-scheme- wd-design-default wd-dropdown-menu wd-dropdown\"><div class=\"container wd-entry-content\">\n<ul class=\"wd-sub-menu color-scheme-\">\n\t<li id=\"menu-item-30112\" class=\"menu-item menu-item-type-custom menu-item-object-custom menu-item-30112 item-level-1 wd-event-hover\" ><a href=\"https:\/\/kingimeister.ee\/ru\/firma-logoga-kruusid-tassid\/\" class=\"woodmart-nav-link\">Kruusid\/Tassid<\/a><\/li>\n\t<li id=\"menu-item-30113\" class=\"menu-item menu-item-type-custom menu-item-object-custom menu-item-30113 item-level-1 wd-event-hover\" ><a href=\"#\" class=\"woodmart-nav-link\">T-s\u00e4rgid<\/a><\/li>\n\t<li id=\"menu-item-30114\" class=\"menu-item menu-item-type-custom menu-item-object-custom menu-item-30114 item-level-1 wd-event-hover\" ><a href=\"#\" class=\"woodmart-nav-link\">Pusad<\/a><\/li>\n\t<li id=\"menu-item-30115\" class=\"menu-item menu-item-type-custom menu-item-object-custom menu-item-30115 item-level-1 wd-event-hover\" ><a href=\"#\" class=\"woodmart-nav-link\">Muud tooted<\/a><\/li>\n<\/ul>\n<\/div>\n<\/div>\n<\/li>\n<li id=\"menu-item-30117\" class=\"menu-item menu-item-type-post_type menu-item-object-page menu-item-30117 item-level-0 menu-simple-dropdown wd-event-hover\" ><a href=\"https:\/\/kingimeister.ee\/ru\/trukimeetodid-ja-lasergraveerimine\/\" class=\"woodmart-nav-link\"><span class=\"nav-link-text\">Tr\u00fckimeetodid<\/span><\/a><\/li>\n<li id=\"menu-item-30118\" class=\"menu-item menu-item-type-post_type menu-item-object-page menu-item-30118 item-level-0 menu-simple-dropdown wd-event-hover\" ><a href=\"https:\/\/kingimeister.ee\/ru\/hulgimuuk\/\" class=\"woodmart-nav-link\"><span class=\"nav-link-text\">Hulgim\u00fc\u00fck<\/span><\/a><\/li>\n<li id=\"menu-item-30119\" class=\"menu-item menu-item-type-post_type menu-item-object-page menu-item-30119 item-level-0 menu-simple-dropdown wd-event-hover\" ><a href=\"https:\/\/kingimeister.ee\/ru\/kleebiste-valmistamine\/\" class=\"woodmart-nav-link\"><span class=\"nav-link-text\">\u041d\u0430\u043a\u043b\u0435\u0439\u043a\u0438<\/span><\/a><\/li>\n<li id=\"menu-item-30116\" class=\"menu-item menu-item-type-post_type menu-item-object-page menu-item-30116 item-level-0 menu-simple-dropdown wd-event-hover\" ><a href=\"https:\/\/kingimeister.ee\/ru\/hulgiparing\/\" class=\"woodmart-nav-link\"><span class=\"nav-link-text\">Hulgip\u00e4ring<\/span><\/a><\/li>\n<\/ul>\t\t<\/div>\n\t\t\t\t\t\t<\/div>\n\t\t\t\t<\/div>\n\t\t\t\t<\/div>\n\t\t<div class=\"elementor-element elementor-element-1a11bb8 e-con-full e-flex e-con e-child\" data-id=\"1a11bb8\" data-element_type=\"container\" data-e-type=\"container\">\n\t\t\t\t<div class=\"elementor-element elementor-element-1c2e8c8 elementor-widget elementor-widget-wd_text_block\" data-id=\"1c2e8c8\" data-element_type=\"widget\" data-e-type=\"widget\" data-widget_type=\"wd_text_block.default\">\n\t\t\t\t<div class=\"elementor-widget-container\">\n\t\t\t\t\t\t\t<div class=\"wd-text-block reset-last-child text-left\">\n\t\t\t\n\t\t\t<h1 data-start=\"305\" data-end=\"354\"><strong data-start=\"305\" data-end=\"354\">Firmakingitused ja logoga tooted ettev\u00f5tetele<\/strong><\/h1><p data-start=\"356\" data-end=\"535\">Aitame sul luua kvaliteetsed ja meeldej\u00e4\u00e4vad kingitused t\u00f6\u00f6tajatele, klientidele ja \u00fcritustele. Pakume paindlikku tootmist alates v\u00e4ikestest kogustest kuni suuremate projektideni.<\/p><hr data-start=\"560\" data-end=\"563\" \/><h2 data-section-id=\"17fx2lb\" data-start=\"565\" data-end=\"603\">Kellele meie lahendused sobivad?<\/h2><p data-start=\"605\" data-end=\"724\">\u2714 Ettev\u00f5tted ja organisatsioonid<br data-start=\"637\" data-end=\"640\" \/>\u2714 <a href=\"https:\/\/kingimeister.ee\/ru\/koolidele\/\">Koolid<\/a> ja <a href=\"https:\/\/kingimeister.ee\/ru\/lasteaedadele\/\">lasteaiad<\/a><br data-start=\"661\" data-end=\"664\" \/>\u2714 \u00dcrituste korraldajad<br data-start=\"686\" data-end=\"689\" \/>\u2714 Turundus- ja reklaamikampaaniad<\/p><hr data-start=\"726\" data-end=\"729\" \/><h2 data-section-id=\"kby53o\" data-start=\"731\" data-end=\"782\">Logoga tooted ja firmakingitused \u00fchest kohast<\/h2><p data-start=\"784\" data-end=\"893\">Pakume laia valikut personaliseeritud tooteid, mis sobivad nii igap\u00e4evaseks kasutamiseks kui ka kingitusteks.<\/p><p data-start=\"895\" data-end=\"1037\">\u2714 T-s\u00e4rgid ja pusad logoga<br data-start=\"921\" data-end=\"924\" \/>\u2714 <a href=\"https:\/\/kingimeister.ee\/ru\/firma-logoga-kruusid-tassid\/\">Tassid<\/a> ja termosed tr\u00fckiga<br data-start=\"952\" data-end=\"955\" \/>\u2714 M\u00fctsid ja aksessuaarid<br data-start=\"979\" data-end=\"982\" \/>\u2714 Joped ja t\u00f6\u00f6riided<br \/>\u2714 Erinevad ECO tooted<br \/>\u2714 Kotid<br \/>\u2714 Kirjutusvahendid<br \/>\u2714 Kontoritarbed<br \/>\u2714 Personaalsed kinkekomplektid<br \/>\u2714 Ja paljud muud tooted mida sisestame jooksvalt koguaeg juurde.\u00a0<\/p><p data-start=\"895\" data-end=\"1037\">PS! Toote puudumisel kodulehelt kirjuta kindlasti kuna oleme 99% kindlad, et pakume ka otsitavat\/vajaminevat toodet ning teeme omaltpoolt k\u00f5ik, et seda pakkuda turu parima hinna, kvaliteedi ja tarneajaga.<\/p><hr data-start=\"1039\" data-end=\"1042\" \/><h2 data-section-id=\"ueoc08\" data-start=\"1044\" data-end=\"1075\">Miks valida <a href=\"https:\/\/kingimeister.ee\/ru\/\">Kingimeister<\/a>?<\/h2><p data-start=\"1077\" data-end=\"1282\">\u2714 Tootmine kohapeal Eestis<br data-start=\"1103\" data-end=\"1106\" \/>\u2714 Kiire ja paindlik tarne<br data-start=\"1131\" data-end=\"1134\" \/>\u2714 V\u00f5imalik tellida v\u00e4ikestes ja suurtes kogustes<br data-start=\"1182\" data-end=\"1185\" \/>\u2714 Erilahendused vastavalt sinu vajadusele<br data-start=\"1226\" data-end=\"1229\" \/>\u2714 Kaasaegsed tr\u00fckitehnikad (DTV, graveerimine, kleebiste valmistamine, kuumpresstr\u00fckk, sublimatsioon jpm)<\/p><hr data-start=\"1284\" data-end=\"1287\" \/><h2 data-section-id=\"1gb62re\" data-start=\"1289\" data-end=\"1316\">Paindlik hinnastamine<\/h2><p data-start=\"1318\" data-end=\"1446\">\u2714 V\u00e4iksemad kogused alates 1-st tootest<br data-start=\"1355\" data-end=\"1358\" \/>\u2714 Suuremate koguste puhul soodsam hind<br data-start=\"1396\" data-end=\"1399\" \/>\u2714 Iga projekt saab personaalse hinnapakkumise<\/p><hr data-start=\"1448\" data-end=\"1451\" \/><h2 data-section-id=\"nqh682\" data-start=\"1453\" data-end=\"1481\">Kuidas tellimine k\u00e4ib?<\/h2><p data-start=\"1483\" data-end=\"1627\">\u2714 <a href=\"https:\/\/kingimeister.ee\/ru\/hulgiparing\/\">Saada meile p\u00e4ring oma soovidega<\/a><br data-start=\"1517\" data-end=\"1520\" \/>\u2714 Koostame sulle sobiva pakkumise<br data-start=\"1553\" data-end=\"1556\" \/>\u2714 Kinnitame kujunduse ja detailid<br data-start=\"1589\" data-end=\"1592\" \/>\u2714 Valmistame ja tarnime tellimuse<\/p><p data-start=\"1483\" data-end=\"1627\">Enamus tellimusi on valmis ja kohaletoimetatud <strong>7 p\u00e4eva jooksul.<\/strong><\/p><p data-start=\"1483\" data-end=\"1627\">T\u00e4psem tarneaeg lepitakse kokku pakkumise k\u00e4igus.<\/p>\n\t\t\t\t\t<\/div>\n\t\t\t\t\t\t<\/div>\n\t\t\t\t<\/div>\n\t\t\t\t<\/div>\n\t\t\t\t\t<\/div>\n\t\t\t\t<\/div>\n\t\t<div class=\"wd-negative-gap elementor-element elementor-element-6d1f6e6 e-flex e-con-boxed e-con e-parent\" data-id=\"6d1f6e6\" data-element_type=\"container\" data-e-type=\"container\">\n\t\t\t\t\t<div class=\"e-con-inner\">\n\t\t\t\t<div class=\"elementor-element elementor-element-0ca26c4 elementor-widget elementor-widget-spacer\" data-id=\"0ca26c4\" data-element_type=\"widget\" data-e-type=\"widget\" data-widget_type=\"spacer.default\">\n\t\t\t\t\t\t\t<div class=\"elementor-spacer\">\n\t\t\t<div class=\"elementor-spacer-inner\"><\/div>\n\t\t<\/div>\n\t\t\t\t\t\t<\/div>\n\t\t\t\t\t<\/div>\n\t\t\t\t<\/div>\n\t\t<div class=\"wd-negative-gap elementor-element elementor-element-061de8b e-flex e-con-boxed e-con e-parent\" data-id=\"061de8b\" data-element_type=\"container\" data-e-type=\"container\">\n\t\t\t\t\t<div class=\"e-con-inner\">\n\t\t\t\t<div class=\"elementor-element elementor-element-04807eb elementor-widget elementor-widget-wd_button\" data-id=\"04807eb\" data-element_type=\"widget\" data-e-type=\"widget\" data-widget_type=\"wd_button.default\">\n\t\t\t\t<div class=\"elementor-widget-container\">\n\t\t\t\t\t\t\t<div class=\"wd-button-wrapper text-center\" >\n\t\t\t<a class=\"btn btn-style-default btn-shape-rectangle btn-size-large btn-color-primary btn-full-width btn-icon-pos-right\"  href=\"#\">\n\t\t\t\t<span class=\"wd-btn-text\" data-elementor-setting-key=\"text\">\n\t\t\t\t\tK\u00fcsi pakkumist\t\t\t\t<\/span>\n\n\t\t\t\t\t\t\t<\/a>\n\t\t<\/div>\n\t\t\t\t\t\t<\/div>\n\t\t\t\t<\/div>\n\t\t\t\t\t<\/div>\n\t\t\t\t<\/div>\n\t\t\t\t<\/div>","protected":false},"excerpt":{"rendered":"<p>\u00c4rikliendile \u00c4rikliendile Lasteaedadele Koolidele Firmakingitused Tootevalik Kruusid\/Tassid T-s\u00e4rgid Pusad Muud tooted Tr\u00fckimeetodid Hulgim\u00fc\u00fck Kleebiste valmistamine Hulgip\u00e4ring Firmakingitused ja logoga tooted<\/p>","protected":false},"author":1,"featured_media":0,"parent":0,"menu_order":0,"comment_status":"closed","ping_status":"closed","template":"","meta":{"footnotes":""},"class_list":["post-30123","page","type-page","status-publish","hentry"],"yoast_head":"<!-- This site is optimized with the Yoast SEO Premium plugin v27.1 (Yoast SEO v27.3) - https:\/\/yoast.com\/product\/yoast-seo-premium-wordpress\/ -->\n<title>\u00c4rikliendile - Kingimeister.ee - Kingituste E-pood<\/title>\n<meta name=\"robots\" content=\"index, follow, max-snippet:-1, max-image-preview:large, max-video-preview:-1\" \/>\n<link rel=\"canonical\" href=\"https:\/\/kingimeister.ee\/ru\/arikliendile\/\" \/>\n<meta property=\"og:locale\" content=\"ru_RU\" \/>\n<meta property=\"og:type\" content=\"article\" \/>\n<meta property=\"og:title\" content=\"\u00c4rikliendile\" \/>\n<meta property=\"og:description\" content=\"\u00c4rikliendile \u00c4rikliendile Lasteaedadele Koolidele Firmakingitused Tootevalik Kruusid\/Tassid T-s\u00e4rgid Pusad Muud tooted Tr\u00fckimeetodid Hulgim\u00fc\u00fck Kleebiste valmistamine Hulgip\u00e4ring Firmakingitused ja logoga tooted\" \/>\n<meta property=\"og:url\" content=\"https:\/\/kingimeister.ee\/ru\/arikliendile\/\" \/>\n<meta property=\"og:site_name\" content=\"Kingimeister.ee - Kingituste E-pood\" \/>\n<meta property=\"article:modified_time\" content=\"2026-03-30T20:02:04+00:00\" \/>\n<meta property=\"og:image\" content=\"https:\/\/i0.wp.com\/kingimeister.ee\/wp-content\/uploads\/2026\/03\/Logo-e1773259902867.png?fit=1443%2C237&ssl=1\" \/>\n\t<meta property=\"og:image:width\" content=\"1443\" \/>\n\t<meta property=\"og:image:height\" content=\"237\" \/>\n\t<meta property=\"og:image:type\" content=\"image\/png\" \/>\n<meta name=\"twitter:card\" content=\"summary_large_image\" \/>\n<meta name=\"twitter:label1\" content=\"\u041f\u0440\u0438\u043c\u0435\u0440\u043d\u043e\u0435 \u0432\u0440\u0435\u043c\u044f \u0434\u043b\u044f \u0447\u0442\u0435\u043d\u0438\u044f\" \/>\n\t<meta name=\"twitter:data1\" content=\"2 \u043c\u0438\u043d\u0443\u0442\u044b\" \/>\n<script type=\"application\/ld+json\" class=\"yoast-schema-graph\">{\"@context\":\"https:\\\/\\\/schema.org\",\"@graph\":[{\"@type\":\"WebPage\",\"@id\":\"https:\\\/\\\/kingimeister.ee\\\/arikliendile\\\/\",\"url\":\"https:\\\/\\\/kingimeister.ee\\\/arikliendile\\\/\",\"name\":\"\u00c4rikliendile - Kingimeister.ee - Kingituste E-pood\",\"isPartOf\":{\"@id\":\"https:\\\/\\\/kingimeister.ee\\\/#website\"},\"datePublished\":\"2026-03-30T08:08:49+00:00\",\"dateModified\":\"2026-03-30T20:02:04+00:00\",\"breadcrumb\":{\"@id\":\"https:\\\/\\\/kingimeister.ee\\\/arikliendile\\\/#breadcrumb\"},\"inLanguage\":\"ru-RU\",\"potentialAction\":[{\"@type\":\"ReadAction\",\"target\":[\"https:\\\/\\\/kingimeister.ee\\\/arikliendile\\\/\"]}]},{\"@type\":\"BreadcrumbList\",\"@id\":\"https:\\\/\\\/kingimeister.ee\\\/arikliendile\\\/#breadcrumb\",\"itemListElement\":[{\"@type\":\"ListItem\",\"position\":1,\"name\":\"Home\",\"item\":\"https:\\\/\\\/kingimeister.ee\\\/\"},{\"@type\":\"ListItem\",\"position\":2,\"name\":\"\u00c4rikliendile\"}]},{\"@type\":\"WebSite\",\"@id\":\"https:\\\/\\\/kingimeister.ee\\\/#website\",\"url\":\"https:\\\/\\\/kingimeister.ee\\\/\",\"name\":\"Kingimeister.ee - Kingituste E-pood\",\"description\":\"\",\"publisher\":{\"@id\":\"https:\\\/\\\/kingimeister.ee\\\/#organization\"},\"potentialAction\":[{\"@type\":\"SearchAction\",\"target\":{\"@type\":\"EntryPoint\",\"urlTemplate\":\"https:\\\/\\\/kingimeister.ee\\\/?s={search_term_string}\"},\"query-input\":{\"@type\":\"PropertyValueSpecification\",\"valueRequired\":true,\"valueName\":\"search_term_string\"}}],\"inLanguage\":\"ru-RU\"},{\"@type\":\"Organization\",\"@id\":\"https:\\\/\\\/kingimeister.ee\\\/#organization\",\"name\":\"Kingimeister.ee - Kingituste E-pood\",\"url\":\"https:\\\/\\\/kingimeister.ee\\\/\",\"logo\":{\"@type\":\"ImageObject\",\"inLanguage\":\"ru-RU\",\"@id\":\"https:\\\/\\\/kingimeister.ee\\\/#\\\/schema\\\/logo\\\/image\\\/\",\"url\":\"https:\\\/\\\/kingimeister.ee\\\/wp-content\\\/uploads\\\/2026\\\/03\\\/Logo-e1773259902867.png\",\"contentUrl\":\"https:\\\/\\\/kingimeister.ee\\\/wp-content\\\/uploads\\\/2026\\\/03\\\/Logo-e1773259902867.png\",\"width\":1443,\"height\":237,\"caption\":\"Kingimeister.ee - Kingituste E-pood\"},\"image\":{\"@id\":\"https:\\\/\\\/kingimeister.ee\\\/#\\\/schema\\\/logo\\\/image\\\/\"}}]}<\/script>\n<!-- \/ Yoast SEO Premium plugin. -->","yoast_head_json":{"title":"\u00c4rikliendile - Kingimeister.ee - Kingituste E-pood","robots":{"index":"index","follow":"follow","max-snippet":"max-snippet:-1","max-image-preview":"max-image-preview:large","max-video-preview":"max-video-preview:-1"},"canonical":"https:\/\/kingimeister.ee\/ru\/arikliendile\/","og_locale":"ru_RU","og_type":"article","og_title":"\u00c4rikliendile","og_description":"\u00c4rikliendile \u00c4rikliendile Lasteaedadele Koolidele Firmakingitused Tootevalik Kruusid\/Tassid T-s\u00e4rgid Pusad Muud tooted Tr\u00fckimeetodid Hulgim\u00fc\u00fck Kleebiste valmistamine Hulgip\u00e4ring Firmakingitused ja logoga tooted","og_url":"https:\/\/kingimeister.ee\/ru\/arikliendile\/","og_site_name":"Kingimeister.ee - Kingituste E-pood","article_modified_time":"2026-03-30T20:02:04+00:00","og_image":[{"width":1443,"height":237,"url":"https:\/\/i0.wp.com\/kingimeister.ee\/wp-content\/uploads\/2026\/03\/Logo-e1773259902867.png?fit=1443%2C237&ssl=1","type":"image\/png"}],"twitter_card":"summary_large_image","twitter_misc":{"\u041f\u0440\u0438\u043c\u0435\u0440\u043d\u043e\u0435 \u0432\u0440\u0435\u043c\u044f \u0434\u043b\u044f \u0447\u0442\u0435\u043d\u0438\u044f":"2 \u043c\u0438\u043d\u0443\u0442\u044b"},"schema":{"@context":"https:\/\/schema.org","@graph":[{"@type":"WebPage","@id":"https:\/\/kingimeister.ee\/arikliendile\/","url":"https:\/\/kingimeister.ee\/arikliendile\/","name":"\u00c4rikliendile - Kingimeister.ee - Kingituste E-pood","isPartOf":{"@id":"https:\/\/kingimeister.ee\/#website"},"datePublished":"2026-03-30T08:08:49+00:00","dateModified":"2026-03-30T20:02:04+00:00","breadcrumb":{"@id":"https:\/\/kingimeister.ee\/arikliendile\/#breadcrumb"},"inLanguage":"ru-RU","potentialAction":[{"@type":"ReadAction","target":["https:\/\/kingimeister.ee\/arikliendile\/"]}]},{"@type":"BreadcrumbList","@id":"https:\/\/kingimeister.ee\/arikliendile\/#breadcrumb","itemListElement":[{"@type":"ListItem","position":1,"name":"Home","item":"https:\/\/kingimeister.ee\/"},{"@type":"ListItem","position":2,"name":"\u00c4rikliendile"}]},{"@type":"WebSite","@id":"https:\/\/kingimeister.ee\/#website","url":"https:\/\/kingimeister.ee\/","name":"Kingimeister.ee - Kingituste E-pood","description":"","publisher":{"@id":"https:\/\/kingimeister.ee\/#organization"},"potentialAction":[{"@type":"SearchAction","target":{"@type":"EntryPoint","urlTemplate":"https:\/\/kingimeister.ee\/?s={search_term_string}"},"query-input":{"@type":"PropertyValueSpecification","valueRequired":true,"valueName":"search_term_string"}}],"inLanguage":"ru-RU"},{"@type":"Organization","@id":"https:\/\/kingimeister.ee\/#organization","name":"Kingimeister.ee - Kingituste E-pood","url":"https:\/\/kingimeister.ee\/","logo":{"@type":"ImageObject","inLanguage":"ru-RU","@id":"https:\/\/kingimeister.ee\/#\/schema\/logo\/image\/","url":"https:\/\/kingimeister.ee\/wp-content\/uploads\/2026\/03\/Logo-e1773259902867.png","contentUrl":"https:\/\/kingimeister.ee\/wp-content\/uploads\/2026\/03\/Logo-e1773259902867.png","width":1443,"height":237,"caption":"Kingimeister.ee - Kingituste E-pood"},"image":{"@id":"https:\/\/kingimeister.ee\/#\/schema\/logo\/image\/"}}]}},"jetpack_sharing_enabled":true,"_links":{"self":[{"href":"https:\/\/kingimeister.ee\/ru\/wp-json\/wp\/v2\/pages\/30123","targetHints":{"allow":["GET"]}}],"collection":[{"href":"https:\/\/kingimeister.ee\/ru\/wp-json\/wp\/v2\/pages"}],"about":[{"href":"https:\/\/kingimeister.ee\/ru\/wp-json\/wp\/v2\/types\/page"}],"author":[{"embeddable":true,"href":"https:\/\/kingimeister.ee\/ru\/wp-json\/wp\/v2\/users\/1"}],"replies":[{"embeddable":true,"href":"https:\/\/kingimeister.ee\/ru\/wp-json\/wp\/v2\/comments?post=30123"}],"version-history":[{"count":28,"href":"https:\/\/kingimeister.ee\/ru\/wp-json\/wp\/v2\/pages\/30123\/revisions"}],"predecessor-version":[{"id":30268,"href":"https:\/\/kingimeister.ee\/ru\/wp-json\/wp\/v2\/pages\/30123\/revisions\/30268"}],"wp:attachment":[{"href":"https:\/\/kingimeister.ee\/ru\/wp-json\/wp\/v2\/media?parent=30123"}],"curies":[{"name":"wp","href":"https:\/\/api.w.org\/{rel}","templated":true}]}}