{"id":29460,"date":"2026-03-13T21:49:57","date_gmt":"2026-03-13T19:49:57","guid":{"rendered":"https:\/\/kingimeister.ee\/?post_type=product&#038;p=29460"},"modified":"2026-03-19T23:29:40","modified_gmt":"2026-03-19T21:29:40","slug":"oma-pildiga-tass-loo-isiklik-ja-meeldejaav-kingitus","status":"publish","type":"product","link":"https:\/\/kingimeister.ee\/ru\/oma-pildiga-tass-loo-isiklik-ja-meeldejaav-kingitus\/","title":{"rendered":"Oma pildiga tass \u2013 loo isiklik ja meeldej\u00e4\u00e4v kingitus"},"content":{"rendered":"<p data-start=\"964\" data-end=\"1130\">Lisa oma lemmikfoto ja loo t\u00e4iesti ainulaadne tass!<br data-start=\"1015\" data-end=\"1018\" \/>Oma pildiga tass on ideaalne kingitus s\u00fcnnip\u00e4evaks, emadep\u00e4evaks, isadep\u00e4evaks v\u00f5i lihtsalt kellelegi eriliseks.<\/p>\n<p data-start=\"1132\" data-end=\"1275\">Laadi \u00fcles oma pilt ning meie tr\u00fckime selle kvaliteetselt tassi peale. Tulemuseks on praktiline ja isiklik kingitus, mida kasutatakse iga p\u00e4ev.<\/p>\n<p data-start=\"1277\" data-end=\"1294\">Sobib ideaalselt:<\/p>\n<p data-start=\"1297\" data-end=\"1310\">\u2714 Sobib ideaalselt perepiltidega<br data-start=\"32\" data-end=\"35\" \/>\u2714 Sobib ideaalselt laste piltidega<br data-start=\"69\" data-end=\"72\" \/>\u2714 Sobib ideaalselt lemmiklooma pildiga<br data-start=\"110\" data-end=\"113\" \/>\u2714 Sobib ideaalselt s\u00f5prade v\u00f5i partneriga tehtud fotodega<br data-start=\"170\" data-end=\"173\" \/>\u2714 Sobib ideaalselt naljakate m\u00e4lestustega<\/p>","protected":false},"excerpt":{"rendered":"<p data-start=\"964\" data-end=\"1130\">Lisa oma lemmikfoto ja loo t\u00e4iesti ainulaadne tass!<br data-start=\"1015\" data-end=\"1018\" \/>Oma pildiga tass on ideaalne kingitus s\u00fcnnip\u00e4evaks, emadep\u00e4evaks, isadep\u00e4evaks v\u00f5i lihtsalt kellelegi eriliseks.<\/p>\n<p data-start=\"1132\" data-end=\"1275\">Laadi \u00fcles oma pilt ning meie tr\u00fckime selle kvaliteetselt tassi peale. Tulemuseks on praktiline ja isiklik kingitus, mida kasutatakse iga p\u00e4ev.<\/p>\n<p data-start=\"1277\" data-end=\"1294\">Sobib ideaalselt:<\/p>\n<p>\u2714 Sobib ideaalselt perepiltidega<br data-start=\"32\" data-end=\"35\" \/>\u2714 Sobib ideaalselt laste piltidega<br data-start=\"69\" data-end=\"72\" \/>\u2714 Sobib ideaalselt lemmiklooma pildiga<br data-start=\"110\" data-end=\"113\" \/>\u2714 Sobib ideaalselt s\u00f5prade v\u00f5i partneriga tehtud fotodega<br data-start=\"170\" data-end=\"173\" \/>\u2714 Sobib ideaalselt naljakate m\u00e4lestustega<\/p>","protected":false},"featured_media":29765,"comment_status":"open","ping_status":"closed","template":"","meta":[],"product_brand":[],"product_cat":[134,175,183,167,227,162,155,136,90,85,159,169,191,194,192,193,201,170,177,233,95,184,228,156,163,234,187,239,186,189,220,185,188,100,138,133,190,197,242,174,180,224,205,124,235,128,238,237,202,203,204,209,241,240,173,178,230,160,166,221,236],"product_tag":[83,248,82],"class_list":{"0":"post-29460","1":"product","2":"type-product","3":"status-publish","4":"has-post-thumbnail","6":"product_cat-eesti","7":"product_cat-eksklusiivsed-kingitused-emale","8":"product_cat-eksklusiivsed-kingitused-isale","9":"product_cat-eksklusiivsed-kingitused-naistele","10":"product_cat-eksklusiivsed-kingitused-ulemusele","11":"product_cat-ekslusiivsed-kingitused-meestele","12":"product_cat-enda-disainitud-kingitused","13":"product_cat-firmakingitused","14":"product_cat-grillisopradele","15":"product_cat-hobid-ja-vaba-aeg","16":"product_cat-isikuparased-kingitused-meestele","17":"product_cat-isikuparased-kingitused-naistele","18":"product_cat-joulukingid","19":"product_cat-joulukingid-lastele","20":"product_cat-joulukingid-meestele","21":"product_cat-joulukingid-naistele","22":"product_cat-joulutassid","23":"product_cat-kingitused-emale","24":"product_cat-kingitused-isale","25":"product_cat-kingitused-jaanipaevaks","26":"product_cat-kingitused-koju","27":"product_cat-kingitused-lastele","28":"product_cat-kingitused-lihavottepuhadeks","29":"product_cat-kingitused-meestele","30":"product_cat-kingitused-naistele","31":"product_cat-kingitused-naistepaevaks","32":"product_cat-kingitused-oele","33":"product_cat-kingitused-opetajate-paevaks","34":"product_cat-kingitused-paaridele","35":"product_cat-kingitused-perele","36":"product_cat-kingitused-ulemusele","37":"product_cat-kingitused-vanavanematele","38":"product_cat-kingitused-vennale","39":"product_cat-kruusid","40":"product_cat-kruusid-tassid","41":"product_cat-muud-originaalsed-kingitused","42":"product_cat-naljakad-kingitused","43":"product_cat-personaalsed-joulukingid","44":"product_cat-personaalsed-kingitused","45":"product_cat-personaalsed-kingitused-emale","46":"product_cat-personaalsed-kingitused-isale","47":"product_cat-personaalsed-kingitused-ulemusele","48":"product_cat-personaalsed-sobrapaeva-kingitused","49":"product_cat-pidudele-ja-koosviibimistele","50":"product_cat-poissmeesteohtu-kingitused","51":"product_cat-pokaalid-ja-klaasid","52":"product_cat-pulmakingid","53":"product_cat-ristimiskingitused","54":"product_cat-sobrapaeva-kingitused","55":"product_cat-sobrapaeva-kingitused-meestele","56":"product_cat-sobrapaeva-kingitused-naistele","57":"product_cat-sobrapaeva-tassid","58":"product_cat-soolaleivakingid","59":"product_cat-sunnipaevakingid","60":"product_cat-tassid-emale","61":"product_cat-tassid-isale","62":"product_cat-tassid-lihavoteteks","63":"product_cat-tassid-meestele","64":"product_cat-tassid-naistele","65":"product_cat-tassid-ulemusele","66":"product_cat-tudrukuteohtu-kingitused","67":"product_tag-kruus","68":"product_tag-oma-disain","69":"product_tag-tass","71":"first","72":"instock","73":"sale","74":"taxable","75":"shipping-taxable","76":"purchasable","77":"product-type-simple"},"yoast_head":"<!-- This site is optimized with the Yoast SEO Premium plugin v27.1 (Yoast SEO v27.3) - https:\/\/yoast.com\/product\/yoast-seo-premium-wordpress\/ -->\n<title>Oma pildiga tass \u2013 personaalne tass fotoga | Kingimeister<\/title>\n<meta name=\"description\" content=\"Loo unikaalne tass oma pildiga. Ideaalne personaalne kingitus s\u00fcnnip\u00e4evaks, emadep\u00e4evaks v\u00f5i kallimale. Kiire tellimine ja kvaliteetne tr\u00fckk.\" \/>\n<meta name=\"robots\" content=\"index, follow, max-snippet:-1, max-image-preview:large, max-video-preview:-1\" \/>\n<link rel=\"canonical\" href=\"https:\/\/kingimeister.ee\/ru\/oma-pildiga-tass-loo-isiklik-ja-meeldejaav-kingitus\/\" \/>\n<meta property=\"og:locale\" content=\"ru_RU\" \/>\n<meta property=\"og:type\" content=\"article\" \/>\n<meta property=\"og:title\" content=\"Oma pildiga tass \u2013 loo isiklik ja meeldej\u00e4\u00e4v kingitus\" \/>\n<meta property=\"og:description\" content=\"Loo unikaalne tass oma pildiga. Ideaalne personaalne kingitus s\u00fcnnip\u00e4evaks, emadep\u00e4evaks v\u00f5i kallimale. Kiire tellimine ja kvaliteetne tr\u00fckk.\" \/>\n<meta property=\"og:url\" content=\"https:\/\/kingimeister.ee\/ru\/oma-pildiga-tass-loo-isiklik-ja-meeldejaav-kingitus\/\" \/>\n<meta property=\"og:site_name\" content=\"Kingimeister.ee - Kingituste E-pood\" \/>\n<meta property=\"article:modified_time\" content=\"2026-03-19T21:29:40+00:00\" \/>\n<meta property=\"og:image\" content=\"https:\/\/kingimeister.ee\/wp-content\/uploads\/2026\/03\/sinu-disainiga-tass.png\" \/>\n\t<meta property=\"og:image:width\" content=\"1024\" \/>\n\t<meta property=\"og:image:height\" content=\"1024\" \/>\n\t<meta property=\"og:image:type\" content=\"image\/png\" \/>\n<meta name=\"twitter:card\" content=\"summary_large_image\" \/>\n<meta name=\"twitter:label1\" content=\"\u041f\u0440\u0438\u043c\u0435\u0440\u043d\u043e\u0435 \u0432\u0440\u0435\u043c\u044f \u0434\u043b\u044f \u0447\u0442\u0435\u043d\u0438\u044f\" \/>\n\t<meta name=\"twitter:data1\" content=\"1 \u043c\u0438\u043d\u0443\u0442\u0430\" \/>\n<script type=\"application\/ld+json\" class=\"yoast-schema-graph\">{\"@context\":\"https:\\\/\\\/schema.org\",\"@graph\":[{\"@type\":\"WebPage\",\"@id\":\"https:\\\/\\\/kingimeister.ee\\\/oma-pildiga-tass-loo-isiklik-ja-meeldejaav-kingitus\\\/\",\"url\":\"https:\\\/\\\/kingimeister.ee\\\/oma-pildiga-tass-loo-isiklik-ja-meeldejaav-kingitus\\\/\",\"name\":\"Oma pildiga tass \u2013 personaalne tass fotoga | Kingimeister\",\"isPartOf\":{\"@id\":\"https:\\\/\\\/kingimeister.ee\\\/#website\"},\"primaryImageOfPage\":{\"@id\":\"https:\\\/\\\/kingimeister.ee\\\/oma-pildiga-tass-loo-isiklik-ja-meeldejaav-kingitus\\\/#primaryimage\"},\"image\":{\"@id\":\"https:\\\/\\\/kingimeister.ee\\\/oma-pildiga-tass-loo-isiklik-ja-meeldejaav-kingitus\\\/#primaryimage\"},\"thumbnailUrl\":\"https:\\\/\\\/i0.wp.com\\\/kingimeister.ee\\\/wp-content\\\/uploads\\\/2026\\\/03\\\/sinu-disainiga-tass.png?fit=1024%2C1024&ssl=1\",\"datePublished\":\"2026-03-13T19:49:57+00:00\",\"dateModified\":\"2026-03-19T21:29:40+00:00\",\"description\":\"Loo unikaalne tass oma pildiga. Ideaalne personaalne kingitus s\u00fcnnip\u00e4evaks, emadep\u00e4evaks v\u00f5i kallimale. Kiire tellimine ja kvaliteetne tr\u00fckk.\",\"breadcrumb\":{\"@id\":\"https:\\\/\\\/kingimeister.ee\\\/oma-pildiga-tass-loo-isiklik-ja-meeldejaav-kingitus\\\/#breadcrumb\"},\"inLanguage\":\"ru-RU\",\"potentialAction\":[{\"@type\":\"ReadAction\",\"target\":[\"https:\\\/\\\/kingimeister.ee\\\/oma-pildiga-tass-loo-isiklik-ja-meeldejaav-kingitus\\\/\"]}]},{\"@type\":\"ImageObject\",\"inLanguage\":\"ru-RU\",\"@id\":\"https:\\\/\\\/kingimeister.ee\\\/oma-pildiga-tass-loo-isiklik-ja-meeldejaav-kingitus\\\/#primaryimage\",\"url\":\"https:\\\/\\\/i0.wp.com\\\/kingimeister.ee\\\/wp-content\\\/uploads\\\/2026\\\/03\\\/sinu-disainiga-tass.png?fit=1024%2C1024&ssl=1\",\"contentUrl\":\"https:\\\/\\\/i0.wp.com\\\/kingimeister.ee\\\/wp-content\\\/uploads\\\/2026\\\/03\\\/sinu-disainiga-tass.png?fit=1024%2C1024&ssl=1\",\"width\":1024,\"height\":1024},{\"@type\":\"BreadcrumbList\",\"@id\":\"https:\\\/\\\/kingimeister.ee\\\/oma-pildiga-tass-loo-isiklik-ja-meeldejaav-kingitus\\\/#breadcrumb\",\"itemListElement\":[{\"@type\":\"ListItem\",\"position\":1,\"name\":\"Home\",\"item\":\"https:\\\/\\\/kingimeister.ee\\\/\"},{\"@type\":\"ListItem\",\"position\":2,\"name\":\"Kingitused\",\"item\":\"https:\\\/\\\/kingimeister.ee\\\/kingitused\\\/\"},{\"@type\":\"ListItem\",\"position\":3,\"name\":\"Oma pildiga tass \u2013 loo isiklik ja meeldej\u00e4\u00e4v kingitus\"}]},{\"@type\":\"WebSite\",\"@id\":\"https:\\\/\\\/kingimeister.ee\\\/#website\",\"url\":\"https:\\\/\\\/kingimeister.ee\\\/\",\"name\":\"Kingimeister.ee - Kingituste E-pood\",\"description\":\"\",\"publisher\":{\"@id\":\"https:\\\/\\\/kingimeister.ee\\\/#organization\"},\"potentialAction\":[{\"@type\":\"SearchAction\",\"target\":{\"@type\":\"EntryPoint\",\"urlTemplate\":\"https:\\\/\\\/kingimeister.ee\\\/?s={search_term_string}\"},\"query-input\":{\"@type\":\"PropertyValueSpecification\",\"valueRequired\":true,\"valueName\":\"search_term_string\"}}],\"inLanguage\":\"ru-RU\"},{\"@type\":\"Organization\",\"@id\":\"https:\\\/\\\/kingimeister.ee\\\/#organization\",\"name\":\"Kingimeister.ee - Kingituste E-pood\",\"url\":\"https:\\\/\\\/kingimeister.ee\\\/\",\"logo\":{\"@type\":\"ImageObject\",\"inLanguage\":\"ru-RU\",\"@id\":\"https:\\\/\\\/kingimeister.ee\\\/#\\\/schema\\\/logo\\\/image\\\/\",\"url\":\"https:\\\/\\\/kingimeister.ee\\\/wp-content\\\/uploads\\\/2026\\\/03\\\/Logo-e1773259902867.png\",\"contentUrl\":\"https:\\\/\\\/kingimeister.ee\\\/wp-content\\\/uploads\\\/2026\\\/03\\\/Logo-e1773259902867.png\",\"width\":1443,\"height\":237,\"caption\":\"Kingimeister.ee - Kingituste E-pood\"},\"image\":{\"@id\":\"https:\\\/\\\/kingimeister.ee\\\/#\\\/schema\\\/logo\\\/image\\\/\"}}]}<\/script>\n<!-- \/ Yoast SEO Premium plugin. -->","yoast_head_json":{"title":"Oma pildiga tass \u2013 personaalne tass fotoga | Kingimeister","description":"Loo unikaalne tass oma pildiga. Ideaalne personaalne kingitus s\u00fcnnip\u00e4evaks, emadep\u00e4evaks v\u00f5i kallimale. Kiire tellimine ja kvaliteetne tr\u00fckk.","robots":{"index":"index","follow":"follow","max-snippet":"max-snippet:-1","max-image-preview":"max-image-preview:large","max-video-preview":"max-video-preview:-1"},"canonical":"https:\/\/kingimeister.ee\/ru\/oma-pildiga-tass-loo-isiklik-ja-meeldejaav-kingitus\/","og_locale":"ru_RU","og_type":"article","og_title":"Oma pildiga tass \u2013 loo isiklik ja meeldej\u00e4\u00e4v kingitus","og_description":"Loo unikaalne tass oma pildiga. Ideaalne personaalne kingitus s\u00fcnnip\u00e4evaks, emadep\u00e4evaks v\u00f5i kallimale. Kiire tellimine ja kvaliteetne tr\u00fckk.","og_url":"https:\/\/kingimeister.ee\/ru\/oma-pildiga-tass-loo-isiklik-ja-meeldejaav-kingitus\/","og_site_name":"Kingimeister.ee - Kingituste E-pood","article_modified_time":"2026-03-19T21:29:40+00:00","og_image":[{"width":1024,"height":1024,"url":"https:\/\/kingimeister.ee\/wp-content\/uploads\/2026\/03\/sinu-disainiga-tass.png","type":"image\/png"}],"twitter_card":"summary_large_image","twitter_misc":{"\u041f\u0440\u0438\u043c\u0435\u0440\u043d\u043e\u0435 \u0432\u0440\u0435\u043c\u044f \u0434\u043b\u044f \u0447\u0442\u0435\u043d\u0438\u044f":"1 \u043c\u0438\u043d\u0443\u0442\u0430"},"schema":{"@context":"https:\/\/schema.org","@graph":[{"@type":"WebPage","@id":"https:\/\/kingimeister.ee\/oma-pildiga-tass-loo-isiklik-ja-meeldejaav-kingitus\/","url":"https:\/\/kingimeister.ee\/oma-pildiga-tass-loo-isiklik-ja-meeldejaav-kingitus\/","name":"Oma pildiga tass \u2013 personaalne tass fotoga | Kingimeister","isPartOf":{"@id":"https:\/\/kingimeister.ee\/#website"},"primaryImageOfPage":{"@id":"https:\/\/kingimeister.ee\/oma-pildiga-tass-loo-isiklik-ja-meeldejaav-kingitus\/#primaryimage"},"image":{"@id":"https:\/\/kingimeister.ee\/oma-pildiga-tass-loo-isiklik-ja-meeldejaav-kingitus\/#primaryimage"},"thumbnailUrl":"https:\/\/i0.wp.com\/kingimeister.ee\/wp-content\/uploads\/2026\/03\/sinu-disainiga-tass.png?fit=1024%2C1024&ssl=1","datePublished":"2026-03-13T19:49:57+00:00","dateModified":"2026-03-19T21:29:40+00:00","description":"Loo unikaalne tass oma pildiga. Ideaalne personaalne kingitus s\u00fcnnip\u00e4evaks, emadep\u00e4evaks v\u00f5i kallimale. Kiire tellimine ja kvaliteetne tr\u00fckk.","breadcrumb":{"@id":"https:\/\/kingimeister.ee\/oma-pildiga-tass-loo-isiklik-ja-meeldejaav-kingitus\/#breadcrumb"},"inLanguage":"ru-RU","potentialAction":[{"@type":"ReadAction","target":["https:\/\/kingimeister.ee\/oma-pildiga-tass-loo-isiklik-ja-meeldejaav-kingitus\/"]}]},{"@type":"ImageObject","inLanguage":"ru-RU","@id":"https:\/\/kingimeister.ee\/oma-pildiga-tass-loo-isiklik-ja-meeldejaav-kingitus\/#primaryimage","url":"https:\/\/i0.wp.com\/kingimeister.ee\/wp-content\/uploads\/2026\/03\/sinu-disainiga-tass.png?fit=1024%2C1024&ssl=1","contentUrl":"https:\/\/i0.wp.com\/kingimeister.ee\/wp-content\/uploads\/2026\/03\/sinu-disainiga-tass.png?fit=1024%2C1024&ssl=1","width":1024,"height":1024},{"@type":"BreadcrumbList","@id":"https:\/\/kingimeister.ee\/oma-pildiga-tass-loo-isiklik-ja-meeldejaav-kingitus\/#breadcrumb","itemListElement":[{"@type":"ListItem","position":1,"name":"Home","item":"https:\/\/kingimeister.ee\/"},{"@type":"ListItem","position":2,"name":"Kingitused","item":"https:\/\/kingimeister.ee\/kingitused\/"},{"@type":"ListItem","position":3,"name":"Oma pildiga tass \u2013 loo isiklik ja meeldej\u00e4\u00e4v kingitus"}]},{"@type":"WebSite","@id":"https:\/\/kingimeister.ee\/#website","url":"https:\/\/kingimeister.ee\/","name":"Kingimeister.ee - Kingituste E-pood","description":"","publisher":{"@id":"https:\/\/kingimeister.ee\/#organization"},"potentialAction":[{"@type":"SearchAction","target":{"@type":"EntryPoint","urlTemplate":"https:\/\/kingimeister.ee\/?s={search_term_string}"},"query-input":{"@type":"PropertyValueSpecification","valueRequired":true,"valueName":"search_term_string"}}],"inLanguage":"ru-RU"},{"@type":"Organization","@id":"https:\/\/kingimeister.ee\/#organization","name":"Kingimeister.ee - Kingituste E-pood","url":"https:\/\/kingimeister.ee\/","logo":{"@type":"ImageObject","inLanguage":"ru-RU","@id":"https:\/\/kingimeister.ee\/#\/schema\/logo\/image\/","url":"https:\/\/kingimeister.ee\/wp-content\/uploads\/2026\/03\/Logo-e1773259902867.png","contentUrl":"https:\/\/kingimeister.ee\/wp-content\/uploads\/2026\/03\/Logo-e1773259902867.png","width":1443,"height":237,"caption":"Kingimeister.ee - Kingituste E-pood"},"image":{"@id":"https:\/\/kingimeister.ee\/#\/schema\/logo\/image\/"}}]}},"jetpack_sharing_enabled":true,"_links":{"self":[{"href":"https:\/\/kingimeister.ee\/ru\/wp-json\/wp\/v2\/product\/29460","targetHints":{"allow":["GET"]}}],"collection":[{"href":"https:\/\/kingimeister.ee\/ru\/wp-json\/wp\/v2\/product"}],"about":[{"href":"https:\/\/kingimeister.ee\/ru\/wp-json\/wp\/v2\/types\/product"}],"replies":[{"embeddable":true,"href":"https:\/\/kingimeister.ee\/ru\/wp-json\/wp\/v2\/comments?post=29460"}],"version-history":[{"count":6,"href":"https:\/\/kingimeister.ee\/ru\/wp-json\/wp\/v2\/product\/29460\/revisions"}],"predecessor-version":[{"id":29755,"href":"https:\/\/kingimeister.ee\/ru\/wp-json\/wp\/v2\/product\/29460\/revisions\/29755"}],"wp:featuredmedia":[{"embeddable":true,"href":"https:\/\/kingimeister.ee\/ru\/wp-json\/wp\/v2\/media\/29765"}],"wp:attachment":[{"href":"https:\/\/kingimeister.ee\/ru\/wp-json\/wp\/v2\/media?parent=29460"}],"wp:term":[{"taxonomy":"product_brand","embeddable":true,"href":"https:\/\/kingimeister.ee\/ru\/wp-json\/wp\/v2\/product_brand?post=29460"},{"taxonomy":"product_cat","embeddable":true,"href":"https:\/\/kingimeister.ee\/ru\/wp-json\/wp\/v2\/product_cat?post=29460"},{"taxonomy":"product_tag","embeddable":true,"href":"https:\/\/kingimeister.ee\/ru\/wp-json\/wp\/v2\/product_tag?post=29460"}],"curies":[{"name":"wp","href":"https:\/\/api.w.org\/{rel}","templated":true}]}}