{"id":29771,"date":"2026-03-17T22:13:52","date_gmt":"2026-03-17T20:13:52","guid":{"rendered":"https:\/\/kingimeister.ee\/?post_type=product&#038;p=29771"},"modified":"2026-03-21T11:56:25","modified_gmt":"2026-03-21T09:56:25","slug":"tass-sorry-im-late","status":"publish","type":"product","link":"https:\/\/kingimeister.ee\/ru\/tass-sorry-im-late\/","title":{"rendered":"Tass &#8221;Sorry i&#8217;m late&#8221;"},"content":{"rendered":"<p data-start=\"105\" data-end=\"365\">Humoorikas ja armas tass emale, millel on kiri <em data-start=\"152\" data-end=\"208\">\u201cSorry I&#8217;m late, I have kids \u2013 I&#8217;m late to everything\u201d<\/em>. Ideaalne kingitus emadele, kes v\u00f5tavad elu kerge huumoriga. Sobib suurep\u00e4raselt nii hommikukohvi kui ka tee nautimiseks ning toob iga p\u00e4ev naeratuse n\u00e4ole.<\/p>","protected":false},"excerpt":{"rendered":"<p data-start=\"105\" data-end=\"365\">Humoorikas ja armas tass emale, millel on kiri <em data-start=\"152\" data-end=\"208\">\u201cSorry I&#8217;m late, I have kids \u2013 I&#8217;m late to everything\u201d<\/em>. Ideaalne kingitus emadele, kes v\u00f5tavad elu kerge huumoriga. Sobib suurep\u00e4raselt nii hommikukohvi kui ka tee nautimiseks ning toob iga p\u00e4ev naeratuse n\u00e4ole.<\/p>","protected":false},"featured_media":29772,"comment_status":"open","ping_status":"closed","template":"","meta":[],"product_brand":[],"product_cat":[170,163,234,187,185,100,202,204,209,173,166],"product_tag":[247,245,83,82],"class_list":{"0":"post-29771","1":"product","2":"type-product","3":"status-publish","4":"has-post-thumbnail","6":"product_cat-kingitused-emale","7":"product_cat-kingitused-naistele","8":"product_cat-kingitused-naistepaevaks","9":"product_cat-kingitused-oele","10":"product_cat-kingitused-vanavanematele","11":"product_cat-kruusid","12":"product_cat-sobrapaeva-kingitused","13":"product_cat-sobrapaeva-kingitused-naistele","14":"product_cat-sobrapaeva-tassid","15":"product_cat-tassid-emale","16":"product_cat-tassid-naistele","17":"product_tag-emale","18":"product_tag-kallile-emale","19":"product_tag-kruus","20":"product_tag-tass","22":"first","23":"instock","24":"sale","25":"taxable","26":"shipping-taxable","27":"purchasable","28":"product-type-simple"},"yoast_head":"<!-- This site is optimized with the Yoast SEO Premium plugin v27.1 (Yoast SEO v27.3) - https:\/\/yoast.com\/product\/yoast-seo-premium-wordpress\/ -->\n<title>Tass emale &quot;Sorry I&#039;m late&quot; \u2013 humoorikas kingitus emale Kingimeister.ee - Kingituste E-pood<\/title>\n<meta name=\"description\" content=\"Naljakas tass emale kirjaga \u201cSorry I&#039;m late, I have kids\u201d. Ideaalne kingitus emale s\u00fcnnip\u00e4evaks v\u00f5i emadep\u00e4evaks. Telli kohe!\" \/>\n<meta name=\"robots\" content=\"index, follow, max-snippet:-1, max-image-preview:large, max-video-preview:-1\" \/>\n<link rel=\"canonical\" href=\"https:\/\/kingimeister.ee\/ru\/tass-sorry-im-late\/\" \/>\n<meta property=\"og:locale\" content=\"ru_RU\" \/>\n<meta property=\"og:type\" content=\"article\" \/>\n<meta property=\"og:title\" content=\"Tass &#039;&#039;Sorry i&#039;m late&#039;&#039;\" \/>\n<meta property=\"og:description\" content=\"Naljakas tass emale kirjaga \u201cSorry I&#039;m late, I have kids\u201d. Ideaalne kingitus emale s\u00fcnnip\u00e4evaks v\u00f5i emadep\u00e4evaks. Telli kohe!\" \/>\n<meta property=\"og:url\" content=\"https:\/\/kingimeister.ee\/ru\/tass-sorry-im-late\/\" \/>\n<meta property=\"og:site_name\" content=\"Kingimeister.ee - Kingituste E-pood\" \/>\n<meta property=\"article:modified_time\" content=\"2026-03-21T09:56:25+00:00\" \/>\n<meta property=\"og:image\" content=\"https:\/\/kingimeister.ee\/wp-content\/uploads\/2026\/03\/Sorry-im-late.png\" \/>\n\t<meta property=\"og:image:width\" content=\"1024\" \/>\n\t<meta property=\"og:image:height\" content=\"1024\" \/>\n\t<meta property=\"og:image:type\" content=\"image\/png\" \/>\n<meta name=\"twitter:card\" content=\"summary_large_image\" \/>\n<meta name=\"twitter:label1\" content=\"\u041f\u0440\u0438\u043c\u0435\u0440\u043d\u043e\u0435 \u0432\u0440\u0435\u043c\u044f \u0434\u043b\u044f \u0447\u0442\u0435\u043d\u0438\u044f\" \/>\n\t<meta name=\"twitter:data1\" content=\"1 \u043c\u0438\u043d\u0443\u0442\u0430\" \/>\n<script type=\"application\/ld+json\" class=\"yoast-schema-graph\">{\"@context\":\"https:\\\/\\\/schema.org\",\"@graph\":[{\"@type\":\"WebPage\",\"@id\":\"https:\\\/\\\/kingimeister.ee\\\/tass-sorry-im-late\\\/\",\"url\":\"https:\\\/\\\/kingimeister.ee\\\/tass-sorry-im-late\\\/\",\"name\":\"Tass emale \\\"Sorry I'm late\\\" \u2013 humoorikas kingitus emale Kingimeister.ee - Kingituste E-pood\",\"isPartOf\":{\"@id\":\"https:\\\/\\\/kingimeister.ee\\\/#website\"},\"primaryImageOfPage\":{\"@id\":\"https:\\\/\\\/kingimeister.ee\\\/tass-sorry-im-late\\\/#primaryimage\"},\"image\":{\"@id\":\"https:\\\/\\\/kingimeister.ee\\\/tass-sorry-im-late\\\/#primaryimage\"},\"thumbnailUrl\":\"https:\\\/\\\/i0.wp.com\\\/kingimeister.ee\\\/wp-content\\\/uploads\\\/2026\\\/03\\\/Sorry-im-late.png?fit=1024%2C1024&ssl=1\",\"datePublished\":\"2026-03-17T20:13:52+00:00\",\"dateModified\":\"2026-03-21T09:56:25+00:00\",\"description\":\"Naljakas tass emale kirjaga \u201cSorry I'm late, I have kids\u201d. Ideaalne kingitus emale s\u00fcnnip\u00e4evaks v\u00f5i emadep\u00e4evaks. Telli kohe!\",\"breadcrumb\":{\"@id\":\"https:\\\/\\\/kingimeister.ee\\\/tass-sorry-im-late\\\/#breadcrumb\"},\"inLanguage\":\"ru-RU\",\"potentialAction\":[{\"@type\":\"ReadAction\",\"target\":[\"https:\\\/\\\/kingimeister.ee\\\/tass-sorry-im-late\\\/\"]}]},{\"@type\":\"ImageObject\",\"inLanguage\":\"ru-RU\",\"@id\":\"https:\\\/\\\/kingimeister.ee\\\/tass-sorry-im-late\\\/#primaryimage\",\"url\":\"https:\\\/\\\/i0.wp.com\\\/kingimeister.ee\\\/wp-content\\\/uploads\\\/2026\\\/03\\\/Sorry-im-late.png?fit=1024%2C1024&ssl=1\",\"contentUrl\":\"https:\\\/\\\/i0.wp.com\\\/kingimeister.ee\\\/wp-content\\\/uploads\\\/2026\\\/03\\\/Sorry-im-late.png?fit=1024%2C1024&ssl=1\",\"width\":1024,\"height\":1024},{\"@type\":\"BreadcrumbList\",\"@id\":\"https:\\\/\\\/kingimeister.ee\\\/tass-sorry-im-late\\\/#breadcrumb\",\"itemListElement\":[{\"@type\":\"ListItem\",\"position\":1,\"name\":\"Home\",\"item\":\"https:\\\/\\\/kingimeister.ee\\\/\"},{\"@type\":\"ListItem\",\"position\":2,\"name\":\"Kingitused\",\"item\":\"https:\\\/\\\/kingimeister.ee\\\/kingitused\\\/\"},{\"@type\":\"ListItem\",\"position\":3,\"name\":\"Tass &#8221;Sorry i&#8217;m late&#8221;\"}]},{\"@type\":\"WebSite\",\"@id\":\"https:\\\/\\\/kingimeister.ee\\\/#website\",\"url\":\"https:\\\/\\\/kingimeister.ee\\\/\",\"name\":\"Kingimeister.ee - Kingituste E-pood\",\"description\":\"\",\"publisher\":{\"@id\":\"https:\\\/\\\/kingimeister.ee\\\/#organization\"},\"potentialAction\":[{\"@type\":\"SearchAction\",\"target\":{\"@type\":\"EntryPoint\",\"urlTemplate\":\"https:\\\/\\\/kingimeister.ee\\\/?s={search_term_string}\"},\"query-input\":{\"@type\":\"PropertyValueSpecification\",\"valueRequired\":true,\"valueName\":\"search_term_string\"}}],\"inLanguage\":\"ru-RU\"},{\"@type\":\"Organization\",\"@id\":\"https:\\\/\\\/kingimeister.ee\\\/#organization\",\"name\":\"Kingimeister.ee - Kingituste E-pood\",\"url\":\"https:\\\/\\\/kingimeister.ee\\\/\",\"logo\":{\"@type\":\"ImageObject\",\"inLanguage\":\"ru-RU\",\"@id\":\"https:\\\/\\\/kingimeister.ee\\\/#\\\/schema\\\/logo\\\/image\\\/\",\"url\":\"https:\\\/\\\/kingimeister.ee\\\/wp-content\\\/uploads\\\/2026\\\/03\\\/Logo-e1773259902867.png\",\"contentUrl\":\"https:\\\/\\\/kingimeister.ee\\\/wp-content\\\/uploads\\\/2026\\\/03\\\/Logo-e1773259902867.png\",\"width\":1443,\"height\":237,\"caption\":\"Kingimeister.ee - Kingituste E-pood\"},\"image\":{\"@id\":\"https:\\\/\\\/kingimeister.ee\\\/#\\\/schema\\\/logo\\\/image\\\/\"}}]}<\/script>\n<!-- \/ Yoast SEO Premium plugin. -->","yoast_head_json":{"title":"Tass emale \"Sorry I'm late\" \u2013 humoorikas kingitus emale Kingimeister.ee - Kingituste E-pood","description":"Naljakas tass emale kirjaga \u201cSorry I'm late, I have kids\u201d. Ideaalne kingitus emale s\u00fcnnip\u00e4evaks v\u00f5i emadep\u00e4evaks. Telli kohe!","robots":{"index":"index","follow":"follow","max-snippet":"max-snippet:-1","max-image-preview":"max-image-preview:large","max-video-preview":"max-video-preview:-1"},"canonical":"https:\/\/kingimeister.ee\/ru\/tass-sorry-im-late\/","og_locale":"ru_RU","og_type":"article","og_title":"Tass ''Sorry i'm late''","og_description":"Naljakas tass emale kirjaga \u201cSorry I'm late, I have kids\u201d. Ideaalne kingitus emale s\u00fcnnip\u00e4evaks v\u00f5i emadep\u00e4evaks. Telli kohe!","og_url":"https:\/\/kingimeister.ee\/ru\/tass-sorry-im-late\/","og_site_name":"Kingimeister.ee - Kingituste E-pood","article_modified_time":"2026-03-21T09:56:25+00:00","og_image":[{"width":1024,"height":1024,"url":"https:\/\/kingimeister.ee\/wp-content\/uploads\/2026\/03\/Sorry-im-late.png","type":"image\/png"}],"twitter_card":"summary_large_image","twitter_misc":{"\u041f\u0440\u0438\u043c\u0435\u0440\u043d\u043e\u0435 \u0432\u0440\u0435\u043c\u044f \u0434\u043b\u044f \u0447\u0442\u0435\u043d\u0438\u044f":"1 \u043c\u0438\u043d\u0443\u0442\u0430"},"schema":{"@context":"https:\/\/schema.org","@graph":[{"@type":"WebPage","@id":"https:\/\/kingimeister.ee\/tass-sorry-im-late\/","url":"https:\/\/kingimeister.ee\/tass-sorry-im-late\/","name":"Tass emale \"Sorry I'm late\" \u2013 humoorikas kingitus emale Kingimeister.ee - Kingituste E-pood","isPartOf":{"@id":"https:\/\/kingimeister.ee\/#website"},"primaryImageOfPage":{"@id":"https:\/\/kingimeister.ee\/tass-sorry-im-late\/#primaryimage"},"image":{"@id":"https:\/\/kingimeister.ee\/tass-sorry-im-late\/#primaryimage"},"thumbnailUrl":"https:\/\/i0.wp.com\/kingimeister.ee\/wp-content\/uploads\/2026\/03\/Sorry-im-late.png?fit=1024%2C1024&ssl=1","datePublished":"2026-03-17T20:13:52+00:00","dateModified":"2026-03-21T09:56:25+00:00","description":"Naljakas tass emale kirjaga \u201cSorry I'm late, I have kids\u201d. Ideaalne kingitus emale s\u00fcnnip\u00e4evaks v\u00f5i emadep\u00e4evaks. Telli kohe!","breadcrumb":{"@id":"https:\/\/kingimeister.ee\/tass-sorry-im-late\/#breadcrumb"},"inLanguage":"ru-RU","potentialAction":[{"@type":"ReadAction","target":["https:\/\/kingimeister.ee\/tass-sorry-im-late\/"]}]},{"@type":"ImageObject","inLanguage":"ru-RU","@id":"https:\/\/kingimeister.ee\/tass-sorry-im-late\/#primaryimage","url":"https:\/\/i0.wp.com\/kingimeister.ee\/wp-content\/uploads\/2026\/03\/Sorry-im-late.png?fit=1024%2C1024&ssl=1","contentUrl":"https:\/\/i0.wp.com\/kingimeister.ee\/wp-content\/uploads\/2026\/03\/Sorry-im-late.png?fit=1024%2C1024&ssl=1","width":1024,"height":1024},{"@type":"BreadcrumbList","@id":"https:\/\/kingimeister.ee\/tass-sorry-im-late\/#breadcrumb","itemListElement":[{"@type":"ListItem","position":1,"name":"Home","item":"https:\/\/kingimeister.ee\/"},{"@type":"ListItem","position":2,"name":"Kingitused","item":"https:\/\/kingimeister.ee\/kingitused\/"},{"@type":"ListItem","position":3,"name":"Tass &#8221;Sorry i&#8217;m late&#8221;"}]},{"@type":"WebSite","@id":"https:\/\/kingimeister.ee\/#website","url":"https:\/\/kingimeister.ee\/","name":"Kingimeister.ee - Kingituste E-pood","description":"","publisher":{"@id":"https:\/\/kingimeister.ee\/#organization"},"potentialAction":[{"@type":"SearchAction","target":{"@type":"EntryPoint","urlTemplate":"https:\/\/kingimeister.ee\/?s={search_term_string}"},"query-input":{"@type":"PropertyValueSpecification","valueRequired":true,"valueName":"search_term_string"}}],"inLanguage":"ru-RU"},{"@type":"Organization","@id":"https:\/\/kingimeister.ee\/#organization","name":"Kingimeister.ee - Kingituste E-pood","url":"https:\/\/kingimeister.ee\/","logo":{"@type":"ImageObject","inLanguage":"ru-RU","@id":"https:\/\/kingimeister.ee\/#\/schema\/logo\/image\/","url":"https:\/\/kingimeister.ee\/wp-content\/uploads\/2026\/03\/Logo-e1773259902867.png","contentUrl":"https:\/\/kingimeister.ee\/wp-content\/uploads\/2026\/03\/Logo-e1773259902867.png","width":1443,"height":237,"caption":"Kingimeister.ee - Kingituste E-pood"},"image":{"@id":"https:\/\/kingimeister.ee\/#\/schema\/logo\/image\/"}}]}},"jetpack_sharing_enabled":true,"_links":{"self":[{"href":"https:\/\/kingimeister.ee\/ru\/wp-json\/wp\/v2\/product\/29771","targetHints":{"allow":["GET"]}}],"collection":[{"href":"https:\/\/kingimeister.ee\/ru\/wp-json\/wp\/v2\/product"}],"about":[{"href":"https:\/\/kingimeister.ee\/ru\/wp-json\/wp\/v2\/types\/product"}],"replies":[{"embeddable":true,"href":"https:\/\/kingimeister.ee\/ru\/wp-json\/wp\/v2\/comments?post=29771"}],"version-history":[{"count":3,"href":"https:\/\/kingimeister.ee\/ru\/wp-json\/wp\/v2\/product\/29771\/revisions"}],"predecessor-version":[{"id":29866,"href":"https:\/\/kingimeister.ee\/ru\/wp-json\/wp\/v2\/product\/29771\/revisions\/29866"}],"wp:featuredmedia":[{"embeddable":true,"href":"https:\/\/kingimeister.ee\/ru\/wp-json\/wp\/v2\/media\/29772"}],"wp:attachment":[{"href":"https:\/\/kingimeister.ee\/ru\/wp-json\/wp\/v2\/media?parent=29771"}],"wp:term":[{"taxonomy":"product_brand","embeddable":true,"href":"https:\/\/kingimeister.ee\/ru\/wp-json\/wp\/v2\/product_brand?post=29771"},{"taxonomy":"product_cat","embeddable":true,"href":"https:\/\/kingimeister.ee\/ru\/wp-json\/wp\/v2\/product_cat?post=29771"},{"taxonomy":"product_tag","embeddable":true,"href":"https:\/\/kingimeister.ee\/ru\/wp-json\/wp\/v2\/product_tag?post=29771"}],"curies":[{"name":"wp","href":"https:\/\/api.w.org\/{rel}","templated":true}]}}