{"id":29777,"date":"2026-03-17T22:52:58","date_gmt":"2026-03-17T20:52:58","guid":{"rendered":"https:\/\/kingimeister.ee\/?post_type=product&#038;p=29777"},"modified":"2026-03-21T11:57:10","modified_gmt":"2026-03-21T09:57:10","slug":"tass-instant-mom-just-add-coffee","status":"publish","type":"product","link":"https:\/\/kingimeister.ee\/ru\/tass-instant-mom-just-add-coffee\/","title":{"rendered":"Tass &#8221;Instant Mom just add COFFEE&#8221;"},"content":{"rendered":"<p data-start=\"1071\" data-end=\"1331\">See humoorikas tass emale on loodud igap\u00e4evasteks kohvihetkedeks. \u201cInstant Mom \u2013 just add coffee\u201d s\u00f5numiga tass on ideaalne kingitus emale, kes hindab nii praktilisust kui ka head huumorit. Sobib suurep\u00e4raselt emadep\u00e4evaks, s\u00fcnnip\u00e4evaks v\u00f5i niisama \u00fcllatuseks.<\/p>","protected":false},"excerpt":{"rendered":"<p data-start=\"1071\" data-end=\"1331\">See humoorikas tass emale on loodud igap\u00e4evasteks kohvihetkedeks. \u201cInstant Mom \u2013 just add coffee\u201d s\u00f5numiga tass on ideaalne kingitus emale, kes hindab nii praktilisust kui ka head huumorit. Sobib suurep\u00e4raselt emadep\u00e4evaks, s\u00fcnnip\u00e4evaks v\u00f5i niisama \u00fcllatuseks.<\/p>","protected":false},"featured_media":29778,"comment_status":"open","ping_status":"closed","template":"","meta":[],"product_brand":[],"product_cat":[170,163,234,202,240,173,166],"product_tag":[244,245,83,82],"class_list":{"0":"post-29777","1":"product","2":"type-product","3":"status-publish","4":"has-post-thumbnail","6":"product_cat-kingitused-emale","7":"product_cat-kingitused-naistele","8":"product_cat-kingitused-naistepaevaks","9":"product_cat-sobrapaeva-kingitused","10":"product_cat-sunnipaevakingid","11":"product_cat-tassid-emale","12":"product_cat-tassid-naistele","13":"product_tag-emadepaev","14":"product_tag-kallile-emale","15":"product_tag-kruus","16":"product_tag-tass","18":"first","19":"instock","20":"sale","21":"taxable","22":"shipping-taxable","23":"purchasable","24":"product-type-simple"},"yoast_head":"<!-- This site is optimized with the Yoast SEO Premium plugin v27.1 (Yoast SEO v27.3) - https:\/\/yoast.com\/product\/yoast-seo-premium-wordpress\/ -->\n<title>Tass \u201cInstant Mom just add coffee\u201d \u2013 ideaalne kingitus emale | Kingimeister.ee<\/title>\n<meta name=\"description\" content=\"Humoorikas tass emale kirjaga \u201cInstant Mom just add coffee\u201d. Ideaalne kingitus emadep\u00e4evaks v\u00f5i s\u00fcnnip\u00e4evaks. Telli juba t\u00e4na!\" \/>\n<meta name=\"robots\" content=\"index, follow, max-snippet:-1, max-image-preview:large, max-video-preview:-1\" \/>\n<link rel=\"canonical\" href=\"https:\/\/kingimeister.ee\/ru\/tass-instant-mom-just-add-coffee\/\" \/>\n<meta property=\"og:locale\" content=\"ru_RU\" \/>\n<meta property=\"og:type\" content=\"article\" \/>\n<meta property=\"og:title\" content=\"Tass &#039;&#039;Instant Mom just add COFFEE&#039;&#039;\" \/>\n<meta property=\"og:description\" content=\"Humoorikas tass emale kirjaga \u201cInstant Mom just add coffee\u201d. Ideaalne kingitus emadep\u00e4evaks v\u00f5i s\u00fcnnip\u00e4evaks. Telli juba t\u00e4na!\" \/>\n<meta property=\"og:url\" content=\"https:\/\/kingimeister.ee\/ru\/tass-instant-mom-just-add-coffee\/\" \/>\n<meta property=\"og:site_name\" content=\"Kingimeister.ee - Kingituste E-pood\" \/>\n<meta property=\"article:modified_time\" content=\"2026-03-21T09:57:10+00:00\" \/>\n<meta property=\"og:image\" content=\"https:\/\/kingimeister.ee\/wp-content\/uploads\/2026\/03\/tass-emale-Instant-mom-just-add-coffee.png\" \/>\n\t<meta property=\"og:image:width\" content=\"1024\" \/>\n\t<meta property=\"og:image:height\" content=\"1024\" \/>\n\t<meta property=\"og:image:type\" content=\"image\/png\" \/>\n<meta name=\"twitter:card\" content=\"summary_large_image\" \/>\n<meta name=\"twitter:label1\" content=\"\u041f\u0440\u0438\u043c\u0435\u0440\u043d\u043e\u0435 \u0432\u0440\u0435\u043c\u044f \u0434\u043b\u044f \u0447\u0442\u0435\u043d\u0438\u044f\" \/>\n\t<meta name=\"twitter:data1\" content=\"1 \u043c\u0438\u043d\u0443\u0442\u0430\" \/>\n<script type=\"application\/ld+json\" class=\"yoast-schema-graph\">{\"@context\":\"https:\\\/\\\/schema.org\",\"@graph\":[{\"@type\":\"WebPage\",\"@id\":\"https:\\\/\\\/kingimeister.ee\\\/tass-instant-mom-just-add-coffee\\\/\",\"url\":\"https:\\\/\\\/kingimeister.ee\\\/tass-instant-mom-just-add-coffee\\\/\",\"name\":\"Tass \u201cInstant Mom just add coffee\u201d \u2013 ideaalne kingitus emale | Kingimeister.ee\",\"isPartOf\":{\"@id\":\"https:\\\/\\\/kingimeister.ee\\\/#website\"},\"primaryImageOfPage\":{\"@id\":\"https:\\\/\\\/kingimeister.ee\\\/tass-instant-mom-just-add-coffee\\\/#primaryimage\"},\"image\":{\"@id\":\"https:\\\/\\\/kingimeister.ee\\\/tass-instant-mom-just-add-coffee\\\/#primaryimage\"},\"thumbnailUrl\":\"https:\\\/\\\/i0.wp.com\\\/kingimeister.ee\\\/wp-content\\\/uploads\\\/2026\\\/03\\\/tass-emale-Instant-mom-just-add-coffee.png?fit=1024%2C1024&ssl=1\",\"datePublished\":\"2026-03-17T20:52:58+00:00\",\"dateModified\":\"2026-03-21T09:57:10+00:00\",\"description\":\"Humoorikas tass emale kirjaga \u201cInstant Mom just add coffee\u201d. Ideaalne kingitus emadep\u00e4evaks v\u00f5i s\u00fcnnip\u00e4evaks. Telli juba t\u00e4na!\",\"breadcrumb\":{\"@id\":\"https:\\\/\\\/kingimeister.ee\\\/tass-instant-mom-just-add-coffee\\\/#breadcrumb\"},\"inLanguage\":\"ru-RU\",\"potentialAction\":[{\"@type\":\"ReadAction\",\"target\":[\"https:\\\/\\\/kingimeister.ee\\\/tass-instant-mom-just-add-coffee\\\/\"]}]},{\"@type\":\"ImageObject\",\"inLanguage\":\"ru-RU\",\"@id\":\"https:\\\/\\\/kingimeister.ee\\\/tass-instant-mom-just-add-coffee\\\/#primaryimage\",\"url\":\"https:\\\/\\\/i0.wp.com\\\/kingimeister.ee\\\/wp-content\\\/uploads\\\/2026\\\/03\\\/tass-emale-Instant-mom-just-add-coffee.png?fit=1024%2C1024&ssl=1\",\"contentUrl\":\"https:\\\/\\\/i0.wp.com\\\/kingimeister.ee\\\/wp-content\\\/uploads\\\/2026\\\/03\\\/tass-emale-Instant-mom-just-add-coffee.png?fit=1024%2C1024&ssl=1\",\"width\":1024,\"height\":1024},{\"@type\":\"BreadcrumbList\",\"@id\":\"https:\\\/\\\/kingimeister.ee\\\/tass-instant-mom-just-add-coffee\\\/#breadcrumb\",\"itemListElement\":[{\"@type\":\"ListItem\",\"position\":1,\"name\":\"Home\",\"item\":\"https:\\\/\\\/kingimeister.ee\\\/\"},{\"@type\":\"ListItem\",\"position\":2,\"name\":\"Kingitused\",\"item\":\"https:\\\/\\\/kingimeister.ee\\\/kingitused\\\/\"},{\"@type\":\"ListItem\",\"position\":3,\"name\":\"Tass &#8221;Instant Mom just add COFFEE&#8221;\"}]},{\"@type\":\"WebSite\",\"@id\":\"https:\\\/\\\/kingimeister.ee\\\/#website\",\"url\":\"https:\\\/\\\/kingimeister.ee\\\/\",\"name\":\"Kingimeister.ee - Kingituste E-pood\",\"description\":\"\",\"publisher\":{\"@id\":\"https:\\\/\\\/kingimeister.ee\\\/#organization\"},\"potentialAction\":[{\"@type\":\"SearchAction\",\"target\":{\"@type\":\"EntryPoint\",\"urlTemplate\":\"https:\\\/\\\/kingimeister.ee\\\/?s={search_term_string}\"},\"query-input\":{\"@type\":\"PropertyValueSpecification\",\"valueRequired\":true,\"valueName\":\"search_term_string\"}}],\"inLanguage\":\"ru-RU\"},{\"@type\":\"Organization\",\"@id\":\"https:\\\/\\\/kingimeister.ee\\\/#organization\",\"name\":\"Kingimeister.ee - Kingituste E-pood\",\"url\":\"https:\\\/\\\/kingimeister.ee\\\/\",\"logo\":{\"@type\":\"ImageObject\",\"inLanguage\":\"ru-RU\",\"@id\":\"https:\\\/\\\/kingimeister.ee\\\/#\\\/schema\\\/logo\\\/image\\\/\",\"url\":\"https:\\\/\\\/kingimeister.ee\\\/wp-content\\\/uploads\\\/2026\\\/03\\\/Logo-e1773259902867.png\",\"contentUrl\":\"https:\\\/\\\/kingimeister.ee\\\/wp-content\\\/uploads\\\/2026\\\/03\\\/Logo-e1773259902867.png\",\"width\":1443,\"height\":237,\"caption\":\"Kingimeister.ee - Kingituste E-pood\"},\"image\":{\"@id\":\"https:\\\/\\\/kingimeister.ee\\\/#\\\/schema\\\/logo\\\/image\\\/\"}}]}<\/script>\n<!-- \/ Yoast SEO Premium plugin. -->","yoast_head_json":{"title":"Tass \u201cInstant Mom just add coffee\u201d \u2013 ideaalne kingitus emale | Kingimeister.ee","description":"Humoorikas tass emale kirjaga \u201cInstant Mom just add coffee\u201d. Ideaalne kingitus emadep\u00e4evaks v\u00f5i s\u00fcnnip\u00e4evaks. Telli juba t\u00e4na!","robots":{"index":"index","follow":"follow","max-snippet":"max-snippet:-1","max-image-preview":"max-image-preview:large","max-video-preview":"max-video-preview:-1"},"canonical":"https:\/\/kingimeister.ee\/ru\/tass-instant-mom-just-add-coffee\/","og_locale":"ru_RU","og_type":"article","og_title":"Tass ''Instant Mom just add COFFEE''","og_description":"Humoorikas tass emale kirjaga \u201cInstant Mom just add coffee\u201d. Ideaalne kingitus emadep\u00e4evaks v\u00f5i s\u00fcnnip\u00e4evaks. Telli juba t\u00e4na!","og_url":"https:\/\/kingimeister.ee\/ru\/tass-instant-mom-just-add-coffee\/","og_site_name":"Kingimeister.ee - Kingituste E-pood","article_modified_time":"2026-03-21T09:57:10+00:00","og_image":[{"width":1024,"height":1024,"url":"https:\/\/kingimeister.ee\/wp-content\/uploads\/2026\/03\/tass-emale-Instant-mom-just-add-coffee.png","type":"image\/png"}],"twitter_card":"summary_large_image","twitter_misc":{"\u041f\u0440\u0438\u043c\u0435\u0440\u043d\u043e\u0435 \u0432\u0440\u0435\u043c\u044f \u0434\u043b\u044f \u0447\u0442\u0435\u043d\u0438\u044f":"1 \u043c\u0438\u043d\u0443\u0442\u0430"},"schema":{"@context":"https:\/\/schema.org","@graph":[{"@type":"WebPage","@id":"https:\/\/kingimeister.ee\/tass-instant-mom-just-add-coffee\/","url":"https:\/\/kingimeister.ee\/tass-instant-mom-just-add-coffee\/","name":"Tass \u201cInstant Mom just add coffee\u201d \u2013 ideaalne kingitus emale | Kingimeister.ee","isPartOf":{"@id":"https:\/\/kingimeister.ee\/#website"},"primaryImageOfPage":{"@id":"https:\/\/kingimeister.ee\/tass-instant-mom-just-add-coffee\/#primaryimage"},"image":{"@id":"https:\/\/kingimeister.ee\/tass-instant-mom-just-add-coffee\/#primaryimage"},"thumbnailUrl":"https:\/\/i0.wp.com\/kingimeister.ee\/wp-content\/uploads\/2026\/03\/tass-emale-Instant-mom-just-add-coffee.png?fit=1024%2C1024&ssl=1","datePublished":"2026-03-17T20:52:58+00:00","dateModified":"2026-03-21T09:57:10+00:00","description":"Humoorikas tass emale kirjaga \u201cInstant Mom just add coffee\u201d. Ideaalne kingitus emadep\u00e4evaks v\u00f5i s\u00fcnnip\u00e4evaks. Telli juba t\u00e4na!","breadcrumb":{"@id":"https:\/\/kingimeister.ee\/tass-instant-mom-just-add-coffee\/#breadcrumb"},"inLanguage":"ru-RU","potentialAction":[{"@type":"ReadAction","target":["https:\/\/kingimeister.ee\/tass-instant-mom-just-add-coffee\/"]}]},{"@type":"ImageObject","inLanguage":"ru-RU","@id":"https:\/\/kingimeister.ee\/tass-instant-mom-just-add-coffee\/#primaryimage","url":"https:\/\/i0.wp.com\/kingimeister.ee\/wp-content\/uploads\/2026\/03\/tass-emale-Instant-mom-just-add-coffee.png?fit=1024%2C1024&ssl=1","contentUrl":"https:\/\/i0.wp.com\/kingimeister.ee\/wp-content\/uploads\/2026\/03\/tass-emale-Instant-mom-just-add-coffee.png?fit=1024%2C1024&ssl=1","width":1024,"height":1024},{"@type":"BreadcrumbList","@id":"https:\/\/kingimeister.ee\/tass-instant-mom-just-add-coffee\/#breadcrumb","itemListElement":[{"@type":"ListItem","position":1,"name":"Home","item":"https:\/\/kingimeister.ee\/"},{"@type":"ListItem","position":2,"name":"Kingitused","item":"https:\/\/kingimeister.ee\/kingitused\/"},{"@type":"ListItem","position":3,"name":"Tass &#8221;Instant Mom just add COFFEE&#8221;"}]},{"@type":"WebSite","@id":"https:\/\/kingimeister.ee\/#website","url":"https:\/\/kingimeister.ee\/","name":"Kingimeister.ee - Kingituste E-pood","description":"","publisher":{"@id":"https:\/\/kingimeister.ee\/#organization"},"potentialAction":[{"@type":"SearchAction","target":{"@type":"EntryPoint","urlTemplate":"https:\/\/kingimeister.ee\/?s={search_term_string}"},"query-input":{"@type":"PropertyValueSpecification","valueRequired":true,"valueName":"search_term_string"}}],"inLanguage":"ru-RU"},{"@type":"Organization","@id":"https:\/\/kingimeister.ee\/#organization","name":"Kingimeister.ee - Kingituste E-pood","url":"https:\/\/kingimeister.ee\/","logo":{"@type":"ImageObject","inLanguage":"ru-RU","@id":"https:\/\/kingimeister.ee\/#\/schema\/logo\/image\/","url":"https:\/\/kingimeister.ee\/wp-content\/uploads\/2026\/03\/Logo-e1773259902867.png","contentUrl":"https:\/\/kingimeister.ee\/wp-content\/uploads\/2026\/03\/Logo-e1773259902867.png","width":1443,"height":237,"caption":"Kingimeister.ee - Kingituste E-pood"},"image":{"@id":"https:\/\/kingimeister.ee\/#\/schema\/logo\/image\/"}}]}},"jetpack_sharing_enabled":true,"_links":{"self":[{"href":"https:\/\/kingimeister.ee\/ru\/wp-json\/wp\/v2\/product\/29777","targetHints":{"allow":["GET"]}}],"collection":[{"href":"https:\/\/kingimeister.ee\/ru\/wp-json\/wp\/v2\/product"}],"about":[{"href":"https:\/\/kingimeister.ee\/ru\/wp-json\/wp\/v2\/types\/product"}],"replies":[{"embeddable":true,"href":"https:\/\/kingimeister.ee\/ru\/wp-json\/wp\/v2\/comments?post=29777"}],"version-history":[{"count":1,"href":"https:\/\/kingimeister.ee\/ru\/wp-json\/wp\/v2\/product\/29777\/revisions"}],"predecessor-version":[{"id":29779,"href":"https:\/\/kingimeister.ee\/ru\/wp-json\/wp\/v2\/product\/29777\/revisions\/29779"}],"wp:featuredmedia":[{"embeddable":true,"href":"https:\/\/kingimeister.ee\/ru\/wp-json\/wp\/v2\/media\/29778"}],"wp:attachment":[{"href":"https:\/\/kingimeister.ee\/ru\/wp-json\/wp\/v2\/media?parent=29777"}],"wp:term":[{"taxonomy":"product_brand","embeddable":true,"href":"https:\/\/kingimeister.ee\/ru\/wp-json\/wp\/v2\/product_brand?post=29777"},{"taxonomy":"product_cat","embeddable":true,"href":"https:\/\/kingimeister.ee\/ru\/wp-json\/wp\/v2\/product_cat?post=29777"},{"taxonomy":"product_tag","embeddable":true,"href":"https:\/\/kingimeister.ee\/ru\/wp-json\/wp\/v2\/product_tag?post=29777"}],"curies":[{"name":"wp","href":"https:\/\/api.w.org\/{rel}","templated":true}]}}