{"id":29797,"date":"2026-03-18T07:58:31","date_gmt":"2026-03-18T05:58:31","guid":{"rendered":"https:\/\/kingimeister.ee\/?post_type=product&#038;p=29797"},"modified":"2026-03-18T07:58:32","modified_gmt":"2026-03-18T05:58:32","slug":"spiraal-pabersangadega-punane-paberkott-3214x42cm","status":"publish","type":"product","link":"https:\/\/kingimeister.ee\/ru\/spiraal-pabersangadega-punane-paberkott-3214x42cm\/","title":{"rendered":"Spiraal pabersangadega punane paberkott 32+14x42cm"},"content":{"rendered":"<p data-start=\"71\" data-end=\"318\"><strong data-start=\"71\" data-end=\"126\">Spiraal pabersangadega punane paberkott 32+14&#215;42 cm<\/strong> on vastupidav ja pilkup\u00fc\u00fcdev lahendus toodete v\u00f5i kingituste pakkimiseks. Erk punane v\u00e4rv annab kotile silmapaistva ja piduliku v\u00e4limuse, sobides h\u00e4sti nii kauplustesse kui ka kingikottideks.<\/p>\n<p data-start=\"320\" data-end=\"456\">Tugevast paberist valmistatud kott on \u00f5hku l\u00e4bilaskev ning varustatud spiraalsete pabersangadega, mis tagavad mugava ja kindla kandmise.<\/p>","protected":false},"excerpt":{"rendered":"<p data-start=\"71\" data-end=\"318\"><strong data-start=\"71\" data-end=\"126\">Spiraal pabersangadega punane paberkott 32+14&#215;42 cm<\/strong> on vastupidav ja pilkup\u00fc\u00fcdev lahendus toodete v\u00f5i kingituste pakkimiseks. Erk punane v\u00e4rv annab kotile silmapaistva ja piduliku v\u00e4limuse, sobides h\u00e4sti nii kauplustesse kui ka kingikottideks.<\/p>\n<p data-start=\"320\" data-end=\"456\">Tugevast paberist valmistatud kott on \u00f5hku l\u00e4bilaskev ning varustatud spiraalsete pabersangadega, mis tagavad mugava ja kindla kandmise.<\/p>","protected":false},"featured_media":29798,"comment_status":"open","ping_status":"closed","template":"","meta":[],"product_brand":[],"product_cat":[129],"product_tag":[250,249],"class_list":{"0":"post-29797","1":"product","2":"type-product","3":"status-publish","4":"has-post-thumbnail","6":"product_cat-kinkekarbid-ja-kotid","7":"product_tag-kingituse-kott","8":"product_tag-kinkekott","10":"first","11":"instock","12":"taxable","13":"shipping-taxable","14":"purchasable","15":"product-type-simple"},"yoast_head":"<!-- This site is optimized with the Yoast SEO Premium plugin v27.1 (Yoast SEO v27.3) - https:\/\/yoast.com\/product\/yoast-seo-premium-wordpress\/ -->\n<title>Punane paberkott pabersangadega 32x42 cm \u2013 vastupidav | Kingimeister.ee<\/title>\n<meta name=\"description\" content=\"Punane paberkott pabersangadega 32+14x42 cm. Vastupidav ja keskkonnas\u00f5bralik lahendus ostude ja kingituste pakkimiseks.\" \/>\n<meta name=\"robots\" content=\"index, follow, max-snippet:-1, max-image-preview:large, max-video-preview:-1\" \/>\n<link rel=\"canonical\" href=\"https:\/\/kingimeister.ee\/ru\/spiraal-pabersangadega-punane-paberkott-3214x42cm\/\" \/>\n<meta property=\"og:locale\" content=\"ru_RU\" \/>\n<meta property=\"og:type\" content=\"article\" \/>\n<meta property=\"og:title\" content=\"Spiraal pabersangadega punane paberkott 32+14x42cm\" \/>\n<meta property=\"og:description\" content=\"Punane paberkott pabersangadega 32+14x42 cm. Vastupidav ja keskkonnas\u00f5bralik lahendus ostude ja kingituste pakkimiseks.\" \/>\n<meta property=\"og:url\" content=\"https:\/\/kingimeister.ee\/ru\/spiraal-pabersangadega-punane-paberkott-3214x42cm\/\" \/>\n<meta property=\"og:site_name\" content=\"Kingimeister.ee - Kingituste E-pood\" \/>\n<meta property=\"article:modified_time\" content=\"2026-03-18T05:58:32+00:00\" \/>\n<meta property=\"og:image\" content=\"https:\/\/kingimeister.ee\/wp-content\/uploads\/2026\/03\/Paberkotid_4100_Paberkotid_sangadega_Paper_bag_with_twisted_handles_32_14x42cm_red.webp\" \/>\n\t<meta property=\"og:image:width\" content=\"700\" \/>\n\t<meta property=\"og:image:height\" content=\"700\" \/>\n\t<meta property=\"og:image:type\" content=\"image\/webp\" \/>\n<meta name=\"twitter:card\" content=\"summary_large_image\" \/>\n<meta name=\"twitter:label1\" content=\"\u041f\u0440\u0438\u043c\u0435\u0440\u043d\u043e\u0435 \u0432\u0440\u0435\u043c\u044f \u0434\u043b\u044f \u0447\u0442\u0435\u043d\u0438\u044f\" \/>\n\t<meta name=\"twitter:data1\" content=\"1 \u043c\u0438\u043d\u0443\u0442\u0430\" \/>\n<script type=\"application\/ld+json\" class=\"yoast-schema-graph\">{\"@context\":\"https:\\\/\\\/schema.org\",\"@graph\":[{\"@type\":\"WebPage\",\"@id\":\"https:\\\/\\\/kingimeister.ee\\\/spiraal-pabersangadega-punane-paberkott-3214x42cm\\\/\",\"url\":\"https:\\\/\\\/kingimeister.ee\\\/spiraal-pabersangadega-punane-paberkott-3214x42cm\\\/\",\"name\":\"Punane paberkott pabersangadega 32x42 cm \u2013 vastupidav | Kingimeister.ee\",\"isPartOf\":{\"@id\":\"https:\\\/\\\/kingimeister.ee\\\/#website\"},\"primaryImageOfPage\":{\"@id\":\"https:\\\/\\\/kingimeister.ee\\\/spiraal-pabersangadega-punane-paberkott-3214x42cm\\\/#primaryimage\"},\"image\":{\"@id\":\"https:\\\/\\\/kingimeister.ee\\\/spiraal-pabersangadega-punane-paberkott-3214x42cm\\\/#primaryimage\"},\"thumbnailUrl\":\"https:\\\/\\\/i0.wp.com\\\/kingimeister.ee\\\/wp-content\\\/uploads\\\/2026\\\/03\\\/Paberkotid_4100_Paberkotid_sangadega_Paper_bag_with_twisted_handles_32_14x42cm_red.webp?fit=700%2C700&ssl=1\",\"datePublished\":\"2026-03-18T05:58:31+00:00\",\"dateModified\":\"2026-03-18T05:58:32+00:00\",\"description\":\"Punane paberkott pabersangadega 32+14x42 cm. Vastupidav ja keskkonnas\u00f5bralik lahendus ostude ja kingituste pakkimiseks.\",\"breadcrumb\":{\"@id\":\"https:\\\/\\\/kingimeister.ee\\\/spiraal-pabersangadega-punane-paberkott-3214x42cm\\\/#breadcrumb\"},\"inLanguage\":\"ru-RU\",\"potentialAction\":[{\"@type\":\"ReadAction\",\"target\":[\"https:\\\/\\\/kingimeister.ee\\\/spiraal-pabersangadega-punane-paberkott-3214x42cm\\\/\"]}]},{\"@type\":\"ImageObject\",\"inLanguage\":\"ru-RU\",\"@id\":\"https:\\\/\\\/kingimeister.ee\\\/spiraal-pabersangadega-punane-paberkott-3214x42cm\\\/#primaryimage\",\"url\":\"https:\\\/\\\/i0.wp.com\\\/kingimeister.ee\\\/wp-content\\\/uploads\\\/2026\\\/03\\\/Paberkotid_4100_Paberkotid_sangadega_Paper_bag_with_twisted_handles_32_14x42cm_red.webp?fit=700%2C700&ssl=1\",\"contentUrl\":\"https:\\\/\\\/i0.wp.com\\\/kingimeister.ee\\\/wp-content\\\/uploads\\\/2026\\\/03\\\/Paberkotid_4100_Paberkotid_sangadega_Paper_bag_with_twisted_handles_32_14x42cm_red.webp?fit=700%2C700&ssl=1\",\"width\":700,\"height\":700},{\"@type\":\"BreadcrumbList\",\"@id\":\"https:\\\/\\\/kingimeister.ee\\\/spiraal-pabersangadega-punane-paberkott-3214x42cm\\\/#breadcrumb\",\"itemListElement\":[{\"@type\":\"ListItem\",\"position\":1,\"name\":\"Home\",\"item\":\"https:\\\/\\\/kingimeister.ee\\\/\"},{\"@type\":\"ListItem\",\"position\":2,\"name\":\"Kingitused\",\"item\":\"https:\\\/\\\/kingimeister.ee\\\/kingitused\\\/\"},{\"@type\":\"ListItem\",\"position\":3,\"name\":\"Spiraal pabersangadega punane paberkott 32+14x42cm\"}]},{\"@type\":\"WebSite\",\"@id\":\"https:\\\/\\\/kingimeister.ee\\\/#website\",\"url\":\"https:\\\/\\\/kingimeister.ee\\\/\",\"name\":\"Kingimeister.ee - Kingituste E-pood\",\"description\":\"\",\"publisher\":{\"@id\":\"https:\\\/\\\/kingimeister.ee\\\/#organization\"},\"potentialAction\":[{\"@type\":\"SearchAction\",\"target\":{\"@type\":\"EntryPoint\",\"urlTemplate\":\"https:\\\/\\\/kingimeister.ee\\\/?s={search_term_string}\"},\"query-input\":{\"@type\":\"PropertyValueSpecification\",\"valueRequired\":true,\"valueName\":\"search_term_string\"}}],\"inLanguage\":\"ru-RU\"},{\"@type\":\"Organization\",\"@id\":\"https:\\\/\\\/kingimeister.ee\\\/#organization\",\"name\":\"Kingimeister.ee - Kingituste E-pood\",\"url\":\"https:\\\/\\\/kingimeister.ee\\\/\",\"logo\":{\"@type\":\"ImageObject\",\"inLanguage\":\"ru-RU\",\"@id\":\"https:\\\/\\\/kingimeister.ee\\\/#\\\/schema\\\/logo\\\/image\\\/\",\"url\":\"https:\\\/\\\/kingimeister.ee\\\/wp-content\\\/uploads\\\/2026\\\/03\\\/Logo-e1773259902867.png\",\"contentUrl\":\"https:\\\/\\\/kingimeister.ee\\\/wp-content\\\/uploads\\\/2026\\\/03\\\/Logo-e1773259902867.png\",\"width\":1443,\"height\":237,\"caption\":\"Kingimeister.ee - Kingituste E-pood\"},\"image\":{\"@id\":\"https:\\\/\\\/kingimeister.ee\\\/#\\\/schema\\\/logo\\\/image\\\/\"}}]}<\/script>\n<!-- \/ Yoast SEO Premium plugin. -->","yoast_head_json":{"title":"Punane paberkott pabersangadega 32x42 cm \u2013 vastupidav | Kingimeister.ee","description":"Punane paberkott pabersangadega 32+14x42 cm. Vastupidav ja keskkonnas\u00f5bralik lahendus ostude ja kingituste pakkimiseks.","robots":{"index":"index","follow":"follow","max-snippet":"max-snippet:-1","max-image-preview":"max-image-preview:large","max-video-preview":"max-video-preview:-1"},"canonical":"https:\/\/kingimeister.ee\/ru\/spiraal-pabersangadega-punane-paberkott-3214x42cm\/","og_locale":"ru_RU","og_type":"article","og_title":"Spiraal pabersangadega punane paberkott 32+14x42cm","og_description":"Punane paberkott pabersangadega 32+14x42 cm. Vastupidav ja keskkonnas\u00f5bralik lahendus ostude ja kingituste pakkimiseks.","og_url":"https:\/\/kingimeister.ee\/ru\/spiraal-pabersangadega-punane-paberkott-3214x42cm\/","og_site_name":"Kingimeister.ee - Kingituste E-pood","article_modified_time":"2026-03-18T05:58:32+00:00","og_image":[{"width":700,"height":700,"url":"https:\/\/kingimeister.ee\/wp-content\/uploads\/2026\/03\/Paberkotid_4100_Paberkotid_sangadega_Paper_bag_with_twisted_handles_32_14x42cm_red.webp","type":"image\/webp"}],"twitter_card":"summary_large_image","twitter_misc":{"\u041f\u0440\u0438\u043c\u0435\u0440\u043d\u043e\u0435 \u0432\u0440\u0435\u043c\u044f \u0434\u043b\u044f \u0447\u0442\u0435\u043d\u0438\u044f":"1 \u043c\u0438\u043d\u0443\u0442\u0430"},"schema":{"@context":"https:\/\/schema.org","@graph":[{"@type":"WebPage","@id":"https:\/\/kingimeister.ee\/spiraal-pabersangadega-punane-paberkott-3214x42cm\/","url":"https:\/\/kingimeister.ee\/spiraal-pabersangadega-punane-paberkott-3214x42cm\/","name":"Punane paberkott pabersangadega 32x42 cm \u2013 vastupidav | Kingimeister.ee","isPartOf":{"@id":"https:\/\/kingimeister.ee\/#website"},"primaryImageOfPage":{"@id":"https:\/\/kingimeister.ee\/spiraal-pabersangadega-punane-paberkott-3214x42cm\/#primaryimage"},"image":{"@id":"https:\/\/kingimeister.ee\/spiraal-pabersangadega-punane-paberkott-3214x42cm\/#primaryimage"},"thumbnailUrl":"https:\/\/i0.wp.com\/kingimeister.ee\/wp-content\/uploads\/2026\/03\/Paberkotid_4100_Paberkotid_sangadega_Paper_bag_with_twisted_handles_32_14x42cm_red.webp?fit=700%2C700&ssl=1","datePublished":"2026-03-18T05:58:31+00:00","dateModified":"2026-03-18T05:58:32+00:00","description":"Punane paberkott pabersangadega 32+14x42 cm. Vastupidav ja keskkonnas\u00f5bralik lahendus ostude ja kingituste pakkimiseks.","breadcrumb":{"@id":"https:\/\/kingimeister.ee\/spiraal-pabersangadega-punane-paberkott-3214x42cm\/#breadcrumb"},"inLanguage":"ru-RU","potentialAction":[{"@type":"ReadAction","target":["https:\/\/kingimeister.ee\/spiraal-pabersangadega-punane-paberkott-3214x42cm\/"]}]},{"@type":"ImageObject","inLanguage":"ru-RU","@id":"https:\/\/kingimeister.ee\/spiraal-pabersangadega-punane-paberkott-3214x42cm\/#primaryimage","url":"https:\/\/i0.wp.com\/kingimeister.ee\/wp-content\/uploads\/2026\/03\/Paberkotid_4100_Paberkotid_sangadega_Paper_bag_with_twisted_handles_32_14x42cm_red.webp?fit=700%2C700&ssl=1","contentUrl":"https:\/\/i0.wp.com\/kingimeister.ee\/wp-content\/uploads\/2026\/03\/Paberkotid_4100_Paberkotid_sangadega_Paper_bag_with_twisted_handles_32_14x42cm_red.webp?fit=700%2C700&ssl=1","width":700,"height":700},{"@type":"BreadcrumbList","@id":"https:\/\/kingimeister.ee\/spiraal-pabersangadega-punane-paberkott-3214x42cm\/#breadcrumb","itemListElement":[{"@type":"ListItem","position":1,"name":"Home","item":"https:\/\/kingimeister.ee\/"},{"@type":"ListItem","position":2,"name":"Kingitused","item":"https:\/\/kingimeister.ee\/kingitused\/"},{"@type":"ListItem","position":3,"name":"Spiraal pabersangadega punane paberkott 32+14x42cm"}]},{"@type":"WebSite","@id":"https:\/\/kingimeister.ee\/#website","url":"https:\/\/kingimeister.ee\/","name":"Kingimeister.ee - Kingituste E-pood","description":"","publisher":{"@id":"https:\/\/kingimeister.ee\/#organization"},"potentialAction":[{"@type":"SearchAction","target":{"@type":"EntryPoint","urlTemplate":"https:\/\/kingimeister.ee\/?s={search_term_string}"},"query-input":{"@type":"PropertyValueSpecification","valueRequired":true,"valueName":"search_term_string"}}],"inLanguage":"ru-RU"},{"@type":"Organization","@id":"https:\/\/kingimeister.ee\/#organization","name":"Kingimeister.ee - Kingituste E-pood","url":"https:\/\/kingimeister.ee\/","logo":{"@type":"ImageObject","inLanguage":"ru-RU","@id":"https:\/\/kingimeister.ee\/#\/schema\/logo\/image\/","url":"https:\/\/kingimeister.ee\/wp-content\/uploads\/2026\/03\/Logo-e1773259902867.png","contentUrl":"https:\/\/kingimeister.ee\/wp-content\/uploads\/2026\/03\/Logo-e1773259902867.png","width":1443,"height":237,"caption":"Kingimeister.ee - Kingituste E-pood"},"image":{"@id":"https:\/\/kingimeister.ee\/#\/schema\/logo\/image\/"}}]}},"jetpack_sharing_enabled":true,"_links":{"self":[{"href":"https:\/\/kingimeister.ee\/ru\/wp-json\/wp\/v2\/product\/29797","targetHints":{"allow":["GET"]}}],"collection":[{"href":"https:\/\/kingimeister.ee\/ru\/wp-json\/wp\/v2\/product"}],"about":[{"href":"https:\/\/kingimeister.ee\/ru\/wp-json\/wp\/v2\/types\/product"}],"replies":[{"embeddable":true,"href":"https:\/\/kingimeister.ee\/ru\/wp-json\/wp\/v2\/comments?post=29797"}],"version-history":[{"count":1,"href":"https:\/\/kingimeister.ee\/ru\/wp-json\/wp\/v2\/product\/29797\/revisions"}],"predecessor-version":[{"id":29799,"href":"https:\/\/kingimeister.ee\/ru\/wp-json\/wp\/v2\/product\/29797\/revisions\/29799"}],"wp:featuredmedia":[{"embeddable":true,"href":"https:\/\/kingimeister.ee\/ru\/wp-json\/wp\/v2\/media\/29798"}],"wp:attachment":[{"href":"https:\/\/kingimeister.ee\/ru\/wp-json\/wp\/v2\/media?parent=29797"}],"wp:term":[{"taxonomy":"product_brand","embeddable":true,"href":"https:\/\/kingimeister.ee\/ru\/wp-json\/wp\/v2\/product_brand?post=29797"},{"taxonomy":"product_cat","embeddable":true,"href":"https:\/\/kingimeister.ee\/ru\/wp-json\/wp\/v2\/product_cat?post=29797"},{"taxonomy":"product_tag","embeddable":true,"href":"https:\/\/kingimeister.ee\/ru\/wp-json\/wp\/v2\/product_tag?post=29797"}],"curies":[{"name":"wp","href":"https:\/\/api.w.org\/{rel}","templated":true}]}}