{"id":29803,"date":"2026-03-18T15:21:41","date_gmt":"2026-03-18T13:21:41","guid":{"rendered":"https:\/\/kingimeister.ee\/?post_type=product&#038;p=29803"},"modified":"2026-03-21T11:56:11","modified_gmt":"2026-03-21T09:56:11","slug":"tass-emale-2x-ema","status":"publish","type":"product","link":"https:\/\/kingimeister.ee\/ru\/tass-emale-2x-ema\/","title":{"rendered":"Tass emale &#8221;2x ema&#8221;"},"content":{"rendered":"<p data-start=\"124\" data-end=\"378\">Kaunis ja s\u00fcdamlik keraamiline tass \u201c2x ema\u201d on ideaalne kingitus emale, kes on sinu jaoks kahekordselt kallis. \u00d5rna lillelise disaini ja elegantse kirjaga tass toob igasse p\u00e4eva soojust ja armastust. Sobib suurep\u00e4raselt kohvi, tee v\u00f5i kakao nautimiseks.<\/p>","protected":false},"excerpt":{"rendered":"<p>Kaunis ja s\u00fcdamlik keraamiline tass \u201c2x ema\u201d on ideaalne kingitus emale, kes on sinu jaoks kahekordselt kallis. \u00d5rna lillelise disaini ja elegantse kirjaga tass toob igasse p\u00e4eva soojust ja armastust. Sobib suurep\u00e4raselt kohvi, tee v\u00f5i kakao nautimiseks.<\/p>","protected":false},"featured_media":29804,"comment_status":"open","ping_status":"closed","template":"","meta":[],"product_brand":[],"product_cat":[170,163,234,187,185,173,166],"product_tag":[244,83,82,251],"class_list":{"0":"post-29803","1":"product","2":"type-product","3":"status-publish","4":"has-post-thumbnail","6":"product_cat-kingitused-emale","7":"product_cat-kingitused-naistele","8":"product_cat-kingitused-naistepaevaks","9":"product_cat-kingitused-oele","10":"product_cat-kingitused-vanavanematele","11":"product_cat-tassid-emale","12":"product_cat-tassid-naistele","13":"product_tag-emadepaev","14":"product_tag-kruus","15":"product_tag-tass","16":"product_tag-tass-emale","18":"first","19":"instock","20":"sale","21":"taxable","22":"shipping-taxable","23":"purchasable","24":"product-type-simple"},"yoast_head":"<!-- This site is optimized with the Yoast SEO Premium plugin v27.1 (Yoast SEO v27.3) - https:\/\/yoast.com\/product\/yoast-seo-premium-wordpress\/ -->\n<title>Tass emale \u201c2x ema\u201d \u2013 armas kingitus emale | Kingimeister.ee<\/title>\n<meta name=\"description\" content=\"Kaunis tass \u201c2x ema\u201d on ideaalne kingitus emale. \u00d5rn lilleline disain ja s\u00fcdamlik s\u00f5num muudavad iga kohvipausi eriliseks.\" \/>\n<meta name=\"robots\" content=\"index, follow, max-snippet:-1, max-image-preview:large, max-video-preview:-1\" \/>\n<link rel=\"canonical\" href=\"https:\/\/kingimeister.ee\/ru\/tass-emale-2x-ema\/\" \/>\n<meta property=\"og:locale\" content=\"ru_RU\" \/>\n<meta property=\"og:type\" content=\"article\" \/>\n<meta property=\"og:title\" content=\"Tass emale &#039;&#039;2x ema&#039;&#039;\" \/>\n<meta property=\"og:description\" content=\"Kaunis tass \u201c2x ema\u201d on ideaalne kingitus emale. \u00d5rn lilleline disain ja s\u00fcdamlik s\u00f5num muudavad iga kohvipausi eriliseks.\" \/>\n<meta property=\"og:url\" content=\"https:\/\/kingimeister.ee\/ru\/tass-emale-2x-ema\/\" \/>\n<meta property=\"og:site_name\" content=\"Kingimeister.ee - Kingituste E-pood\" \/>\n<meta property=\"article:modified_time\" content=\"2026-03-21T09:56:11+00:00\" \/>\n<meta property=\"og:image\" content=\"https:\/\/kingimeister.ee\/wp-content\/uploads\/2026\/03\/Tass-emale-2x-ema.jpg\" \/>\n\t<meta property=\"og:image:width\" content=\"640\" \/>\n\t<meta property=\"og:image:height\" content=\"640\" \/>\n\t<meta property=\"og:image:type\" content=\"image\/jpeg\" \/>\n<meta name=\"twitter:card\" content=\"summary_large_image\" \/>\n<meta name=\"twitter:label1\" content=\"\u041f\u0440\u0438\u043c\u0435\u0440\u043d\u043e\u0435 \u0432\u0440\u0435\u043c\u044f \u0434\u043b\u044f \u0447\u0442\u0435\u043d\u0438\u044f\" \/>\n\t<meta name=\"twitter:data1\" content=\"1 \u043c\u0438\u043d\u0443\u0442\u0430\" \/>\n<script type=\"application\/ld+json\" class=\"yoast-schema-graph\">{\"@context\":\"https:\\\/\\\/schema.org\",\"@graph\":[{\"@type\":\"WebPage\",\"@id\":\"https:\\\/\\\/kingimeister.ee\\\/tass-emale-2x-ema\\\/\",\"url\":\"https:\\\/\\\/kingimeister.ee\\\/tass-emale-2x-ema\\\/\",\"name\":\"Tass emale \u201c2x ema\u201d \u2013 armas kingitus emale | Kingimeister.ee\",\"isPartOf\":{\"@id\":\"https:\\\/\\\/kingimeister.ee\\\/#website\"},\"primaryImageOfPage\":{\"@id\":\"https:\\\/\\\/kingimeister.ee\\\/tass-emale-2x-ema\\\/#primaryimage\"},\"image\":{\"@id\":\"https:\\\/\\\/kingimeister.ee\\\/tass-emale-2x-ema\\\/#primaryimage\"},\"thumbnailUrl\":\"https:\\\/\\\/i0.wp.com\\\/kingimeister.ee\\\/wp-content\\\/uploads\\\/2026\\\/03\\\/Tass-emale-2x-ema.jpg?fit=640%2C640&ssl=1\",\"datePublished\":\"2026-03-18T13:21:41+00:00\",\"dateModified\":\"2026-03-21T09:56:11+00:00\",\"description\":\"Kaunis tass \u201c2x ema\u201d on ideaalne kingitus emale. \u00d5rn lilleline disain ja s\u00fcdamlik s\u00f5num muudavad iga kohvipausi eriliseks.\",\"breadcrumb\":{\"@id\":\"https:\\\/\\\/kingimeister.ee\\\/tass-emale-2x-ema\\\/#breadcrumb\"},\"inLanguage\":\"ru-RU\",\"potentialAction\":[{\"@type\":\"ReadAction\",\"target\":[\"https:\\\/\\\/kingimeister.ee\\\/tass-emale-2x-ema\\\/\"]}]},{\"@type\":\"ImageObject\",\"inLanguage\":\"ru-RU\",\"@id\":\"https:\\\/\\\/kingimeister.ee\\\/tass-emale-2x-ema\\\/#primaryimage\",\"url\":\"https:\\\/\\\/i0.wp.com\\\/kingimeister.ee\\\/wp-content\\\/uploads\\\/2026\\\/03\\\/Tass-emale-2x-ema.jpg?fit=640%2C640&ssl=1\",\"contentUrl\":\"https:\\\/\\\/i0.wp.com\\\/kingimeister.ee\\\/wp-content\\\/uploads\\\/2026\\\/03\\\/Tass-emale-2x-ema.jpg?fit=640%2C640&ssl=1\",\"width\":640,\"height\":640},{\"@type\":\"BreadcrumbList\",\"@id\":\"https:\\\/\\\/kingimeister.ee\\\/tass-emale-2x-ema\\\/#breadcrumb\",\"itemListElement\":[{\"@type\":\"ListItem\",\"position\":1,\"name\":\"Home\",\"item\":\"https:\\\/\\\/kingimeister.ee\\\/\"},{\"@type\":\"ListItem\",\"position\":2,\"name\":\"Kingitused\",\"item\":\"https:\\\/\\\/kingimeister.ee\\\/kingitused\\\/\"},{\"@type\":\"ListItem\",\"position\":3,\"name\":\"Tass emale &#8221;2x ema&#8221;\"}]},{\"@type\":\"WebSite\",\"@id\":\"https:\\\/\\\/kingimeister.ee\\\/#website\",\"url\":\"https:\\\/\\\/kingimeister.ee\\\/\",\"name\":\"Kingimeister.ee - Kingituste E-pood\",\"description\":\"\",\"publisher\":{\"@id\":\"https:\\\/\\\/kingimeister.ee\\\/#organization\"},\"potentialAction\":[{\"@type\":\"SearchAction\",\"target\":{\"@type\":\"EntryPoint\",\"urlTemplate\":\"https:\\\/\\\/kingimeister.ee\\\/?s={search_term_string}\"},\"query-input\":{\"@type\":\"PropertyValueSpecification\",\"valueRequired\":true,\"valueName\":\"search_term_string\"}}],\"inLanguage\":\"ru-RU\"},{\"@type\":\"Organization\",\"@id\":\"https:\\\/\\\/kingimeister.ee\\\/#organization\",\"name\":\"Kingimeister.ee - Kingituste E-pood\",\"url\":\"https:\\\/\\\/kingimeister.ee\\\/\",\"logo\":{\"@type\":\"ImageObject\",\"inLanguage\":\"ru-RU\",\"@id\":\"https:\\\/\\\/kingimeister.ee\\\/#\\\/schema\\\/logo\\\/image\\\/\",\"url\":\"https:\\\/\\\/kingimeister.ee\\\/wp-content\\\/uploads\\\/2026\\\/03\\\/Logo-e1773259902867.png\",\"contentUrl\":\"https:\\\/\\\/kingimeister.ee\\\/wp-content\\\/uploads\\\/2026\\\/03\\\/Logo-e1773259902867.png\",\"width\":1443,\"height\":237,\"caption\":\"Kingimeister.ee - Kingituste E-pood\"},\"image\":{\"@id\":\"https:\\\/\\\/kingimeister.ee\\\/#\\\/schema\\\/logo\\\/image\\\/\"}}]}<\/script>\n<!-- \/ Yoast SEO Premium plugin. -->","yoast_head_json":{"title":"Tass emale \u201c2x ema\u201d \u2013 armas kingitus emale | Kingimeister.ee","description":"Kaunis tass \u201c2x ema\u201d on ideaalne kingitus emale. \u00d5rn lilleline disain ja s\u00fcdamlik s\u00f5num muudavad iga kohvipausi eriliseks.","robots":{"index":"index","follow":"follow","max-snippet":"max-snippet:-1","max-image-preview":"max-image-preview:large","max-video-preview":"max-video-preview:-1"},"canonical":"https:\/\/kingimeister.ee\/ru\/tass-emale-2x-ema\/","og_locale":"ru_RU","og_type":"article","og_title":"Tass emale ''2x ema''","og_description":"Kaunis tass \u201c2x ema\u201d on ideaalne kingitus emale. \u00d5rn lilleline disain ja s\u00fcdamlik s\u00f5num muudavad iga kohvipausi eriliseks.","og_url":"https:\/\/kingimeister.ee\/ru\/tass-emale-2x-ema\/","og_site_name":"Kingimeister.ee - Kingituste E-pood","article_modified_time":"2026-03-21T09:56:11+00:00","og_image":[{"width":640,"height":640,"url":"https:\/\/kingimeister.ee\/wp-content\/uploads\/2026\/03\/Tass-emale-2x-ema.jpg","type":"image\/jpeg"}],"twitter_card":"summary_large_image","twitter_misc":{"\u041f\u0440\u0438\u043c\u0435\u0440\u043d\u043e\u0435 \u0432\u0440\u0435\u043c\u044f \u0434\u043b\u044f \u0447\u0442\u0435\u043d\u0438\u044f":"1 \u043c\u0438\u043d\u0443\u0442\u0430"},"schema":{"@context":"https:\/\/schema.org","@graph":[{"@type":"WebPage","@id":"https:\/\/kingimeister.ee\/tass-emale-2x-ema\/","url":"https:\/\/kingimeister.ee\/tass-emale-2x-ema\/","name":"Tass emale \u201c2x ema\u201d \u2013 armas kingitus emale | Kingimeister.ee","isPartOf":{"@id":"https:\/\/kingimeister.ee\/#website"},"primaryImageOfPage":{"@id":"https:\/\/kingimeister.ee\/tass-emale-2x-ema\/#primaryimage"},"image":{"@id":"https:\/\/kingimeister.ee\/tass-emale-2x-ema\/#primaryimage"},"thumbnailUrl":"https:\/\/i0.wp.com\/kingimeister.ee\/wp-content\/uploads\/2026\/03\/Tass-emale-2x-ema.jpg?fit=640%2C640&ssl=1","datePublished":"2026-03-18T13:21:41+00:00","dateModified":"2026-03-21T09:56:11+00:00","description":"Kaunis tass \u201c2x ema\u201d on ideaalne kingitus emale. \u00d5rn lilleline disain ja s\u00fcdamlik s\u00f5num muudavad iga kohvipausi eriliseks.","breadcrumb":{"@id":"https:\/\/kingimeister.ee\/tass-emale-2x-ema\/#breadcrumb"},"inLanguage":"ru-RU","potentialAction":[{"@type":"ReadAction","target":["https:\/\/kingimeister.ee\/tass-emale-2x-ema\/"]}]},{"@type":"ImageObject","inLanguage":"ru-RU","@id":"https:\/\/kingimeister.ee\/tass-emale-2x-ema\/#primaryimage","url":"https:\/\/i0.wp.com\/kingimeister.ee\/wp-content\/uploads\/2026\/03\/Tass-emale-2x-ema.jpg?fit=640%2C640&ssl=1","contentUrl":"https:\/\/i0.wp.com\/kingimeister.ee\/wp-content\/uploads\/2026\/03\/Tass-emale-2x-ema.jpg?fit=640%2C640&ssl=1","width":640,"height":640},{"@type":"BreadcrumbList","@id":"https:\/\/kingimeister.ee\/tass-emale-2x-ema\/#breadcrumb","itemListElement":[{"@type":"ListItem","position":1,"name":"Home","item":"https:\/\/kingimeister.ee\/"},{"@type":"ListItem","position":2,"name":"Kingitused","item":"https:\/\/kingimeister.ee\/kingitused\/"},{"@type":"ListItem","position":3,"name":"Tass emale &#8221;2x ema&#8221;"}]},{"@type":"WebSite","@id":"https:\/\/kingimeister.ee\/#website","url":"https:\/\/kingimeister.ee\/","name":"Kingimeister.ee - Kingituste E-pood","description":"","publisher":{"@id":"https:\/\/kingimeister.ee\/#organization"},"potentialAction":[{"@type":"SearchAction","target":{"@type":"EntryPoint","urlTemplate":"https:\/\/kingimeister.ee\/?s={search_term_string}"},"query-input":{"@type":"PropertyValueSpecification","valueRequired":true,"valueName":"search_term_string"}}],"inLanguage":"ru-RU"},{"@type":"Organization","@id":"https:\/\/kingimeister.ee\/#organization","name":"Kingimeister.ee - Kingituste E-pood","url":"https:\/\/kingimeister.ee\/","logo":{"@type":"ImageObject","inLanguage":"ru-RU","@id":"https:\/\/kingimeister.ee\/#\/schema\/logo\/image\/","url":"https:\/\/kingimeister.ee\/wp-content\/uploads\/2026\/03\/Logo-e1773259902867.png","contentUrl":"https:\/\/kingimeister.ee\/wp-content\/uploads\/2026\/03\/Logo-e1773259902867.png","width":1443,"height":237,"caption":"Kingimeister.ee - Kingituste E-pood"},"image":{"@id":"https:\/\/kingimeister.ee\/#\/schema\/logo\/image\/"}}]}},"jetpack_sharing_enabled":true,"_links":{"self":[{"href":"https:\/\/kingimeister.ee\/ru\/wp-json\/wp\/v2\/product\/29803","targetHints":{"allow":["GET"]}}],"collection":[{"href":"https:\/\/kingimeister.ee\/ru\/wp-json\/wp\/v2\/product"}],"about":[{"href":"https:\/\/kingimeister.ee\/ru\/wp-json\/wp\/v2\/types\/product"}],"replies":[{"embeddable":true,"href":"https:\/\/kingimeister.ee\/ru\/wp-json\/wp\/v2\/comments?post=29803"}],"version-history":[{"count":2,"href":"https:\/\/kingimeister.ee\/ru\/wp-json\/wp\/v2\/product\/29803\/revisions"}],"predecessor-version":[{"id":29865,"href":"https:\/\/kingimeister.ee\/ru\/wp-json\/wp\/v2\/product\/29803\/revisions\/29865"}],"wp:featuredmedia":[{"embeddable":true,"href":"https:\/\/kingimeister.ee\/ru\/wp-json\/wp\/v2\/media\/29804"}],"wp:attachment":[{"href":"https:\/\/kingimeister.ee\/ru\/wp-json\/wp\/v2\/media?parent=29803"}],"wp:term":[{"taxonomy":"product_brand","embeddable":true,"href":"https:\/\/kingimeister.ee\/ru\/wp-json\/wp\/v2\/product_brand?post=29803"},{"taxonomy":"product_cat","embeddable":true,"href":"https:\/\/kingimeister.ee\/ru\/wp-json\/wp\/v2\/product_cat?post=29803"},{"taxonomy":"product_tag","embeddable":true,"href":"https:\/\/kingimeister.ee\/ru\/wp-json\/wp\/v2\/product_tag?post=29803"}],"curies":[{"name":"wp","href":"https:\/\/api.w.org\/{rel}","templated":true}]}}