{"id":29806,"date":"2026-03-18T15:35:59","date_gmt":"2026-03-18T13:35:59","guid":{"rendered":"https:\/\/kingimeister.ee\/?post_type=product&#038;p=29806"},"modified":"2026-03-21T11:55:28","modified_gmt":"2026-03-21T09:55:28","slug":"tass-emale-ill-have-a-double-shot","status":"publish","type":"product","link":"https:\/\/kingimeister.ee\/ru\/tass-emale-ill-have-a-double-shot\/","title":{"rendered":"Tass emale &#8221;i&#8217;ll have a double shot&#8230;&#8221;"},"content":{"rendered":"<p data-start=\"100\" data-end=\"314\">Humoorikas ja stiilne tass \u201cI\u2019ll have a double shot of whatever my kids are on!\u201d on ideaalne kingitus emale, kes hindab head huumorit ja kohvi. Pilkup\u00fc\u00fcdev disain ja l\u00f5bus s\u00f5num muudavad iga p\u00e4eva veidi r\u00f5\u00f5msamaks.<\/p>","protected":false},"excerpt":{"rendered":"<p data-start=\"100\" data-end=\"314\">Humoorikas ja stiilne tass \u201cI\u2019ll have a double shot of whatever my kids are on!\u201d on ideaalne kingitus emale, kes hindab head huumorit ja kohvi. Pilkup\u00fc\u00fcdev disain ja l\u00f5bus s\u00f5num muudavad iga p\u00e4eva veidi r\u00f5\u00f5msamaks.<\/p>","protected":false},"featured_media":29807,"comment_status":"open","ping_status":"closed","template":"","meta":[],"product_brand":[],"product_cat":[170,163,234,173,166],"product_tag":[244,247,83,251],"class_list":{"0":"post-29806","1":"product","2":"type-product","3":"status-publish","4":"has-post-thumbnail","6":"product_cat-kingitused-emale","7":"product_cat-kingitused-naistele","8":"product_cat-kingitused-naistepaevaks","9":"product_cat-tassid-emale","10":"product_cat-tassid-naistele","11":"product_tag-emadepaev","12":"product_tag-emale","13":"product_tag-kruus","14":"product_tag-tass-emale","16":"first","17":"instock","18":"sale","19":"taxable","20":"shipping-taxable","21":"purchasable","22":"product-type-simple"},"yoast_head":"<!-- This site is optimized with the Yoast SEO Premium plugin v27.1 (Yoast SEO v27.3) - https:\/\/yoast.com\/product\/yoast-seo-premium-wordpress\/ -->\n<title>Tass emale \u201cI\u2019ll have a double shot\u2026\u201d \u2013 humoorikas kingitus | Kingimeister.ee<\/title>\n<meta name=\"description\" content=\"Naljakas tass emale \u201cI\u2019ll have a double shot of whatever my kids are on!\u201d. Ideaalne kingitus emale, kes armastab huumorit ja kohvi.\" \/>\n<meta name=\"robots\" content=\"index, follow, max-snippet:-1, max-image-preview:large, max-video-preview:-1\" \/>\n<link rel=\"canonical\" href=\"https:\/\/kingimeister.ee\/ru\/tass-emale-ill-have-a-double-shot\/\" \/>\n<meta property=\"og:locale\" content=\"ru_RU\" \/>\n<meta property=\"og:type\" content=\"article\" \/>\n<meta property=\"og:title\" content=\"Tass emale &#039;&#039;i&#039;ll have a double shot...&#039;&#039;\" \/>\n<meta property=\"og:description\" content=\"Naljakas tass emale \u201cI\u2019ll have a double shot of whatever my kids are on!\u201d. Ideaalne kingitus emale, kes armastab huumorit ja kohvi.\" \/>\n<meta property=\"og:url\" content=\"https:\/\/kingimeister.ee\/ru\/tass-emale-ill-have-a-double-shot\/\" \/>\n<meta property=\"og:site_name\" content=\"Kingimeister.ee - Kingituste E-pood\" \/>\n<meta property=\"article:modified_time\" content=\"2026-03-21T09:55:28+00:00\" \/>\n<meta property=\"og:image\" content=\"https:\/\/kingimeister.ee\/wp-content\/uploads\/2026\/03\/Tass-emale-ill-have-a-double-shot.png\" \/>\n\t<meta property=\"og:image:width\" content=\"640\" \/>\n\t<meta property=\"og:image:height\" content=\"640\" \/>\n\t<meta property=\"og:image:type\" content=\"image\/png\" \/>\n<meta name=\"twitter:card\" content=\"summary_large_image\" \/>\n<meta name=\"twitter:label1\" content=\"\u041f\u0440\u0438\u043c\u0435\u0440\u043d\u043e\u0435 \u0432\u0440\u0435\u043c\u044f \u0434\u043b\u044f \u0447\u0442\u0435\u043d\u0438\u044f\" \/>\n\t<meta name=\"twitter:data1\" content=\"1 \u043c\u0438\u043d\u0443\u0442\u0430\" \/>\n<script type=\"application\/ld+json\" class=\"yoast-schema-graph\">{\"@context\":\"https:\\\/\\\/schema.org\",\"@graph\":[{\"@type\":\"WebPage\",\"@id\":\"https:\\\/\\\/kingimeister.ee\\\/tass-emale-ill-have-a-double-shot\\\/\",\"url\":\"https:\\\/\\\/kingimeister.ee\\\/tass-emale-ill-have-a-double-shot\\\/\",\"name\":\"Tass emale \u201cI\u2019ll have a double shot\u2026\u201d \u2013 humoorikas kingitus | Kingimeister.ee\",\"isPartOf\":{\"@id\":\"https:\\\/\\\/kingimeister.ee\\\/#website\"},\"primaryImageOfPage\":{\"@id\":\"https:\\\/\\\/kingimeister.ee\\\/tass-emale-ill-have-a-double-shot\\\/#primaryimage\"},\"image\":{\"@id\":\"https:\\\/\\\/kingimeister.ee\\\/tass-emale-ill-have-a-double-shot\\\/#primaryimage\"},\"thumbnailUrl\":\"https:\\\/\\\/i0.wp.com\\\/kingimeister.ee\\\/wp-content\\\/uploads\\\/2026\\\/03\\\/Tass-emale-ill-have-a-double-shot.png?fit=640%2C640&ssl=1\",\"datePublished\":\"2026-03-18T13:35:59+00:00\",\"dateModified\":\"2026-03-21T09:55:28+00:00\",\"description\":\"Naljakas tass emale \u201cI\u2019ll have a double shot of whatever my kids are on!\u201d. Ideaalne kingitus emale, kes armastab huumorit ja kohvi.\",\"breadcrumb\":{\"@id\":\"https:\\\/\\\/kingimeister.ee\\\/tass-emale-ill-have-a-double-shot\\\/#breadcrumb\"},\"inLanguage\":\"ru-RU\",\"potentialAction\":[{\"@type\":\"ReadAction\",\"target\":[\"https:\\\/\\\/kingimeister.ee\\\/tass-emale-ill-have-a-double-shot\\\/\"]}]},{\"@type\":\"ImageObject\",\"inLanguage\":\"ru-RU\",\"@id\":\"https:\\\/\\\/kingimeister.ee\\\/tass-emale-ill-have-a-double-shot\\\/#primaryimage\",\"url\":\"https:\\\/\\\/i0.wp.com\\\/kingimeister.ee\\\/wp-content\\\/uploads\\\/2026\\\/03\\\/Tass-emale-ill-have-a-double-shot.png?fit=640%2C640&ssl=1\",\"contentUrl\":\"https:\\\/\\\/i0.wp.com\\\/kingimeister.ee\\\/wp-content\\\/uploads\\\/2026\\\/03\\\/Tass-emale-ill-have-a-double-shot.png?fit=640%2C640&ssl=1\",\"width\":640,\"height\":640},{\"@type\":\"BreadcrumbList\",\"@id\":\"https:\\\/\\\/kingimeister.ee\\\/tass-emale-ill-have-a-double-shot\\\/#breadcrumb\",\"itemListElement\":[{\"@type\":\"ListItem\",\"position\":1,\"name\":\"Home\",\"item\":\"https:\\\/\\\/kingimeister.ee\\\/\"},{\"@type\":\"ListItem\",\"position\":2,\"name\":\"Kingitused\",\"item\":\"https:\\\/\\\/kingimeister.ee\\\/kingitused\\\/\"},{\"@type\":\"ListItem\",\"position\":3,\"name\":\"Tass emale &#8221;i&#8217;ll have a double shot&#8230;&#8221;\"}]},{\"@type\":\"WebSite\",\"@id\":\"https:\\\/\\\/kingimeister.ee\\\/#website\",\"url\":\"https:\\\/\\\/kingimeister.ee\\\/\",\"name\":\"Kingimeister.ee - Kingituste E-pood\",\"description\":\"\",\"publisher\":{\"@id\":\"https:\\\/\\\/kingimeister.ee\\\/#organization\"},\"potentialAction\":[{\"@type\":\"SearchAction\",\"target\":{\"@type\":\"EntryPoint\",\"urlTemplate\":\"https:\\\/\\\/kingimeister.ee\\\/?s={search_term_string}\"},\"query-input\":{\"@type\":\"PropertyValueSpecification\",\"valueRequired\":true,\"valueName\":\"search_term_string\"}}],\"inLanguage\":\"ru-RU\"},{\"@type\":\"Organization\",\"@id\":\"https:\\\/\\\/kingimeister.ee\\\/#organization\",\"name\":\"Kingimeister.ee - Kingituste E-pood\",\"url\":\"https:\\\/\\\/kingimeister.ee\\\/\",\"logo\":{\"@type\":\"ImageObject\",\"inLanguage\":\"ru-RU\",\"@id\":\"https:\\\/\\\/kingimeister.ee\\\/#\\\/schema\\\/logo\\\/image\\\/\",\"url\":\"https:\\\/\\\/kingimeister.ee\\\/wp-content\\\/uploads\\\/2026\\\/03\\\/Logo-e1773259902867.png\",\"contentUrl\":\"https:\\\/\\\/kingimeister.ee\\\/wp-content\\\/uploads\\\/2026\\\/03\\\/Logo-e1773259902867.png\",\"width\":1443,\"height\":237,\"caption\":\"Kingimeister.ee - Kingituste E-pood\"},\"image\":{\"@id\":\"https:\\\/\\\/kingimeister.ee\\\/#\\\/schema\\\/logo\\\/image\\\/\"}}]}<\/script>\n<!-- \/ Yoast SEO Premium plugin. -->","yoast_head_json":{"title":"Tass emale \u201cI\u2019ll have a double shot\u2026\u201d \u2013 humoorikas kingitus | Kingimeister.ee","description":"Naljakas tass emale \u201cI\u2019ll have a double shot of whatever my kids are on!\u201d. Ideaalne kingitus emale, kes armastab huumorit ja kohvi.","robots":{"index":"index","follow":"follow","max-snippet":"max-snippet:-1","max-image-preview":"max-image-preview:large","max-video-preview":"max-video-preview:-1"},"canonical":"https:\/\/kingimeister.ee\/ru\/tass-emale-ill-have-a-double-shot\/","og_locale":"ru_RU","og_type":"article","og_title":"Tass emale ''i'll have a double shot...''","og_description":"Naljakas tass emale \u201cI\u2019ll have a double shot of whatever my kids are on!\u201d. Ideaalne kingitus emale, kes armastab huumorit ja kohvi.","og_url":"https:\/\/kingimeister.ee\/ru\/tass-emale-ill-have-a-double-shot\/","og_site_name":"Kingimeister.ee - Kingituste E-pood","article_modified_time":"2026-03-21T09:55:28+00:00","og_image":[{"width":640,"height":640,"url":"https:\/\/kingimeister.ee\/wp-content\/uploads\/2026\/03\/Tass-emale-ill-have-a-double-shot.png","type":"image\/png"}],"twitter_card":"summary_large_image","twitter_misc":{"\u041f\u0440\u0438\u043c\u0435\u0440\u043d\u043e\u0435 \u0432\u0440\u0435\u043c\u044f \u0434\u043b\u044f \u0447\u0442\u0435\u043d\u0438\u044f":"1 \u043c\u0438\u043d\u0443\u0442\u0430"},"schema":{"@context":"https:\/\/schema.org","@graph":[{"@type":"WebPage","@id":"https:\/\/kingimeister.ee\/tass-emale-ill-have-a-double-shot\/","url":"https:\/\/kingimeister.ee\/tass-emale-ill-have-a-double-shot\/","name":"Tass emale \u201cI\u2019ll have a double shot\u2026\u201d \u2013 humoorikas kingitus | Kingimeister.ee","isPartOf":{"@id":"https:\/\/kingimeister.ee\/#website"},"primaryImageOfPage":{"@id":"https:\/\/kingimeister.ee\/tass-emale-ill-have-a-double-shot\/#primaryimage"},"image":{"@id":"https:\/\/kingimeister.ee\/tass-emale-ill-have-a-double-shot\/#primaryimage"},"thumbnailUrl":"https:\/\/i0.wp.com\/kingimeister.ee\/wp-content\/uploads\/2026\/03\/Tass-emale-ill-have-a-double-shot.png?fit=640%2C640&ssl=1","datePublished":"2026-03-18T13:35:59+00:00","dateModified":"2026-03-21T09:55:28+00:00","description":"Naljakas tass emale \u201cI\u2019ll have a double shot of whatever my kids are on!\u201d. Ideaalne kingitus emale, kes armastab huumorit ja kohvi.","breadcrumb":{"@id":"https:\/\/kingimeister.ee\/tass-emale-ill-have-a-double-shot\/#breadcrumb"},"inLanguage":"ru-RU","potentialAction":[{"@type":"ReadAction","target":["https:\/\/kingimeister.ee\/tass-emale-ill-have-a-double-shot\/"]}]},{"@type":"ImageObject","inLanguage":"ru-RU","@id":"https:\/\/kingimeister.ee\/tass-emale-ill-have-a-double-shot\/#primaryimage","url":"https:\/\/i0.wp.com\/kingimeister.ee\/wp-content\/uploads\/2026\/03\/Tass-emale-ill-have-a-double-shot.png?fit=640%2C640&ssl=1","contentUrl":"https:\/\/i0.wp.com\/kingimeister.ee\/wp-content\/uploads\/2026\/03\/Tass-emale-ill-have-a-double-shot.png?fit=640%2C640&ssl=1","width":640,"height":640},{"@type":"BreadcrumbList","@id":"https:\/\/kingimeister.ee\/tass-emale-ill-have-a-double-shot\/#breadcrumb","itemListElement":[{"@type":"ListItem","position":1,"name":"Home","item":"https:\/\/kingimeister.ee\/"},{"@type":"ListItem","position":2,"name":"Kingitused","item":"https:\/\/kingimeister.ee\/kingitused\/"},{"@type":"ListItem","position":3,"name":"Tass emale &#8221;i&#8217;ll have a double shot&#8230;&#8221;"}]},{"@type":"WebSite","@id":"https:\/\/kingimeister.ee\/#website","url":"https:\/\/kingimeister.ee\/","name":"Kingimeister.ee - Kingituste E-pood","description":"","publisher":{"@id":"https:\/\/kingimeister.ee\/#organization"},"potentialAction":[{"@type":"SearchAction","target":{"@type":"EntryPoint","urlTemplate":"https:\/\/kingimeister.ee\/?s={search_term_string}"},"query-input":{"@type":"PropertyValueSpecification","valueRequired":true,"valueName":"search_term_string"}}],"inLanguage":"ru-RU"},{"@type":"Organization","@id":"https:\/\/kingimeister.ee\/#organization","name":"Kingimeister.ee - Kingituste E-pood","url":"https:\/\/kingimeister.ee\/","logo":{"@type":"ImageObject","inLanguage":"ru-RU","@id":"https:\/\/kingimeister.ee\/#\/schema\/logo\/image\/","url":"https:\/\/kingimeister.ee\/wp-content\/uploads\/2026\/03\/Logo-e1773259902867.png","contentUrl":"https:\/\/kingimeister.ee\/wp-content\/uploads\/2026\/03\/Logo-e1773259902867.png","width":1443,"height":237,"caption":"Kingimeister.ee - Kingituste E-pood"},"image":{"@id":"https:\/\/kingimeister.ee\/#\/schema\/logo\/image\/"}}]}},"jetpack_sharing_enabled":true,"_links":{"self":[{"href":"https:\/\/kingimeister.ee\/ru\/wp-json\/wp\/v2\/product\/29806","targetHints":{"allow":["GET"]}}],"collection":[{"href":"https:\/\/kingimeister.ee\/ru\/wp-json\/wp\/v2\/product"}],"about":[{"href":"https:\/\/kingimeister.ee\/ru\/wp-json\/wp\/v2\/types\/product"}],"replies":[{"embeddable":true,"href":"https:\/\/kingimeister.ee\/ru\/wp-json\/wp\/v2\/comments?post=29806"}],"version-history":[{"count":1,"href":"https:\/\/kingimeister.ee\/ru\/wp-json\/wp\/v2\/product\/29806\/revisions"}],"predecessor-version":[{"id":29808,"href":"https:\/\/kingimeister.ee\/ru\/wp-json\/wp\/v2\/product\/29806\/revisions\/29808"}],"wp:featuredmedia":[{"embeddable":true,"href":"https:\/\/kingimeister.ee\/ru\/wp-json\/wp\/v2\/media\/29807"}],"wp:attachment":[{"href":"https:\/\/kingimeister.ee\/ru\/wp-json\/wp\/v2\/media?parent=29806"}],"wp:term":[{"taxonomy":"product_brand","embeddable":true,"href":"https:\/\/kingimeister.ee\/ru\/wp-json\/wp\/v2\/product_brand?post=29806"},{"taxonomy":"product_cat","embeddable":true,"href":"https:\/\/kingimeister.ee\/ru\/wp-json\/wp\/v2\/product_cat?post=29806"},{"taxonomy":"product_tag","embeddable":true,"href":"https:\/\/kingimeister.ee\/ru\/wp-json\/wp\/v2\/product_tag?post=29806"}],"curies":[{"name":"wp","href":"https:\/\/api.w.org\/{rel}","templated":true}]}}