{"id":29812,"date":"2026-03-18T15:48:01","date_gmt":"2026-03-18T13:48:01","guid":{"rendered":"https:\/\/kingimeister.ee\/?post_type=product&#038;p=29812"},"modified":"2026-03-21T11:55:44","modified_gmt":"2026-03-21T09:55:44","slug":"tass-emale-i-love-mommy","status":"publish","type":"product","link":"https:\/\/kingimeister.ee\/ru\/tass-emale-i-love-mommy\/","title":{"rendered":"Tass emale &#8221;i love mommy&#8221;"},"content":{"rendered":"<p data-start=\"318\" data-end=\"510\">Tass \u201cI love mommy\u201d on eriline kingitus, mis s\u00fcmboliseerib lapse ja ema vahelist armastust. L\u00f5bus ja soe illustratsioon, mis meenutab lapse joonistust, loob emotsionaalse ja isikliku v\u00e4\u00e4rtuse.<\/p>\n<p data-start=\"512\" data-end=\"674\">See tass sobib ideaalselt emadep\u00e4evaks, s\u00fcnnip\u00e4evaks v\u00f5i lihtsalt armsaks \u00fcllatuseks. Iga lonks kohvi v\u00f5i teed tuletab emale meelde, kui kallis ta oma lapsele on.<\/p>\n<p data-start=\"676\" data-end=\"789\">Kvaliteetsest keraamikast valmistatud tass on vastupidav ning sobib igap\u00e4evaseks kasutamiseks nii kodus kui t\u00f6\u00f6l.<\/p>","protected":false},"excerpt":{"rendered":"<p data-start=\"318\" data-end=\"510\">Tass \u201cI love mommy\u201d on eriline kingitus, mis s\u00fcmboliseerib lapse ja ema vahelist armastust. L\u00f5bus ja soe illustratsioon, mis meenutab lapse joonistust, loob emotsionaalse ja isikliku v\u00e4\u00e4rtuse.<\/p>\n<p data-start=\"512\" data-end=\"674\">See tass sobib ideaalselt emadep\u00e4evaks, s\u00fcnnip\u00e4evaks v\u00f5i lihtsalt armsaks \u00fcllatuseks. Iga lonks kohvi v\u00f5i teed tuletab emale meelde, kui kallis ta oma lapsele on.<\/p>\n<p data-start=\"676\" data-end=\"789\">Kvaliteetsest keraamikast valmistatud tass on vastupidav ning sobib igap\u00e4evaseks kasutamiseks nii kodus kui t\u00f6\u00f6l.<\/p>","protected":false},"featured_media":29813,"comment_status":"open","ping_status":"closed","template":"","meta":[],"product_brand":[],"product_cat":[170,173,166],"product_tag":[252,244,253,254,251],"class_list":{"0":"post-29812","1":"product","2":"type-product","3":"status-publish","4":"has-post-thumbnail","6":"product_cat-kingitused-emale","7":"product_cat-tassid-emale","8":"product_cat-tassid-naistele","9":"product_tag-ema","10":"product_tag-emadepaev","11":"product_tag-emme","12":"product_tag-kruus-emale","13":"product_tag-tass-emale","15":"first","16":"instock","17":"sale","18":"taxable","19":"shipping-taxable","20":"purchasable","21":"product-type-simple"},"yoast_head":"<!-- This site is optimized with the Yoast SEO Premium plugin v27.1 (Yoast SEO v27.3) - https:\/\/yoast.com\/product\/yoast-seo-premium-wordpress\/ -->\n<title>Tass emale \u201cI love mommy\u201d \u2013 armas kingitus emale | Kingimeister.ee<\/title>\n<meta name=\"description\" content=\"Armas tass emale \u201cI love mommy\u201d. Ideaalne kingitus emale, mis v\u00e4ljendab lapse armastust ja toob r\u00f5\u00f5mu igasse p\u00e4eva.\" \/>\n<meta name=\"robots\" content=\"index, follow, max-snippet:-1, max-image-preview:large, max-video-preview:-1\" \/>\n<link rel=\"canonical\" href=\"https:\/\/kingimeister.ee\/ru\/tass-emale-i-love-mommy\/\" \/>\n<meta property=\"og:locale\" content=\"ru_RU\" \/>\n<meta property=\"og:type\" content=\"article\" \/>\n<meta property=\"og:title\" content=\"Tass emale &#039;&#039;i love mommy&#039;&#039;\" \/>\n<meta property=\"og:description\" content=\"Armas tass emale \u201cI love mommy\u201d. Ideaalne kingitus emale, mis v\u00e4ljendab lapse armastust ja toob r\u00f5\u00f5mu igasse p\u00e4eva.\" \/>\n<meta property=\"og:url\" content=\"https:\/\/kingimeister.ee\/ru\/tass-emale-i-love-mommy\/\" \/>\n<meta property=\"og:site_name\" content=\"Kingimeister.ee - Kingituste E-pood\" \/>\n<meta property=\"article:modified_time\" content=\"2026-03-21T09:55:44+00:00\" \/>\n<meta property=\"og:image\" content=\"https:\/\/kingimeister.ee\/wp-content\/uploads\/2026\/03\/Tass-emale-i-love-mommy.png\" \/>\n\t<meta property=\"og:image:width\" content=\"640\" \/>\n\t<meta property=\"og:image:height\" content=\"640\" \/>\n\t<meta property=\"og:image:type\" content=\"image\/png\" \/>\n<meta name=\"twitter:card\" content=\"summary_large_image\" \/>\n<meta name=\"twitter:label1\" content=\"\u041f\u0440\u0438\u043c\u0435\u0440\u043d\u043e\u0435 \u0432\u0440\u0435\u043c\u044f \u0434\u043b\u044f \u0447\u0442\u0435\u043d\u0438\u044f\" \/>\n\t<meta name=\"twitter:data1\" content=\"1 \u043c\u0438\u043d\u0443\u0442\u0430\" \/>\n<script type=\"application\/ld+json\" class=\"yoast-schema-graph\">{\"@context\":\"https:\\\/\\\/schema.org\",\"@graph\":[{\"@type\":\"WebPage\",\"@id\":\"https:\\\/\\\/kingimeister.ee\\\/tass-emale-i-love-mommy\\\/\",\"url\":\"https:\\\/\\\/kingimeister.ee\\\/tass-emale-i-love-mommy\\\/\",\"name\":\"Tass emale \u201cI love mommy\u201d \u2013 armas kingitus emale | Kingimeister.ee\",\"isPartOf\":{\"@id\":\"https:\\\/\\\/kingimeister.ee\\\/#website\"},\"primaryImageOfPage\":{\"@id\":\"https:\\\/\\\/kingimeister.ee\\\/tass-emale-i-love-mommy\\\/#primaryimage\"},\"image\":{\"@id\":\"https:\\\/\\\/kingimeister.ee\\\/tass-emale-i-love-mommy\\\/#primaryimage\"},\"thumbnailUrl\":\"https:\\\/\\\/i0.wp.com\\\/kingimeister.ee\\\/wp-content\\\/uploads\\\/2026\\\/03\\\/Tass-emale-i-love-mommy.png?fit=640%2C640&ssl=1\",\"datePublished\":\"2026-03-18T13:48:01+00:00\",\"dateModified\":\"2026-03-21T09:55:44+00:00\",\"description\":\"Armas tass emale \u201cI love mommy\u201d. Ideaalne kingitus emale, mis v\u00e4ljendab lapse armastust ja toob r\u00f5\u00f5mu igasse p\u00e4eva.\",\"breadcrumb\":{\"@id\":\"https:\\\/\\\/kingimeister.ee\\\/tass-emale-i-love-mommy\\\/#breadcrumb\"},\"inLanguage\":\"ru-RU\",\"potentialAction\":[{\"@type\":\"ReadAction\",\"target\":[\"https:\\\/\\\/kingimeister.ee\\\/tass-emale-i-love-mommy\\\/\"]}]},{\"@type\":\"ImageObject\",\"inLanguage\":\"ru-RU\",\"@id\":\"https:\\\/\\\/kingimeister.ee\\\/tass-emale-i-love-mommy\\\/#primaryimage\",\"url\":\"https:\\\/\\\/i0.wp.com\\\/kingimeister.ee\\\/wp-content\\\/uploads\\\/2026\\\/03\\\/Tass-emale-i-love-mommy.png?fit=640%2C640&ssl=1\",\"contentUrl\":\"https:\\\/\\\/i0.wp.com\\\/kingimeister.ee\\\/wp-content\\\/uploads\\\/2026\\\/03\\\/Tass-emale-i-love-mommy.png?fit=640%2C640&ssl=1\",\"width\":640,\"height\":640},{\"@type\":\"BreadcrumbList\",\"@id\":\"https:\\\/\\\/kingimeister.ee\\\/tass-emale-i-love-mommy\\\/#breadcrumb\",\"itemListElement\":[{\"@type\":\"ListItem\",\"position\":1,\"name\":\"Home\",\"item\":\"https:\\\/\\\/kingimeister.ee\\\/\"},{\"@type\":\"ListItem\",\"position\":2,\"name\":\"Kingitused\",\"item\":\"https:\\\/\\\/kingimeister.ee\\\/kingitused\\\/\"},{\"@type\":\"ListItem\",\"position\":3,\"name\":\"Tass emale &#8221;i love mommy&#8221;\"}]},{\"@type\":\"WebSite\",\"@id\":\"https:\\\/\\\/kingimeister.ee\\\/#website\",\"url\":\"https:\\\/\\\/kingimeister.ee\\\/\",\"name\":\"Kingimeister.ee - Kingituste E-pood\",\"description\":\"\",\"publisher\":{\"@id\":\"https:\\\/\\\/kingimeister.ee\\\/#organization\"},\"potentialAction\":[{\"@type\":\"SearchAction\",\"target\":{\"@type\":\"EntryPoint\",\"urlTemplate\":\"https:\\\/\\\/kingimeister.ee\\\/?s={search_term_string}\"},\"query-input\":{\"@type\":\"PropertyValueSpecification\",\"valueRequired\":true,\"valueName\":\"search_term_string\"}}],\"inLanguage\":\"ru-RU\"},{\"@type\":\"Organization\",\"@id\":\"https:\\\/\\\/kingimeister.ee\\\/#organization\",\"name\":\"Kingimeister.ee - Kingituste E-pood\",\"url\":\"https:\\\/\\\/kingimeister.ee\\\/\",\"logo\":{\"@type\":\"ImageObject\",\"inLanguage\":\"ru-RU\",\"@id\":\"https:\\\/\\\/kingimeister.ee\\\/#\\\/schema\\\/logo\\\/image\\\/\",\"url\":\"https:\\\/\\\/kingimeister.ee\\\/wp-content\\\/uploads\\\/2026\\\/03\\\/Logo-e1773259902867.png\",\"contentUrl\":\"https:\\\/\\\/kingimeister.ee\\\/wp-content\\\/uploads\\\/2026\\\/03\\\/Logo-e1773259902867.png\",\"width\":1443,\"height\":237,\"caption\":\"Kingimeister.ee - Kingituste E-pood\"},\"image\":{\"@id\":\"https:\\\/\\\/kingimeister.ee\\\/#\\\/schema\\\/logo\\\/image\\\/\"}}]}<\/script>\n<!-- \/ Yoast SEO Premium plugin. -->","yoast_head_json":{"title":"Tass emale \u201cI love mommy\u201d \u2013 armas kingitus emale | Kingimeister.ee","description":"Armas tass emale \u201cI love mommy\u201d. Ideaalne kingitus emale, mis v\u00e4ljendab lapse armastust ja toob r\u00f5\u00f5mu igasse p\u00e4eva.","robots":{"index":"index","follow":"follow","max-snippet":"max-snippet:-1","max-image-preview":"max-image-preview:large","max-video-preview":"max-video-preview:-1"},"canonical":"https:\/\/kingimeister.ee\/ru\/tass-emale-i-love-mommy\/","og_locale":"ru_RU","og_type":"article","og_title":"Tass emale ''i love mommy''","og_description":"Armas tass emale \u201cI love mommy\u201d. Ideaalne kingitus emale, mis v\u00e4ljendab lapse armastust ja toob r\u00f5\u00f5mu igasse p\u00e4eva.","og_url":"https:\/\/kingimeister.ee\/ru\/tass-emale-i-love-mommy\/","og_site_name":"Kingimeister.ee - Kingituste E-pood","article_modified_time":"2026-03-21T09:55:44+00:00","og_image":[{"width":640,"height":640,"url":"https:\/\/kingimeister.ee\/wp-content\/uploads\/2026\/03\/Tass-emale-i-love-mommy.png","type":"image\/png"}],"twitter_card":"summary_large_image","twitter_misc":{"\u041f\u0440\u0438\u043c\u0435\u0440\u043d\u043e\u0435 \u0432\u0440\u0435\u043c\u044f \u0434\u043b\u044f \u0447\u0442\u0435\u043d\u0438\u044f":"1 \u043c\u0438\u043d\u0443\u0442\u0430"},"schema":{"@context":"https:\/\/schema.org","@graph":[{"@type":"WebPage","@id":"https:\/\/kingimeister.ee\/tass-emale-i-love-mommy\/","url":"https:\/\/kingimeister.ee\/tass-emale-i-love-mommy\/","name":"Tass emale \u201cI love mommy\u201d \u2013 armas kingitus emale | Kingimeister.ee","isPartOf":{"@id":"https:\/\/kingimeister.ee\/#website"},"primaryImageOfPage":{"@id":"https:\/\/kingimeister.ee\/tass-emale-i-love-mommy\/#primaryimage"},"image":{"@id":"https:\/\/kingimeister.ee\/tass-emale-i-love-mommy\/#primaryimage"},"thumbnailUrl":"https:\/\/i0.wp.com\/kingimeister.ee\/wp-content\/uploads\/2026\/03\/Tass-emale-i-love-mommy.png?fit=640%2C640&ssl=1","datePublished":"2026-03-18T13:48:01+00:00","dateModified":"2026-03-21T09:55:44+00:00","description":"Armas tass emale \u201cI love mommy\u201d. Ideaalne kingitus emale, mis v\u00e4ljendab lapse armastust ja toob r\u00f5\u00f5mu igasse p\u00e4eva.","breadcrumb":{"@id":"https:\/\/kingimeister.ee\/tass-emale-i-love-mommy\/#breadcrumb"},"inLanguage":"ru-RU","potentialAction":[{"@type":"ReadAction","target":["https:\/\/kingimeister.ee\/tass-emale-i-love-mommy\/"]}]},{"@type":"ImageObject","inLanguage":"ru-RU","@id":"https:\/\/kingimeister.ee\/tass-emale-i-love-mommy\/#primaryimage","url":"https:\/\/i0.wp.com\/kingimeister.ee\/wp-content\/uploads\/2026\/03\/Tass-emale-i-love-mommy.png?fit=640%2C640&ssl=1","contentUrl":"https:\/\/i0.wp.com\/kingimeister.ee\/wp-content\/uploads\/2026\/03\/Tass-emale-i-love-mommy.png?fit=640%2C640&ssl=1","width":640,"height":640},{"@type":"BreadcrumbList","@id":"https:\/\/kingimeister.ee\/tass-emale-i-love-mommy\/#breadcrumb","itemListElement":[{"@type":"ListItem","position":1,"name":"Home","item":"https:\/\/kingimeister.ee\/"},{"@type":"ListItem","position":2,"name":"Kingitused","item":"https:\/\/kingimeister.ee\/kingitused\/"},{"@type":"ListItem","position":3,"name":"Tass emale &#8221;i love mommy&#8221;"}]},{"@type":"WebSite","@id":"https:\/\/kingimeister.ee\/#website","url":"https:\/\/kingimeister.ee\/","name":"Kingimeister.ee - Kingituste E-pood","description":"","publisher":{"@id":"https:\/\/kingimeister.ee\/#organization"},"potentialAction":[{"@type":"SearchAction","target":{"@type":"EntryPoint","urlTemplate":"https:\/\/kingimeister.ee\/?s={search_term_string}"},"query-input":{"@type":"PropertyValueSpecification","valueRequired":true,"valueName":"search_term_string"}}],"inLanguage":"ru-RU"},{"@type":"Organization","@id":"https:\/\/kingimeister.ee\/#organization","name":"Kingimeister.ee - Kingituste E-pood","url":"https:\/\/kingimeister.ee\/","logo":{"@type":"ImageObject","inLanguage":"ru-RU","@id":"https:\/\/kingimeister.ee\/#\/schema\/logo\/image\/","url":"https:\/\/kingimeister.ee\/wp-content\/uploads\/2026\/03\/Logo-e1773259902867.png","contentUrl":"https:\/\/kingimeister.ee\/wp-content\/uploads\/2026\/03\/Logo-e1773259902867.png","width":1443,"height":237,"caption":"Kingimeister.ee - Kingituste E-pood"},"image":{"@id":"https:\/\/kingimeister.ee\/#\/schema\/logo\/image\/"}}]}},"jetpack_sharing_enabled":true,"_links":{"self":[{"href":"https:\/\/kingimeister.ee\/ru\/wp-json\/wp\/v2\/product\/29812","targetHints":{"allow":["GET"]}}],"collection":[{"href":"https:\/\/kingimeister.ee\/ru\/wp-json\/wp\/v2\/product"}],"about":[{"href":"https:\/\/kingimeister.ee\/ru\/wp-json\/wp\/v2\/types\/product"}],"replies":[{"embeddable":true,"href":"https:\/\/kingimeister.ee\/ru\/wp-json\/wp\/v2\/comments?post=29812"}],"version-history":[{"count":1,"href":"https:\/\/kingimeister.ee\/ru\/wp-json\/wp\/v2\/product\/29812\/revisions"}],"predecessor-version":[{"id":29814,"href":"https:\/\/kingimeister.ee\/ru\/wp-json\/wp\/v2\/product\/29812\/revisions\/29814"}],"wp:featuredmedia":[{"embeddable":true,"href":"https:\/\/kingimeister.ee\/ru\/wp-json\/wp\/v2\/media\/29813"}],"wp:attachment":[{"href":"https:\/\/kingimeister.ee\/ru\/wp-json\/wp\/v2\/media?parent=29812"}],"wp:term":[{"taxonomy":"product_brand","embeddable":true,"href":"https:\/\/kingimeister.ee\/ru\/wp-json\/wp\/v2\/product_brand?post=29812"},{"taxonomy":"product_cat","embeddable":true,"href":"https:\/\/kingimeister.ee\/ru\/wp-json\/wp\/v2\/product_cat?post=29812"},{"taxonomy":"product_tag","embeddable":true,"href":"https:\/\/kingimeister.ee\/ru\/wp-json\/wp\/v2\/product_tag?post=29812"}],"curies":[{"name":"wp","href":"https:\/\/api.w.org\/{rel}","templated":true}]}}