{"id":29815,"date":"2026-03-18T16:06:27","date_gmt":"2026-03-18T14:06:27","guid":{"rendered":"https:\/\/kingimeister.ee\/?post_type=product&#038;p=29815"},"modified":"2026-03-21T11:54:51","modified_gmt":"2026-03-21T09:54:51","slug":"tass-emale-maailma-parim-ema","status":"publish","type":"product","link":"https:\/\/kingimeister.ee\/ru\/tass-emale-maailma-parim-ema\/","title":{"rendered":"Tass emale &#8221;Maailma parim ema&#8221;"},"content":{"rendered":"<p data-start=\"319\" data-end=\"518\">Tass \u201cMaailma parim ema\u201d on loodud selleks, et n\u00e4idata emale, kui v\u00e4ga teda hinnatakse. Stiilne ja ajatu disain koos kuldsete aktsentidega annab tassile luksusliku v\u00e4limuse, mis sobib igasse kodusse.<\/p>\n<p data-start=\"520\" data-end=\"704\">See tass on ideaalne kingitus emadep\u00e4evaks, s\u00fcnnip\u00e4evaks v\u00f5i lihtsalt t\u00e4nut\u00e4heks. Iga kord, kui ema sellest tassist joob, meenutab see talle tema t\u00e4htsat rolli ja armastust pere vastu.<\/p>\n<p data-start=\"706\" data-end=\"799\">Valmistatud kvaliteetsest keraamikast, on tass vastupidav ja sobib igap\u00e4evaseks kasutamiseks.<\/p>","protected":false},"excerpt":{"rendered":"<p data-start=\"319\" data-end=\"518\">Tass \u201cMaailma parim ema\u201d on loodud selleks, et n\u00e4idata emale, kui v\u00e4ga teda hinnatakse. Stiilne ja ajatu disain koos kuldsete aktsentidega annab tassile luksusliku v\u00e4limuse, mis sobib igasse kodusse.<\/p>\n<p data-start=\"520\" data-end=\"704\">See tass on ideaalne kingitus emadep\u00e4evaks, s\u00fcnnip\u00e4evaks v\u00f5i lihtsalt t\u00e4nut\u00e4heks. Iga kord, kui ema sellest tassist joob, meenutab see talle tema t\u00e4htsat rolli ja armastust pere vastu.<\/p>\n<p data-start=\"706\" data-end=\"799\">Valmistatud kvaliteetsest keraamikast, on tass vastupidav ja sobib igap\u00e4evaseks kasutamiseks.<\/p>","protected":false},"featured_media":29816,"comment_status":"open","ping_status":"closed","template":"","meta":[],"product_brand":[],"product_cat":[170,173],"product_tag":[252,244,256,253,254,255,251],"class_list":{"0":"post-29815","1":"product","2":"type-product","3":"status-publish","4":"has-post-thumbnail","6":"product_cat-kingitused-emale","7":"product_cat-tassid-emale","8":"product_tag-ema","9":"product_tag-emadepaev","10":"product_tag-emadepaeva-tass","11":"product_tag-emme","12":"product_tag-kruus-emale","13":"product_tag-maailma-parim-ema","14":"product_tag-tass-emale","16":"first","17":"instock","18":"sale","19":"taxable","20":"shipping-taxable","21":"purchasable","22":"product-type-simple"},"yoast_head":"<!-- This site is optimized with the Yoast SEO Premium plugin v27.1 (Yoast SEO v27.3) - https:\/\/yoast.com\/product\/yoast-seo-premium-wordpress\/ -->\n<title>Tass emale \u201cMaailma parim ema\u201d \u2013 ideaalne kingitus | Kingimeister.ee<\/title>\n<meta name=\"description\" content=\"Kaunis tass \u201cMaailma parim ema\u201d on ideaalne kingitus emale. Elegantne disain ja s\u00fcdamlik s\u00f5num muudavad selle eriliseks.\" \/>\n<meta name=\"robots\" content=\"index, follow, max-snippet:-1, max-image-preview:large, max-video-preview:-1\" \/>\n<link rel=\"canonical\" href=\"https:\/\/kingimeister.ee\/ru\/tass-emale-maailma-parim-ema\/\" \/>\n<meta property=\"og:locale\" content=\"ru_RU\" \/>\n<meta property=\"og:type\" content=\"article\" \/>\n<meta property=\"og:title\" content=\"Tass emale &#039;&#039;Maailma parim ema&#039;&#039;\" \/>\n<meta property=\"og:description\" content=\"Kaunis tass \u201cMaailma parim ema\u201d on ideaalne kingitus emale. Elegantne disain ja s\u00fcdamlik s\u00f5num muudavad selle eriliseks.\" \/>\n<meta property=\"og:url\" content=\"https:\/\/kingimeister.ee\/ru\/tass-emale-maailma-parim-ema\/\" \/>\n<meta property=\"og:site_name\" content=\"Kingimeister.ee - Kingituste E-pood\" \/>\n<meta property=\"article:modified_time\" content=\"2026-03-21T09:54:51+00:00\" \/>\n<meta property=\"og:image\" content=\"https:\/\/kingimeister.ee\/wp-content\/uploads\/2026\/03\/Tass-emale-Maailma-parim-ema.png\" \/>\n\t<meta property=\"og:image:width\" content=\"640\" \/>\n\t<meta property=\"og:image:height\" content=\"640\" \/>\n\t<meta property=\"og:image:type\" content=\"image\/png\" \/>\n<meta name=\"twitter:card\" content=\"summary_large_image\" \/>\n<meta name=\"twitter:label1\" content=\"\u041f\u0440\u0438\u043c\u0435\u0440\u043d\u043e\u0435 \u0432\u0440\u0435\u043c\u044f \u0434\u043b\u044f \u0447\u0442\u0435\u043d\u0438\u044f\" \/>\n\t<meta name=\"twitter:data1\" content=\"1 \u043c\u0438\u043d\u0443\u0442\u0430\" \/>\n<script type=\"application\/ld+json\" class=\"yoast-schema-graph\">{\"@context\":\"https:\\\/\\\/schema.org\",\"@graph\":[{\"@type\":\"WebPage\",\"@id\":\"https:\\\/\\\/kingimeister.ee\\\/tass-emale-maailma-parim-ema\\\/\",\"url\":\"https:\\\/\\\/kingimeister.ee\\\/tass-emale-maailma-parim-ema\\\/\",\"name\":\"Tass emale \u201cMaailma parim ema\u201d \u2013 ideaalne kingitus | Kingimeister.ee\",\"isPartOf\":{\"@id\":\"https:\\\/\\\/kingimeister.ee\\\/#website\"},\"primaryImageOfPage\":{\"@id\":\"https:\\\/\\\/kingimeister.ee\\\/tass-emale-maailma-parim-ema\\\/#primaryimage\"},\"image\":{\"@id\":\"https:\\\/\\\/kingimeister.ee\\\/tass-emale-maailma-parim-ema\\\/#primaryimage\"},\"thumbnailUrl\":\"https:\\\/\\\/i0.wp.com\\\/kingimeister.ee\\\/wp-content\\\/uploads\\\/2026\\\/03\\\/Tass-emale-Maailma-parim-ema.png?fit=640%2C640&ssl=1\",\"datePublished\":\"2026-03-18T14:06:27+00:00\",\"dateModified\":\"2026-03-21T09:54:51+00:00\",\"description\":\"Kaunis tass \u201cMaailma parim ema\u201d on ideaalne kingitus emale. Elegantne disain ja s\u00fcdamlik s\u00f5num muudavad selle eriliseks.\",\"breadcrumb\":{\"@id\":\"https:\\\/\\\/kingimeister.ee\\\/tass-emale-maailma-parim-ema\\\/#breadcrumb\"},\"inLanguage\":\"ru-RU\",\"potentialAction\":[{\"@type\":\"ReadAction\",\"target\":[\"https:\\\/\\\/kingimeister.ee\\\/tass-emale-maailma-parim-ema\\\/\"]}]},{\"@type\":\"ImageObject\",\"inLanguage\":\"ru-RU\",\"@id\":\"https:\\\/\\\/kingimeister.ee\\\/tass-emale-maailma-parim-ema\\\/#primaryimage\",\"url\":\"https:\\\/\\\/i0.wp.com\\\/kingimeister.ee\\\/wp-content\\\/uploads\\\/2026\\\/03\\\/Tass-emale-Maailma-parim-ema.png?fit=640%2C640&ssl=1\",\"contentUrl\":\"https:\\\/\\\/i0.wp.com\\\/kingimeister.ee\\\/wp-content\\\/uploads\\\/2026\\\/03\\\/Tass-emale-Maailma-parim-ema.png?fit=640%2C640&ssl=1\",\"width\":640,\"height\":640},{\"@type\":\"BreadcrumbList\",\"@id\":\"https:\\\/\\\/kingimeister.ee\\\/tass-emale-maailma-parim-ema\\\/#breadcrumb\",\"itemListElement\":[{\"@type\":\"ListItem\",\"position\":1,\"name\":\"Home\",\"item\":\"https:\\\/\\\/kingimeister.ee\\\/\"},{\"@type\":\"ListItem\",\"position\":2,\"name\":\"Kingitused\",\"item\":\"https:\\\/\\\/kingimeister.ee\\\/kingitused\\\/\"},{\"@type\":\"ListItem\",\"position\":3,\"name\":\"Tass emale &#8221;Maailma parim ema&#8221;\"}]},{\"@type\":\"WebSite\",\"@id\":\"https:\\\/\\\/kingimeister.ee\\\/#website\",\"url\":\"https:\\\/\\\/kingimeister.ee\\\/\",\"name\":\"Kingimeister.ee - Kingituste E-pood\",\"description\":\"\",\"publisher\":{\"@id\":\"https:\\\/\\\/kingimeister.ee\\\/#organization\"},\"potentialAction\":[{\"@type\":\"SearchAction\",\"target\":{\"@type\":\"EntryPoint\",\"urlTemplate\":\"https:\\\/\\\/kingimeister.ee\\\/?s={search_term_string}\"},\"query-input\":{\"@type\":\"PropertyValueSpecification\",\"valueRequired\":true,\"valueName\":\"search_term_string\"}}],\"inLanguage\":\"ru-RU\"},{\"@type\":\"Organization\",\"@id\":\"https:\\\/\\\/kingimeister.ee\\\/#organization\",\"name\":\"Kingimeister.ee - Kingituste E-pood\",\"url\":\"https:\\\/\\\/kingimeister.ee\\\/\",\"logo\":{\"@type\":\"ImageObject\",\"inLanguage\":\"ru-RU\",\"@id\":\"https:\\\/\\\/kingimeister.ee\\\/#\\\/schema\\\/logo\\\/image\\\/\",\"url\":\"https:\\\/\\\/kingimeister.ee\\\/wp-content\\\/uploads\\\/2026\\\/03\\\/Logo-e1773259902867.png\",\"contentUrl\":\"https:\\\/\\\/kingimeister.ee\\\/wp-content\\\/uploads\\\/2026\\\/03\\\/Logo-e1773259902867.png\",\"width\":1443,\"height\":237,\"caption\":\"Kingimeister.ee - Kingituste E-pood\"},\"image\":{\"@id\":\"https:\\\/\\\/kingimeister.ee\\\/#\\\/schema\\\/logo\\\/image\\\/\"}}]}<\/script>\n<!-- \/ Yoast SEO Premium plugin. -->","yoast_head_json":{"title":"Tass emale \u201cMaailma parim ema\u201d \u2013 ideaalne kingitus | Kingimeister.ee","description":"Kaunis tass \u201cMaailma parim ema\u201d on ideaalne kingitus emale. Elegantne disain ja s\u00fcdamlik s\u00f5num muudavad selle eriliseks.","robots":{"index":"index","follow":"follow","max-snippet":"max-snippet:-1","max-image-preview":"max-image-preview:large","max-video-preview":"max-video-preview:-1"},"canonical":"https:\/\/kingimeister.ee\/ru\/tass-emale-maailma-parim-ema\/","og_locale":"ru_RU","og_type":"article","og_title":"Tass emale ''Maailma parim ema''","og_description":"Kaunis tass \u201cMaailma parim ema\u201d on ideaalne kingitus emale. Elegantne disain ja s\u00fcdamlik s\u00f5num muudavad selle eriliseks.","og_url":"https:\/\/kingimeister.ee\/ru\/tass-emale-maailma-parim-ema\/","og_site_name":"Kingimeister.ee - Kingituste E-pood","article_modified_time":"2026-03-21T09:54:51+00:00","og_image":[{"width":640,"height":640,"url":"https:\/\/kingimeister.ee\/wp-content\/uploads\/2026\/03\/Tass-emale-Maailma-parim-ema.png","type":"image\/png"}],"twitter_card":"summary_large_image","twitter_misc":{"\u041f\u0440\u0438\u043c\u0435\u0440\u043d\u043e\u0435 \u0432\u0440\u0435\u043c\u044f \u0434\u043b\u044f \u0447\u0442\u0435\u043d\u0438\u044f":"1 \u043c\u0438\u043d\u0443\u0442\u0430"},"schema":{"@context":"https:\/\/schema.org","@graph":[{"@type":"WebPage","@id":"https:\/\/kingimeister.ee\/tass-emale-maailma-parim-ema\/","url":"https:\/\/kingimeister.ee\/tass-emale-maailma-parim-ema\/","name":"Tass emale \u201cMaailma parim ema\u201d \u2013 ideaalne kingitus | Kingimeister.ee","isPartOf":{"@id":"https:\/\/kingimeister.ee\/#website"},"primaryImageOfPage":{"@id":"https:\/\/kingimeister.ee\/tass-emale-maailma-parim-ema\/#primaryimage"},"image":{"@id":"https:\/\/kingimeister.ee\/tass-emale-maailma-parim-ema\/#primaryimage"},"thumbnailUrl":"https:\/\/i0.wp.com\/kingimeister.ee\/wp-content\/uploads\/2026\/03\/Tass-emale-Maailma-parim-ema.png?fit=640%2C640&ssl=1","datePublished":"2026-03-18T14:06:27+00:00","dateModified":"2026-03-21T09:54:51+00:00","description":"Kaunis tass \u201cMaailma parim ema\u201d on ideaalne kingitus emale. Elegantne disain ja s\u00fcdamlik s\u00f5num muudavad selle eriliseks.","breadcrumb":{"@id":"https:\/\/kingimeister.ee\/tass-emale-maailma-parim-ema\/#breadcrumb"},"inLanguage":"ru-RU","potentialAction":[{"@type":"ReadAction","target":["https:\/\/kingimeister.ee\/tass-emale-maailma-parim-ema\/"]}]},{"@type":"ImageObject","inLanguage":"ru-RU","@id":"https:\/\/kingimeister.ee\/tass-emale-maailma-parim-ema\/#primaryimage","url":"https:\/\/i0.wp.com\/kingimeister.ee\/wp-content\/uploads\/2026\/03\/Tass-emale-Maailma-parim-ema.png?fit=640%2C640&ssl=1","contentUrl":"https:\/\/i0.wp.com\/kingimeister.ee\/wp-content\/uploads\/2026\/03\/Tass-emale-Maailma-parim-ema.png?fit=640%2C640&ssl=1","width":640,"height":640},{"@type":"BreadcrumbList","@id":"https:\/\/kingimeister.ee\/tass-emale-maailma-parim-ema\/#breadcrumb","itemListElement":[{"@type":"ListItem","position":1,"name":"Home","item":"https:\/\/kingimeister.ee\/"},{"@type":"ListItem","position":2,"name":"Kingitused","item":"https:\/\/kingimeister.ee\/kingitused\/"},{"@type":"ListItem","position":3,"name":"Tass emale &#8221;Maailma parim ema&#8221;"}]},{"@type":"WebSite","@id":"https:\/\/kingimeister.ee\/#website","url":"https:\/\/kingimeister.ee\/","name":"Kingimeister.ee - Kingituste E-pood","description":"","publisher":{"@id":"https:\/\/kingimeister.ee\/#organization"},"potentialAction":[{"@type":"SearchAction","target":{"@type":"EntryPoint","urlTemplate":"https:\/\/kingimeister.ee\/?s={search_term_string}"},"query-input":{"@type":"PropertyValueSpecification","valueRequired":true,"valueName":"search_term_string"}}],"inLanguage":"ru-RU"},{"@type":"Organization","@id":"https:\/\/kingimeister.ee\/#organization","name":"Kingimeister.ee - Kingituste E-pood","url":"https:\/\/kingimeister.ee\/","logo":{"@type":"ImageObject","inLanguage":"ru-RU","@id":"https:\/\/kingimeister.ee\/#\/schema\/logo\/image\/","url":"https:\/\/kingimeister.ee\/wp-content\/uploads\/2026\/03\/Logo-e1773259902867.png","contentUrl":"https:\/\/kingimeister.ee\/wp-content\/uploads\/2026\/03\/Logo-e1773259902867.png","width":1443,"height":237,"caption":"Kingimeister.ee - Kingituste E-pood"},"image":{"@id":"https:\/\/kingimeister.ee\/#\/schema\/logo\/image\/"}}]}},"jetpack_sharing_enabled":true,"_links":{"self":[{"href":"https:\/\/kingimeister.ee\/ru\/wp-json\/wp\/v2\/product\/29815","targetHints":{"allow":["GET"]}}],"collection":[{"href":"https:\/\/kingimeister.ee\/ru\/wp-json\/wp\/v2\/product"}],"about":[{"href":"https:\/\/kingimeister.ee\/ru\/wp-json\/wp\/v2\/types\/product"}],"replies":[{"embeddable":true,"href":"https:\/\/kingimeister.ee\/ru\/wp-json\/wp\/v2\/comments?post=29815"}],"version-history":[{"count":1,"href":"https:\/\/kingimeister.ee\/ru\/wp-json\/wp\/v2\/product\/29815\/revisions"}],"predecessor-version":[{"id":29817,"href":"https:\/\/kingimeister.ee\/ru\/wp-json\/wp\/v2\/product\/29815\/revisions\/29817"}],"wp:featuredmedia":[{"embeddable":true,"href":"https:\/\/kingimeister.ee\/ru\/wp-json\/wp\/v2\/media\/29816"}],"wp:attachment":[{"href":"https:\/\/kingimeister.ee\/ru\/wp-json\/wp\/v2\/media?parent=29815"}],"wp:term":[{"taxonomy":"product_brand","embeddable":true,"href":"https:\/\/kingimeister.ee\/ru\/wp-json\/wp\/v2\/product_brand?post=29815"},{"taxonomy":"product_cat","embeddable":true,"href":"https:\/\/kingimeister.ee\/ru\/wp-json\/wp\/v2\/product_cat?post=29815"},{"taxonomy":"product_tag","embeddable":true,"href":"https:\/\/kingimeister.ee\/ru\/wp-json\/wp\/v2\/product_tag?post=29815"}],"curies":[{"name":"wp","href":"https:\/\/api.w.org\/{rel}","templated":true}]}}