{"id":29824,"date":"2026-03-18T18:46:29","date_gmt":"2026-03-18T16:46:29","guid":{"rendered":"https:\/\/kingimeister.ee\/?post_type=product&#038;p=29824"},"modified":"2026-03-21T11:56:03","modified_gmt":"2026-03-21T09:56:03","slug":"tass-emale-aitah-et-olemas-oled","status":"publish","type":"product","link":"https:\/\/kingimeister.ee\/ru\/tass-emale-aitah-et-olemas-oled\/","title":{"rendered":"Tass emale &#8221;Ait\u00e4h, et olemas oled&#8221;"},"content":{"rendered":"<p data-start=\"129\" data-end=\"314\">See kaunis ja minimalistlik tass on s\u00fcdamlik viis \u00f6elda emale ait\u00e4h k\u00f5ige eest, mida ta teeb. Elegantse kirjaga s\u00f5num \u201eAit\u00e4h, et olemas oled\u201c lisab igale hommikule soojust ja t\u00e4hendust.<\/p>\n<p data-start=\"316\" data-end=\"534\">Tass sobib ideaalselt kingituseks emadep\u00e4evaks, s\u00fcnnip\u00e4evaks v\u00f5i lihtsalt armsaks \u00fcllatuseks igal ajal. Selle \u00f5rn disain ja neutraalne stiil sobivad igasse k\u00f6\u00f6ki ning muudavad iga tee- v\u00f5i kohvipausi eriliseks hetkeks.<\/p>","protected":false},"excerpt":{"rendered":"<p data-start=\"129\" data-end=\"314\">See kaunis ja minimalistlik tass on s\u00fcdamlik viis \u00f6elda emale ait\u00e4h k\u00f5ige eest, mida ta teeb. Elegantse kirjaga s\u00f5num \u201eAit\u00e4h, et olemas oled\u201c lisab igale hommikule soojust ja t\u00e4hendust.<\/p>\n<p data-start=\"316\" data-end=\"534\">Tass sobib ideaalselt kingituseks emadep\u00e4evaks, s\u00fcnnip\u00e4evaks v\u00f5i lihtsalt armsaks \u00fcllatuseks igal ajal. Selle \u00f5rn disain ja neutraalne stiil sobivad igasse k\u00f6\u00f6ki ning muudavad iga tee- v\u00f5i kohvipausi eriliseks hetkeks.<\/p>","protected":false},"featured_media":29825,"comment_status":"open","ping_status":"closed","template":"","meta":[],"product_brand":[],"product_cat":[170,173],"product_tag":[258,256,259,82,251],"class_list":{"0":"post-29824","1":"product","2":"type-product","3":"status-publish","4":"has-post-thumbnail","6":"product_cat-kingitused-emale","7":"product_cat-tassid-emale","8":"product_tag-emadepaeva-kingitus","9":"product_tag-emadepaeva-tass","10":"product_tag-kingitus","11":"product_tag-tass","12":"product_tag-tass-emale","14":"first","15":"instock","16":"sale","17":"taxable","18":"shipping-taxable","19":"purchasable","20":"product-type-simple"},"yoast_head":"<!-- This site is optimized with the Yoast SEO Premium plugin v27.1 (Yoast SEO v27.3) - https:\/\/yoast.com\/product\/yoast-seo-premium-wordpress\/ -->\n<title>Tass emale \u201eAit\u00e4h, et olemas oled\u201c \u2013 armas kingitus emale | Kingimeister.ee<\/title>\n<meta name=\"description\" content=\"Kaunis ja minimalistlik tass emale s\u00f5numiga \u201eAit\u00e4h, et olemas oled\u201c. Ideaalne kingitus emadep\u00e4evaks, s\u00fcnnip\u00e4evaks v\u00f5i lihtsalt armastuse n\u00e4itamiseks.\" \/>\n<meta name=\"robots\" content=\"index, follow, max-snippet:-1, max-image-preview:large, max-video-preview:-1\" \/>\n<link rel=\"canonical\" href=\"https:\/\/kingimeister.ee\/ru\/tass-emale-aitah-et-olemas-oled\/\" \/>\n<meta property=\"og:locale\" content=\"ru_RU\" \/>\n<meta property=\"og:type\" content=\"article\" \/>\n<meta property=\"og:title\" content=\"Tass emale &#039;&#039;Ait\u00e4h, et olemas oled&#039;&#039;\" \/>\n<meta property=\"og:description\" content=\"Kaunis ja minimalistlik tass emale s\u00f5numiga \u201eAit\u00e4h, et olemas oled\u201c. Ideaalne kingitus emadep\u00e4evaks, s\u00fcnnip\u00e4evaks v\u00f5i lihtsalt armastuse n\u00e4itamiseks.\" \/>\n<meta property=\"og:url\" content=\"https:\/\/kingimeister.ee\/ru\/tass-emale-aitah-et-olemas-oled\/\" \/>\n<meta property=\"og:site_name\" content=\"Kingimeister.ee - Kingituste E-pood\" \/>\n<meta property=\"article:modified_time\" content=\"2026-03-21T09:56:03+00:00\" \/>\n<meta property=\"og:image\" content=\"https:\/\/kingimeister.ee\/wp-content\/uploads\/2026\/03\/Tass-emale-Aitah-et-oled-olemas.png\" \/>\n\t<meta property=\"og:image:width\" content=\"1024\" \/>\n\t<meta property=\"og:image:height\" content=\"1024\" \/>\n\t<meta property=\"og:image:type\" content=\"image\/png\" \/>\n<meta name=\"twitter:card\" content=\"summary_large_image\" \/>\n<meta name=\"twitter:label1\" content=\"\u041f\u0440\u0438\u043c\u0435\u0440\u043d\u043e\u0435 \u0432\u0440\u0435\u043c\u044f \u0434\u043b\u044f \u0447\u0442\u0435\u043d\u0438\u044f\" \/>\n\t<meta name=\"twitter:data1\" content=\"1 \u043c\u0438\u043d\u0443\u0442\u0430\" \/>\n<script type=\"application\/ld+json\" class=\"yoast-schema-graph\">{\"@context\":\"https:\\\/\\\/schema.org\",\"@graph\":[{\"@type\":\"WebPage\",\"@id\":\"https:\\\/\\\/kingimeister.ee\\\/tass-emale-aitah-et-olemas-oled\\\/\",\"url\":\"https:\\\/\\\/kingimeister.ee\\\/tass-emale-aitah-et-olemas-oled\\\/\",\"name\":\"Tass emale \u201eAit\u00e4h, et olemas oled\u201c \u2013 armas kingitus emale | Kingimeister.ee\",\"isPartOf\":{\"@id\":\"https:\\\/\\\/kingimeister.ee\\\/#website\"},\"primaryImageOfPage\":{\"@id\":\"https:\\\/\\\/kingimeister.ee\\\/tass-emale-aitah-et-olemas-oled\\\/#primaryimage\"},\"image\":{\"@id\":\"https:\\\/\\\/kingimeister.ee\\\/tass-emale-aitah-et-olemas-oled\\\/#primaryimage\"},\"thumbnailUrl\":\"https:\\\/\\\/i0.wp.com\\\/kingimeister.ee\\\/wp-content\\\/uploads\\\/2026\\\/03\\\/Tass-emale-Aitah-et-oled-olemas.png?fit=1024%2C1024&ssl=1\",\"datePublished\":\"2026-03-18T16:46:29+00:00\",\"dateModified\":\"2026-03-21T09:56:03+00:00\",\"description\":\"Kaunis ja minimalistlik tass emale s\u00f5numiga \u201eAit\u00e4h, et olemas oled\u201c. Ideaalne kingitus emadep\u00e4evaks, s\u00fcnnip\u00e4evaks v\u00f5i lihtsalt armastuse n\u00e4itamiseks.\",\"breadcrumb\":{\"@id\":\"https:\\\/\\\/kingimeister.ee\\\/tass-emale-aitah-et-olemas-oled\\\/#breadcrumb\"},\"inLanguage\":\"ru-RU\",\"potentialAction\":[{\"@type\":\"ReadAction\",\"target\":[\"https:\\\/\\\/kingimeister.ee\\\/tass-emale-aitah-et-olemas-oled\\\/\"]}]},{\"@type\":\"ImageObject\",\"inLanguage\":\"ru-RU\",\"@id\":\"https:\\\/\\\/kingimeister.ee\\\/tass-emale-aitah-et-olemas-oled\\\/#primaryimage\",\"url\":\"https:\\\/\\\/i0.wp.com\\\/kingimeister.ee\\\/wp-content\\\/uploads\\\/2026\\\/03\\\/Tass-emale-Aitah-et-oled-olemas.png?fit=1024%2C1024&ssl=1\",\"contentUrl\":\"https:\\\/\\\/i0.wp.com\\\/kingimeister.ee\\\/wp-content\\\/uploads\\\/2026\\\/03\\\/Tass-emale-Aitah-et-oled-olemas.png?fit=1024%2C1024&ssl=1\",\"width\":1024,\"height\":1024},{\"@type\":\"BreadcrumbList\",\"@id\":\"https:\\\/\\\/kingimeister.ee\\\/tass-emale-aitah-et-olemas-oled\\\/#breadcrumb\",\"itemListElement\":[{\"@type\":\"ListItem\",\"position\":1,\"name\":\"Home\",\"item\":\"https:\\\/\\\/kingimeister.ee\\\/\"},{\"@type\":\"ListItem\",\"position\":2,\"name\":\"Kingitused\",\"item\":\"https:\\\/\\\/kingimeister.ee\\\/kingitused\\\/\"},{\"@type\":\"ListItem\",\"position\":3,\"name\":\"Tass emale &#8221;Ait\u00e4h, et olemas oled&#8221;\"}]},{\"@type\":\"WebSite\",\"@id\":\"https:\\\/\\\/kingimeister.ee\\\/#website\",\"url\":\"https:\\\/\\\/kingimeister.ee\\\/\",\"name\":\"Kingimeister.ee - Kingituste E-pood\",\"description\":\"\",\"publisher\":{\"@id\":\"https:\\\/\\\/kingimeister.ee\\\/#organization\"},\"potentialAction\":[{\"@type\":\"SearchAction\",\"target\":{\"@type\":\"EntryPoint\",\"urlTemplate\":\"https:\\\/\\\/kingimeister.ee\\\/?s={search_term_string}\"},\"query-input\":{\"@type\":\"PropertyValueSpecification\",\"valueRequired\":true,\"valueName\":\"search_term_string\"}}],\"inLanguage\":\"ru-RU\"},{\"@type\":\"Organization\",\"@id\":\"https:\\\/\\\/kingimeister.ee\\\/#organization\",\"name\":\"Kingimeister.ee - Kingituste E-pood\",\"url\":\"https:\\\/\\\/kingimeister.ee\\\/\",\"logo\":{\"@type\":\"ImageObject\",\"inLanguage\":\"ru-RU\",\"@id\":\"https:\\\/\\\/kingimeister.ee\\\/#\\\/schema\\\/logo\\\/image\\\/\",\"url\":\"https:\\\/\\\/kingimeister.ee\\\/wp-content\\\/uploads\\\/2026\\\/03\\\/Logo-e1773259902867.png\",\"contentUrl\":\"https:\\\/\\\/kingimeister.ee\\\/wp-content\\\/uploads\\\/2026\\\/03\\\/Logo-e1773259902867.png\",\"width\":1443,\"height\":237,\"caption\":\"Kingimeister.ee - Kingituste E-pood\"},\"image\":{\"@id\":\"https:\\\/\\\/kingimeister.ee\\\/#\\\/schema\\\/logo\\\/image\\\/\"}}]}<\/script>\n<!-- \/ Yoast SEO Premium plugin. -->","yoast_head_json":{"title":"Tass emale \u201eAit\u00e4h, et olemas oled\u201c \u2013 armas kingitus emale | Kingimeister.ee","description":"Kaunis ja minimalistlik tass emale s\u00f5numiga \u201eAit\u00e4h, et olemas oled\u201c. Ideaalne kingitus emadep\u00e4evaks, s\u00fcnnip\u00e4evaks v\u00f5i lihtsalt armastuse n\u00e4itamiseks.","robots":{"index":"index","follow":"follow","max-snippet":"max-snippet:-1","max-image-preview":"max-image-preview:large","max-video-preview":"max-video-preview:-1"},"canonical":"https:\/\/kingimeister.ee\/ru\/tass-emale-aitah-et-olemas-oled\/","og_locale":"ru_RU","og_type":"article","og_title":"Tass emale ''Ait\u00e4h, et olemas oled''","og_description":"Kaunis ja minimalistlik tass emale s\u00f5numiga \u201eAit\u00e4h, et olemas oled\u201c. Ideaalne kingitus emadep\u00e4evaks, s\u00fcnnip\u00e4evaks v\u00f5i lihtsalt armastuse n\u00e4itamiseks.","og_url":"https:\/\/kingimeister.ee\/ru\/tass-emale-aitah-et-olemas-oled\/","og_site_name":"Kingimeister.ee - Kingituste E-pood","article_modified_time":"2026-03-21T09:56:03+00:00","og_image":[{"width":1024,"height":1024,"url":"https:\/\/kingimeister.ee\/wp-content\/uploads\/2026\/03\/Tass-emale-Aitah-et-oled-olemas.png","type":"image\/png"}],"twitter_card":"summary_large_image","twitter_misc":{"\u041f\u0440\u0438\u043c\u0435\u0440\u043d\u043e\u0435 \u0432\u0440\u0435\u043c\u044f \u0434\u043b\u044f \u0447\u0442\u0435\u043d\u0438\u044f":"1 \u043c\u0438\u043d\u0443\u0442\u0430"},"schema":{"@context":"https:\/\/schema.org","@graph":[{"@type":"WebPage","@id":"https:\/\/kingimeister.ee\/tass-emale-aitah-et-olemas-oled\/","url":"https:\/\/kingimeister.ee\/tass-emale-aitah-et-olemas-oled\/","name":"Tass emale \u201eAit\u00e4h, et olemas oled\u201c \u2013 armas kingitus emale | Kingimeister.ee","isPartOf":{"@id":"https:\/\/kingimeister.ee\/#website"},"primaryImageOfPage":{"@id":"https:\/\/kingimeister.ee\/tass-emale-aitah-et-olemas-oled\/#primaryimage"},"image":{"@id":"https:\/\/kingimeister.ee\/tass-emale-aitah-et-olemas-oled\/#primaryimage"},"thumbnailUrl":"https:\/\/i0.wp.com\/kingimeister.ee\/wp-content\/uploads\/2026\/03\/Tass-emale-Aitah-et-oled-olemas.png?fit=1024%2C1024&ssl=1","datePublished":"2026-03-18T16:46:29+00:00","dateModified":"2026-03-21T09:56:03+00:00","description":"Kaunis ja minimalistlik tass emale s\u00f5numiga \u201eAit\u00e4h, et olemas oled\u201c. Ideaalne kingitus emadep\u00e4evaks, s\u00fcnnip\u00e4evaks v\u00f5i lihtsalt armastuse n\u00e4itamiseks.","breadcrumb":{"@id":"https:\/\/kingimeister.ee\/tass-emale-aitah-et-olemas-oled\/#breadcrumb"},"inLanguage":"ru-RU","potentialAction":[{"@type":"ReadAction","target":["https:\/\/kingimeister.ee\/tass-emale-aitah-et-olemas-oled\/"]}]},{"@type":"ImageObject","inLanguage":"ru-RU","@id":"https:\/\/kingimeister.ee\/tass-emale-aitah-et-olemas-oled\/#primaryimage","url":"https:\/\/i0.wp.com\/kingimeister.ee\/wp-content\/uploads\/2026\/03\/Tass-emale-Aitah-et-oled-olemas.png?fit=1024%2C1024&ssl=1","contentUrl":"https:\/\/i0.wp.com\/kingimeister.ee\/wp-content\/uploads\/2026\/03\/Tass-emale-Aitah-et-oled-olemas.png?fit=1024%2C1024&ssl=1","width":1024,"height":1024},{"@type":"BreadcrumbList","@id":"https:\/\/kingimeister.ee\/tass-emale-aitah-et-olemas-oled\/#breadcrumb","itemListElement":[{"@type":"ListItem","position":1,"name":"Home","item":"https:\/\/kingimeister.ee\/"},{"@type":"ListItem","position":2,"name":"Kingitused","item":"https:\/\/kingimeister.ee\/kingitused\/"},{"@type":"ListItem","position":3,"name":"Tass emale &#8221;Ait\u00e4h, et olemas oled&#8221;"}]},{"@type":"WebSite","@id":"https:\/\/kingimeister.ee\/#website","url":"https:\/\/kingimeister.ee\/","name":"Kingimeister.ee - Kingituste E-pood","description":"","publisher":{"@id":"https:\/\/kingimeister.ee\/#organization"},"potentialAction":[{"@type":"SearchAction","target":{"@type":"EntryPoint","urlTemplate":"https:\/\/kingimeister.ee\/?s={search_term_string}"},"query-input":{"@type":"PropertyValueSpecification","valueRequired":true,"valueName":"search_term_string"}}],"inLanguage":"ru-RU"},{"@type":"Organization","@id":"https:\/\/kingimeister.ee\/#organization","name":"Kingimeister.ee - Kingituste E-pood","url":"https:\/\/kingimeister.ee\/","logo":{"@type":"ImageObject","inLanguage":"ru-RU","@id":"https:\/\/kingimeister.ee\/#\/schema\/logo\/image\/","url":"https:\/\/kingimeister.ee\/wp-content\/uploads\/2026\/03\/Logo-e1773259902867.png","contentUrl":"https:\/\/kingimeister.ee\/wp-content\/uploads\/2026\/03\/Logo-e1773259902867.png","width":1443,"height":237,"caption":"Kingimeister.ee - Kingituste E-pood"},"image":{"@id":"https:\/\/kingimeister.ee\/#\/schema\/logo\/image\/"}}]}},"jetpack_sharing_enabled":true,"_links":{"self":[{"href":"https:\/\/kingimeister.ee\/ru\/wp-json\/wp\/v2\/product\/29824","targetHints":{"allow":["GET"]}}],"collection":[{"href":"https:\/\/kingimeister.ee\/ru\/wp-json\/wp\/v2\/product"}],"about":[{"href":"https:\/\/kingimeister.ee\/ru\/wp-json\/wp\/v2\/types\/product"}],"replies":[{"embeddable":true,"href":"https:\/\/kingimeister.ee\/ru\/wp-json\/wp\/v2\/comments?post=29824"}],"version-history":[{"count":2,"href":"https:\/\/kingimeister.ee\/ru\/wp-json\/wp\/v2\/product\/29824\/revisions"}],"predecessor-version":[{"id":29827,"href":"https:\/\/kingimeister.ee\/ru\/wp-json\/wp\/v2\/product\/29824\/revisions\/29827"}],"wp:featuredmedia":[{"embeddable":true,"href":"https:\/\/kingimeister.ee\/ru\/wp-json\/wp\/v2\/media\/29825"}],"wp:attachment":[{"href":"https:\/\/kingimeister.ee\/ru\/wp-json\/wp\/v2\/media?parent=29824"}],"wp:term":[{"taxonomy":"product_brand","embeddable":true,"href":"https:\/\/kingimeister.ee\/ru\/wp-json\/wp\/v2\/product_brand?post=29824"},{"taxonomy":"product_cat","embeddable":true,"href":"https:\/\/kingimeister.ee\/ru\/wp-json\/wp\/v2\/product_cat?post=29824"},{"taxonomy":"product_tag","embeddable":true,"href":"https:\/\/kingimeister.ee\/ru\/wp-json\/wp\/v2\/product_tag?post=29824"}],"curies":[{"name":"wp","href":"https:\/\/api.w.org\/{rel}","templated":true}]}}