{"id":29828,"date":"2026-03-18T19:50:31","date_gmt":"2026-03-18T17:50:31","guid":{"rendered":"https:\/\/kingimeister.ee\/?post_type=product&#038;p=29828"},"modified":"2026-03-19T23:34:17","modified_gmt":"2026-03-19T21:34:17","slug":"kinkekomplekt-aitah-et-olemas-oled","status":"publish","type":"product","link":"https:\/\/kingimeister.ee\/ru\/kinkekomplekt-aitah-et-olemas-oled\/","title":{"rendered":"Kinkekomplekt &#8221;Ait\u00e4h, et olemas oled&#8221;"},"content":{"rendered":"<p data-start=\"149\" data-end=\"378\">\u00dcllata oma ema s\u00fcdamliku ja elegantse kinkekomplektiga, mis on loodud eriliste hetkede t\u00e4histamiseks. See kaunis komplekt \u00fchendab minimalistliku disainiga tassi ja maitsva maiuse, et pakkuda nii silmailu kui ka r\u00f5\u00f5mu igas p\u00e4evas.<\/p>\n<p data-start=\"380\" data-end=\"397\">Komplekti kuulub:<\/p>\n<ul data-start=\"398\" data-end=\"544\">\n<li data-section-id=\"10j4313\" data-start=\"398\" data-end=\"488\">\n<p data-start=\"400\" data-end=\"488\"><a href=\"https:\/\/kingimeister.ee\/ru\/tass-emale-aitah-et-olemas-oled\/\"><strong data-start=\"402\" data-end=\"442\">Tass kirjaga \u201eAit\u00e4h, et olemas oled\u201c<\/strong><\/a> \u2013 igap\u00e4evane meeldetuletus sinu armastusest<\/p>\n<\/li>\n<li data-section-id=\"mx7mj3\" data-start=\"489\" data-end=\"544\">\n<p data-start=\"491\" data-end=\"544\"><strong data-start=\"494\" data-end=\"513\">Raffaello maius<\/strong> \u2013 \u00f5rn ja luksuslik maiuspala<\/p>\n<\/li>\n<\/ul>\n<p data-start=\"546\" data-end=\"666\">K\u00f5ik on paigutatud maitsekasse pealt l\u00e4bipaistva aknaga kinkekarpi koos pehme t\u00e4itematerjali ja armsa lipsuga, luues t\u00f5eliselt erilise kingituse.<\/p>","protected":false},"excerpt":{"rendered":"<p data-start=\"149\" data-end=\"378\">\u00dcllata oma ema s\u00fcdamliku ja elegantse kinkekomplektiga, mis on loodud eriliste hetkede t\u00e4histamiseks. See kaunis komplekt \u00fchendab minimalistliku disainiga tassi ja maitsva maiuse, et pakkuda nii silmailu kui ka r\u00f5\u00f5mu igas p\u00e4evas.<\/p>\n<p data-start=\"380\" data-end=\"397\">Komplekti kuulub:<\/p>\n<ul data-start=\"398\" data-end=\"544\">\n<li data-section-id=\"10j4313\" data-start=\"398\" data-end=\"488\">\n<p data-start=\"400\" data-end=\"488\"><a href=\"https:\/\/kingimeister.ee\/ru\/tass-emale-aitah-et-olemas-oled\/\"><strong data-start=\"402\" data-end=\"442\">Tass kirjaga \u201eAit\u00e4h, et olemas oled\u201c<\/strong><\/a> \u2013 igap\u00e4evane meeldetuletus sinu armastusest<\/p>\n<\/li>\n<li data-section-id=\"mx7mj3\" data-start=\"489\" data-end=\"544\">\n<p data-start=\"491\" data-end=\"544\"><strong data-start=\"494\" data-end=\"513\">Raffaello maius<\/strong> \u2013 \u00f5rn ja luksuslik maiuspala<\/p>\n<\/li>\n<\/ul>\n<p data-start=\"546\" data-end=\"666\">K\u00f5ik on paigutatud maitsekasse pealt l\u00e4bipaistva aknaga kinkekarpi koos pehme t\u00e4itematerjali ja armsa lipsuga, luues t\u00f5eliselt erilise kingituse.<\/p>","protected":false},"featured_media":29832,"comment_status":"open","ping_status":"closed","template":"","meta":[],"product_brand":[],"product_cat":[170,163,234,187,239,185,188,171,79,164,80,202,203,204,206],"product_tag":[259,257,260,261],"class_list":{"0":"post-29828","1":"product","2":"type-product","3":"status-publish","4":"has-post-thumbnail","6":"product_cat-kingitused-emale","7":"product_cat-kingitused-naistele","8":"product_cat-kingitused-naistepaevaks","9":"product_cat-kingitused-oele","10":"product_cat-kingitused-opetajate-paevaks","11":"product_cat-kingitused-vanavanematele","12":"product_cat-kingitused-vennale","13":"product_cat-kinkekomplektid-emale","14":"product_cat-kinkekomplektid-meestele","15":"product_cat-kinkekomplektid-naistele-kingitused-naistele","16":"product_cat-kinkekomplektid-naistele","17":"product_cat-sobrapaeva-kingitused","18":"product_cat-sobrapaeva-kingitused-meestele","19":"product_cat-sobrapaeva-kingitused-naistele","20":"product_cat-sobrapaeva-kinkekomplektid","21":"product_tag-kingitus","22":"product_tag-kingitus-emale","23":"product_tag-kinkekomplekt-emale","24":"product_tag-kinkekomplekt-naistele","26":"first","27":"instock","28":"sale","29":"taxable","30":"shipping-taxable","31":"purchasable","32":"product-type-simple"},"yoast_head":"<!-- This site is optimized with the Yoast SEO Premium plugin v27.1 (Yoast SEO v27.3) - https:\/\/yoast.com\/product\/yoast-seo-premium-wordpress\/ -->\n<title>Kinkekomplekt \u201eAit\u00e4h, et olemas oled\u201c \u2013 armas kingitus emale | Kingimeister.ee<\/title>\n<meta name=\"description\" content=\"Elegantne kinkekomplekt tassiga \u201eAit\u00e4h, et olemas oled\u201c ja Raffaello maiusega. Ideaalne kingitus emadep\u00e4evaks v\u00f5i s\u00fcnnip\u00e4evaks.\" \/>\n<meta name=\"robots\" content=\"index, follow, max-snippet:-1, max-image-preview:large, max-video-preview:-1\" \/>\n<link rel=\"canonical\" href=\"https:\/\/kingimeister.ee\/ru\/kinkekomplekt-aitah-et-olemas-oled\/\" \/>\n<meta property=\"og:locale\" content=\"ru_RU\" \/>\n<meta property=\"og:type\" content=\"article\" \/>\n<meta property=\"og:title\" content=\"Kinkekomplekt &#039;&#039;Ait\u00e4h, et olemas oled&#039;&#039;\" \/>\n<meta property=\"og:description\" content=\"Elegantne kinkekomplekt tassiga \u201eAit\u00e4h, et olemas oled\u201c ja Raffaello maiusega. Ideaalne kingitus emadep\u00e4evaks v\u00f5i s\u00fcnnip\u00e4evaks.\" \/>\n<meta property=\"og:url\" content=\"https:\/\/kingimeister.ee\/ru\/kinkekomplekt-aitah-et-olemas-oled\/\" \/>\n<meta property=\"og:site_name\" content=\"Kingimeister.ee - Kingituste E-pood\" \/>\n<meta property=\"article:modified_time\" content=\"2026-03-19T21:34:17+00:00\" \/>\n<meta property=\"og:image\" content=\"https:\/\/kingimeister.ee\/wp-content\/uploads\/2026\/03\/Kinkekomplekt-aitah-et-oled-olemas.png\" \/>\n\t<meta property=\"og:image:width\" content=\"640\" \/>\n\t<meta property=\"og:image:height\" content=\"640\" \/>\n\t<meta property=\"og:image:type\" content=\"image\/png\" \/>\n<meta name=\"twitter:card\" content=\"summary_large_image\" \/>\n<meta name=\"twitter:label1\" content=\"\u041f\u0440\u0438\u043c\u0435\u0440\u043d\u043e\u0435 \u0432\u0440\u0435\u043c\u044f \u0434\u043b\u044f \u0447\u0442\u0435\u043d\u0438\u044f\" \/>\n\t<meta name=\"twitter:data1\" content=\"1 \u043c\u0438\u043d\u0443\u0442\u0430\" \/>\n<script type=\"application\/ld+json\" class=\"yoast-schema-graph\">{\"@context\":\"https:\\\/\\\/schema.org\",\"@graph\":[{\"@type\":\"WebPage\",\"@id\":\"https:\\\/\\\/kingimeister.ee\\\/kinkekomplekt-aitah-et-olemas-oled\\\/\",\"url\":\"https:\\\/\\\/kingimeister.ee\\\/kinkekomplekt-aitah-et-olemas-oled\\\/\",\"name\":\"Kinkekomplekt \u201eAit\u00e4h, et olemas oled\u201c \u2013 armas kingitus emale | Kingimeister.ee\",\"isPartOf\":{\"@id\":\"https:\\\/\\\/kingimeister.ee\\\/#website\"},\"primaryImageOfPage\":{\"@id\":\"https:\\\/\\\/kingimeister.ee\\\/kinkekomplekt-aitah-et-olemas-oled\\\/#primaryimage\"},\"image\":{\"@id\":\"https:\\\/\\\/kingimeister.ee\\\/kinkekomplekt-aitah-et-olemas-oled\\\/#primaryimage\"},\"thumbnailUrl\":\"https:\\\/\\\/i0.wp.com\\\/kingimeister.ee\\\/wp-content\\\/uploads\\\/2026\\\/03\\\/Kinkekomplekt-aitah-et-oled-olemas.png?fit=640%2C640&ssl=1\",\"datePublished\":\"2026-03-18T17:50:31+00:00\",\"dateModified\":\"2026-03-19T21:34:17+00:00\",\"description\":\"Elegantne kinkekomplekt tassiga \u201eAit\u00e4h, et olemas oled\u201c ja Raffaello maiusega. Ideaalne kingitus emadep\u00e4evaks v\u00f5i s\u00fcnnip\u00e4evaks.\",\"breadcrumb\":{\"@id\":\"https:\\\/\\\/kingimeister.ee\\\/kinkekomplekt-aitah-et-olemas-oled\\\/#breadcrumb\"},\"inLanguage\":\"ru-RU\",\"potentialAction\":[{\"@type\":\"ReadAction\",\"target\":[\"https:\\\/\\\/kingimeister.ee\\\/kinkekomplekt-aitah-et-olemas-oled\\\/\"]}]},{\"@type\":\"ImageObject\",\"inLanguage\":\"ru-RU\",\"@id\":\"https:\\\/\\\/kingimeister.ee\\\/kinkekomplekt-aitah-et-olemas-oled\\\/#primaryimage\",\"url\":\"https:\\\/\\\/i0.wp.com\\\/kingimeister.ee\\\/wp-content\\\/uploads\\\/2026\\\/03\\\/Kinkekomplekt-aitah-et-oled-olemas.png?fit=640%2C640&ssl=1\",\"contentUrl\":\"https:\\\/\\\/i0.wp.com\\\/kingimeister.ee\\\/wp-content\\\/uploads\\\/2026\\\/03\\\/Kinkekomplekt-aitah-et-oled-olemas.png?fit=640%2C640&ssl=1\",\"width\":640,\"height\":640},{\"@type\":\"BreadcrumbList\",\"@id\":\"https:\\\/\\\/kingimeister.ee\\\/kinkekomplekt-aitah-et-olemas-oled\\\/#breadcrumb\",\"itemListElement\":[{\"@type\":\"ListItem\",\"position\":1,\"name\":\"Home\",\"item\":\"https:\\\/\\\/kingimeister.ee\\\/\"},{\"@type\":\"ListItem\",\"position\":2,\"name\":\"Kingitused\",\"item\":\"https:\\\/\\\/kingimeister.ee\\\/kingitused\\\/\"},{\"@type\":\"ListItem\",\"position\":3,\"name\":\"Kinkekomplekt &#8221;Ait\u00e4h, et olemas oled&#8221;\"}]},{\"@type\":\"WebSite\",\"@id\":\"https:\\\/\\\/kingimeister.ee\\\/#website\",\"url\":\"https:\\\/\\\/kingimeister.ee\\\/\",\"name\":\"Kingimeister.ee - Kingituste E-pood\",\"description\":\"\",\"publisher\":{\"@id\":\"https:\\\/\\\/kingimeister.ee\\\/#organization\"},\"potentialAction\":[{\"@type\":\"SearchAction\",\"target\":{\"@type\":\"EntryPoint\",\"urlTemplate\":\"https:\\\/\\\/kingimeister.ee\\\/?s={search_term_string}\"},\"query-input\":{\"@type\":\"PropertyValueSpecification\",\"valueRequired\":true,\"valueName\":\"search_term_string\"}}],\"inLanguage\":\"ru-RU\"},{\"@type\":\"Organization\",\"@id\":\"https:\\\/\\\/kingimeister.ee\\\/#organization\",\"name\":\"Kingimeister.ee - Kingituste E-pood\",\"url\":\"https:\\\/\\\/kingimeister.ee\\\/\",\"logo\":{\"@type\":\"ImageObject\",\"inLanguage\":\"ru-RU\",\"@id\":\"https:\\\/\\\/kingimeister.ee\\\/#\\\/schema\\\/logo\\\/image\\\/\",\"url\":\"https:\\\/\\\/kingimeister.ee\\\/wp-content\\\/uploads\\\/2026\\\/03\\\/Logo-e1773259902867.png\",\"contentUrl\":\"https:\\\/\\\/kingimeister.ee\\\/wp-content\\\/uploads\\\/2026\\\/03\\\/Logo-e1773259902867.png\",\"width\":1443,\"height\":237,\"caption\":\"Kingimeister.ee - Kingituste E-pood\"},\"image\":{\"@id\":\"https:\\\/\\\/kingimeister.ee\\\/#\\\/schema\\\/logo\\\/image\\\/\"}}]}<\/script>\n<!-- \/ Yoast SEO Premium plugin. -->","yoast_head_json":{"title":"Kinkekomplekt \u201eAit\u00e4h, et olemas oled\u201c \u2013 armas kingitus emale | Kingimeister.ee","description":"Elegantne kinkekomplekt tassiga \u201eAit\u00e4h, et olemas oled\u201c ja Raffaello maiusega. Ideaalne kingitus emadep\u00e4evaks v\u00f5i s\u00fcnnip\u00e4evaks.","robots":{"index":"index","follow":"follow","max-snippet":"max-snippet:-1","max-image-preview":"max-image-preview:large","max-video-preview":"max-video-preview:-1"},"canonical":"https:\/\/kingimeister.ee\/ru\/kinkekomplekt-aitah-et-olemas-oled\/","og_locale":"ru_RU","og_type":"article","og_title":"Kinkekomplekt ''Ait\u00e4h, et olemas oled''","og_description":"Elegantne kinkekomplekt tassiga \u201eAit\u00e4h, et olemas oled\u201c ja Raffaello maiusega. Ideaalne kingitus emadep\u00e4evaks v\u00f5i s\u00fcnnip\u00e4evaks.","og_url":"https:\/\/kingimeister.ee\/ru\/kinkekomplekt-aitah-et-olemas-oled\/","og_site_name":"Kingimeister.ee - Kingituste E-pood","article_modified_time":"2026-03-19T21:34:17+00:00","og_image":[{"width":640,"height":640,"url":"https:\/\/kingimeister.ee\/wp-content\/uploads\/2026\/03\/Kinkekomplekt-aitah-et-oled-olemas.png","type":"image\/png"}],"twitter_card":"summary_large_image","twitter_misc":{"\u041f\u0440\u0438\u043c\u0435\u0440\u043d\u043e\u0435 \u0432\u0440\u0435\u043c\u044f \u0434\u043b\u044f \u0447\u0442\u0435\u043d\u0438\u044f":"1 \u043c\u0438\u043d\u0443\u0442\u0430"},"schema":{"@context":"https:\/\/schema.org","@graph":[{"@type":"WebPage","@id":"https:\/\/kingimeister.ee\/kinkekomplekt-aitah-et-olemas-oled\/","url":"https:\/\/kingimeister.ee\/kinkekomplekt-aitah-et-olemas-oled\/","name":"Kinkekomplekt \u201eAit\u00e4h, et olemas oled\u201c \u2013 armas kingitus emale | Kingimeister.ee","isPartOf":{"@id":"https:\/\/kingimeister.ee\/#website"},"primaryImageOfPage":{"@id":"https:\/\/kingimeister.ee\/kinkekomplekt-aitah-et-olemas-oled\/#primaryimage"},"image":{"@id":"https:\/\/kingimeister.ee\/kinkekomplekt-aitah-et-olemas-oled\/#primaryimage"},"thumbnailUrl":"https:\/\/i0.wp.com\/kingimeister.ee\/wp-content\/uploads\/2026\/03\/Kinkekomplekt-aitah-et-oled-olemas.png?fit=640%2C640&ssl=1","datePublished":"2026-03-18T17:50:31+00:00","dateModified":"2026-03-19T21:34:17+00:00","description":"Elegantne kinkekomplekt tassiga \u201eAit\u00e4h, et olemas oled\u201c ja Raffaello maiusega. Ideaalne kingitus emadep\u00e4evaks v\u00f5i s\u00fcnnip\u00e4evaks.","breadcrumb":{"@id":"https:\/\/kingimeister.ee\/kinkekomplekt-aitah-et-olemas-oled\/#breadcrumb"},"inLanguage":"ru-RU","potentialAction":[{"@type":"ReadAction","target":["https:\/\/kingimeister.ee\/kinkekomplekt-aitah-et-olemas-oled\/"]}]},{"@type":"ImageObject","inLanguage":"ru-RU","@id":"https:\/\/kingimeister.ee\/kinkekomplekt-aitah-et-olemas-oled\/#primaryimage","url":"https:\/\/i0.wp.com\/kingimeister.ee\/wp-content\/uploads\/2026\/03\/Kinkekomplekt-aitah-et-oled-olemas.png?fit=640%2C640&ssl=1","contentUrl":"https:\/\/i0.wp.com\/kingimeister.ee\/wp-content\/uploads\/2026\/03\/Kinkekomplekt-aitah-et-oled-olemas.png?fit=640%2C640&ssl=1","width":640,"height":640},{"@type":"BreadcrumbList","@id":"https:\/\/kingimeister.ee\/kinkekomplekt-aitah-et-olemas-oled\/#breadcrumb","itemListElement":[{"@type":"ListItem","position":1,"name":"Home","item":"https:\/\/kingimeister.ee\/"},{"@type":"ListItem","position":2,"name":"Kingitused","item":"https:\/\/kingimeister.ee\/kingitused\/"},{"@type":"ListItem","position":3,"name":"Kinkekomplekt &#8221;Ait\u00e4h, et olemas oled&#8221;"}]},{"@type":"WebSite","@id":"https:\/\/kingimeister.ee\/#website","url":"https:\/\/kingimeister.ee\/","name":"Kingimeister.ee - Kingituste E-pood","description":"","publisher":{"@id":"https:\/\/kingimeister.ee\/#organization"},"potentialAction":[{"@type":"SearchAction","target":{"@type":"EntryPoint","urlTemplate":"https:\/\/kingimeister.ee\/?s={search_term_string}"},"query-input":{"@type":"PropertyValueSpecification","valueRequired":true,"valueName":"search_term_string"}}],"inLanguage":"ru-RU"},{"@type":"Organization","@id":"https:\/\/kingimeister.ee\/#organization","name":"Kingimeister.ee - Kingituste E-pood","url":"https:\/\/kingimeister.ee\/","logo":{"@type":"ImageObject","inLanguage":"ru-RU","@id":"https:\/\/kingimeister.ee\/#\/schema\/logo\/image\/","url":"https:\/\/kingimeister.ee\/wp-content\/uploads\/2026\/03\/Logo-e1773259902867.png","contentUrl":"https:\/\/kingimeister.ee\/wp-content\/uploads\/2026\/03\/Logo-e1773259902867.png","width":1443,"height":237,"caption":"Kingimeister.ee - Kingituste E-pood"},"image":{"@id":"https:\/\/kingimeister.ee\/#\/schema\/logo\/image\/"}}]}},"jetpack_sharing_enabled":true,"_links":{"self":[{"href":"https:\/\/kingimeister.ee\/ru\/wp-json\/wp\/v2\/product\/29828","targetHints":{"allow":["GET"]}}],"collection":[{"href":"https:\/\/kingimeister.ee\/ru\/wp-json\/wp\/v2\/product"}],"about":[{"href":"https:\/\/kingimeister.ee\/ru\/wp-json\/wp\/v2\/types\/product"}],"replies":[{"embeddable":true,"href":"https:\/\/kingimeister.ee\/ru\/wp-json\/wp\/v2\/comments?post=29828"}],"version-history":[{"count":1,"href":"https:\/\/kingimeister.ee\/ru\/wp-json\/wp\/v2\/product\/29828\/revisions"}],"predecessor-version":[{"id":29830,"href":"https:\/\/kingimeister.ee\/ru\/wp-json\/wp\/v2\/product\/29828\/revisions\/29830"}],"wp:featuredmedia":[{"embeddable":true,"href":"https:\/\/kingimeister.ee\/ru\/wp-json\/wp\/v2\/media\/29832"}],"wp:attachment":[{"href":"https:\/\/kingimeister.ee\/ru\/wp-json\/wp\/v2\/media?parent=29828"}],"wp:term":[{"taxonomy":"product_brand","embeddable":true,"href":"https:\/\/kingimeister.ee\/ru\/wp-json\/wp\/v2\/product_brand?post=29828"},{"taxonomy":"product_cat","embeddable":true,"href":"https:\/\/kingimeister.ee\/ru\/wp-json\/wp\/v2\/product_cat?post=29828"},{"taxonomy":"product_tag","embeddable":true,"href":"https:\/\/kingimeister.ee\/ru\/wp-json\/wp\/v2\/product_tag?post=29828"}],"curies":[{"name":"wp","href":"https:\/\/api.w.org\/{rel}","templated":true}]}}