{"id":29833,"date":"2026-03-18T22:37:10","date_gmt":"2026-03-18T20:37:10","guid":{"rendered":"https:\/\/kingimeister.ee\/?post_type=product&#038;p=29833"},"modified":"2026-03-21T11:54:39","modified_gmt":"2026-03-21T09:54:39","slug":"tass-isale-parim-isa-maailmas","status":"publish","type":"product","link":"https:\/\/kingimeister.ee\/ru\/tass-isale-parim-isa-maailmas\/","title":{"rendered":"Tass isale &#8221; Parim isa maailmas&#8221;"},"content":{"rendered":"<p data-start=\"121\" data-end=\"320\">N\u00e4ita oma isale, kui palju ta sulle t\u00e4hendab, selle stiilse ja s\u00fcdamliku tassiga. Klassikalise disaini ja kauni kirjaga \u201eParim isa maailmas\u201c on see ideaalne kingitus, mis toob naeratuse igasse p\u00e4eva.<\/p>\n<p data-start=\"322\" data-end=\"555\">Minimalistlik ja mehelik v\u00e4limus sobib suurep\u00e4raselt igap\u00e4evaseks kasutamiseks \u2013 olgu selleks hommikukohv v\u00f5i \u00f5htune tee. See tass ei ole lihtsalt praktiline ese, vaid ka t\u00e4hendusrikas meeldetuletus sinu t\u00e4nulikkusest ja armastusest.<\/p>","protected":false},"excerpt":{"rendered":"<p data-start=\"121\" data-end=\"320\">N\u00e4ita oma isale, kui palju ta sulle t\u00e4hendab, selle stiilse ja s\u00fcdamliku tassiga. Klassikalise disaini ja kauni kirjaga \u201eParim isa maailmas\u201c on see ideaalne kingitus, mis toob naeratuse igasse p\u00e4eva.<\/p>\n<p data-start=\"322\" data-end=\"555\">Minimalistlik ja mehelik v\u00e4limus sobib suurep\u00e4raselt igap\u00e4evaseks kasutamiseks \u2013 olgu selleks hommikukohv v\u00f5i \u00f5htune tee. See tass ei ole lihtsalt praktiline ese, vaid ka t\u00e4hendusrikas meeldetuletus sinu t\u00e4nulikkusest ja armastusest.<\/p>","protected":false},"featured_media":29834,"comment_status":"open","ping_status":"closed","template":"","meta":[],"product_brand":[],"product_cat":[177,178],"product_tag":[268,262,263,264,266,267,265],"class_list":{"0":"post-29833","1":"product","2":"type-product","3":"status-publish","4":"has-post-thumbnail","6":"product_cat-kingitused-isale","7":"product_cat-tassid-isale","8":"product_tag-isa","9":"product_tag-isadepaev","10":"product_tag-kingitus-isale","11":"product_tag-kink-isale","12":"product_tag-kruus-isale","13":"product_tag-kujundusega-tass-isale","14":"product_tag-tass-isale","16":"first","17":"instock","18":"sale","19":"taxable","20":"shipping-taxable","21":"purchasable","22":"product-type-simple"},"yoast_head":"<!-- This site is optimized with the Yoast SEO Premium plugin v27.1 (Yoast SEO v27.3) - https:\/\/yoast.com\/product\/yoast-seo-premium-wordpress\/ -->\n<title>Tass isale \u201eParim isa maailmas\u201c \u2013 ideaalne kingitus isale | Kingimeister.ee<\/title>\n<meta name=\"description\" content=\"Stiilne tass isale kirjaga \u201eParim isa maailmas\u201c. Ideaalne kingitus isadep\u00e4evaks, s\u00fcnnip\u00e4evaks v\u00f5i lihtsalt t\u00e4nut\u00e4heks.\" \/>\n<meta name=\"robots\" content=\"index, follow, max-snippet:-1, max-image-preview:large, max-video-preview:-1\" \/>\n<link rel=\"canonical\" href=\"https:\/\/kingimeister.ee\/ru\/tass-isale-parim-isa-maailmas\/\" \/>\n<meta property=\"og:locale\" content=\"ru_RU\" \/>\n<meta property=\"og:type\" content=\"article\" \/>\n<meta property=\"og:title\" content=\"Tass isale &#039;&#039; Parim isa maailmas&#039;&#039;\" \/>\n<meta property=\"og:description\" content=\"Stiilne tass isale kirjaga \u201eParim isa maailmas\u201c. Ideaalne kingitus isadep\u00e4evaks, s\u00fcnnip\u00e4evaks v\u00f5i lihtsalt t\u00e4nut\u00e4heks.\" \/>\n<meta property=\"og:url\" content=\"https:\/\/kingimeister.ee\/ru\/tass-isale-parim-isa-maailmas\/\" \/>\n<meta property=\"og:site_name\" content=\"Kingimeister.ee - Kingituste E-pood\" \/>\n<meta property=\"article:modified_time\" content=\"2026-03-21T09:54:39+00:00\" \/>\n<meta property=\"og:image\" content=\"https:\/\/kingimeister.ee\/wp-content\/uploads\/2026\/03\/Tass-isale-Parim-isa-maailmas.png\" \/>\n\t<meta property=\"og:image:width\" content=\"640\" \/>\n\t<meta property=\"og:image:height\" content=\"640\" \/>\n\t<meta property=\"og:image:type\" content=\"image\/png\" \/>\n<meta name=\"twitter:card\" content=\"summary_large_image\" \/>\n<meta name=\"twitter:label1\" content=\"\u041f\u0440\u0438\u043c\u0435\u0440\u043d\u043e\u0435 \u0432\u0440\u0435\u043c\u044f \u0434\u043b\u044f \u0447\u0442\u0435\u043d\u0438\u044f\" \/>\n\t<meta name=\"twitter:data1\" content=\"1 \u043c\u0438\u043d\u0443\u0442\u0430\" \/>\n<script type=\"application\/ld+json\" class=\"yoast-schema-graph\">{\"@context\":\"https:\\\/\\\/schema.org\",\"@graph\":[{\"@type\":\"WebPage\",\"@id\":\"https:\\\/\\\/kingimeister.ee\\\/tass-isale-parim-isa-maailmas\\\/\",\"url\":\"https:\\\/\\\/kingimeister.ee\\\/tass-isale-parim-isa-maailmas\\\/\",\"name\":\"Tass isale \u201eParim isa maailmas\u201c \u2013 ideaalne kingitus isale | Kingimeister.ee\",\"isPartOf\":{\"@id\":\"https:\\\/\\\/kingimeister.ee\\\/#website\"},\"primaryImageOfPage\":{\"@id\":\"https:\\\/\\\/kingimeister.ee\\\/tass-isale-parim-isa-maailmas\\\/#primaryimage\"},\"image\":{\"@id\":\"https:\\\/\\\/kingimeister.ee\\\/tass-isale-parim-isa-maailmas\\\/#primaryimage\"},\"thumbnailUrl\":\"https:\\\/\\\/i0.wp.com\\\/kingimeister.ee\\\/wp-content\\\/uploads\\\/2026\\\/03\\\/Tass-isale-Parim-isa-maailmas.png?fit=640%2C640&ssl=1\",\"datePublished\":\"2026-03-18T20:37:10+00:00\",\"dateModified\":\"2026-03-21T09:54:39+00:00\",\"description\":\"Stiilne tass isale kirjaga \u201eParim isa maailmas\u201c. Ideaalne kingitus isadep\u00e4evaks, s\u00fcnnip\u00e4evaks v\u00f5i lihtsalt t\u00e4nut\u00e4heks.\",\"breadcrumb\":{\"@id\":\"https:\\\/\\\/kingimeister.ee\\\/tass-isale-parim-isa-maailmas\\\/#breadcrumb\"},\"inLanguage\":\"ru-RU\",\"potentialAction\":[{\"@type\":\"ReadAction\",\"target\":[\"https:\\\/\\\/kingimeister.ee\\\/tass-isale-parim-isa-maailmas\\\/\"]}]},{\"@type\":\"ImageObject\",\"inLanguage\":\"ru-RU\",\"@id\":\"https:\\\/\\\/kingimeister.ee\\\/tass-isale-parim-isa-maailmas\\\/#primaryimage\",\"url\":\"https:\\\/\\\/i0.wp.com\\\/kingimeister.ee\\\/wp-content\\\/uploads\\\/2026\\\/03\\\/Tass-isale-Parim-isa-maailmas.png?fit=640%2C640&ssl=1\",\"contentUrl\":\"https:\\\/\\\/i0.wp.com\\\/kingimeister.ee\\\/wp-content\\\/uploads\\\/2026\\\/03\\\/Tass-isale-Parim-isa-maailmas.png?fit=640%2C640&ssl=1\",\"width\":640,\"height\":640},{\"@type\":\"BreadcrumbList\",\"@id\":\"https:\\\/\\\/kingimeister.ee\\\/tass-isale-parim-isa-maailmas\\\/#breadcrumb\",\"itemListElement\":[{\"@type\":\"ListItem\",\"position\":1,\"name\":\"Home\",\"item\":\"https:\\\/\\\/kingimeister.ee\\\/\"},{\"@type\":\"ListItem\",\"position\":2,\"name\":\"Kingitused\",\"item\":\"https:\\\/\\\/kingimeister.ee\\\/kingitused\\\/\"},{\"@type\":\"ListItem\",\"position\":3,\"name\":\"Tass isale &#8221; Parim isa maailmas&#8221;\"}]},{\"@type\":\"WebSite\",\"@id\":\"https:\\\/\\\/kingimeister.ee\\\/#website\",\"url\":\"https:\\\/\\\/kingimeister.ee\\\/\",\"name\":\"Kingimeister.ee - Kingituste E-pood\",\"description\":\"\",\"publisher\":{\"@id\":\"https:\\\/\\\/kingimeister.ee\\\/#organization\"},\"potentialAction\":[{\"@type\":\"SearchAction\",\"target\":{\"@type\":\"EntryPoint\",\"urlTemplate\":\"https:\\\/\\\/kingimeister.ee\\\/?s={search_term_string}\"},\"query-input\":{\"@type\":\"PropertyValueSpecification\",\"valueRequired\":true,\"valueName\":\"search_term_string\"}}],\"inLanguage\":\"ru-RU\"},{\"@type\":\"Organization\",\"@id\":\"https:\\\/\\\/kingimeister.ee\\\/#organization\",\"name\":\"Kingimeister.ee - Kingituste E-pood\",\"url\":\"https:\\\/\\\/kingimeister.ee\\\/\",\"logo\":{\"@type\":\"ImageObject\",\"inLanguage\":\"ru-RU\",\"@id\":\"https:\\\/\\\/kingimeister.ee\\\/#\\\/schema\\\/logo\\\/image\\\/\",\"url\":\"https:\\\/\\\/kingimeister.ee\\\/wp-content\\\/uploads\\\/2026\\\/03\\\/Logo-e1773259902867.png\",\"contentUrl\":\"https:\\\/\\\/kingimeister.ee\\\/wp-content\\\/uploads\\\/2026\\\/03\\\/Logo-e1773259902867.png\",\"width\":1443,\"height\":237,\"caption\":\"Kingimeister.ee - Kingituste E-pood\"},\"image\":{\"@id\":\"https:\\\/\\\/kingimeister.ee\\\/#\\\/schema\\\/logo\\\/image\\\/\"}}]}<\/script>\n<!-- \/ Yoast SEO Premium plugin. -->","yoast_head_json":{"title":"Tass isale \u201eParim isa maailmas\u201c \u2013 ideaalne kingitus isale | Kingimeister.ee","description":"Stiilne tass isale kirjaga \u201eParim isa maailmas\u201c. Ideaalne kingitus isadep\u00e4evaks, s\u00fcnnip\u00e4evaks v\u00f5i lihtsalt t\u00e4nut\u00e4heks.","robots":{"index":"index","follow":"follow","max-snippet":"max-snippet:-1","max-image-preview":"max-image-preview:large","max-video-preview":"max-video-preview:-1"},"canonical":"https:\/\/kingimeister.ee\/ru\/tass-isale-parim-isa-maailmas\/","og_locale":"ru_RU","og_type":"article","og_title":"Tass isale '' Parim isa maailmas''","og_description":"Stiilne tass isale kirjaga \u201eParim isa maailmas\u201c. Ideaalne kingitus isadep\u00e4evaks, s\u00fcnnip\u00e4evaks v\u00f5i lihtsalt t\u00e4nut\u00e4heks.","og_url":"https:\/\/kingimeister.ee\/ru\/tass-isale-parim-isa-maailmas\/","og_site_name":"Kingimeister.ee - Kingituste E-pood","article_modified_time":"2026-03-21T09:54:39+00:00","og_image":[{"width":640,"height":640,"url":"https:\/\/kingimeister.ee\/wp-content\/uploads\/2026\/03\/Tass-isale-Parim-isa-maailmas.png","type":"image\/png"}],"twitter_card":"summary_large_image","twitter_misc":{"\u041f\u0440\u0438\u043c\u0435\u0440\u043d\u043e\u0435 \u0432\u0440\u0435\u043c\u044f \u0434\u043b\u044f \u0447\u0442\u0435\u043d\u0438\u044f":"1 \u043c\u0438\u043d\u0443\u0442\u0430"},"schema":{"@context":"https:\/\/schema.org","@graph":[{"@type":"WebPage","@id":"https:\/\/kingimeister.ee\/tass-isale-parim-isa-maailmas\/","url":"https:\/\/kingimeister.ee\/tass-isale-parim-isa-maailmas\/","name":"Tass isale \u201eParim isa maailmas\u201c \u2013 ideaalne kingitus isale | Kingimeister.ee","isPartOf":{"@id":"https:\/\/kingimeister.ee\/#website"},"primaryImageOfPage":{"@id":"https:\/\/kingimeister.ee\/tass-isale-parim-isa-maailmas\/#primaryimage"},"image":{"@id":"https:\/\/kingimeister.ee\/tass-isale-parim-isa-maailmas\/#primaryimage"},"thumbnailUrl":"https:\/\/i0.wp.com\/kingimeister.ee\/wp-content\/uploads\/2026\/03\/Tass-isale-Parim-isa-maailmas.png?fit=640%2C640&ssl=1","datePublished":"2026-03-18T20:37:10+00:00","dateModified":"2026-03-21T09:54:39+00:00","description":"Stiilne tass isale kirjaga \u201eParim isa maailmas\u201c. Ideaalne kingitus isadep\u00e4evaks, s\u00fcnnip\u00e4evaks v\u00f5i lihtsalt t\u00e4nut\u00e4heks.","breadcrumb":{"@id":"https:\/\/kingimeister.ee\/tass-isale-parim-isa-maailmas\/#breadcrumb"},"inLanguage":"ru-RU","potentialAction":[{"@type":"ReadAction","target":["https:\/\/kingimeister.ee\/tass-isale-parim-isa-maailmas\/"]}]},{"@type":"ImageObject","inLanguage":"ru-RU","@id":"https:\/\/kingimeister.ee\/tass-isale-parim-isa-maailmas\/#primaryimage","url":"https:\/\/i0.wp.com\/kingimeister.ee\/wp-content\/uploads\/2026\/03\/Tass-isale-Parim-isa-maailmas.png?fit=640%2C640&ssl=1","contentUrl":"https:\/\/i0.wp.com\/kingimeister.ee\/wp-content\/uploads\/2026\/03\/Tass-isale-Parim-isa-maailmas.png?fit=640%2C640&ssl=1","width":640,"height":640},{"@type":"BreadcrumbList","@id":"https:\/\/kingimeister.ee\/tass-isale-parim-isa-maailmas\/#breadcrumb","itemListElement":[{"@type":"ListItem","position":1,"name":"Home","item":"https:\/\/kingimeister.ee\/"},{"@type":"ListItem","position":2,"name":"Kingitused","item":"https:\/\/kingimeister.ee\/kingitused\/"},{"@type":"ListItem","position":3,"name":"Tass isale &#8221; Parim isa maailmas&#8221;"}]},{"@type":"WebSite","@id":"https:\/\/kingimeister.ee\/#website","url":"https:\/\/kingimeister.ee\/","name":"Kingimeister.ee - Kingituste E-pood","description":"","publisher":{"@id":"https:\/\/kingimeister.ee\/#organization"},"potentialAction":[{"@type":"SearchAction","target":{"@type":"EntryPoint","urlTemplate":"https:\/\/kingimeister.ee\/?s={search_term_string}"},"query-input":{"@type":"PropertyValueSpecification","valueRequired":true,"valueName":"search_term_string"}}],"inLanguage":"ru-RU"},{"@type":"Organization","@id":"https:\/\/kingimeister.ee\/#organization","name":"Kingimeister.ee - Kingituste E-pood","url":"https:\/\/kingimeister.ee\/","logo":{"@type":"ImageObject","inLanguage":"ru-RU","@id":"https:\/\/kingimeister.ee\/#\/schema\/logo\/image\/","url":"https:\/\/kingimeister.ee\/wp-content\/uploads\/2026\/03\/Logo-e1773259902867.png","contentUrl":"https:\/\/kingimeister.ee\/wp-content\/uploads\/2026\/03\/Logo-e1773259902867.png","width":1443,"height":237,"caption":"Kingimeister.ee - Kingituste E-pood"},"image":{"@id":"https:\/\/kingimeister.ee\/#\/schema\/logo\/image\/"}}]}},"jetpack_sharing_enabled":true,"_links":{"self":[{"href":"https:\/\/kingimeister.ee\/ru\/wp-json\/wp\/v2\/product\/29833","targetHints":{"allow":["GET"]}}],"collection":[{"href":"https:\/\/kingimeister.ee\/ru\/wp-json\/wp\/v2\/product"}],"about":[{"href":"https:\/\/kingimeister.ee\/ru\/wp-json\/wp\/v2\/types\/product"}],"replies":[{"embeddable":true,"href":"https:\/\/kingimeister.ee\/ru\/wp-json\/wp\/v2\/comments?post=29833"}],"version-history":[{"count":2,"href":"https:\/\/kingimeister.ee\/ru\/wp-json\/wp\/v2\/product\/29833\/revisions"}],"predecessor-version":[{"id":29864,"href":"https:\/\/kingimeister.ee\/ru\/wp-json\/wp\/v2\/product\/29833\/revisions\/29864"}],"wp:featuredmedia":[{"embeddable":true,"href":"https:\/\/kingimeister.ee\/ru\/wp-json\/wp\/v2\/media\/29834"}],"wp:attachment":[{"href":"https:\/\/kingimeister.ee\/ru\/wp-json\/wp\/v2\/media?parent=29833"}],"wp:term":[{"taxonomy":"product_brand","embeddable":true,"href":"https:\/\/kingimeister.ee\/ru\/wp-json\/wp\/v2\/product_brand?post=29833"},{"taxonomy":"product_cat","embeddable":true,"href":"https:\/\/kingimeister.ee\/ru\/wp-json\/wp\/v2\/product_cat?post=29833"},{"taxonomy":"product_tag","embeddable":true,"href":"https:\/\/kingimeister.ee\/ru\/wp-json\/wp\/v2\/product_tag?post=29833"}],"curies":[{"name":"wp","href":"https:\/\/api.w.org\/{rel}","templated":true}]}}