{"id":29879,"date":"2026-03-21T11:37:38","date_gmt":"2026-03-21T09:37:38","guid":{"rendered":"https:\/\/kingimeister.ee\/?post_type=product&#038;p=29879"},"modified":"2026-03-22T09:48:55","modified_gmt":"2026-03-22T07:48:55","slug":"tass-emale-ema-boss-legend","status":"publish","type":"product","link":"https:\/\/kingimeister.ee\/ru\/tass-emale-ema-boss-legend\/","title":{"rendered":"Tass emale &#8221;Ema. Boss. Legend.&#8221;"},"content":{"rendered":"<p data-start=\"95\" data-end=\"339\">Stiilne ja minimalistlik tass emale tekstiga <strong data-start=\"140\" data-end=\"164\">\u201cEma. Boss. Legend.\u201d<\/strong> on ideaalne kingitus naisele, kes suudab k\u00f5ike. Elegantne disain ja ajatult ilus s\u00f5num muudavad selle tassi igap\u00e4evaseks lemmikuks \u2013 nii hommikukohvi kui \u00f5htutee nautimiseks.<\/p>\n<p data-start=\"341\" data-end=\"439\">Sobib suurep\u00e4raselt kingituseks emadep\u00e4evaks, s\u00fcnnip\u00e4evaks v\u00f5i lihtsalt selleks, et \u00f6elda \u201cait\u00e4h\u201d.<\/p>","protected":false},"excerpt":{"rendered":"<p data-start=\"95\" data-end=\"339\">Stiilne ja minimalistlik tass emale tekstiga <strong data-start=\"140\" data-end=\"164\">\u201cEma. Boss. Legend.\u201d<\/strong> on ideaalne kingitus naisele, kes suudab k\u00f5ike. Elegantne disain ja ajatult ilus s\u00f5num muudavad selle tassi igap\u00e4evaseks lemmikuks \u2013 nii hommikukohvi kui \u00f5htutee nautimiseks.<\/p>\n<p data-start=\"341\" data-end=\"439\">Sobib suurep\u00e4raselt kingituseks emadep\u00e4evaks, s\u00fcnnip\u00e4evaks v\u00f5i lihtsalt selleks, et \u00f6elda \u201cait\u00e4h\u201d.<\/p>","protected":false},"featured_media":29880,"comment_status":"open","ping_status":"closed","template":"","meta":[],"product_brand":[],"product_cat":[170,173],"product_tag":[244,258,276,247,245,259,254,251],"class_list":{"0":"post-29879","1":"product","2":"type-product","3":"status-publish","4":"has-post-thumbnail","6":"product_cat-kingitused-emale","7":"product_cat-tassid-emale","8":"product_tag-emadepaev","9":"product_tag-emadepaeva-kingitus","10":"product_tag-emadepaevaks","11":"product_tag-emale","12":"product_tag-kallile-emale","13":"product_tag-kingitus","14":"product_tag-kruus-emale","15":"product_tag-tass-emale","17":"first","18":"instock","19":"sale","20":"taxable","21":"shipping-taxable","22":"purchasable","23":"product-type-simple"},"yoast_head":"<!-- This site is optimized with the Yoast SEO Premium plugin v27.1 (Yoast SEO v27.3) - https:\/\/yoast.com\/product\/yoast-seo-premium-wordpress\/ -->\n<title>Tass emale \u201cEma. Boss. Legend.\u201d \u2013 Kingimeister.ee<\/title>\n<meta name=\"description\" content=\"Stiilne ja minimalistlik tass emale kirjaga \u201cEma. Boss. Legend.\u201d Ideaalne kingitus emadep\u00e4evaks v\u00f5i s\u00fcnnip\u00e4evaks. Telli mugavalt Kingimeister.ee-st!\" \/>\n<meta name=\"robots\" content=\"index, follow, max-snippet:-1, max-image-preview:large, max-video-preview:-1\" \/>\n<link rel=\"canonical\" href=\"https:\/\/kingimeister.ee\/ru\/tass-emale-ema-boss-legend\/\" \/>\n<meta property=\"og:locale\" content=\"ru_RU\" \/>\n<meta property=\"og:type\" content=\"article\" \/>\n<meta property=\"og:title\" content=\"Tass emale &#039;&#039;Ema. Boss. Legend.&#039;&#039;\" \/>\n<meta property=\"og:description\" content=\"Stiilne ja minimalistlik tass emale kirjaga \u201cEma. Boss. Legend.\u201d Ideaalne kingitus emadep\u00e4evaks v\u00f5i s\u00fcnnip\u00e4evaks. Telli mugavalt Kingimeister.ee-st!\" \/>\n<meta property=\"og:url\" content=\"https:\/\/kingimeister.ee\/ru\/tass-emale-ema-boss-legend\/\" \/>\n<meta property=\"og:site_name\" content=\"Kingimeister.ee - Kingituste E-pood\" \/>\n<meta property=\"article:modified_time\" content=\"2026-03-22T07:48:55+00:00\" \/>\n<meta property=\"og:image\" content=\"https:\/\/kingimeister.ee\/wp-content\/uploads\/2026\/03\/tass-emale-Ema.-Boss.-Legend.png\" \/>\n\t<meta property=\"og:image:width\" content=\"675\" \/>\n\t<meta property=\"og:image:height\" content=\"675\" \/>\n\t<meta property=\"og:image:type\" content=\"image\/png\" \/>\n<meta name=\"twitter:card\" content=\"summary_large_image\" \/>\n<meta name=\"twitter:label1\" content=\"\u041f\u0440\u0438\u043c\u0435\u0440\u043d\u043e\u0435 \u0432\u0440\u0435\u043c\u044f \u0434\u043b\u044f \u0447\u0442\u0435\u043d\u0438\u044f\" \/>\n\t<meta name=\"twitter:data1\" content=\"1 \u043c\u0438\u043d\u0443\u0442\u0430\" \/>\n<script type=\"application\/ld+json\" class=\"yoast-schema-graph\">{\"@context\":\"https:\\\/\\\/schema.org\",\"@graph\":[{\"@type\":\"WebPage\",\"@id\":\"https:\\\/\\\/kingimeister.ee\\\/tass-emale-ema-boss-legend\\\/\",\"url\":\"https:\\\/\\\/kingimeister.ee\\\/tass-emale-ema-boss-legend\\\/\",\"name\":\"Tass emale \u201cEma. Boss. Legend.\u201d \u2013 Kingimeister.ee\",\"isPartOf\":{\"@id\":\"https:\\\/\\\/kingimeister.ee\\\/#website\"},\"primaryImageOfPage\":{\"@id\":\"https:\\\/\\\/kingimeister.ee\\\/tass-emale-ema-boss-legend\\\/#primaryimage\"},\"image\":{\"@id\":\"https:\\\/\\\/kingimeister.ee\\\/tass-emale-ema-boss-legend\\\/#primaryimage\"},\"thumbnailUrl\":\"https:\\\/\\\/i0.wp.com\\\/kingimeister.ee\\\/wp-content\\\/uploads\\\/2026\\\/03\\\/tass-emale-Ema.-Boss.-Legend.png?fit=675%2C675&ssl=1\",\"datePublished\":\"2026-03-21T09:37:38+00:00\",\"dateModified\":\"2026-03-22T07:48:55+00:00\",\"description\":\"Stiilne ja minimalistlik tass emale kirjaga \u201cEma. Boss. Legend.\u201d Ideaalne kingitus emadep\u00e4evaks v\u00f5i s\u00fcnnip\u00e4evaks. Telli mugavalt Kingimeister.ee-st!\",\"breadcrumb\":{\"@id\":\"https:\\\/\\\/kingimeister.ee\\\/tass-emale-ema-boss-legend\\\/#breadcrumb\"},\"inLanguage\":\"ru-RU\",\"potentialAction\":[{\"@type\":\"ReadAction\",\"target\":[\"https:\\\/\\\/kingimeister.ee\\\/tass-emale-ema-boss-legend\\\/\"]}]},{\"@type\":\"ImageObject\",\"inLanguage\":\"ru-RU\",\"@id\":\"https:\\\/\\\/kingimeister.ee\\\/tass-emale-ema-boss-legend\\\/#primaryimage\",\"url\":\"https:\\\/\\\/i0.wp.com\\\/kingimeister.ee\\\/wp-content\\\/uploads\\\/2026\\\/03\\\/tass-emale-Ema.-Boss.-Legend.png?fit=675%2C675&ssl=1\",\"contentUrl\":\"https:\\\/\\\/i0.wp.com\\\/kingimeister.ee\\\/wp-content\\\/uploads\\\/2026\\\/03\\\/tass-emale-Ema.-Boss.-Legend.png?fit=675%2C675&ssl=1\",\"width\":675,\"height\":675},{\"@type\":\"BreadcrumbList\",\"@id\":\"https:\\\/\\\/kingimeister.ee\\\/tass-emale-ema-boss-legend\\\/#breadcrumb\",\"itemListElement\":[{\"@type\":\"ListItem\",\"position\":1,\"name\":\"Home\",\"item\":\"https:\\\/\\\/kingimeister.ee\\\/\"},{\"@type\":\"ListItem\",\"position\":2,\"name\":\"Kingitused\",\"item\":\"https:\\\/\\\/kingimeister.ee\\\/kingitused\\\/\"},{\"@type\":\"ListItem\",\"position\":3,\"name\":\"Tass emale &#8221;Ema. Boss. Legend.&#8221;\"}]},{\"@type\":\"WebSite\",\"@id\":\"https:\\\/\\\/kingimeister.ee\\\/#website\",\"url\":\"https:\\\/\\\/kingimeister.ee\\\/\",\"name\":\"Kingimeister.ee - Kingituste E-pood\",\"description\":\"\",\"publisher\":{\"@id\":\"https:\\\/\\\/kingimeister.ee\\\/#organization\"},\"potentialAction\":[{\"@type\":\"SearchAction\",\"target\":{\"@type\":\"EntryPoint\",\"urlTemplate\":\"https:\\\/\\\/kingimeister.ee\\\/?s={search_term_string}\"},\"query-input\":{\"@type\":\"PropertyValueSpecification\",\"valueRequired\":true,\"valueName\":\"search_term_string\"}}],\"inLanguage\":\"ru-RU\"},{\"@type\":\"Organization\",\"@id\":\"https:\\\/\\\/kingimeister.ee\\\/#organization\",\"name\":\"Kingimeister.ee - Kingituste E-pood\",\"url\":\"https:\\\/\\\/kingimeister.ee\\\/\",\"logo\":{\"@type\":\"ImageObject\",\"inLanguage\":\"ru-RU\",\"@id\":\"https:\\\/\\\/kingimeister.ee\\\/#\\\/schema\\\/logo\\\/image\\\/\",\"url\":\"https:\\\/\\\/kingimeister.ee\\\/wp-content\\\/uploads\\\/2026\\\/03\\\/Logo-e1773259902867.png\",\"contentUrl\":\"https:\\\/\\\/kingimeister.ee\\\/wp-content\\\/uploads\\\/2026\\\/03\\\/Logo-e1773259902867.png\",\"width\":1443,\"height\":237,\"caption\":\"Kingimeister.ee - Kingituste E-pood\"},\"image\":{\"@id\":\"https:\\\/\\\/kingimeister.ee\\\/#\\\/schema\\\/logo\\\/image\\\/\"}}]}<\/script>\n<!-- \/ Yoast SEO Premium plugin. -->","yoast_head_json":{"title":"Tass emale \u201cEma. Boss. Legend.\u201d \u2013 Kingimeister.ee","description":"Stiilne ja minimalistlik tass emale kirjaga \u201cEma. Boss. Legend.\u201d Ideaalne kingitus emadep\u00e4evaks v\u00f5i s\u00fcnnip\u00e4evaks. Telli mugavalt Kingimeister.ee-st!","robots":{"index":"index","follow":"follow","max-snippet":"max-snippet:-1","max-image-preview":"max-image-preview:large","max-video-preview":"max-video-preview:-1"},"canonical":"https:\/\/kingimeister.ee\/ru\/tass-emale-ema-boss-legend\/","og_locale":"ru_RU","og_type":"article","og_title":"Tass emale ''Ema. Boss. Legend.''","og_description":"Stiilne ja minimalistlik tass emale kirjaga \u201cEma. Boss. Legend.\u201d Ideaalne kingitus emadep\u00e4evaks v\u00f5i s\u00fcnnip\u00e4evaks. Telli mugavalt Kingimeister.ee-st!","og_url":"https:\/\/kingimeister.ee\/ru\/tass-emale-ema-boss-legend\/","og_site_name":"Kingimeister.ee - Kingituste E-pood","article_modified_time":"2026-03-22T07:48:55+00:00","og_image":[{"width":675,"height":675,"url":"https:\/\/kingimeister.ee\/wp-content\/uploads\/2026\/03\/tass-emale-Ema.-Boss.-Legend.png","type":"image\/png"}],"twitter_card":"summary_large_image","twitter_misc":{"\u041f\u0440\u0438\u043c\u0435\u0440\u043d\u043e\u0435 \u0432\u0440\u0435\u043c\u044f \u0434\u043b\u044f \u0447\u0442\u0435\u043d\u0438\u044f":"1 \u043c\u0438\u043d\u0443\u0442\u0430"},"schema":{"@context":"https:\/\/schema.org","@graph":[{"@type":"WebPage","@id":"https:\/\/kingimeister.ee\/tass-emale-ema-boss-legend\/","url":"https:\/\/kingimeister.ee\/tass-emale-ema-boss-legend\/","name":"Tass emale \u201cEma. Boss. Legend.\u201d \u2013 Kingimeister.ee","isPartOf":{"@id":"https:\/\/kingimeister.ee\/#website"},"primaryImageOfPage":{"@id":"https:\/\/kingimeister.ee\/tass-emale-ema-boss-legend\/#primaryimage"},"image":{"@id":"https:\/\/kingimeister.ee\/tass-emale-ema-boss-legend\/#primaryimage"},"thumbnailUrl":"https:\/\/i0.wp.com\/kingimeister.ee\/wp-content\/uploads\/2026\/03\/tass-emale-Ema.-Boss.-Legend.png?fit=675%2C675&ssl=1","datePublished":"2026-03-21T09:37:38+00:00","dateModified":"2026-03-22T07:48:55+00:00","description":"Stiilne ja minimalistlik tass emale kirjaga \u201cEma. Boss. Legend.\u201d Ideaalne kingitus emadep\u00e4evaks v\u00f5i s\u00fcnnip\u00e4evaks. Telli mugavalt Kingimeister.ee-st!","breadcrumb":{"@id":"https:\/\/kingimeister.ee\/tass-emale-ema-boss-legend\/#breadcrumb"},"inLanguage":"ru-RU","potentialAction":[{"@type":"ReadAction","target":["https:\/\/kingimeister.ee\/tass-emale-ema-boss-legend\/"]}]},{"@type":"ImageObject","inLanguage":"ru-RU","@id":"https:\/\/kingimeister.ee\/tass-emale-ema-boss-legend\/#primaryimage","url":"https:\/\/i0.wp.com\/kingimeister.ee\/wp-content\/uploads\/2026\/03\/tass-emale-Ema.-Boss.-Legend.png?fit=675%2C675&ssl=1","contentUrl":"https:\/\/i0.wp.com\/kingimeister.ee\/wp-content\/uploads\/2026\/03\/tass-emale-Ema.-Boss.-Legend.png?fit=675%2C675&ssl=1","width":675,"height":675},{"@type":"BreadcrumbList","@id":"https:\/\/kingimeister.ee\/tass-emale-ema-boss-legend\/#breadcrumb","itemListElement":[{"@type":"ListItem","position":1,"name":"Home","item":"https:\/\/kingimeister.ee\/"},{"@type":"ListItem","position":2,"name":"Kingitused","item":"https:\/\/kingimeister.ee\/kingitused\/"},{"@type":"ListItem","position":3,"name":"Tass emale &#8221;Ema. Boss. Legend.&#8221;"}]},{"@type":"WebSite","@id":"https:\/\/kingimeister.ee\/#website","url":"https:\/\/kingimeister.ee\/","name":"Kingimeister.ee - Kingituste E-pood","description":"","publisher":{"@id":"https:\/\/kingimeister.ee\/#organization"},"potentialAction":[{"@type":"SearchAction","target":{"@type":"EntryPoint","urlTemplate":"https:\/\/kingimeister.ee\/?s={search_term_string}"},"query-input":{"@type":"PropertyValueSpecification","valueRequired":true,"valueName":"search_term_string"}}],"inLanguage":"ru-RU"},{"@type":"Organization","@id":"https:\/\/kingimeister.ee\/#organization","name":"Kingimeister.ee - Kingituste E-pood","url":"https:\/\/kingimeister.ee\/","logo":{"@type":"ImageObject","inLanguage":"ru-RU","@id":"https:\/\/kingimeister.ee\/#\/schema\/logo\/image\/","url":"https:\/\/kingimeister.ee\/wp-content\/uploads\/2026\/03\/Logo-e1773259902867.png","contentUrl":"https:\/\/kingimeister.ee\/wp-content\/uploads\/2026\/03\/Logo-e1773259902867.png","width":1443,"height":237,"caption":"Kingimeister.ee - Kingituste E-pood"},"image":{"@id":"https:\/\/kingimeister.ee\/#\/schema\/logo\/image\/"}}]}},"jetpack_sharing_enabled":true,"_links":{"self":[{"href":"https:\/\/kingimeister.ee\/ru\/wp-json\/wp\/v2\/product\/29879","targetHints":{"allow":["GET"]}}],"collection":[{"href":"https:\/\/kingimeister.ee\/ru\/wp-json\/wp\/v2\/product"}],"about":[{"href":"https:\/\/kingimeister.ee\/ru\/wp-json\/wp\/v2\/types\/product"}],"replies":[{"embeddable":true,"href":"https:\/\/kingimeister.ee\/ru\/wp-json\/wp\/v2\/comments?post=29879"}],"version-history":[{"count":1,"href":"https:\/\/kingimeister.ee\/ru\/wp-json\/wp\/v2\/product\/29879\/revisions"}],"predecessor-version":[{"id":29881,"href":"https:\/\/kingimeister.ee\/ru\/wp-json\/wp\/v2\/product\/29879\/revisions\/29881"}],"wp:featuredmedia":[{"embeddable":true,"href":"https:\/\/kingimeister.ee\/ru\/wp-json\/wp\/v2\/media\/29880"}],"wp:attachment":[{"href":"https:\/\/kingimeister.ee\/ru\/wp-json\/wp\/v2\/media?parent=29879"}],"wp:term":[{"taxonomy":"product_brand","embeddable":true,"href":"https:\/\/kingimeister.ee\/ru\/wp-json\/wp\/v2\/product_brand?post=29879"},{"taxonomy":"product_cat","embeddable":true,"href":"https:\/\/kingimeister.ee\/ru\/wp-json\/wp\/v2\/product_cat?post=29879"},{"taxonomy":"product_tag","embeddable":true,"href":"https:\/\/kingimeister.ee\/ru\/wp-json\/wp\/v2\/product_tag?post=29879"}],"curies":[{"name":"wp","href":"https:\/\/api.w.org\/{rel}","templated":true}]}}