{"id":29886,"date":"2026-03-21T19:32:29","date_gmt":"2026-03-21T17:32:29","guid":{"rendered":"https:\/\/kingimeister.ee\/?post_type=product&#038;p=29886"},"modified":"2026-03-21T19:40:47","modified_gmt":"2026-03-21T17:40:47","slug":"kelluke-votmehoidja-ring-for-sex","status":"publish","type":"product","link":"https:\/\/kingimeister.ee\/ru\/kelluke-votmehoidja-ring-for-sex\/","title":{"rendered":"Kelluke-v\u00f5tmehoidja \u201eRing for Sex\u201c"},"content":{"rendered":"<p>Humoorikas v\u00f5tmehoidja &#8220;Ring for sex&#8221; on ideaalne aksessuaar neile, kes hindavad nalja ja ei v\u00f5ta elu liiga t\u00f5siselt. See pilkup\u00fc\u00fcdev ja m\u00e4nguline v\u00f5tmehoidja sobib suurep\u00e4raselt kingituseks s\u00f5brale, partnerile v\u00f5i peomeeleolu loomiseks. V\u00e4ike detail, mis toob kindlasti naeratuse n\u00e4ole!<\/p>","protected":false},"excerpt":{"rendered":"<p>Humoorikas v\u00f5tmehoidja &#8220;Ring for sex&#8221; on ideaalne aksessuaar neile, kes hindavad nalja ja ei v\u00f5ta elu liiga t\u00f5siselt. See pilkup\u00fc\u00fcdev ja m\u00e4nguline v\u00f5tmehoidja sobib suurep\u00e4raselt kingituseks s\u00f5brale, partnerile v\u00f5i peomeeleolu loomiseks. V\u00e4ike detail, mis toob kindlasti naeratuse n\u00e4ole!<\/p>","protected":false},"featured_media":29887,"comment_status":"open","ping_status":"closed","template":"","meta":[],"product_brand":[],"product_cat":[190,238,202,203,204,93],"product_tag":[278,280,279,277],"class_list":{"0":"post-29886","1":"product","2":"type-product","3":"status-publish","4":"has-post-thumbnail","6":"product_cat-naljakad-kingitused","7":"product_cat-pulmakingid","8":"product_cat-sobrapaeva-kingitused","9":"product_cat-sobrapaeva-kingitused-meestele","10":"product_cat-sobrapaeva-kingitused-naistele","11":"product_cat-votmehoidjad","12":"product_tag-kelluke","13":"product_tag-seks","14":"product_tag-sex","15":"product_tag-votmehoidja","17":"first","18":"instock","19":"taxable","20":"shipping-taxable","21":"purchasable","22":"product-type-simple"},"yoast_head":"<!-- This site is optimized with the Yoast SEO Premium plugin v27.1 (Yoast SEO v27.3) - https:\/\/yoast.com\/product\/yoast-seo-premium-wordpress\/ -->\n<title>V\u00f5tmehoidja &quot;Ring for sex&quot; \u2013 humoorikas kingitus | Kingimeister.ee<\/title>\n<meta name=\"description\" content=\"L\u00f5bus ja pilkup\u00fc\u00fcdev kelluke v\u00f5tmehoidja &quot;Ring for sex&quot; on ideaalne kingitus hea huumorimeelega inimesele. Sobib suurep\u00e4raselt s\u00f5brale v\u00f5i peoks! Vaata l\u00e4hemalt Kingimeister.ee\" \/>\n<meta name=\"robots\" content=\"index, follow, max-snippet:-1, max-image-preview:large, max-video-preview:-1\" \/>\n<link rel=\"canonical\" href=\"https:\/\/kingimeister.ee\/ru\/kelluke-votmehoidja-ring-for-sex\/\" \/>\n<meta property=\"og:locale\" content=\"ru_RU\" \/>\n<meta property=\"og:type\" content=\"article\" \/>\n<meta property=\"og:title\" content=\"Kelluke-v\u00f5tmehoidja \u201eRing for Sex\u201c\" \/>\n<meta property=\"og:description\" content=\"L\u00f5bus ja pilkup\u00fc\u00fcdev kelluke v\u00f5tmehoidja &quot;Ring for sex&quot; on ideaalne kingitus hea huumorimeelega inimesele. Sobib suurep\u00e4raselt s\u00f5brale v\u00f5i peoks! Vaata l\u00e4hemalt Kingimeister.ee\" \/>\n<meta property=\"og:url\" content=\"https:\/\/kingimeister.ee\/ru\/kelluke-votmehoidja-ring-for-sex\/\" \/>\n<meta property=\"og:site_name\" content=\"Kingimeister.ee - Kingituste E-pood\" \/>\n<meta property=\"article:modified_time\" content=\"2026-03-21T17:40:47+00:00\" \/>\n<meta property=\"og:image\" content=\"https:\/\/kingimeister.ee\/wp-content\/uploads\/2026\/03\/Ring-for-seks-votmehoidja.webp\" \/>\n\t<meta property=\"og:image:width\" content=\"1000\" \/>\n\t<meta property=\"og:image:height\" content=\"1000\" \/>\n\t<meta property=\"og:image:type\" content=\"image\/webp\" \/>\n<meta name=\"twitter:card\" content=\"summary_large_image\" \/>\n<meta name=\"twitter:label1\" content=\"\u041f\u0440\u0438\u043c\u0435\u0440\u043d\u043e\u0435 \u0432\u0440\u0435\u043c\u044f \u0434\u043b\u044f \u0447\u0442\u0435\u043d\u0438\u044f\" \/>\n\t<meta name=\"twitter:data1\" content=\"1 \u043c\u0438\u043d\u0443\u0442\u0430\" \/>\n<script type=\"application\/ld+json\" class=\"yoast-schema-graph\">{\"@context\":\"https:\\\/\\\/schema.org\",\"@graph\":[{\"@type\":\"WebPage\",\"@id\":\"https:\\\/\\\/kingimeister.ee\\\/kelluke-votmehoidja-ring-for-sex\\\/\",\"url\":\"https:\\\/\\\/kingimeister.ee\\\/kelluke-votmehoidja-ring-for-sex\\\/\",\"name\":\"V\u00f5tmehoidja \\\"Ring for sex\\\" \u2013 humoorikas kingitus | Kingimeister.ee\",\"isPartOf\":{\"@id\":\"https:\\\/\\\/kingimeister.ee\\\/#website\"},\"primaryImageOfPage\":{\"@id\":\"https:\\\/\\\/kingimeister.ee\\\/kelluke-votmehoidja-ring-for-sex\\\/#primaryimage\"},\"image\":{\"@id\":\"https:\\\/\\\/kingimeister.ee\\\/kelluke-votmehoidja-ring-for-sex\\\/#primaryimage\"},\"thumbnailUrl\":\"https:\\\/\\\/i0.wp.com\\\/kingimeister.ee\\\/wp-content\\\/uploads\\\/2026\\\/03\\\/Ring-for-seks-votmehoidja.webp?fit=1000%2C1000&ssl=1\",\"datePublished\":\"2026-03-21T17:32:29+00:00\",\"dateModified\":\"2026-03-21T17:40:47+00:00\",\"description\":\"L\u00f5bus ja pilkup\u00fc\u00fcdev kelluke v\u00f5tmehoidja \\\"Ring for sex\\\" on ideaalne kingitus hea huumorimeelega inimesele. Sobib suurep\u00e4raselt s\u00f5brale v\u00f5i peoks! Vaata l\u00e4hemalt Kingimeister.ee\",\"breadcrumb\":{\"@id\":\"https:\\\/\\\/kingimeister.ee\\\/kelluke-votmehoidja-ring-for-sex\\\/#breadcrumb\"},\"inLanguage\":\"ru-RU\",\"potentialAction\":[{\"@type\":\"ReadAction\",\"target\":[\"https:\\\/\\\/kingimeister.ee\\\/kelluke-votmehoidja-ring-for-sex\\\/\"]}]},{\"@type\":\"ImageObject\",\"inLanguage\":\"ru-RU\",\"@id\":\"https:\\\/\\\/kingimeister.ee\\\/kelluke-votmehoidja-ring-for-sex\\\/#primaryimage\",\"url\":\"https:\\\/\\\/i0.wp.com\\\/kingimeister.ee\\\/wp-content\\\/uploads\\\/2026\\\/03\\\/Ring-for-seks-votmehoidja.webp?fit=1000%2C1000&ssl=1\",\"contentUrl\":\"https:\\\/\\\/i0.wp.com\\\/kingimeister.ee\\\/wp-content\\\/uploads\\\/2026\\\/03\\\/Ring-for-seks-votmehoidja.webp?fit=1000%2C1000&ssl=1\",\"width\":1000,\"height\":1000},{\"@type\":\"BreadcrumbList\",\"@id\":\"https:\\\/\\\/kingimeister.ee\\\/kelluke-votmehoidja-ring-for-sex\\\/#breadcrumb\",\"itemListElement\":[{\"@type\":\"ListItem\",\"position\":1,\"name\":\"Home\",\"item\":\"https:\\\/\\\/kingimeister.ee\\\/\"},{\"@type\":\"ListItem\",\"position\":2,\"name\":\"Kingitused\",\"item\":\"https:\\\/\\\/kingimeister.ee\\\/kingitused\\\/\"},{\"@type\":\"ListItem\",\"position\":3,\"name\":\"Kelluke-v\u00f5tmehoidja \u201eRing for Sex\u201c\"}]},{\"@type\":\"WebSite\",\"@id\":\"https:\\\/\\\/kingimeister.ee\\\/#website\",\"url\":\"https:\\\/\\\/kingimeister.ee\\\/\",\"name\":\"Kingimeister.ee - Kingituste E-pood\",\"description\":\"\",\"publisher\":{\"@id\":\"https:\\\/\\\/kingimeister.ee\\\/#organization\"},\"potentialAction\":[{\"@type\":\"SearchAction\",\"target\":{\"@type\":\"EntryPoint\",\"urlTemplate\":\"https:\\\/\\\/kingimeister.ee\\\/?s={search_term_string}\"},\"query-input\":{\"@type\":\"PropertyValueSpecification\",\"valueRequired\":true,\"valueName\":\"search_term_string\"}}],\"inLanguage\":\"ru-RU\"},{\"@type\":\"Organization\",\"@id\":\"https:\\\/\\\/kingimeister.ee\\\/#organization\",\"name\":\"Kingimeister.ee - Kingituste E-pood\",\"url\":\"https:\\\/\\\/kingimeister.ee\\\/\",\"logo\":{\"@type\":\"ImageObject\",\"inLanguage\":\"ru-RU\",\"@id\":\"https:\\\/\\\/kingimeister.ee\\\/#\\\/schema\\\/logo\\\/image\\\/\",\"url\":\"https:\\\/\\\/kingimeister.ee\\\/wp-content\\\/uploads\\\/2026\\\/03\\\/Logo-e1773259902867.png\",\"contentUrl\":\"https:\\\/\\\/kingimeister.ee\\\/wp-content\\\/uploads\\\/2026\\\/03\\\/Logo-e1773259902867.png\",\"width\":1443,\"height\":237,\"caption\":\"Kingimeister.ee - Kingituste E-pood\"},\"image\":{\"@id\":\"https:\\\/\\\/kingimeister.ee\\\/#\\\/schema\\\/logo\\\/image\\\/\"}}]}<\/script>\n<!-- \/ Yoast SEO Premium plugin. -->","yoast_head_json":{"title":"V\u00f5tmehoidja \"Ring for sex\" \u2013 humoorikas kingitus | Kingimeister.ee","description":"L\u00f5bus ja pilkup\u00fc\u00fcdev kelluke v\u00f5tmehoidja \"Ring for sex\" on ideaalne kingitus hea huumorimeelega inimesele. Sobib suurep\u00e4raselt s\u00f5brale v\u00f5i peoks! Vaata l\u00e4hemalt Kingimeister.ee","robots":{"index":"index","follow":"follow","max-snippet":"max-snippet:-1","max-image-preview":"max-image-preview:large","max-video-preview":"max-video-preview:-1"},"canonical":"https:\/\/kingimeister.ee\/ru\/kelluke-votmehoidja-ring-for-sex\/","og_locale":"ru_RU","og_type":"article","og_title":"Kelluke-v\u00f5tmehoidja \u201eRing for Sex\u201c","og_description":"L\u00f5bus ja pilkup\u00fc\u00fcdev kelluke v\u00f5tmehoidja \"Ring for sex\" on ideaalne kingitus hea huumorimeelega inimesele. Sobib suurep\u00e4raselt s\u00f5brale v\u00f5i peoks! Vaata l\u00e4hemalt Kingimeister.ee","og_url":"https:\/\/kingimeister.ee\/ru\/kelluke-votmehoidja-ring-for-sex\/","og_site_name":"Kingimeister.ee - Kingituste E-pood","article_modified_time":"2026-03-21T17:40:47+00:00","og_image":[{"width":1000,"height":1000,"url":"https:\/\/kingimeister.ee\/wp-content\/uploads\/2026\/03\/Ring-for-seks-votmehoidja.webp","type":"image\/webp"}],"twitter_card":"summary_large_image","twitter_misc":{"\u041f\u0440\u0438\u043c\u0435\u0440\u043d\u043e\u0435 \u0432\u0440\u0435\u043c\u044f \u0434\u043b\u044f \u0447\u0442\u0435\u043d\u0438\u044f":"1 \u043c\u0438\u043d\u0443\u0442\u0430"},"schema":{"@context":"https:\/\/schema.org","@graph":[{"@type":"WebPage","@id":"https:\/\/kingimeister.ee\/kelluke-votmehoidja-ring-for-sex\/","url":"https:\/\/kingimeister.ee\/kelluke-votmehoidja-ring-for-sex\/","name":"V\u00f5tmehoidja \"Ring for sex\" \u2013 humoorikas kingitus | Kingimeister.ee","isPartOf":{"@id":"https:\/\/kingimeister.ee\/#website"},"primaryImageOfPage":{"@id":"https:\/\/kingimeister.ee\/kelluke-votmehoidja-ring-for-sex\/#primaryimage"},"image":{"@id":"https:\/\/kingimeister.ee\/kelluke-votmehoidja-ring-for-sex\/#primaryimage"},"thumbnailUrl":"https:\/\/i0.wp.com\/kingimeister.ee\/wp-content\/uploads\/2026\/03\/Ring-for-seks-votmehoidja.webp?fit=1000%2C1000&ssl=1","datePublished":"2026-03-21T17:32:29+00:00","dateModified":"2026-03-21T17:40:47+00:00","description":"L\u00f5bus ja pilkup\u00fc\u00fcdev kelluke v\u00f5tmehoidja \"Ring for sex\" on ideaalne kingitus hea huumorimeelega inimesele. Sobib suurep\u00e4raselt s\u00f5brale v\u00f5i peoks! Vaata l\u00e4hemalt Kingimeister.ee","breadcrumb":{"@id":"https:\/\/kingimeister.ee\/kelluke-votmehoidja-ring-for-sex\/#breadcrumb"},"inLanguage":"ru-RU","potentialAction":[{"@type":"ReadAction","target":["https:\/\/kingimeister.ee\/kelluke-votmehoidja-ring-for-sex\/"]}]},{"@type":"ImageObject","inLanguage":"ru-RU","@id":"https:\/\/kingimeister.ee\/kelluke-votmehoidja-ring-for-sex\/#primaryimage","url":"https:\/\/i0.wp.com\/kingimeister.ee\/wp-content\/uploads\/2026\/03\/Ring-for-seks-votmehoidja.webp?fit=1000%2C1000&ssl=1","contentUrl":"https:\/\/i0.wp.com\/kingimeister.ee\/wp-content\/uploads\/2026\/03\/Ring-for-seks-votmehoidja.webp?fit=1000%2C1000&ssl=1","width":1000,"height":1000},{"@type":"BreadcrumbList","@id":"https:\/\/kingimeister.ee\/kelluke-votmehoidja-ring-for-sex\/#breadcrumb","itemListElement":[{"@type":"ListItem","position":1,"name":"Home","item":"https:\/\/kingimeister.ee\/"},{"@type":"ListItem","position":2,"name":"Kingitused","item":"https:\/\/kingimeister.ee\/kingitused\/"},{"@type":"ListItem","position":3,"name":"Kelluke-v\u00f5tmehoidja \u201eRing for Sex\u201c"}]},{"@type":"WebSite","@id":"https:\/\/kingimeister.ee\/#website","url":"https:\/\/kingimeister.ee\/","name":"Kingimeister.ee - Kingituste E-pood","description":"","publisher":{"@id":"https:\/\/kingimeister.ee\/#organization"},"potentialAction":[{"@type":"SearchAction","target":{"@type":"EntryPoint","urlTemplate":"https:\/\/kingimeister.ee\/?s={search_term_string}"},"query-input":{"@type":"PropertyValueSpecification","valueRequired":true,"valueName":"search_term_string"}}],"inLanguage":"ru-RU"},{"@type":"Organization","@id":"https:\/\/kingimeister.ee\/#organization","name":"Kingimeister.ee - Kingituste E-pood","url":"https:\/\/kingimeister.ee\/","logo":{"@type":"ImageObject","inLanguage":"ru-RU","@id":"https:\/\/kingimeister.ee\/#\/schema\/logo\/image\/","url":"https:\/\/kingimeister.ee\/wp-content\/uploads\/2026\/03\/Logo-e1773259902867.png","contentUrl":"https:\/\/kingimeister.ee\/wp-content\/uploads\/2026\/03\/Logo-e1773259902867.png","width":1443,"height":237,"caption":"Kingimeister.ee - Kingituste E-pood"},"image":{"@id":"https:\/\/kingimeister.ee\/#\/schema\/logo\/image\/"}}]}},"jetpack_sharing_enabled":true,"_links":{"self":[{"href":"https:\/\/kingimeister.ee\/ru\/wp-json\/wp\/v2\/product\/29886","targetHints":{"allow":["GET"]}}],"collection":[{"href":"https:\/\/kingimeister.ee\/ru\/wp-json\/wp\/v2\/product"}],"about":[{"href":"https:\/\/kingimeister.ee\/ru\/wp-json\/wp\/v2\/types\/product"}],"replies":[{"embeddable":true,"href":"https:\/\/kingimeister.ee\/ru\/wp-json\/wp\/v2\/comments?post=29886"}],"version-history":[{"count":1,"href":"https:\/\/kingimeister.ee\/ru\/wp-json\/wp\/v2\/product\/29886\/revisions"}],"predecessor-version":[{"id":29890,"href":"https:\/\/kingimeister.ee\/ru\/wp-json\/wp\/v2\/product\/29886\/revisions\/29890"}],"wp:featuredmedia":[{"embeddable":true,"href":"https:\/\/kingimeister.ee\/ru\/wp-json\/wp\/v2\/media\/29887"}],"wp:attachment":[{"href":"https:\/\/kingimeister.ee\/ru\/wp-json\/wp\/v2\/media?parent=29886"}],"wp:term":[{"taxonomy":"product_brand","embeddable":true,"href":"https:\/\/kingimeister.ee\/ru\/wp-json\/wp\/v2\/product_brand?post=29886"},{"taxonomy":"product_cat","embeddable":true,"href":"https:\/\/kingimeister.ee\/ru\/wp-json\/wp\/v2\/product_cat?post=29886"},{"taxonomy":"product_tag","embeddable":true,"href":"https:\/\/kingimeister.ee\/ru\/wp-json\/wp\/v2\/product_tag?post=29886"}],"curies":[{"name":"wp","href":"https:\/\/api.w.org\/{rel}","templated":true}]}}