{"id":29894,"date":"2026-03-22T09:39:56","date_gmt":"2026-03-22T07:39:56","guid":{"rendered":"https:\/\/kingimeister.ee\/?post_type=product&#038;p=29894"},"modified":"2026-03-22T09:49:59","modified_gmt":"2026-03-22T07:49:59","slug":"lainepappkarp-kaanega-ja-aknaga-230x150x80mm","status":"publish","type":"product","link":"https:\/\/kingimeister.ee\/ru\/lainepappkarp-kaanega-ja-aknaga-230x150x80mm\/","title":{"rendered":"Lainepappkarp kaanega ja aknaga 230x150x80mm"},"content":{"rendered":"<p>\u041a\u043e\u0440\u043e\u0431\u043a\u0430 \u0438\u0437 \u0433\u043e\u0444\u0440\u0438\u0440\u043e\u0432\u0430\u043d\u043d\u043e\u0433\u043e \u043a\u0430\u0440\u0442\u043e\u043d\u0430 \u043f\u043e\u0434\u0445\u043e\u0434\u0438\u0442 \u0434\u043b\u044f \u0443\u043f\u0430\u043a\u043e\u0432\u043a\u0438 \u0440\u0430\u0437\u043b\u0438\u0447\u043d\u044b\u0445 \u043f\u0440\u0435\u0434\u043c\u0435\u0442\u043e\u0432. \u041a\u043e\u0440\u043e\u0431\u043a\u0430 \u0438\u043c\u0435\u0435\u0442 \u043f\u0440\u043e\u0437\u0440\u0430\u0447\u043d\u043e\u0435 \u043e\u043a\u043e\u0448\u043a\u043e \u0441\u0432\u0435\u0440\u0445\u0443. \u041a\u043e\u0440\u043e\u0431\u043a\u0443 \u043c\u043e\u0436\u043d\u043e \u0443\u0434\u043e\u0431\u043d\u043e \u0438 \u0431\u044b\u0441\u0442\u0440\u043e \u0441\u043b\u043e\u0436\u0438\u0442\u044c \u0431\u0435\u0437 \u0438\u0441\u043f\u043e\u043b\u044c\u0437\u043e\u0432\u0430\u043d\u0438\u044f \u0441\u043a\u043e\u0442\u0447\u0430. \u0423\u043a\u0430\u0437\u0430\u043d\u043d\u044b\u0435 \u0440\u0430\u0437\u043c\u0435\u0440\u044b \u2014 \u0432\u043d\u0443\u0442\u0440\u0435\u043d\u043d\u0438\u0435.<br \/>\n\u042d\u0442\u043e\u0442 \u044f\u0449\u0438\u043a \u043f\u043e\u0434\u0445\u043e\u0434\u0438\u0442 \u0434\u043b\u044f \u0438\u0441\u043f\u043e\u043b\u044c\u0437\u043e\u0432\u0430\u043d\u0438\u044f \u0432 \u044f\u0447\u0435\u0439\u043a\u0430\u0445 SmartPOST S, Omniva S \u0438 DPD Pickup M.<\/p>\n<p>\u042d\u0442\u0430 \u043f\u043e\u0434\u0430\u0440\u043e\u0447\u043d\u0430\u044f \u043a\u043e\u0440\u043e\u0431\u043a\u0430 \u043f\u043e\u0441\u0442\u0430\u0432\u043b\u044f\u0435\u0442\u0441\u044f \u0443\u0436\u0435 \u043f\u043e\u0434\u0433\u043e\u0442\u043e\u0432\u043b\u0435\u043d\u043d\u043e\u0439, \u0438 \u0435\u0441\u043b\u0438 \u0432\u044b \u0434\u043e\u0431\u0430\u0432\u0438\u0442\u0435 \u0435\u0435 \u043a \u043b\u044e\u0431\u043e\u043c\u0443 \u0442\u043e\u0432\u0430\u0440\u0443, \u043e\u043d\u0430 \u0442\u0430\u043a\u0436\u0435 \u0432\u043a\u043b\u044e\u0447\u0430\u0435\u0442 \u0432 \u0441\u0435\u0431\u044f \u0443\u043f\u0430\u043a\u043e\u0432\u043a\u0443, \u043f\u043e\u0434\u0430\u0440\u043e\u0447\u043d\u0443\u044e \u043e\u0431\u0435\u0440\u0442\u043a\u0443 \u0438 \u0443\u043a\u0440\u0430\u0448\u0435\u043d\u0438\u0435 (\u043c\u044b \u0434\u043e\u0431\u0430\u0432\u043b\u044f\u0435\u043c \u043a\u0430\u043a \u0434\u0435\u043a\u043e\u0440\u0430\u0442\u0438\u0432\u043d\u044b\u0435 \u044d\u043b\u0435\u043c\u0435\u043d\u0442\u044b, \u0442\u0430\u043a \u0438 \u0441\u043e\u0437\u0434\u0430\u0435\u043c \u043f\u043e\u043b\u043d\u044b\u0439 \u043f\u043e\u0434\u0430\u0440\u043e\u0447\u043d\u044b\u0439 \u043d\u0430\u0431\u043e\u0440).<\/p>","protected":false},"excerpt":{"rendered":"<p>\u041a\u043e\u0440\u043e\u0431\u043a\u0430 \u0438\u0437 \u0433\u043e\u0444\u0440\u0438\u0440\u043e\u0432\u0430\u043d\u043d\u043e\u0433\u043e \u043a\u0430\u0440\u0442\u043e\u043d\u0430 \u043f\u043e\u0434\u0445\u043e\u0434\u0438\u0442 \u0434\u043b\u044f \u0443\u043f\u0430\u043a\u043e\u0432\u043a\u0438 \u0440\u0430\u0437\u043b\u0438\u0447\u043d\u044b\u0445 \u043f\u0440\u0435\u0434\u043c\u0435\u0442\u043e\u0432. \u041a\u043e\u0440\u043e\u0431\u043a\u0430 \u0438\u043c\u0435\u0435\u0442 \u043f\u0440\u043e\u0437\u0440\u0430\u0447\u043d\u043e\u0435 \u043e\u043a\u043e\u0448\u043a\u043e \u0441\u0432\u0435\u0440\u0445\u0443. \u041a\u043e\u0440\u043e\u0431\u043a\u0443 \u043c\u043e\u0436\u043d\u043e \u0443\u0434\u043e\u0431\u043d\u043e \u0438 \u0431\u044b\u0441\u0442\u0440\u043e \u0441\u043b\u043e\u0436\u0438\u0442\u044c \u0431\u0435\u0437 \u0438\u0441\u043f\u043e\u043b\u044c\u0437\u043e\u0432\u0430\u043d\u0438\u044f \u0441\u043a\u043e\u0442\u0447\u0430. \u0423\u043a\u0430\u0437\u0430\u043d\u043d\u044b\u0435 \u0440\u0430\u0437\u043c\u0435\u0440\u044b \u2014 \u0432\u043d\u0443\u0442\u0440\u0435\u043d\u043d\u0438\u0435.<br \/>\n\u042d\u0442\u043e\u0442 \u044f\u0449\u0438\u043a \u043f\u043e\u0434\u0445\u043e\u0434\u0438\u0442 \u0434\u043b\u044f \u0438\u0441\u043f\u043e\u043b\u044c\u0437\u043e\u0432\u0430\u043d\u0438\u044f \u0432 \u044f\u0447\u0435\u0439\u043a\u0430\u0445 SmartPOST S, Omniva S \u0438 DPD Pickup M.<\/p>\n<p>\u042d\u0442\u0430 \u043f\u043e\u0434\u0430\u0440\u043e\u0447\u043d\u0430\u044f \u043a\u043e\u0440\u043e\u0431\u043a\u0430 \u043f\u043e\u0441\u0442\u0430\u0432\u043b\u044f\u0435\u0442\u0441\u044f \u0443\u0436\u0435 \u043f\u043e\u0434\u0433\u043e\u0442\u043e\u0432\u043b\u0435\u043d\u043d\u043e\u0439, \u0438 \u0435\u0441\u043b\u0438 \u0432\u044b \u0434\u043e\u0431\u0430\u0432\u0438\u0442\u0435 \u0435\u0435 \u043a \u043b\u044e\u0431\u043e\u043c\u0443 \u0442\u043e\u0432\u0430\u0440\u0443, \u043e\u043d\u0430 \u0442\u0430\u043a\u0436\u0435 \u0432\u043a\u043b\u044e\u0447\u0430\u0435\u0442 \u0432 \u0441\u0435\u0431\u044f \u0443\u043f\u0430\u043a\u043e\u0432\u043a\u0443, \u043f\u043e\u0434\u0430\u0440\u043e\u0447\u043d\u0443\u044e \u043e\u0431\u0435\u0440\u0442\u043a\u0443 \u0438 \u0443\u043a\u0440\u0430\u0448\u0435\u043d\u0438\u0435 (\u043c\u044b \u0434\u043e\u0431\u0430\u0432\u043b\u044f\u0435\u043c \u043a\u0430\u043a \u0434\u0435\u043a\u043e\u0440\u0430\u0442\u0438\u0432\u043d\u044b\u0435 \u044d\u043b\u0435\u043c\u0435\u043d\u0442\u044b, \u0442\u0430\u043a \u0438 \u0441\u043e\u0437\u0434\u0430\u0435\u043c \u043f\u043e\u043b\u043d\u044b\u0439 \u043f\u043e\u0434\u0430\u0440\u043e\u0447\u043d\u044b\u0439 \u043d\u0430\u0431\u043e\u0440).<\/p>","protected":false},"featured_media":29896,"comment_status":"open","ping_status":"closed","template":"","meta":[],"product_brand":[],"product_cat":[129],"product_tag":[284,283,282,281],"class_list":{"0":"post-29894","1":"product","2":"type-product","3":"status-publish","4":"has-post-thumbnail","6":"product_cat-kinkekarbid-ja-kotid","7":"product_tag-aknaga-karp","8":"product_tag-aknaga-kinkekarp","9":"product_tag-kinkekarp","10":"product_tag-lainepappkarp","12":"first","13":"instock","14":"taxable","15":"shipping-taxable","16":"purchasable","17":"product-type-simple"},"yoast_head":"<!-- This site is optimized with the Yoast SEO Premium plugin v27.1 (Yoast SEO v27.3) - https:\/\/yoast.com\/product\/yoast-seo-premium-wordpress\/ -->\n<title>Lainepappkarp kaanega ja aknaga 230x150x80mm - Kingimeister.ee - Kingituste E-pood<\/title>\n<meta name=\"robots\" content=\"index, follow, max-snippet:-1, max-image-preview:large, max-video-preview:-1\" \/>\n<link rel=\"canonical\" href=\"https:\/\/kingimeister.ee\/ru\/lainepappkarp-kaanega-ja-aknaga-230x150x80mm\/\" \/>\n<meta property=\"og:locale\" content=\"ru_RU\" \/>\n<meta property=\"og:type\" content=\"article\" \/>\n<meta property=\"og:title\" content=\"Lainepappkarp kaanega ja aknaga 230x150x80mm\" \/>\n<meta property=\"og:description\" content=\"Lainepappkast on sobilik erinevate esemete pakendamiseks. Karbil on peal l\u00e4bipaistev aken. Karp on mugavalt ja kiirelt pakketeipi kasutamata kokku volditav. Antud m\u00f5\u00f5dud on sisem\u00f5\u00f5dud. Kast sobib kasutamiseks SmartPOST-i S kapis, Omniva S kapis ja DPD Pickup M kapis.  Antud kinkekarp tuleb juba ettevalmistatuna ning kui lisada see m\u00f5nele tootele lisaks juurde, siis sisaldab see ka pakendamist ja kingituseks vormistamiseks ja kaunistamist (lisame nii iluelemente kui teeme komplektse kinkekomplekti)\" \/>\n<meta property=\"og:url\" content=\"https:\/\/kingimeister.ee\/ru\/lainepappkarp-kaanega-ja-aknaga-230x150x80mm\/\" \/>\n<meta property=\"og:site_name\" content=\"Kingimeister.ee - Kingituste E-pood\" \/>\n<meta property=\"article:modified_time\" content=\"2026-03-22T07:49:59+00:00\" \/>\n<meta property=\"og:image\" content=\"https:\/\/kingimeister.ee\/wp-content\/uploads\/2026\/03\/Kastid_ja_karbid_4250_Lainepappkastid_Carton_box_with_lid_and_window_230x150x80mm.jpeg\" \/>\n\t<meta property=\"og:image:width\" content=\"700\" \/>\n\t<meta property=\"og:image:height\" content=\"700\" \/>\n\t<meta property=\"og:image:type\" content=\"image\/jpeg\" \/>\n<meta name=\"twitter:card\" content=\"summary_large_image\" \/>\n<meta name=\"twitter:label1\" content=\"\u041f\u0440\u0438\u043c\u0435\u0440\u043d\u043e\u0435 \u0432\u0440\u0435\u043c\u044f \u0434\u043b\u044f \u0447\u0442\u0435\u043d\u0438\u044f\" \/>\n\t<meta name=\"twitter:data1\" content=\"1 \u043c\u0438\u043d\u0443\u0442\u0430\" \/>\n<script type=\"application\/ld+json\" class=\"yoast-schema-graph\">{\"@context\":\"https:\\\/\\\/schema.org\",\"@graph\":[{\"@type\":\"WebPage\",\"@id\":\"https:\\\/\\\/kingimeister.ee\\\/lainepappkarp-kaanega-ja-aknaga-230x150x80mm\\\/\",\"url\":\"https:\\\/\\\/kingimeister.ee\\\/lainepappkarp-kaanega-ja-aknaga-230x150x80mm\\\/\",\"name\":\"Lainepappkarp kaanega ja aknaga 230x150x80mm - Kingimeister.ee - Kingituste E-pood\",\"isPartOf\":{\"@id\":\"https:\\\/\\\/kingimeister.ee\\\/#website\"},\"primaryImageOfPage\":{\"@id\":\"https:\\\/\\\/kingimeister.ee\\\/lainepappkarp-kaanega-ja-aknaga-230x150x80mm\\\/#primaryimage\"},\"image\":{\"@id\":\"https:\\\/\\\/kingimeister.ee\\\/lainepappkarp-kaanega-ja-aknaga-230x150x80mm\\\/#primaryimage\"},\"thumbnailUrl\":\"https:\\\/\\\/i0.wp.com\\\/kingimeister.ee\\\/wp-content\\\/uploads\\\/2026\\\/03\\\/Kastid_ja_karbid_4250_Lainepappkastid_Carton_box_with_lid_and_window_230x150x80mm.jpeg?fit=700%2C700&ssl=1\",\"datePublished\":\"2026-03-22T07:39:56+00:00\",\"dateModified\":\"2026-03-22T07:49:59+00:00\",\"breadcrumb\":{\"@id\":\"https:\\\/\\\/kingimeister.ee\\\/lainepappkarp-kaanega-ja-aknaga-230x150x80mm\\\/#breadcrumb\"},\"inLanguage\":\"ru-RU\",\"potentialAction\":[{\"@type\":\"ReadAction\",\"target\":[\"https:\\\/\\\/kingimeister.ee\\\/lainepappkarp-kaanega-ja-aknaga-230x150x80mm\\\/\"]}]},{\"@type\":\"ImageObject\",\"inLanguage\":\"ru-RU\",\"@id\":\"https:\\\/\\\/kingimeister.ee\\\/lainepappkarp-kaanega-ja-aknaga-230x150x80mm\\\/#primaryimage\",\"url\":\"https:\\\/\\\/i0.wp.com\\\/kingimeister.ee\\\/wp-content\\\/uploads\\\/2026\\\/03\\\/Kastid_ja_karbid_4250_Lainepappkastid_Carton_box_with_lid_and_window_230x150x80mm.jpeg?fit=700%2C700&ssl=1\",\"contentUrl\":\"https:\\\/\\\/i0.wp.com\\\/kingimeister.ee\\\/wp-content\\\/uploads\\\/2026\\\/03\\\/Kastid_ja_karbid_4250_Lainepappkastid_Carton_box_with_lid_and_window_230x150x80mm.jpeg?fit=700%2C700&ssl=1\",\"width\":700,\"height\":700},{\"@type\":\"BreadcrumbList\",\"@id\":\"https:\\\/\\\/kingimeister.ee\\\/lainepappkarp-kaanega-ja-aknaga-230x150x80mm\\\/#breadcrumb\",\"itemListElement\":[{\"@type\":\"ListItem\",\"position\":1,\"name\":\"Home\",\"item\":\"https:\\\/\\\/kingimeister.ee\\\/\"},{\"@type\":\"ListItem\",\"position\":2,\"name\":\"Kingitused\",\"item\":\"https:\\\/\\\/kingimeister.ee\\\/kingitused\\\/\"},{\"@type\":\"ListItem\",\"position\":3,\"name\":\"Lainepappkarp kaanega ja aknaga 230x150x80mm\"}]},{\"@type\":\"WebSite\",\"@id\":\"https:\\\/\\\/kingimeister.ee\\\/#website\",\"url\":\"https:\\\/\\\/kingimeister.ee\\\/\",\"name\":\"Kingimeister.ee - Kingituste E-pood\",\"description\":\"\",\"publisher\":{\"@id\":\"https:\\\/\\\/kingimeister.ee\\\/#organization\"},\"potentialAction\":[{\"@type\":\"SearchAction\",\"target\":{\"@type\":\"EntryPoint\",\"urlTemplate\":\"https:\\\/\\\/kingimeister.ee\\\/?s={search_term_string}\"},\"query-input\":{\"@type\":\"PropertyValueSpecification\",\"valueRequired\":true,\"valueName\":\"search_term_string\"}}],\"inLanguage\":\"ru-RU\"},{\"@type\":\"Organization\",\"@id\":\"https:\\\/\\\/kingimeister.ee\\\/#organization\",\"name\":\"Kingimeister.ee - Kingituste E-pood\",\"url\":\"https:\\\/\\\/kingimeister.ee\\\/\",\"logo\":{\"@type\":\"ImageObject\",\"inLanguage\":\"ru-RU\",\"@id\":\"https:\\\/\\\/kingimeister.ee\\\/#\\\/schema\\\/logo\\\/image\\\/\",\"url\":\"https:\\\/\\\/kingimeister.ee\\\/wp-content\\\/uploads\\\/2026\\\/03\\\/Logo-e1773259902867.png\",\"contentUrl\":\"https:\\\/\\\/kingimeister.ee\\\/wp-content\\\/uploads\\\/2026\\\/03\\\/Logo-e1773259902867.png\",\"width\":1443,\"height\":237,\"caption\":\"Kingimeister.ee - Kingituste E-pood\"},\"image\":{\"@id\":\"https:\\\/\\\/kingimeister.ee\\\/#\\\/schema\\\/logo\\\/image\\\/\"}}]}<\/script>\n<!-- \/ Yoast SEO Premium plugin. -->","yoast_head_json":{"title":"Lainepappkarp kaanega ja aknaga 230x150x80mm - Kingimeister.ee - Kingituste E-pood","robots":{"index":"index","follow":"follow","max-snippet":"max-snippet:-1","max-image-preview":"max-image-preview:large","max-video-preview":"max-video-preview:-1"},"canonical":"https:\/\/kingimeister.ee\/ru\/lainepappkarp-kaanega-ja-aknaga-230x150x80mm\/","og_locale":"ru_RU","og_type":"article","og_title":"Lainepappkarp kaanega ja aknaga 230x150x80mm","og_description":"Lainepappkast on sobilik erinevate esemete pakendamiseks. Karbil on peal l\u00e4bipaistev aken. Karp on mugavalt ja kiirelt pakketeipi kasutamata kokku volditav. Antud m\u00f5\u00f5dud on sisem\u00f5\u00f5dud. Kast sobib kasutamiseks SmartPOST-i S kapis, Omniva S kapis ja DPD Pickup M kapis.  Antud kinkekarp tuleb juba ettevalmistatuna ning kui lisada see m\u00f5nele tootele lisaks juurde, siis sisaldab see ka pakendamist ja kingituseks vormistamiseks ja kaunistamist (lisame nii iluelemente kui teeme komplektse kinkekomplekti)","og_url":"https:\/\/kingimeister.ee\/ru\/lainepappkarp-kaanega-ja-aknaga-230x150x80mm\/","og_site_name":"Kingimeister.ee - Kingituste E-pood","article_modified_time":"2026-03-22T07:49:59+00:00","og_image":[{"width":700,"height":700,"url":"https:\/\/kingimeister.ee\/wp-content\/uploads\/2026\/03\/Kastid_ja_karbid_4250_Lainepappkastid_Carton_box_with_lid_and_window_230x150x80mm.jpeg","type":"image\/jpeg"}],"twitter_card":"summary_large_image","twitter_misc":{"\u041f\u0440\u0438\u043c\u0435\u0440\u043d\u043e\u0435 \u0432\u0440\u0435\u043c\u044f \u0434\u043b\u044f \u0447\u0442\u0435\u043d\u0438\u044f":"1 \u043c\u0438\u043d\u0443\u0442\u0430"},"schema":{"@context":"https:\/\/schema.org","@graph":[{"@type":"WebPage","@id":"https:\/\/kingimeister.ee\/lainepappkarp-kaanega-ja-aknaga-230x150x80mm\/","url":"https:\/\/kingimeister.ee\/lainepappkarp-kaanega-ja-aknaga-230x150x80mm\/","name":"Lainepappkarp kaanega ja aknaga 230x150x80mm - Kingimeister.ee - Kingituste E-pood","isPartOf":{"@id":"https:\/\/kingimeister.ee\/#website"},"primaryImageOfPage":{"@id":"https:\/\/kingimeister.ee\/lainepappkarp-kaanega-ja-aknaga-230x150x80mm\/#primaryimage"},"image":{"@id":"https:\/\/kingimeister.ee\/lainepappkarp-kaanega-ja-aknaga-230x150x80mm\/#primaryimage"},"thumbnailUrl":"https:\/\/i0.wp.com\/kingimeister.ee\/wp-content\/uploads\/2026\/03\/Kastid_ja_karbid_4250_Lainepappkastid_Carton_box_with_lid_and_window_230x150x80mm.jpeg?fit=700%2C700&ssl=1","datePublished":"2026-03-22T07:39:56+00:00","dateModified":"2026-03-22T07:49:59+00:00","breadcrumb":{"@id":"https:\/\/kingimeister.ee\/lainepappkarp-kaanega-ja-aknaga-230x150x80mm\/#breadcrumb"},"inLanguage":"ru-RU","potentialAction":[{"@type":"ReadAction","target":["https:\/\/kingimeister.ee\/lainepappkarp-kaanega-ja-aknaga-230x150x80mm\/"]}]},{"@type":"ImageObject","inLanguage":"ru-RU","@id":"https:\/\/kingimeister.ee\/lainepappkarp-kaanega-ja-aknaga-230x150x80mm\/#primaryimage","url":"https:\/\/i0.wp.com\/kingimeister.ee\/wp-content\/uploads\/2026\/03\/Kastid_ja_karbid_4250_Lainepappkastid_Carton_box_with_lid_and_window_230x150x80mm.jpeg?fit=700%2C700&ssl=1","contentUrl":"https:\/\/i0.wp.com\/kingimeister.ee\/wp-content\/uploads\/2026\/03\/Kastid_ja_karbid_4250_Lainepappkastid_Carton_box_with_lid_and_window_230x150x80mm.jpeg?fit=700%2C700&ssl=1","width":700,"height":700},{"@type":"BreadcrumbList","@id":"https:\/\/kingimeister.ee\/lainepappkarp-kaanega-ja-aknaga-230x150x80mm\/#breadcrumb","itemListElement":[{"@type":"ListItem","position":1,"name":"Home","item":"https:\/\/kingimeister.ee\/"},{"@type":"ListItem","position":2,"name":"Kingitused","item":"https:\/\/kingimeister.ee\/kingitused\/"},{"@type":"ListItem","position":3,"name":"Lainepappkarp kaanega ja aknaga 230x150x80mm"}]},{"@type":"WebSite","@id":"https:\/\/kingimeister.ee\/#website","url":"https:\/\/kingimeister.ee\/","name":"Kingimeister.ee - Kingituste E-pood","description":"","publisher":{"@id":"https:\/\/kingimeister.ee\/#organization"},"potentialAction":[{"@type":"SearchAction","target":{"@type":"EntryPoint","urlTemplate":"https:\/\/kingimeister.ee\/?s={search_term_string}"},"query-input":{"@type":"PropertyValueSpecification","valueRequired":true,"valueName":"search_term_string"}}],"inLanguage":"ru-RU"},{"@type":"Organization","@id":"https:\/\/kingimeister.ee\/#organization","name":"Kingimeister.ee - Kingituste E-pood","url":"https:\/\/kingimeister.ee\/","logo":{"@type":"ImageObject","inLanguage":"ru-RU","@id":"https:\/\/kingimeister.ee\/#\/schema\/logo\/image\/","url":"https:\/\/kingimeister.ee\/wp-content\/uploads\/2026\/03\/Logo-e1773259902867.png","contentUrl":"https:\/\/kingimeister.ee\/wp-content\/uploads\/2026\/03\/Logo-e1773259902867.png","width":1443,"height":237,"caption":"Kingimeister.ee - Kingituste E-pood"},"image":{"@id":"https:\/\/kingimeister.ee\/#\/schema\/logo\/image\/"}}]}},"jetpack_sharing_enabled":true,"_links":{"self":[{"href":"https:\/\/kingimeister.ee\/ru\/wp-json\/wp\/v2\/product\/29894","targetHints":{"allow":["GET"]}}],"collection":[{"href":"https:\/\/kingimeister.ee\/ru\/wp-json\/wp\/v2\/product"}],"about":[{"href":"https:\/\/kingimeister.ee\/ru\/wp-json\/wp\/v2\/types\/product"}],"replies":[{"embeddable":true,"href":"https:\/\/kingimeister.ee\/ru\/wp-json\/wp\/v2\/comments?post=29894"}],"version-history":[{"count":1,"href":"https:\/\/kingimeister.ee\/ru\/wp-json\/wp\/v2\/product\/29894\/revisions"}],"predecessor-version":[{"id":29897,"href":"https:\/\/kingimeister.ee\/ru\/wp-json\/wp\/v2\/product\/29894\/revisions\/29897"}],"wp:featuredmedia":[{"embeddable":true,"href":"https:\/\/kingimeister.ee\/ru\/wp-json\/wp\/v2\/media\/29896"}],"wp:attachment":[{"href":"https:\/\/kingimeister.ee\/ru\/wp-json\/wp\/v2\/media?parent=29894"}],"wp:term":[{"taxonomy":"product_brand","embeddable":true,"href":"https:\/\/kingimeister.ee\/ru\/wp-json\/wp\/v2\/product_brand?post=29894"},{"taxonomy":"product_cat","embeddable":true,"href":"https:\/\/kingimeister.ee\/ru\/wp-json\/wp\/v2\/product_cat?post=29894"},{"taxonomy":"product_tag","embeddable":true,"href":"https:\/\/kingimeister.ee\/ru\/wp-json\/wp\/v2\/product_tag?post=29894"}],"curies":[{"name":"wp","href":"https:\/\/api.w.org\/{rel}","templated":true}]}}