{"id":29900,"date":"2026-03-22T20:33:50","date_gmt":"2026-03-22T18:33:50","guid":{"rendered":"https:\/\/kingimeister.ee\/?post_type=product&#038;p=29900"},"modified":"2026-03-22T20:34:47","modified_gmt":"2026-03-22T18:34:47","slug":"tass-emale-parim-ema-maailmas","status":"publish","type":"product","link":"https:\/\/kingimeister.ee\/ru\/tass-emale-parim-ema-maailmas\/","title":{"rendered":"Tass emale &#8221;Parim Ema Maailmas&#8221;"},"content":{"rendered":"<div class=\"flex flex-col text-sm pb-25\">\n<section class=\"text-token-text-primary w-full focus:outline-none [--shadow-height:45px] has-data-writing-block:pointer-events-none has-data-writing-block:-mt-(--shadow-height) has-data-writing-block:pt-(--shadow-height) [&amp;:has([data-writing-block])&gt;*]:pointer-events-auto scroll-mt-[calc(var(--header-height)+min(200px,max(70px,20svh)))]\" dir=\"auto\" data-turn-id=\"request-WEB:00c3c975-e41a-4176-a37d-6e99863f9abd-4\" data-testid=\"conversation-turn-10\" data-scroll-anchor=\"true\" data-turn=\"assistant\">\n<div class=\"text-base my-auto mx-auto pb-10 [--thread-content-margin:var(--thread-content-margin-xs,calc(var(--spacing)*4))] @w-sm\/main:[--thread-content-margin:var(--thread-content-margin-sm,calc(var(--spacing)*6))] @w-lg\/main:[--thread-content-margin:var(--thread-content-margin-lg,calc(var(--spacing)*16))] px-(--thread-content-margin)\">\n<div class=\"[--thread-content-max-width:40rem] @w-lg\/main:[--thread-content-max-width:48rem] mx-auto max-w-(--thread-content-max-width) flex-1 group\/turn-messages focus-visible:outline-hidden relative flex w-full min-w-0 flex-col agent-turn\">\n<div class=\"flex max-w-full flex-col gap-4 grow\">\n<div class=\"min-h-8 text-message relative flex w-full flex-col items-end gap-2 text-start break-words whitespace-normal outline-none keyboard-focused:focus-ring [.text-message+&amp;]:mt-1\" dir=\"auto\" tabindex=\"0\" data-message-author-role=\"assistant\" data-message-id=\"8d7b112f-c23d-489f-9ba0-e913e6a00b05\" data-message-model-slug=\"gpt-5-3\" data-turn-start-message=\"true\">\n<div class=\"flex w-full flex-col gap-1 empty:hidden\">\n<div class=\"markdown prose dark:prose-invert w-full wrap-break-word light markdown-new-styling\">\n<p data-start=\"0\" data-end=\"220\" data-is-last-node=\"\" data-is-only-node=\"\">Armas ja s\u00fcdamlik tass kirjaga &#8220;Parim Ema Maailmas&#8221; on ideaalne kingitus, millega n\u00e4idata oma hoolivust ja armastust. Sobib suurep\u00e4raselt emadep\u00e4evaks, s\u00fcnnip\u00e4evaks v\u00f5i lihtsalt erilisteks hetkedeks.<\/p>\n<\/div>\n<\/div>\n<\/div>\n<\/div>\n<\/div>\n<\/div>\n<\/section>\n<\/div>\n","protected":false},"excerpt":{"rendered":"<div class=\"flex flex-col text-sm pb-25\">\n<section class=\"text-token-text-primary w-full focus:outline-none [--shadow-height:45px] has-data-writing-block:pointer-events-none has-data-writing-block:-mt-(--shadow-height) has-data-writing-block:pt-(--shadow-height) [&amp;:has([data-writing-block])&gt;*]:pointer-events-auto scroll-mt-[calc(var(--header-height)+min(200px,max(70px,20svh)))]\" dir=\"auto\" data-turn-id=\"request-WEB:00c3c975-e41a-4176-a37d-6e99863f9abd-4\" data-testid=\"conversation-turn-10\" data-scroll-anchor=\"true\" data-turn=\"assistant\">\n<div class=\"text-base my-auto mx-auto pb-10 [--thread-content-margin:var(--thread-content-margin-xs,calc(var(--spacing)*4))] @w-sm\/main:[--thread-content-margin:var(--thread-content-margin-sm,calc(var(--spacing)*6))] @w-lg\/main:[--thread-content-margin:var(--thread-content-margin-lg,calc(var(--spacing)*16))] px-(--thread-content-margin)\">\n<div class=\"[--thread-content-max-width:40rem] @w-lg\/main:[--thread-content-max-width:48rem] mx-auto max-w-(--thread-content-max-width) flex-1 group\/turn-messages focus-visible:outline-hidden relative flex w-full min-w-0 flex-col agent-turn\">\n<div class=\"flex max-w-full flex-col gap-4 grow\">\n<div class=\"min-h-8 text-message relative flex w-full flex-col items-end gap-2 text-start break-words whitespace-normal outline-none keyboard-focused:focus-ring [.text-message+&amp;]:mt-1\" dir=\"auto\" tabindex=\"0\" data-message-author-role=\"assistant\" data-message-id=\"8d7b112f-c23d-489f-9ba0-e913e6a00b05\" data-message-model-slug=\"gpt-5-3\" data-turn-start-message=\"true\">\n<div class=\"flex w-full flex-col gap-1 empty:hidden\">\n<div class=\"markdown prose dark:prose-invert w-full wrap-break-word light markdown-new-styling\">\n<p data-start=\"0\" data-end=\"220\" data-is-last-node=\"\" data-is-only-node=\"\">Armas ja s\u00fcdamlik tass kirjaga &#8220;Parim Ema Maailmas&#8221; on ideaalne kingitus, millega n\u00e4idata oma hoolivust ja armastust. Sobib suurep\u00e4raselt emadep\u00e4evaks, s\u00fcnnip\u00e4evaks v\u00f5i lihtsalt erilisteks hetkedeks.<\/p>\n<\/div>\n<\/div>\n<\/div>\n<\/div>\n<\/div>\n<\/div>\n<\/section>\n<\/div>\n","protected":false},"featured_media":29902,"comment_status":"open","ping_status":"closed","template":"","meta":[],"product_brand":[],"product_cat":[170,173],"product_tag":[244,83,254,82,251,285],"class_list":{"0":"post-29900","1":"product","2":"type-product","3":"status-publish","4":"has-post-thumbnail","6":"product_cat-kingitused-emale","7":"product_cat-tassid-emale","8":"product_tag-emadepaev","9":"product_tag-kruus","10":"product_tag-kruus-emale","11":"product_tag-tass","12":"product_tag-tass-emale","13":"product_tag-tassid-emale","15":"first","16":"instock","17":"sale","18":"taxable","19":"shipping-taxable","20":"purchasable","21":"product-type-simple"},"yoast_head":"<!-- This site is optimized with the Yoast SEO Premium plugin v27.1 (Yoast SEO v27.3) - https:\/\/yoast.com\/product\/yoast-seo-premium-wordpress\/ -->\n<title>Tass emale &quot;Parim Ema Maailmas&quot; | Kingimeister.ee<\/title>\n<meta name=\"description\" content=\"Kaunis tass kirjaga &quot;Parim Ema Maailmas&quot; on ideaalne kingitus emale s\u00fcnnip\u00e4evaks, emadep\u00e4evaks v\u00f5i lihtsalt armastuse n\u00e4itamiseks. Kvaliteetne ja praktiline kingiidee igale emale.\" \/>\n<meta name=\"robots\" content=\"index, follow, max-snippet:-1, max-image-preview:large, max-video-preview:-1\" \/>\n<link rel=\"canonical\" href=\"https:\/\/kingimeister.ee\/ru\/tass-emale-parim-ema-maailmas\/\" \/>\n<meta property=\"og:locale\" content=\"ru_RU\" \/>\n<meta property=\"og:type\" content=\"article\" \/>\n<meta property=\"og:title\" content=\"Tass emale &#039;&#039;Parim Ema Maailmas&#039;&#039;\" \/>\n<meta property=\"og:description\" content=\"Kaunis tass kirjaga &quot;Parim Ema Maailmas&quot; on ideaalne kingitus emale s\u00fcnnip\u00e4evaks, emadep\u00e4evaks v\u00f5i lihtsalt armastuse n\u00e4itamiseks. Kvaliteetne ja praktiline kingiidee igale emale.\" \/>\n<meta property=\"og:url\" content=\"https:\/\/kingimeister.ee\/ru\/tass-emale-parim-ema-maailmas\/\" \/>\n<meta property=\"og:site_name\" content=\"Kingimeister.ee - Kingituste E-pood\" \/>\n<meta property=\"article:modified_time\" content=\"2026-03-22T18:34:47+00:00\" \/>\n<meta property=\"og:image\" content=\"https:\/\/kingimeister.ee\/wp-content\/uploads\/2026\/03\/Parim-ema-maailmas.png\" \/>\n\t<meta property=\"og:image:width\" content=\"750\" \/>\n\t<meta property=\"og:image:height\" content=\"750\" \/>\n\t<meta property=\"og:image:type\" content=\"image\/png\" \/>\n<meta name=\"twitter:card\" content=\"summary_large_image\" \/>\n<meta name=\"twitter:label1\" content=\"\u041f\u0440\u0438\u043c\u0435\u0440\u043d\u043e\u0435 \u0432\u0440\u0435\u043c\u044f \u0434\u043b\u044f \u0447\u0442\u0435\u043d\u0438\u044f\" \/>\n\t<meta name=\"twitter:data1\" content=\"1 \u043c\u0438\u043d\u0443\u0442\u0430\" \/>\n<script type=\"application\/ld+json\" class=\"yoast-schema-graph\">{\"@context\":\"https:\\\/\\\/schema.org\",\"@graph\":[{\"@type\":\"WebPage\",\"@id\":\"https:\\\/\\\/kingimeister.ee\\\/tass-emale-parim-ema-maailmas\\\/\",\"url\":\"https:\\\/\\\/kingimeister.ee\\\/tass-emale-parim-ema-maailmas\\\/\",\"name\":\"Tass emale \\\"Parim Ema Maailmas\\\" | Kingimeister.ee\",\"isPartOf\":{\"@id\":\"https:\\\/\\\/kingimeister.ee\\\/#website\"},\"primaryImageOfPage\":{\"@id\":\"https:\\\/\\\/kingimeister.ee\\\/tass-emale-parim-ema-maailmas\\\/#primaryimage\"},\"image\":{\"@id\":\"https:\\\/\\\/kingimeister.ee\\\/tass-emale-parim-ema-maailmas\\\/#primaryimage\"},\"thumbnailUrl\":\"https:\\\/\\\/i0.wp.com\\\/kingimeister.ee\\\/wp-content\\\/uploads\\\/2026\\\/03\\\/Parim-ema-maailmas.png?fit=750%2C750&ssl=1\",\"datePublished\":\"2026-03-22T18:33:50+00:00\",\"dateModified\":\"2026-03-22T18:34:47+00:00\",\"description\":\"Kaunis tass kirjaga \\\"Parim Ema Maailmas\\\" on ideaalne kingitus emale s\u00fcnnip\u00e4evaks, emadep\u00e4evaks v\u00f5i lihtsalt armastuse n\u00e4itamiseks. Kvaliteetne ja praktiline kingiidee igale emale.\",\"breadcrumb\":{\"@id\":\"https:\\\/\\\/kingimeister.ee\\\/tass-emale-parim-ema-maailmas\\\/#breadcrumb\"},\"inLanguage\":\"ru-RU\",\"potentialAction\":[{\"@type\":\"ReadAction\",\"target\":[\"https:\\\/\\\/kingimeister.ee\\\/tass-emale-parim-ema-maailmas\\\/\"]}]},{\"@type\":\"ImageObject\",\"inLanguage\":\"ru-RU\",\"@id\":\"https:\\\/\\\/kingimeister.ee\\\/tass-emale-parim-ema-maailmas\\\/#primaryimage\",\"url\":\"https:\\\/\\\/i0.wp.com\\\/kingimeister.ee\\\/wp-content\\\/uploads\\\/2026\\\/03\\\/Parim-ema-maailmas.png?fit=750%2C750&ssl=1\",\"contentUrl\":\"https:\\\/\\\/i0.wp.com\\\/kingimeister.ee\\\/wp-content\\\/uploads\\\/2026\\\/03\\\/Parim-ema-maailmas.png?fit=750%2C750&ssl=1\",\"width\":750,\"height\":750},{\"@type\":\"BreadcrumbList\",\"@id\":\"https:\\\/\\\/kingimeister.ee\\\/tass-emale-parim-ema-maailmas\\\/#breadcrumb\",\"itemListElement\":[{\"@type\":\"ListItem\",\"position\":1,\"name\":\"Home\",\"item\":\"https:\\\/\\\/kingimeister.ee\\\/\"},{\"@type\":\"ListItem\",\"position\":2,\"name\":\"Kingitused\",\"item\":\"https:\\\/\\\/kingimeister.ee\\\/kingitused\\\/\"},{\"@type\":\"ListItem\",\"position\":3,\"name\":\"Tass emale &#8221;Parim Ema Maailmas&#8221;\"}]},{\"@type\":\"WebSite\",\"@id\":\"https:\\\/\\\/kingimeister.ee\\\/#website\",\"url\":\"https:\\\/\\\/kingimeister.ee\\\/\",\"name\":\"Kingimeister.ee - Kingituste E-pood\",\"description\":\"\",\"publisher\":{\"@id\":\"https:\\\/\\\/kingimeister.ee\\\/#organization\"},\"potentialAction\":[{\"@type\":\"SearchAction\",\"target\":{\"@type\":\"EntryPoint\",\"urlTemplate\":\"https:\\\/\\\/kingimeister.ee\\\/?s={search_term_string}\"},\"query-input\":{\"@type\":\"PropertyValueSpecification\",\"valueRequired\":true,\"valueName\":\"search_term_string\"}}],\"inLanguage\":\"ru-RU\"},{\"@type\":\"Organization\",\"@id\":\"https:\\\/\\\/kingimeister.ee\\\/#organization\",\"name\":\"Kingimeister.ee - Kingituste E-pood\",\"url\":\"https:\\\/\\\/kingimeister.ee\\\/\",\"logo\":{\"@type\":\"ImageObject\",\"inLanguage\":\"ru-RU\",\"@id\":\"https:\\\/\\\/kingimeister.ee\\\/#\\\/schema\\\/logo\\\/image\\\/\",\"url\":\"https:\\\/\\\/kingimeister.ee\\\/wp-content\\\/uploads\\\/2026\\\/03\\\/Logo-e1773259902867.png\",\"contentUrl\":\"https:\\\/\\\/kingimeister.ee\\\/wp-content\\\/uploads\\\/2026\\\/03\\\/Logo-e1773259902867.png\",\"width\":1443,\"height\":237,\"caption\":\"Kingimeister.ee - Kingituste E-pood\"},\"image\":{\"@id\":\"https:\\\/\\\/kingimeister.ee\\\/#\\\/schema\\\/logo\\\/image\\\/\"}}]}<\/script>\n<!-- \/ Yoast SEO Premium plugin. -->","yoast_head_json":{"title":"Tass emale \"Parim Ema Maailmas\" | Kingimeister.ee","description":"Kaunis tass kirjaga \"Parim Ema Maailmas\" on ideaalne kingitus emale s\u00fcnnip\u00e4evaks, emadep\u00e4evaks v\u00f5i lihtsalt armastuse n\u00e4itamiseks. Kvaliteetne ja praktiline kingiidee igale emale.","robots":{"index":"index","follow":"follow","max-snippet":"max-snippet:-1","max-image-preview":"max-image-preview:large","max-video-preview":"max-video-preview:-1"},"canonical":"https:\/\/kingimeister.ee\/ru\/tass-emale-parim-ema-maailmas\/","og_locale":"ru_RU","og_type":"article","og_title":"Tass emale ''Parim Ema Maailmas''","og_description":"Kaunis tass kirjaga \"Parim Ema Maailmas\" on ideaalne kingitus emale s\u00fcnnip\u00e4evaks, emadep\u00e4evaks v\u00f5i lihtsalt armastuse n\u00e4itamiseks. Kvaliteetne ja praktiline kingiidee igale emale.","og_url":"https:\/\/kingimeister.ee\/ru\/tass-emale-parim-ema-maailmas\/","og_site_name":"Kingimeister.ee - Kingituste E-pood","article_modified_time":"2026-03-22T18:34:47+00:00","og_image":[{"width":750,"height":750,"url":"https:\/\/kingimeister.ee\/wp-content\/uploads\/2026\/03\/Parim-ema-maailmas.png","type":"image\/png"}],"twitter_card":"summary_large_image","twitter_misc":{"\u041f\u0440\u0438\u043c\u0435\u0440\u043d\u043e\u0435 \u0432\u0440\u0435\u043c\u044f \u0434\u043b\u044f \u0447\u0442\u0435\u043d\u0438\u044f":"1 \u043c\u0438\u043d\u0443\u0442\u0430"},"schema":{"@context":"https:\/\/schema.org","@graph":[{"@type":"WebPage","@id":"https:\/\/kingimeister.ee\/tass-emale-parim-ema-maailmas\/","url":"https:\/\/kingimeister.ee\/tass-emale-parim-ema-maailmas\/","name":"Tass emale \"Parim Ema Maailmas\" | Kingimeister.ee","isPartOf":{"@id":"https:\/\/kingimeister.ee\/#website"},"primaryImageOfPage":{"@id":"https:\/\/kingimeister.ee\/tass-emale-parim-ema-maailmas\/#primaryimage"},"image":{"@id":"https:\/\/kingimeister.ee\/tass-emale-parim-ema-maailmas\/#primaryimage"},"thumbnailUrl":"https:\/\/i0.wp.com\/kingimeister.ee\/wp-content\/uploads\/2026\/03\/Parim-ema-maailmas.png?fit=750%2C750&ssl=1","datePublished":"2026-03-22T18:33:50+00:00","dateModified":"2026-03-22T18:34:47+00:00","description":"Kaunis tass kirjaga \"Parim Ema Maailmas\" on ideaalne kingitus emale s\u00fcnnip\u00e4evaks, emadep\u00e4evaks v\u00f5i lihtsalt armastuse n\u00e4itamiseks. Kvaliteetne ja praktiline kingiidee igale emale.","breadcrumb":{"@id":"https:\/\/kingimeister.ee\/tass-emale-parim-ema-maailmas\/#breadcrumb"},"inLanguage":"ru-RU","potentialAction":[{"@type":"ReadAction","target":["https:\/\/kingimeister.ee\/tass-emale-parim-ema-maailmas\/"]}]},{"@type":"ImageObject","inLanguage":"ru-RU","@id":"https:\/\/kingimeister.ee\/tass-emale-parim-ema-maailmas\/#primaryimage","url":"https:\/\/i0.wp.com\/kingimeister.ee\/wp-content\/uploads\/2026\/03\/Parim-ema-maailmas.png?fit=750%2C750&ssl=1","contentUrl":"https:\/\/i0.wp.com\/kingimeister.ee\/wp-content\/uploads\/2026\/03\/Parim-ema-maailmas.png?fit=750%2C750&ssl=1","width":750,"height":750},{"@type":"BreadcrumbList","@id":"https:\/\/kingimeister.ee\/tass-emale-parim-ema-maailmas\/#breadcrumb","itemListElement":[{"@type":"ListItem","position":1,"name":"Home","item":"https:\/\/kingimeister.ee\/"},{"@type":"ListItem","position":2,"name":"Kingitused","item":"https:\/\/kingimeister.ee\/kingitused\/"},{"@type":"ListItem","position":3,"name":"Tass emale &#8221;Parim Ema Maailmas&#8221;"}]},{"@type":"WebSite","@id":"https:\/\/kingimeister.ee\/#website","url":"https:\/\/kingimeister.ee\/","name":"Kingimeister.ee - Kingituste E-pood","description":"","publisher":{"@id":"https:\/\/kingimeister.ee\/#organization"},"potentialAction":[{"@type":"SearchAction","target":{"@type":"EntryPoint","urlTemplate":"https:\/\/kingimeister.ee\/?s={search_term_string}"},"query-input":{"@type":"PropertyValueSpecification","valueRequired":true,"valueName":"search_term_string"}}],"inLanguage":"ru-RU"},{"@type":"Organization","@id":"https:\/\/kingimeister.ee\/#organization","name":"Kingimeister.ee - Kingituste E-pood","url":"https:\/\/kingimeister.ee\/","logo":{"@type":"ImageObject","inLanguage":"ru-RU","@id":"https:\/\/kingimeister.ee\/#\/schema\/logo\/image\/","url":"https:\/\/kingimeister.ee\/wp-content\/uploads\/2026\/03\/Logo-e1773259902867.png","contentUrl":"https:\/\/kingimeister.ee\/wp-content\/uploads\/2026\/03\/Logo-e1773259902867.png","width":1443,"height":237,"caption":"Kingimeister.ee - Kingituste E-pood"},"image":{"@id":"https:\/\/kingimeister.ee\/#\/schema\/logo\/image\/"}}]}},"jetpack_sharing_enabled":true,"_links":{"self":[{"href":"https:\/\/kingimeister.ee\/ru\/wp-json\/wp\/v2\/product\/29900","targetHints":{"allow":["GET"]}}],"collection":[{"href":"https:\/\/kingimeister.ee\/ru\/wp-json\/wp\/v2\/product"}],"about":[{"href":"https:\/\/kingimeister.ee\/ru\/wp-json\/wp\/v2\/types\/product"}],"replies":[{"embeddable":true,"href":"https:\/\/kingimeister.ee\/ru\/wp-json\/wp\/v2\/comments?post=29900"}],"version-history":[{"count":1,"href":"https:\/\/kingimeister.ee\/ru\/wp-json\/wp\/v2\/product\/29900\/revisions"}],"predecessor-version":[{"id":29901,"href":"https:\/\/kingimeister.ee\/ru\/wp-json\/wp\/v2\/product\/29900\/revisions\/29901"}],"wp:featuredmedia":[{"embeddable":true,"href":"https:\/\/kingimeister.ee\/ru\/wp-json\/wp\/v2\/media\/29902"}],"wp:attachment":[{"href":"https:\/\/kingimeister.ee\/ru\/wp-json\/wp\/v2\/media?parent=29900"}],"wp:term":[{"taxonomy":"product_brand","embeddable":true,"href":"https:\/\/kingimeister.ee\/ru\/wp-json\/wp\/v2\/product_brand?post=29900"},{"taxonomy":"product_cat","embeddable":true,"href":"https:\/\/kingimeister.ee\/ru\/wp-json\/wp\/v2\/product_cat?post=29900"},{"taxonomy":"product_tag","embeddable":true,"href":"https:\/\/kingimeister.ee\/ru\/wp-json\/wp\/v2\/product_tag?post=29900"}],"curies":[{"name":"wp","href":"https:\/\/api.w.org\/{rel}","templated":true}]}}