{"id":29903,"date":"2026-03-22T21:02:35","date_gmt":"2026-03-22T19:02:35","guid":{"rendered":"https:\/\/kingimeister.ee\/?post_type=product&#038;p=29903"},"modified":"2026-03-23T08:03:39","modified_gmt":"2026-03-23T06:03:39","slug":"tass-emale-armastan-sind-kallis-ema-sinu-valitud-pildiga","status":"publish","type":"product","link":"https:\/\/kingimeister.ee\/ru\/tass-emale-armastan-sind-kallis-ema-sinu-valitud-pildiga\/","title":{"rendered":"Tass emale &#8221;Armastan sind kallis ema&#8221; sinu valitud pildiga"},"content":{"rendered":"<p data-start=\"65\" data-end=\"329\"><strong data-start=\"65\" data-end=\"106\">Tass emale &#8220;Armastan sind kallis ema&#8221;<\/strong> on s\u00fcdamlik ja kaunis kingitus, mis toob naeratuse iga ema n\u00e4ole. \u00d5rna lillemustriga disain ja soe s\u00f5num muudavad selle ideaalseks emadep\u00e4eva \u00fcllatuseks. Iga lonks kohvi v\u00f5i teed meenutab emale, kui v\u00e4ga teda armastatakse.<\/p>\n<p data-start=\"331\" data-end=\"443\">Tass sobib suurep\u00e4raselt nii igap\u00e4evaseks kasutamiseks kui ka eriliseks meeneteks, mis j\u00e4\u00e4b kestma pikaks ajaks.<\/p>\n<p>NB! Disaini tehes lae oma pilt. Pilt ei sulandu automaatselt tassile. Lisa oma pilt ning meie paigutame ja kujundame selle ilusti ringi sisse.<\/p>","protected":false},"excerpt":{"rendered":"<p data-start=\"65\" data-end=\"329\"><strong data-start=\"65\" data-end=\"106\">Tass emale &#8220;Armastan sind kallis ema&#8221;<\/strong> on s\u00fcdamlik ja kaunis kingitus, mis toob naeratuse iga ema n\u00e4ole. \u00d5rna lillemustriga disain ja soe s\u00f5num muudavad selle ideaalseks emadep\u00e4eva \u00fcllatuseks. Iga lonks kohvi v\u00f5i teed meenutab emale, kui v\u00e4ga teda armastatakse.<\/p>\n<p data-start=\"331\" data-end=\"443\">Tass sobib suurep\u00e4raselt nii igap\u00e4evaseks kasutamiseks kui ka eriliseks meeneteks, mis j\u00e4\u00e4b kestma pikaks ajaks.<\/p>\n<p data-start=\"331\" data-end=\"443\">NB! Disaini tehes lae oma pilt. Pilt ei sulandu automaatselt tassile. Lisa oma pilt ning meie paigutame ja kujundame selle ilusti ringi sisse.<\/p>","protected":false},"featured_media":29904,"comment_status":"open","ping_status":"closed","template":"","meta":[],"product_brand":[],"product_cat":[155,170,173],"product_tag":[244,247,286,83,82,251],"class_list":{"0":"post-29903","1":"product","2":"type-product","3":"status-publish","4":"has-post-thumbnail","6":"product_cat-enda-disainitud-kingitused","7":"product_cat-kingitused-emale","8":"product_cat-tassid-emale","9":"product_tag-emadepaev","10":"product_tag-emale","11":"product_tag-kingimeister","12":"product_tag-kruus","13":"product_tag-tass","14":"product_tag-tass-emale","16":"first","17":"instock","18":"sale","19":"taxable","20":"shipping-taxable","21":"purchasable","22":"product-type-simple"},"yoast_head":"<!-- This site is optimized with the Yoast SEO Premium plugin v27.1 (Yoast SEO v27.3) - https:\/\/yoast.com\/product\/yoast-seo-premium-wordpress\/ -->\n<title>Tass emale &quot;Armastan sind kallis ema&quot; \u2013 ideaalne emadep\u00e4eva kingitus | Kingimeister.ee<\/title>\n<meta name=\"description\" content=\"Kaunis lillemustriga tass emale tekstiga &quot;Armastan sind kallis ema&quot;. T\u00e4iuslik emadep\u00e4eva kingitus, mis soojendab s\u00fcdant iga p\u00e4ev.\" \/>\n<meta name=\"robots\" content=\"index, follow, max-snippet:-1, max-image-preview:large, max-video-preview:-1\" \/>\n<link rel=\"canonical\" href=\"https:\/\/kingimeister.ee\/ru\/tass-emale-armastan-sind-kallis-ema-sinu-valitud-pildiga\/\" \/>\n<meta property=\"og:locale\" content=\"ru_RU\" \/>\n<meta property=\"og:type\" content=\"article\" \/>\n<meta property=\"og:title\" content=\"Tass emale &#039;&#039;Armastan sind kallis ema&#039;&#039; sinu valitud pildiga\" \/>\n<meta property=\"og:description\" content=\"Kaunis lillemustriga tass emale tekstiga &quot;Armastan sind kallis ema&quot;. T\u00e4iuslik emadep\u00e4eva kingitus, mis soojendab s\u00fcdant iga p\u00e4ev.\" \/>\n<meta property=\"og:url\" content=\"https:\/\/kingimeister.ee\/ru\/tass-emale-armastan-sind-kallis-ema-sinu-valitud-pildiga\/\" \/>\n<meta property=\"og:site_name\" content=\"Kingimeister.ee - Kingituste E-pood\" \/>\n<meta property=\"article:modified_time\" content=\"2026-03-23T06:03:39+00:00\" \/>\n<meta property=\"og:image\" content=\"https:\/\/kingimeister.ee\/wp-content\/uploads\/2026\/03\/Tassipilt-oigeks.png\" \/>\n\t<meta property=\"og:image:width\" content=\"750\" \/>\n\t<meta property=\"og:image:height\" content=\"750\" \/>\n\t<meta property=\"og:image:type\" content=\"image\/png\" \/>\n<meta name=\"twitter:card\" content=\"summary_large_image\" \/>\n<meta name=\"twitter:label1\" content=\"\u041f\u0440\u0438\u043c\u0435\u0440\u043d\u043e\u0435 \u0432\u0440\u0435\u043c\u044f \u0434\u043b\u044f \u0447\u0442\u0435\u043d\u0438\u044f\" \/>\n\t<meta name=\"twitter:data1\" content=\"1 \u043c\u0438\u043d\u0443\u0442\u0430\" \/>\n<script type=\"application\/ld+json\" class=\"yoast-schema-graph\">{\"@context\":\"https:\\\/\\\/schema.org\",\"@graph\":[{\"@type\":\"WebPage\",\"@id\":\"https:\\\/\\\/kingimeister.ee\\\/tass-emale-armastan-sind-kallis-ema-sinu-valitud-pildiga\\\/\",\"url\":\"https:\\\/\\\/kingimeister.ee\\\/tass-emale-armastan-sind-kallis-ema-sinu-valitud-pildiga\\\/\",\"name\":\"Tass emale \\\"Armastan sind kallis ema\\\" \u2013 ideaalne emadep\u00e4eva kingitus | Kingimeister.ee\",\"isPartOf\":{\"@id\":\"https:\\\/\\\/kingimeister.ee\\\/#website\"},\"primaryImageOfPage\":{\"@id\":\"https:\\\/\\\/kingimeister.ee\\\/tass-emale-armastan-sind-kallis-ema-sinu-valitud-pildiga\\\/#primaryimage\"},\"image\":{\"@id\":\"https:\\\/\\\/kingimeister.ee\\\/tass-emale-armastan-sind-kallis-ema-sinu-valitud-pildiga\\\/#primaryimage\"},\"thumbnailUrl\":\"https:\\\/\\\/i0.wp.com\\\/kingimeister.ee\\\/wp-content\\\/uploads\\\/2026\\\/03\\\/Tassipilt-oigeks.png?fit=750%2C750&ssl=1\",\"datePublished\":\"2026-03-22T19:02:35+00:00\",\"dateModified\":\"2026-03-23T06:03:39+00:00\",\"description\":\"Kaunis lillemustriga tass emale tekstiga \\\"Armastan sind kallis ema\\\". T\u00e4iuslik emadep\u00e4eva kingitus, mis soojendab s\u00fcdant iga p\u00e4ev.\",\"breadcrumb\":{\"@id\":\"https:\\\/\\\/kingimeister.ee\\\/tass-emale-armastan-sind-kallis-ema-sinu-valitud-pildiga\\\/#breadcrumb\"},\"inLanguage\":\"ru-RU\",\"potentialAction\":[{\"@type\":\"ReadAction\",\"target\":[\"https:\\\/\\\/kingimeister.ee\\\/tass-emale-armastan-sind-kallis-ema-sinu-valitud-pildiga\\\/\"]}]},{\"@type\":\"ImageObject\",\"inLanguage\":\"ru-RU\",\"@id\":\"https:\\\/\\\/kingimeister.ee\\\/tass-emale-armastan-sind-kallis-ema-sinu-valitud-pildiga\\\/#primaryimage\",\"url\":\"https:\\\/\\\/i0.wp.com\\\/kingimeister.ee\\\/wp-content\\\/uploads\\\/2026\\\/03\\\/Tassipilt-oigeks.png?fit=750%2C750&ssl=1\",\"contentUrl\":\"https:\\\/\\\/i0.wp.com\\\/kingimeister.ee\\\/wp-content\\\/uploads\\\/2026\\\/03\\\/Tassipilt-oigeks.png?fit=750%2C750&ssl=1\",\"width\":750,\"height\":750},{\"@type\":\"BreadcrumbList\",\"@id\":\"https:\\\/\\\/kingimeister.ee\\\/tass-emale-armastan-sind-kallis-ema-sinu-valitud-pildiga\\\/#breadcrumb\",\"itemListElement\":[{\"@type\":\"ListItem\",\"position\":1,\"name\":\"Home\",\"item\":\"https:\\\/\\\/kingimeister.ee\\\/\"},{\"@type\":\"ListItem\",\"position\":2,\"name\":\"Kingitused\",\"item\":\"https:\\\/\\\/kingimeister.ee\\\/kingitused\\\/\"},{\"@type\":\"ListItem\",\"position\":3,\"name\":\"Tass emale &#8221;Armastan sind kallis ema&#8221; sinu valitud pildiga\"}]},{\"@type\":\"WebSite\",\"@id\":\"https:\\\/\\\/kingimeister.ee\\\/#website\",\"url\":\"https:\\\/\\\/kingimeister.ee\\\/\",\"name\":\"Kingimeister.ee - Kingituste E-pood\",\"description\":\"\",\"publisher\":{\"@id\":\"https:\\\/\\\/kingimeister.ee\\\/#organization\"},\"potentialAction\":[{\"@type\":\"SearchAction\",\"target\":{\"@type\":\"EntryPoint\",\"urlTemplate\":\"https:\\\/\\\/kingimeister.ee\\\/?s={search_term_string}\"},\"query-input\":{\"@type\":\"PropertyValueSpecification\",\"valueRequired\":true,\"valueName\":\"search_term_string\"}}],\"inLanguage\":\"ru-RU\"},{\"@type\":\"Organization\",\"@id\":\"https:\\\/\\\/kingimeister.ee\\\/#organization\",\"name\":\"Kingimeister.ee - Kingituste E-pood\",\"url\":\"https:\\\/\\\/kingimeister.ee\\\/\",\"logo\":{\"@type\":\"ImageObject\",\"inLanguage\":\"ru-RU\",\"@id\":\"https:\\\/\\\/kingimeister.ee\\\/#\\\/schema\\\/logo\\\/image\\\/\",\"url\":\"https:\\\/\\\/kingimeister.ee\\\/wp-content\\\/uploads\\\/2026\\\/03\\\/Logo-e1773259902867.png\",\"contentUrl\":\"https:\\\/\\\/kingimeister.ee\\\/wp-content\\\/uploads\\\/2026\\\/03\\\/Logo-e1773259902867.png\",\"width\":1443,\"height\":237,\"caption\":\"Kingimeister.ee - Kingituste E-pood\"},\"image\":{\"@id\":\"https:\\\/\\\/kingimeister.ee\\\/#\\\/schema\\\/logo\\\/image\\\/\"}}]}<\/script>\n<!-- \/ Yoast SEO Premium plugin. -->","yoast_head_json":{"title":"Tass emale \"Armastan sind kallis ema\" \u2013 ideaalne emadep\u00e4eva kingitus | Kingimeister.ee","description":"Kaunis lillemustriga tass emale tekstiga \"Armastan sind kallis ema\". T\u00e4iuslik emadep\u00e4eva kingitus, mis soojendab s\u00fcdant iga p\u00e4ev.","robots":{"index":"index","follow":"follow","max-snippet":"max-snippet:-1","max-image-preview":"max-image-preview:large","max-video-preview":"max-video-preview:-1"},"canonical":"https:\/\/kingimeister.ee\/ru\/tass-emale-armastan-sind-kallis-ema-sinu-valitud-pildiga\/","og_locale":"ru_RU","og_type":"article","og_title":"Tass emale ''Armastan sind kallis ema'' sinu valitud pildiga","og_description":"Kaunis lillemustriga tass emale tekstiga \"Armastan sind kallis ema\". T\u00e4iuslik emadep\u00e4eva kingitus, mis soojendab s\u00fcdant iga p\u00e4ev.","og_url":"https:\/\/kingimeister.ee\/ru\/tass-emale-armastan-sind-kallis-ema-sinu-valitud-pildiga\/","og_site_name":"Kingimeister.ee - Kingituste E-pood","article_modified_time":"2026-03-23T06:03:39+00:00","og_image":[{"width":750,"height":750,"url":"https:\/\/kingimeister.ee\/wp-content\/uploads\/2026\/03\/Tassipilt-oigeks.png","type":"image\/png"}],"twitter_card":"summary_large_image","twitter_misc":{"\u041f\u0440\u0438\u043c\u0435\u0440\u043d\u043e\u0435 \u0432\u0440\u0435\u043c\u044f \u0434\u043b\u044f \u0447\u0442\u0435\u043d\u0438\u044f":"1 \u043c\u0438\u043d\u0443\u0442\u0430"},"schema":{"@context":"https:\/\/schema.org","@graph":[{"@type":"WebPage","@id":"https:\/\/kingimeister.ee\/tass-emale-armastan-sind-kallis-ema-sinu-valitud-pildiga\/","url":"https:\/\/kingimeister.ee\/tass-emale-armastan-sind-kallis-ema-sinu-valitud-pildiga\/","name":"Tass emale \"Armastan sind kallis ema\" \u2013 ideaalne emadep\u00e4eva kingitus | Kingimeister.ee","isPartOf":{"@id":"https:\/\/kingimeister.ee\/#website"},"primaryImageOfPage":{"@id":"https:\/\/kingimeister.ee\/tass-emale-armastan-sind-kallis-ema-sinu-valitud-pildiga\/#primaryimage"},"image":{"@id":"https:\/\/kingimeister.ee\/tass-emale-armastan-sind-kallis-ema-sinu-valitud-pildiga\/#primaryimage"},"thumbnailUrl":"https:\/\/i0.wp.com\/kingimeister.ee\/wp-content\/uploads\/2026\/03\/Tassipilt-oigeks.png?fit=750%2C750&ssl=1","datePublished":"2026-03-22T19:02:35+00:00","dateModified":"2026-03-23T06:03:39+00:00","description":"Kaunis lillemustriga tass emale tekstiga \"Armastan sind kallis ema\". T\u00e4iuslik emadep\u00e4eva kingitus, mis soojendab s\u00fcdant iga p\u00e4ev.","breadcrumb":{"@id":"https:\/\/kingimeister.ee\/tass-emale-armastan-sind-kallis-ema-sinu-valitud-pildiga\/#breadcrumb"},"inLanguage":"ru-RU","potentialAction":[{"@type":"ReadAction","target":["https:\/\/kingimeister.ee\/tass-emale-armastan-sind-kallis-ema-sinu-valitud-pildiga\/"]}]},{"@type":"ImageObject","inLanguage":"ru-RU","@id":"https:\/\/kingimeister.ee\/tass-emale-armastan-sind-kallis-ema-sinu-valitud-pildiga\/#primaryimage","url":"https:\/\/i0.wp.com\/kingimeister.ee\/wp-content\/uploads\/2026\/03\/Tassipilt-oigeks.png?fit=750%2C750&ssl=1","contentUrl":"https:\/\/i0.wp.com\/kingimeister.ee\/wp-content\/uploads\/2026\/03\/Tassipilt-oigeks.png?fit=750%2C750&ssl=1","width":750,"height":750},{"@type":"BreadcrumbList","@id":"https:\/\/kingimeister.ee\/tass-emale-armastan-sind-kallis-ema-sinu-valitud-pildiga\/#breadcrumb","itemListElement":[{"@type":"ListItem","position":1,"name":"Home","item":"https:\/\/kingimeister.ee\/"},{"@type":"ListItem","position":2,"name":"Kingitused","item":"https:\/\/kingimeister.ee\/kingitused\/"},{"@type":"ListItem","position":3,"name":"Tass emale &#8221;Armastan sind kallis ema&#8221; sinu valitud pildiga"}]},{"@type":"WebSite","@id":"https:\/\/kingimeister.ee\/#website","url":"https:\/\/kingimeister.ee\/","name":"Kingimeister.ee - Kingituste E-pood","description":"","publisher":{"@id":"https:\/\/kingimeister.ee\/#organization"},"potentialAction":[{"@type":"SearchAction","target":{"@type":"EntryPoint","urlTemplate":"https:\/\/kingimeister.ee\/?s={search_term_string}"},"query-input":{"@type":"PropertyValueSpecification","valueRequired":true,"valueName":"search_term_string"}}],"inLanguage":"ru-RU"},{"@type":"Organization","@id":"https:\/\/kingimeister.ee\/#organization","name":"Kingimeister.ee - Kingituste E-pood","url":"https:\/\/kingimeister.ee\/","logo":{"@type":"ImageObject","inLanguage":"ru-RU","@id":"https:\/\/kingimeister.ee\/#\/schema\/logo\/image\/","url":"https:\/\/kingimeister.ee\/wp-content\/uploads\/2026\/03\/Logo-e1773259902867.png","contentUrl":"https:\/\/kingimeister.ee\/wp-content\/uploads\/2026\/03\/Logo-e1773259902867.png","width":1443,"height":237,"caption":"Kingimeister.ee - Kingituste E-pood"},"image":{"@id":"https:\/\/kingimeister.ee\/#\/schema\/logo\/image\/"}}]}},"jetpack_sharing_enabled":true,"_links":{"self":[{"href":"https:\/\/kingimeister.ee\/ru\/wp-json\/wp\/v2\/product\/29903","targetHints":{"allow":["GET"]}}],"collection":[{"href":"https:\/\/kingimeister.ee\/ru\/wp-json\/wp\/v2\/product"}],"about":[{"href":"https:\/\/kingimeister.ee\/ru\/wp-json\/wp\/v2\/types\/product"}],"replies":[{"embeddable":true,"href":"https:\/\/kingimeister.ee\/ru\/wp-json\/wp\/v2\/comments?post=29903"}],"version-history":[{"count":4,"href":"https:\/\/kingimeister.ee\/ru\/wp-json\/wp\/v2\/product\/29903\/revisions"}],"predecessor-version":[{"id":29907,"href":"https:\/\/kingimeister.ee\/ru\/wp-json\/wp\/v2\/product\/29903\/revisions\/29907"}],"wp:featuredmedia":[{"embeddable":true,"href":"https:\/\/kingimeister.ee\/ru\/wp-json\/wp\/v2\/media\/29904"}],"wp:attachment":[{"href":"https:\/\/kingimeister.ee\/ru\/wp-json\/wp\/v2\/media?parent=29903"}],"wp:term":[{"taxonomy":"product_brand","embeddable":true,"href":"https:\/\/kingimeister.ee\/ru\/wp-json\/wp\/v2\/product_brand?post=29903"},{"taxonomy":"product_cat","embeddable":true,"href":"https:\/\/kingimeister.ee\/ru\/wp-json\/wp\/v2\/product_cat?post=29903"},{"taxonomy":"product_tag","embeddable":true,"href":"https:\/\/kingimeister.ee\/ru\/wp-json\/wp\/v2\/product_tag?post=29903"}],"curies":[{"name":"wp","href":"https:\/\/api.w.org\/{rel}","templated":true}]}}