{"id":29910,"date":"2026-03-22T22:59:08","date_gmt":"2026-03-22T20:59:08","guid":{"rendered":"https:\/\/kingimeister.ee\/?post_type=product&#038;p=29910"},"modified":"2026-03-22T22:59:09","modified_gmt":"2026-03-22T20:59:09","slug":"tass-emale-love-you-mom-ema-armastus-ei-saa-kunagi-otsa-ema-armastus-on-siiras-ja-puhas","status":"publish","type":"product","link":"https:\/\/kingimeister.ee\/ru\/tass-emale-love-you-mom-ema-armastus-ei-saa-kunagi-otsa-ema-armastus-on-siiras-ja-puhas\/","title":{"rendered":"Tass emale &#8221;Love you mom. Ema armastus ei saa kunagi otsa. Ema armastus on siiras ja puhas.&#8221;"},"content":{"rendered":"<p data-start=\"21\" data-end=\"346\">See kaunis ja s\u00fcdamlik tass on loodud selleks, et tuua igasse p\u00e4eva killuke armastust. Elegantse ja minimalistliku kujundusega tassil on kiri <em data-start=\"163\" data-end=\"179\">\u201cLove you mom\u201d<\/em> ning liigutav eestikeelne s\u00f5num, mis meenutab, kui l\u00f5putu ja puhas on ema armastus. \u00d5rn illustratsioon ema ja lapse kallistusest lisab disainile soojust ja t\u00e4hendust.<\/p>\n<p data-start=\"348\" data-end=\"575\">Tass sobib ideaalselt kingituseks emadep\u00e4evaks, s\u00fcnnip\u00e4evaks v\u00f5i lihtsalt selleks, et \u00f6elda \u201cait\u00e4h\u201d k\u00f5ige kallimale inimesele. Kvaliteetne ja ajatu disain teeb sellest armsa kaaslase nii hommikukohvi kui \u00f5htuse tee nautimiseks.<\/p>\n<p data-start=\"577\" data-end=\"657\" data-is-last-node=\"\" data-is-only-node=\"\">Praktiline, kaunis ja t\u00e4hendusrikas \u2013 tass, mis r\u00e4\u00e4gib rohkem kui tuhat s\u00f5na.<\/p>","protected":false},"excerpt":{"rendered":"<p data-start=\"21\" data-end=\"346\">See kaunis ja s\u00fcdamlik tass on loodud selleks, et tuua igasse p\u00e4eva killuke armastust. Elegantse ja minimalistliku kujundusega tassil on kiri <em data-start=\"163\" data-end=\"179\">\u201cLove you mom\u201d<\/em> ning liigutav eestikeelne s\u00f5num, mis meenutab, kui l\u00f5putu ja puhas on ema armastus. \u00d5rn illustratsioon ema ja lapse kallistusest lisab disainile soojust ja t\u00e4hendust.<\/p>\n<p data-start=\"348\" data-end=\"575\">Tass sobib ideaalselt kingituseks emadep\u00e4evaks, s\u00fcnnip\u00e4evaks v\u00f5i lihtsalt selleks, et \u00f6elda \u201cait\u00e4h\u201d k\u00f5ige kallimale inimesele. Kvaliteetne ja ajatu disain teeb sellest armsa kaaslase nii hommikukohvi kui \u00f5htuse tee nautimiseks.<\/p>\n<p data-start=\"577\" data-end=\"657\" data-is-last-node=\"\" data-is-only-node=\"\">Praktiline, kaunis ja t\u00e4hendusrikas \u2013 tass, mis r\u00e4\u00e4gib rohkem kui tuhat s\u00f5na.<\/p>","protected":false},"featured_media":29911,"comment_status":"open","ping_status":"closed","template":"","meta":[],"product_brand":[],"product_cat":[170,173],"product_tag":[288,252,244,258,259,257,289,254,287,251],"class_list":{"0":"post-29910","1":"product","2":"type-product","3":"status-publish","4":"has-post-thumbnail","6":"product_cat-kingitused-emale","7":"product_cat-tassid-emale","8":"product_tag-armastan-sind-ema","9":"product_tag-ema","10":"product_tag-emadepaev","11":"product_tag-emadepaeva-kingitus","12":"product_tag-kingitus","13":"product_tag-kingitus-emale","14":"product_tag-kink","15":"product_tag-kruus-emale","16":"product_tag-love-you-mom","17":"product_tag-tass-emale","19":"first","20":"instock","21":"sale","22":"taxable","23":"shipping-taxable","24":"purchasable","25":"product-type-simple"},"yoast_head":"<!-- This site is optimized with the Yoast SEO Premium plugin v27.1 (Yoast SEO v27.3) - https:\/\/yoast.com\/product\/yoast-seo-premium-wordpress\/ -->\n<title>Tass emale &#039;&#039;Love you mom - Kingimeister.ee<\/title>\n<meta name=\"description\" content=\"Tass sobib ideaalselt kingituseks emadep\u00e4evaks, s\u00fcnnip\u00e4evaks v\u00f5i lihtsalt selleks, et \u00f6elda \u201cait\u00e4h\u201d k\u00f5ige kallimale inimesele.\" \/>\n<meta name=\"robots\" content=\"index, follow, max-snippet:-1, max-image-preview:large, max-video-preview:-1\" \/>\n<link rel=\"canonical\" href=\"https:\/\/kingimeister.ee\/ru\/tass-emale-love-you-mom-ema-armastus-ei-saa-kunagi-otsa-ema-armastus-on-siiras-ja-puhas\/\" \/>\n<meta property=\"og:locale\" content=\"ru_RU\" \/>\n<meta property=\"og:type\" content=\"article\" \/>\n<meta property=\"og:title\" content=\"Tass emale &#039;&#039;Love you mom. Ema armastus ei saa kunagi otsa. Ema armastus on siiras ja puhas.&#039;&#039;\" \/>\n<meta property=\"og:description\" content=\"Tass sobib ideaalselt kingituseks emadep\u00e4evaks, s\u00fcnnip\u00e4evaks v\u00f5i lihtsalt selleks, et \u00f6elda \u201cait\u00e4h\u201d k\u00f5ige kallimale inimesele.\" \/>\n<meta property=\"og:url\" content=\"https:\/\/kingimeister.ee\/ru\/tass-emale-love-you-mom-ema-armastus-ei-saa-kunagi-otsa-ema-armastus-on-siiras-ja-puhas\/\" \/>\n<meta property=\"og:site_name\" content=\"Kingimeister.ee - Kingituste E-pood\" \/>\n<meta property=\"article:modified_time\" content=\"2026-03-22T20:59:09+00:00\" \/>\n<meta property=\"og:image\" content=\"https:\/\/kingimeister.ee\/wp-content\/uploads\/2026\/03\/Tass-emale-Love-you-mom.png\" \/>\n\t<meta property=\"og:image:width\" content=\"750\" \/>\n\t<meta property=\"og:image:height\" content=\"750\" \/>\n\t<meta property=\"og:image:type\" content=\"image\/png\" \/>\n<meta name=\"twitter:card\" content=\"summary_large_image\" \/>\n<meta name=\"twitter:label1\" content=\"\u041f\u0440\u0438\u043c\u0435\u0440\u043d\u043e\u0435 \u0432\u0440\u0435\u043c\u044f \u0434\u043b\u044f \u0447\u0442\u0435\u043d\u0438\u044f\" \/>\n\t<meta name=\"twitter:data1\" content=\"1 \u043c\u0438\u043d\u0443\u0442\u0430\" \/>\n<script type=\"application\/ld+json\" class=\"yoast-schema-graph\">{\"@context\":\"https:\\\/\\\/schema.org\",\"@graph\":[{\"@type\":\"WebPage\",\"@id\":\"https:\\\/\\\/kingimeister.ee\\\/tass-emale-love-you-mom-ema-armastus-ei-saa-kunagi-otsa-ema-armastus-on-siiras-ja-puhas\\\/\",\"url\":\"https:\\\/\\\/kingimeister.ee\\\/tass-emale-love-you-mom-ema-armastus-ei-saa-kunagi-otsa-ema-armastus-on-siiras-ja-puhas\\\/\",\"name\":\"Tass emale ''Love you mom - Kingimeister.ee\",\"isPartOf\":{\"@id\":\"https:\\\/\\\/kingimeister.ee\\\/#website\"},\"primaryImageOfPage\":{\"@id\":\"https:\\\/\\\/kingimeister.ee\\\/tass-emale-love-you-mom-ema-armastus-ei-saa-kunagi-otsa-ema-armastus-on-siiras-ja-puhas\\\/#primaryimage\"},\"image\":{\"@id\":\"https:\\\/\\\/kingimeister.ee\\\/tass-emale-love-you-mom-ema-armastus-ei-saa-kunagi-otsa-ema-armastus-on-siiras-ja-puhas\\\/#primaryimage\"},\"thumbnailUrl\":\"https:\\\/\\\/i0.wp.com\\\/kingimeister.ee\\\/wp-content\\\/uploads\\\/2026\\\/03\\\/Tass-emale-Love-you-mom.png?fit=750%2C750&ssl=1\",\"datePublished\":\"2026-03-22T20:59:08+00:00\",\"dateModified\":\"2026-03-22T20:59:09+00:00\",\"description\":\"Tass sobib ideaalselt kingituseks emadep\u00e4evaks, s\u00fcnnip\u00e4evaks v\u00f5i lihtsalt selleks, et \u00f6elda \u201cait\u00e4h\u201d k\u00f5ige kallimale inimesele.\",\"breadcrumb\":{\"@id\":\"https:\\\/\\\/kingimeister.ee\\\/tass-emale-love-you-mom-ema-armastus-ei-saa-kunagi-otsa-ema-armastus-on-siiras-ja-puhas\\\/#breadcrumb\"},\"inLanguage\":\"ru-RU\",\"potentialAction\":[{\"@type\":\"ReadAction\",\"target\":[\"https:\\\/\\\/kingimeister.ee\\\/tass-emale-love-you-mom-ema-armastus-ei-saa-kunagi-otsa-ema-armastus-on-siiras-ja-puhas\\\/\"]}]},{\"@type\":\"ImageObject\",\"inLanguage\":\"ru-RU\",\"@id\":\"https:\\\/\\\/kingimeister.ee\\\/tass-emale-love-you-mom-ema-armastus-ei-saa-kunagi-otsa-ema-armastus-on-siiras-ja-puhas\\\/#primaryimage\",\"url\":\"https:\\\/\\\/i0.wp.com\\\/kingimeister.ee\\\/wp-content\\\/uploads\\\/2026\\\/03\\\/Tass-emale-Love-you-mom.png?fit=750%2C750&ssl=1\",\"contentUrl\":\"https:\\\/\\\/i0.wp.com\\\/kingimeister.ee\\\/wp-content\\\/uploads\\\/2026\\\/03\\\/Tass-emale-Love-you-mom.png?fit=750%2C750&ssl=1\",\"width\":750,\"height\":750},{\"@type\":\"BreadcrumbList\",\"@id\":\"https:\\\/\\\/kingimeister.ee\\\/tass-emale-love-you-mom-ema-armastus-ei-saa-kunagi-otsa-ema-armastus-on-siiras-ja-puhas\\\/#breadcrumb\",\"itemListElement\":[{\"@type\":\"ListItem\",\"position\":1,\"name\":\"Home\",\"item\":\"https:\\\/\\\/kingimeister.ee\\\/\"},{\"@type\":\"ListItem\",\"position\":2,\"name\":\"Kingitused\",\"item\":\"https:\\\/\\\/kingimeister.ee\\\/kingitused\\\/\"},{\"@type\":\"ListItem\",\"position\":3,\"name\":\"Tass emale &#8221;Love you mom. Ema armastus ei saa kunagi otsa. Ema armastus on siiras ja puhas.&#8221;\"}]},{\"@type\":\"WebSite\",\"@id\":\"https:\\\/\\\/kingimeister.ee\\\/#website\",\"url\":\"https:\\\/\\\/kingimeister.ee\\\/\",\"name\":\"Kingimeister.ee - Kingituste E-pood\",\"description\":\"\",\"publisher\":{\"@id\":\"https:\\\/\\\/kingimeister.ee\\\/#organization\"},\"potentialAction\":[{\"@type\":\"SearchAction\",\"target\":{\"@type\":\"EntryPoint\",\"urlTemplate\":\"https:\\\/\\\/kingimeister.ee\\\/?s={search_term_string}\"},\"query-input\":{\"@type\":\"PropertyValueSpecification\",\"valueRequired\":true,\"valueName\":\"search_term_string\"}}],\"inLanguage\":\"ru-RU\"},{\"@type\":\"Organization\",\"@id\":\"https:\\\/\\\/kingimeister.ee\\\/#organization\",\"name\":\"Kingimeister.ee - Kingituste E-pood\",\"url\":\"https:\\\/\\\/kingimeister.ee\\\/\",\"logo\":{\"@type\":\"ImageObject\",\"inLanguage\":\"ru-RU\",\"@id\":\"https:\\\/\\\/kingimeister.ee\\\/#\\\/schema\\\/logo\\\/image\\\/\",\"url\":\"https:\\\/\\\/kingimeister.ee\\\/wp-content\\\/uploads\\\/2026\\\/03\\\/Logo-e1773259902867.png\",\"contentUrl\":\"https:\\\/\\\/kingimeister.ee\\\/wp-content\\\/uploads\\\/2026\\\/03\\\/Logo-e1773259902867.png\",\"width\":1443,\"height\":237,\"caption\":\"Kingimeister.ee - Kingituste E-pood\"},\"image\":{\"@id\":\"https:\\\/\\\/kingimeister.ee\\\/#\\\/schema\\\/logo\\\/image\\\/\"}}]}<\/script>\n<!-- \/ Yoast SEO Premium plugin. -->","yoast_head_json":{"title":"Tass emale ''Love you mom - Kingimeister.ee","description":"Tass sobib ideaalselt kingituseks emadep\u00e4evaks, s\u00fcnnip\u00e4evaks v\u00f5i lihtsalt selleks, et \u00f6elda \u201cait\u00e4h\u201d k\u00f5ige kallimale inimesele.","robots":{"index":"index","follow":"follow","max-snippet":"max-snippet:-1","max-image-preview":"max-image-preview:large","max-video-preview":"max-video-preview:-1"},"canonical":"https:\/\/kingimeister.ee\/ru\/tass-emale-love-you-mom-ema-armastus-ei-saa-kunagi-otsa-ema-armastus-on-siiras-ja-puhas\/","og_locale":"ru_RU","og_type":"article","og_title":"Tass emale ''Love you mom. Ema armastus ei saa kunagi otsa. Ema armastus on siiras ja puhas.''","og_description":"Tass sobib ideaalselt kingituseks emadep\u00e4evaks, s\u00fcnnip\u00e4evaks v\u00f5i lihtsalt selleks, et \u00f6elda \u201cait\u00e4h\u201d k\u00f5ige kallimale inimesele.","og_url":"https:\/\/kingimeister.ee\/ru\/tass-emale-love-you-mom-ema-armastus-ei-saa-kunagi-otsa-ema-armastus-on-siiras-ja-puhas\/","og_site_name":"Kingimeister.ee - Kingituste E-pood","article_modified_time":"2026-03-22T20:59:09+00:00","og_image":[{"width":750,"height":750,"url":"https:\/\/kingimeister.ee\/wp-content\/uploads\/2026\/03\/Tass-emale-Love-you-mom.png","type":"image\/png"}],"twitter_card":"summary_large_image","twitter_misc":{"\u041f\u0440\u0438\u043c\u0435\u0440\u043d\u043e\u0435 \u0432\u0440\u0435\u043c\u044f \u0434\u043b\u044f \u0447\u0442\u0435\u043d\u0438\u044f":"1 \u043c\u0438\u043d\u0443\u0442\u0430"},"schema":{"@context":"https:\/\/schema.org","@graph":[{"@type":"WebPage","@id":"https:\/\/kingimeister.ee\/tass-emale-love-you-mom-ema-armastus-ei-saa-kunagi-otsa-ema-armastus-on-siiras-ja-puhas\/","url":"https:\/\/kingimeister.ee\/tass-emale-love-you-mom-ema-armastus-ei-saa-kunagi-otsa-ema-armastus-on-siiras-ja-puhas\/","name":"Tass emale ''Love you mom - Kingimeister.ee","isPartOf":{"@id":"https:\/\/kingimeister.ee\/#website"},"primaryImageOfPage":{"@id":"https:\/\/kingimeister.ee\/tass-emale-love-you-mom-ema-armastus-ei-saa-kunagi-otsa-ema-armastus-on-siiras-ja-puhas\/#primaryimage"},"image":{"@id":"https:\/\/kingimeister.ee\/tass-emale-love-you-mom-ema-armastus-ei-saa-kunagi-otsa-ema-armastus-on-siiras-ja-puhas\/#primaryimage"},"thumbnailUrl":"https:\/\/i0.wp.com\/kingimeister.ee\/wp-content\/uploads\/2026\/03\/Tass-emale-Love-you-mom.png?fit=750%2C750&ssl=1","datePublished":"2026-03-22T20:59:08+00:00","dateModified":"2026-03-22T20:59:09+00:00","description":"Tass sobib ideaalselt kingituseks emadep\u00e4evaks, s\u00fcnnip\u00e4evaks v\u00f5i lihtsalt selleks, et \u00f6elda \u201cait\u00e4h\u201d k\u00f5ige kallimale inimesele.","breadcrumb":{"@id":"https:\/\/kingimeister.ee\/tass-emale-love-you-mom-ema-armastus-ei-saa-kunagi-otsa-ema-armastus-on-siiras-ja-puhas\/#breadcrumb"},"inLanguage":"ru-RU","potentialAction":[{"@type":"ReadAction","target":["https:\/\/kingimeister.ee\/tass-emale-love-you-mom-ema-armastus-ei-saa-kunagi-otsa-ema-armastus-on-siiras-ja-puhas\/"]}]},{"@type":"ImageObject","inLanguage":"ru-RU","@id":"https:\/\/kingimeister.ee\/tass-emale-love-you-mom-ema-armastus-ei-saa-kunagi-otsa-ema-armastus-on-siiras-ja-puhas\/#primaryimage","url":"https:\/\/i0.wp.com\/kingimeister.ee\/wp-content\/uploads\/2026\/03\/Tass-emale-Love-you-mom.png?fit=750%2C750&ssl=1","contentUrl":"https:\/\/i0.wp.com\/kingimeister.ee\/wp-content\/uploads\/2026\/03\/Tass-emale-Love-you-mom.png?fit=750%2C750&ssl=1","width":750,"height":750},{"@type":"BreadcrumbList","@id":"https:\/\/kingimeister.ee\/tass-emale-love-you-mom-ema-armastus-ei-saa-kunagi-otsa-ema-armastus-on-siiras-ja-puhas\/#breadcrumb","itemListElement":[{"@type":"ListItem","position":1,"name":"Home","item":"https:\/\/kingimeister.ee\/"},{"@type":"ListItem","position":2,"name":"Kingitused","item":"https:\/\/kingimeister.ee\/kingitused\/"},{"@type":"ListItem","position":3,"name":"Tass emale &#8221;Love you mom. Ema armastus ei saa kunagi otsa. Ema armastus on siiras ja puhas.&#8221;"}]},{"@type":"WebSite","@id":"https:\/\/kingimeister.ee\/#website","url":"https:\/\/kingimeister.ee\/","name":"Kingimeister.ee - Kingituste E-pood","description":"","publisher":{"@id":"https:\/\/kingimeister.ee\/#organization"},"potentialAction":[{"@type":"SearchAction","target":{"@type":"EntryPoint","urlTemplate":"https:\/\/kingimeister.ee\/?s={search_term_string}"},"query-input":{"@type":"PropertyValueSpecification","valueRequired":true,"valueName":"search_term_string"}}],"inLanguage":"ru-RU"},{"@type":"Organization","@id":"https:\/\/kingimeister.ee\/#organization","name":"Kingimeister.ee - Kingituste E-pood","url":"https:\/\/kingimeister.ee\/","logo":{"@type":"ImageObject","inLanguage":"ru-RU","@id":"https:\/\/kingimeister.ee\/#\/schema\/logo\/image\/","url":"https:\/\/kingimeister.ee\/wp-content\/uploads\/2026\/03\/Logo-e1773259902867.png","contentUrl":"https:\/\/kingimeister.ee\/wp-content\/uploads\/2026\/03\/Logo-e1773259902867.png","width":1443,"height":237,"caption":"Kingimeister.ee - Kingituste E-pood"},"image":{"@id":"https:\/\/kingimeister.ee\/#\/schema\/logo\/image\/"}}]}},"jetpack_sharing_enabled":true,"_links":{"self":[{"href":"https:\/\/kingimeister.ee\/ru\/wp-json\/wp\/v2\/product\/29910","targetHints":{"allow":["GET"]}}],"collection":[{"href":"https:\/\/kingimeister.ee\/ru\/wp-json\/wp\/v2\/product"}],"about":[{"href":"https:\/\/kingimeister.ee\/ru\/wp-json\/wp\/v2\/types\/product"}],"replies":[{"embeddable":true,"href":"https:\/\/kingimeister.ee\/ru\/wp-json\/wp\/v2\/comments?post=29910"}],"version-history":[{"count":1,"href":"https:\/\/kingimeister.ee\/ru\/wp-json\/wp\/v2\/product\/29910\/revisions"}],"predecessor-version":[{"id":29912,"href":"https:\/\/kingimeister.ee\/ru\/wp-json\/wp\/v2\/product\/29910\/revisions\/29912"}],"wp:featuredmedia":[{"embeddable":true,"href":"https:\/\/kingimeister.ee\/ru\/wp-json\/wp\/v2\/media\/29911"}],"wp:attachment":[{"href":"https:\/\/kingimeister.ee\/ru\/wp-json\/wp\/v2\/media?parent=29910"}],"wp:term":[{"taxonomy":"product_brand","embeddable":true,"href":"https:\/\/kingimeister.ee\/ru\/wp-json\/wp\/v2\/product_brand?post=29910"},{"taxonomy":"product_cat","embeddable":true,"href":"https:\/\/kingimeister.ee\/ru\/wp-json\/wp\/v2\/product_cat?post=29910"},{"taxonomy":"product_tag","embeddable":true,"href":"https:\/\/kingimeister.ee\/ru\/wp-json\/wp\/v2\/product_tag?post=29910"}],"curies":[{"name":"wp","href":"https:\/\/api.w.org\/{rel}","templated":true}]}}