{"id":30093,"date":"2026-03-26T07:45:49","date_gmt":"2026-03-26T05:45:49","guid":{"rendered":"https:\/\/kingimeister.ee\/?post_type=product&#038;p=30093"},"modified":"2026-03-26T07:51:36","modified_gmt":"2026-03-26T05:51:36","slug":"tass-kallimale-you-me","status":"publish","type":"product","link":"https:\/\/kingimeister.ee\/ru\/tass-kallimale-you-me\/","title":{"rendered":"Tass kallimale &#8221;You &#038; Me&#8221;"},"content":{"rendered":"<p data-start=\"682\" data-end=\"905\">Tass kallimale &#8220;You &amp; Me&#8221; on lihtne, kuid s\u00fcdamlik viis oma tundeid v\u00e4ljendada. Minimalistliku disaini ja armsa s\u00f5numiga kruus sobib ideaalselt igap\u00e4evaseks kasutamiseks ning meenutab iga lonksuga erilist inimest sinu elus.<\/p>\n<p data-start=\"907\" data-end=\"1100\">See romantiline tass on suurep\u00e4rane kingitus s\u00f5brap\u00e4evaks, aastap\u00e4evaks v\u00f5i lihtsalt armsaks \u00fcllatuseks kallimale. Klassikaline valge disain sobib igasse k\u00f6\u00f6ki ja on ajatu valik igale maitsele.<\/p>","protected":false},"excerpt":{"rendered":"<p data-start=\"682\" data-end=\"905\">Tass kallimale &#8220;You &amp; Me&#8221; on lihtne, kuid s\u00fcdamlik viis oma tundeid v\u00e4ljendada. Minimalistliku disaini ja armsa s\u00f5numiga kruus sobib ideaalselt igap\u00e4evaseks kasutamiseks ning meenutab iga lonksuga erilist inimest sinu elus.<\/p>\n<p data-start=\"907\" data-end=\"1100\">See romantiline tass on suurep\u00e4rane kingitus s\u00f5brap\u00e4evaks, aastap\u00e4evaks v\u00f5i lihtsalt armsaks \u00fcllatuseks kallimale. Klassikaline valge disain sobib igasse k\u00f6\u00f6ki ja on ajatu valik igale maitsele.<\/p>","protected":false},"featured_media":30094,"comment_status":"open","ping_status":"closed","template":"","meta":[],"product_brand":[],"product_cat":[170,177,156,163,234,186,202,203,204,209,173,178,160,166],"product_tag":[315,83,313,312,82,314],"class_list":{"0":"post-30093","1":"product","2":"type-product","3":"status-publish","4":"has-post-thumbnail","6":"product_cat-kingitused-emale","7":"product_cat-kingitused-isale","8":"product_cat-kingitused-meestele","9":"product_cat-kingitused-naistele","10":"product_cat-kingitused-naistepaevaks","11":"product_cat-kingitused-paaridele","12":"product_cat-sobrapaeva-kingitused","13":"product_cat-sobrapaeva-kingitused-meestele","14":"product_cat-sobrapaeva-kingitused-naistele","15":"product_cat-sobrapaeva-tassid","16":"product_cat-tassid-emale","17":"product_cat-tassid-isale","18":"product_cat-tassid-meestele","19":"product_cat-tassid-naistele","20":"product_tag-kallimale","21":"product_tag-kruus","22":"product_tag-sobrapaev","23":"product_tag-sobrapaeva-tass","24":"product_tag-tass","25":"product_tag-tass-kallimale","27":"first","28":"instock","29":"sale","30":"taxable","31":"shipping-taxable","32":"purchasable","33":"product-type-simple"},"yoast_head":"<!-- This site is optimized with the Yoast SEO Premium plugin v27.1 (Yoast SEO v27.3) - https:\/\/yoast.com\/product\/yoast-seo-premium-wordpress\/ -->\n<title>Tass kallimale &quot;You &amp; Me&quot; \u2013 romantiline kingitus | Kingimeister.ee<\/title>\n<meta name=\"description\" content=\"Armas ja romantiline tass kallimale kirjaga &quot;You &amp; Me&quot;. Ideaalne kingitus s\u00f5brap\u00e4evaks, aastap\u00e4evaks v\u00f5i lihtsalt armastuse n\u00e4itamiseks. Telli mugavalt Kingimeister.ee e-poest!\" \/>\n<meta name=\"robots\" content=\"index, follow, max-snippet:-1, max-image-preview:large, max-video-preview:-1\" \/>\n<link rel=\"canonical\" href=\"https:\/\/kingimeister.ee\/ru\/tass-kallimale-you-me\/\" \/>\n<meta property=\"og:locale\" content=\"ru_RU\" \/>\n<meta property=\"og:type\" content=\"article\" \/>\n<meta property=\"og:title\" content=\"Tass kallimale &#039;&#039;You &amp; Me&#039;&#039;\" \/>\n<meta property=\"og:description\" content=\"Armas ja romantiline tass kallimale kirjaga &quot;You &amp; Me&quot;. Ideaalne kingitus s\u00f5brap\u00e4evaks, aastap\u00e4evaks v\u00f5i lihtsalt armastuse n\u00e4itamiseks. Telli mugavalt Kingimeister.ee e-poest!\" \/>\n<meta property=\"og:url\" content=\"https:\/\/kingimeister.ee\/ru\/tass-kallimale-you-me\/\" \/>\n<meta property=\"og:site_name\" content=\"Kingimeister.ee - Kingituste E-pood\" \/>\n<meta property=\"article:modified_time\" content=\"2026-03-26T05:51:36+00:00\" \/>\n<meta property=\"og:image\" content=\"https:\/\/kingimeister.ee\/wp-content\/uploads\/2026\/03\/tass-kallimale-you-and-me.png\" \/>\n\t<meta property=\"og:image:width\" content=\"625\" \/>\n\t<meta property=\"og:image:height\" content=\"625\" \/>\n\t<meta property=\"og:image:type\" content=\"image\/png\" \/>\n<meta name=\"twitter:card\" content=\"summary_large_image\" \/>\n<meta name=\"twitter:label1\" content=\"\u041f\u0440\u0438\u043c\u0435\u0440\u043d\u043e\u0435 \u0432\u0440\u0435\u043c\u044f \u0434\u043b\u044f \u0447\u0442\u0435\u043d\u0438\u044f\" \/>\n\t<meta name=\"twitter:data1\" content=\"1 \u043c\u0438\u043d\u0443\u0442\u0430\" \/>\n<script type=\"application\/ld+json\" class=\"yoast-schema-graph\">{\"@context\":\"https:\\\/\\\/schema.org\",\"@graph\":[{\"@type\":\"WebPage\",\"@id\":\"https:\\\/\\\/kingimeister.ee\\\/tass-kallimale-you-me\\\/\",\"url\":\"https:\\\/\\\/kingimeister.ee\\\/tass-kallimale-you-me\\\/\",\"name\":\"Tass kallimale \\\"You & Me\\\" \u2013 romantiline kingitus | Kingimeister.ee\",\"isPartOf\":{\"@id\":\"https:\\\/\\\/kingimeister.ee\\\/#website\"},\"primaryImageOfPage\":{\"@id\":\"https:\\\/\\\/kingimeister.ee\\\/tass-kallimale-you-me\\\/#primaryimage\"},\"image\":{\"@id\":\"https:\\\/\\\/kingimeister.ee\\\/tass-kallimale-you-me\\\/#primaryimage\"},\"thumbnailUrl\":\"https:\\\/\\\/i0.wp.com\\\/kingimeister.ee\\\/wp-content\\\/uploads\\\/2026\\\/03\\\/tass-kallimale-you-and-me.png?fit=625%2C625&ssl=1\",\"datePublished\":\"2026-03-26T05:45:49+00:00\",\"dateModified\":\"2026-03-26T05:51:36+00:00\",\"description\":\"Armas ja romantiline tass kallimale kirjaga \\\"You & Me\\\". Ideaalne kingitus s\u00f5brap\u00e4evaks, aastap\u00e4evaks v\u00f5i lihtsalt armastuse n\u00e4itamiseks. Telli mugavalt Kingimeister.ee e-poest!\",\"breadcrumb\":{\"@id\":\"https:\\\/\\\/kingimeister.ee\\\/tass-kallimale-you-me\\\/#breadcrumb\"},\"inLanguage\":\"ru-RU\",\"potentialAction\":[{\"@type\":\"ReadAction\",\"target\":[\"https:\\\/\\\/kingimeister.ee\\\/tass-kallimale-you-me\\\/\"]}]},{\"@type\":\"ImageObject\",\"inLanguage\":\"ru-RU\",\"@id\":\"https:\\\/\\\/kingimeister.ee\\\/tass-kallimale-you-me\\\/#primaryimage\",\"url\":\"https:\\\/\\\/i0.wp.com\\\/kingimeister.ee\\\/wp-content\\\/uploads\\\/2026\\\/03\\\/tass-kallimale-you-and-me.png?fit=625%2C625&ssl=1\",\"contentUrl\":\"https:\\\/\\\/i0.wp.com\\\/kingimeister.ee\\\/wp-content\\\/uploads\\\/2026\\\/03\\\/tass-kallimale-you-and-me.png?fit=625%2C625&ssl=1\",\"width\":625,\"height\":625},{\"@type\":\"BreadcrumbList\",\"@id\":\"https:\\\/\\\/kingimeister.ee\\\/tass-kallimale-you-me\\\/#breadcrumb\",\"itemListElement\":[{\"@type\":\"ListItem\",\"position\":1,\"name\":\"Home\",\"item\":\"https:\\\/\\\/kingimeister.ee\\\/\"},{\"@type\":\"ListItem\",\"position\":2,\"name\":\"Kingitused\",\"item\":\"https:\\\/\\\/kingimeister.ee\\\/kingitused\\\/\"},{\"@type\":\"ListItem\",\"position\":3,\"name\":\"Tass kallimale &#8221;You &#038; Me&#8221;\"}]},{\"@type\":\"WebSite\",\"@id\":\"https:\\\/\\\/kingimeister.ee\\\/#website\",\"url\":\"https:\\\/\\\/kingimeister.ee\\\/\",\"name\":\"Kingimeister.ee - Kingituste E-pood\",\"description\":\"\",\"publisher\":{\"@id\":\"https:\\\/\\\/kingimeister.ee\\\/#organization\"},\"potentialAction\":[{\"@type\":\"SearchAction\",\"target\":{\"@type\":\"EntryPoint\",\"urlTemplate\":\"https:\\\/\\\/kingimeister.ee\\\/?s={search_term_string}\"},\"query-input\":{\"@type\":\"PropertyValueSpecification\",\"valueRequired\":true,\"valueName\":\"search_term_string\"}}],\"inLanguage\":\"ru-RU\"},{\"@type\":\"Organization\",\"@id\":\"https:\\\/\\\/kingimeister.ee\\\/#organization\",\"name\":\"Kingimeister.ee - Kingituste E-pood\",\"url\":\"https:\\\/\\\/kingimeister.ee\\\/\",\"logo\":{\"@type\":\"ImageObject\",\"inLanguage\":\"ru-RU\",\"@id\":\"https:\\\/\\\/kingimeister.ee\\\/#\\\/schema\\\/logo\\\/image\\\/\",\"url\":\"https:\\\/\\\/kingimeister.ee\\\/wp-content\\\/uploads\\\/2026\\\/03\\\/Logo-e1773259902867.png\",\"contentUrl\":\"https:\\\/\\\/kingimeister.ee\\\/wp-content\\\/uploads\\\/2026\\\/03\\\/Logo-e1773259902867.png\",\"width\":1443,\"height\":237,\"caption\":\"Kingimeister.ee - Kingituste E-pood\"},\"image\":{\"@id\":\"https:\\\/\\\/kingimeister.ee\\\/#\\\/schema\\\/logo\\\/image\\\/\"}}]}<\/script>\n<!-- \/ Yoast SEO Premium plugin. -->","yoast_head_json":{"title":"Tass kallimale \"You & Me\" \u2013 romantiline kingitus | Kingimeister.ee","description":"Armas ja romantiline tass kallimale kirjaga \"You & Me\". Ideaalne kingitus s\u00f5brap\u00e4evaks, aastap\u00e4evaks v\u00f5i lihtsalt armastuse n\u00e4itamiseks. Telli mugavalt Kingimeister.ee e-poest!","robots":{"index":"index","follow":"follow","max-snippet":"max-snippet:-1","max-image-preview":"max-image-preview:large","max-video-preview":"max-video-preview:-1"},"canonical":"https:\/\/kingimeister.ee\/ru\/tass-kallimale-you-me\/","og_locale":"ru_RU","og_type":"article","og_title":"Tass kallimale ''You & Me''","og_description":"Armas ja romantiline tass kallimale kirjaga \"You & Me\". Ideaalne kingitus s\u00f5brap\u00e4evaks, aastap\u00e4evaks v\u00f5i lihtsalt armastuse n\u00e4itamiseks. Telli mugavalt Kingimeister.ee e-poest!","og_url":"https:\/\/kingimeister.ee\/ru\/tass-kallimale-you-me\/","og_site_name":"Kingimeister.ee - Kingituste E-pood","article_modified_time":"2026-03-26T05:51:36+00:00","og_image":[{"width":625,"height":625,"url":"https:\/\/kingimeister.ee\/wp-content\/uploads\/2026\/03\/tass-kallimale-you-and-me.png","type":"image\/png"}],"twitter_card":"summary_large_image","twitter_misc":{"\u041f\u0440\u0438\u043c\u0435\u0440\u043d\u043e\u0435 \u0432\u0440\u0435\u043c\u044f \u0434\u043b\u044f \u0447\u0442\u0435\u043d\u0438\u044f":"1 \u043c\u0438\u043d\u0443\u0442\u0430"},"schema":{"@context":"https:\/\/schema.org","@graph":[{"@type":"WebPage","@id":"https:\/\/kingimeister.ee\/tass-kallimale-you-me\/","url":"https:\/\/kingimeister.ee\/tass-kallimale-you-me\/","name":"Tass kallimale \"You & Me\" \u2013 romantiline kingitus | Kingimeister.ee","isPartOf":{"@id":"https:\/\/kingimeister.ee\/#website"},"primaryImageOfPage":{"@id":"https:\/\/kingimeister.ee\/tass-kallimale-you-me\/#primaryimage"},"image":{"@id":"https:\/\/kingimeister.ee\/tass-kallimale-you-me\/#primaryimage"},"thumbnailUrl":"https:\/\/i0.wp.com\/kingimeister.ee\/wp-content\/uploads\/2026\/03\/tass-kallimale-you-and-me.png?fit=625%2C625&ssl=1","datePublished":"2026-03-26T05:45:49+00:00","dateModified":"2026-03-26T05:51:36+00:00","description":"Armas ja romantiline tass kallimale kirjaga \"You & Me\". Ideaalne kingitus s\u00f5brap\u00e4evaks, aastap\u00e4evaks v\u00f5i lihtsalt armastuse n\u00e4itamiseks. Telli mugavalt Kingimeister.ee e-poest!","breadcrumb":{"@id":"https:\/\/kingimeister.ee\/tass-kallimale-you-me\/#breadcrumb"},"inLanguage":"ru-RU","potentialAction":[{"@type":"ReadAction","target":["https:\/\/kingimeister.ee\/tass-kallimale-you-me\/"]}]},{"@type":"ImageObject","inLanguage":"ru-RU","@id":"https:\/\/kingimeister.ee\/tass-kallimale-you-me\/#primaryimage","url":"https:\/\/i0.wp.com\/kingimeister.ee\/wp-content\/uploads\/2026\/03\/tass-kallimale-you-and-me.png?fit=625%2C625&ssl=1","contentUrl":"https:\/\/i0.wp.com\/kingimeister.ee\/wp-content\/uploads\/2026\/03\/tass-kallimale-you-and-me.png?fit=625%2C625&ssl=1","width":625,"height":625},{"@type":"BreadcrumbList","@id":"https:\/\/kingimeister.ee\/tass-kallimale-you-me\/#breadcrumb","itemListElement":[{"@type":"ListItem","position":1,"name":"Home","item":"https:\/\/kingimeister.ee\/"},{"@type":"ListItem","position":2,"name":"Kingitused","item":"https:\/\/kingimeister.ee\/kingitused\/"},{"@type":"ListItem","position":3,"name":"Tass kallimale &#8221;You &#038; Me&#8221;"}]},{"@type":"WebSite","@id":"https:\/\/kingimeister.ee\/#website","url":"https:\/\/kingimeister.ee\/","name":"Kingimeister.ee - Kingituste E-pood","description":"","publisher":{"@id":"https:\/\/kingimeister.ee\/#organization"},"potentialAction":[{"@type":"SearchAction","target":{"@type":"EntryPoint","urlTemplate":"https:\/\/kingimeister.ee\/?s={search_term_string}"},"query-input":{"@type":"PropertyValueSpecification","valueRequired":true,"valueName":"search_term_string"}}],"inLanguage":"ru-RU"},{"@type":"Organization","@id":"https:\/\/kingimeister.ee\/#organization","name":"Kingimeister.ee - Kingituste E-pood","url":"https:\/\/kingimeister.ee\/","logo":{"@type":"ImageObject","inLanguage":"ru-RU","@id":"https:\/\/kingimeister.ee\/#\/schema\/logo\/image\/","url":"https:\/\/kingimeister.ee\/wp-content\/uploads\/2026\/03\/Logo-e1773259902867.png","contentUrl":"https:\/\/kingimeister.ee\/wp-content\/uploads\/2026\/03\/Logo-e1773259902867.png","width":1443,"height":237,"caption":"Kingimeister.ee - Kingituste E-pood"},"image":{"@id":"https:\/\/kingimeister.ee\/#\/schema\/logo\/image\/"}}]}},"jetpack_sharing_enabled":true,"_links":{"self":[{"href":"https:\/\/kingimeister.ee\/ru\/wp-json\/wp\/v2\/product\/30093","targetHints":{"allow":["GET"]}}],"collection":[{"href":"https:\/\/kingimeister.ee\/ru\/wp-json\/wp\/v2\/product"}],"about":[{"href":"https:\/\/kingimeister.ee\/ru\/wp-json\/wp\/v2\/types\/product"}],"replies":[{"embeddable":true,"href":"https:\/\/kingimeister.ee\/ru\/wp-json\/wp\/v2\/comments?post=30093"}],"version-history":[{"count":1,"href":"https:\/\/kingimeister.ee\/ru\/wp-json\/wp\/v2\/product\/30093\/revisions"}],"predecessor-version":[{"id":30095,"href":"https:\/\/kingimeister.ee\/ru\/wp-json\/wp\/v2\/product\/30093\/revisions\/30095"}],"wp:featuredmedia":[{"embeddable":true,"href":"https:\/\/kingimeister.ee\/ru\/wp-json\/wp\/v2\/media\/30094"}],"wp:attachment":[{"href":"https:\/\/kingimeister.ee\/ru\/wp-json\/wp\/v2\/media?parent=30093"}],"wp:term":[{"taxonomy":"product_brand","embeddable":true,"href":"https:\/\/kingimeister.ee\/ru\/wp-json\/wp\/v2\/product_brand?post=30093"},{"taxonomy":"product_cat","embeddable":true,"href":"https:\/\/kingimeister.ee\/ru\/wp-json\/wp\/v2\/product_cat?post=30093"},{"taxonomy":"product_tag","embeddable":true,"href":"https:\/\/kingimeister.ee\/ru\/wp-json\/wp\/v2\/product_tag?post=30093"}],"curies":[{"name":"wp","href":"https:\/\/api.w.org\/{rel}","templated":true}]}}