{"id":30096,"date":"2026-03-26T08:00:05","date_gmt":"2026-03-26T06:00:05","guid":{"rendered":"https:\/\/kingimeister.ee\/?post_type=product&#038;p=30096"},"modified":"2026-03-26T08:00:07","modified_gmt":"2026-03-26T06:00:07","slug":"tass-life-begins-after-coffee","status":"publish","type":"product","link":"https:\/\/kingimeister.ee\/ru\/tass-life-begins-after-coffee\/","title":{"rendered":"Tass &#8221;Life begins after coffee&#8221;"},"content":{"rendered":"<p data-start=\"682\" data-end=\"911\">Tass &#8220;Life Begins After Coffee&#8221; on loodud t\u00f5elistele kohvis\u00f5pradele, kes teavad, et p\u00e4ev algab alles p\u00e4rast esimest lonksu kohvi. Modernne ja pilkup\u00fc\u00fcdev disain muudab selle kruusi suurep\u00e4raseks kaaslaseks nii kodus kui kontoris.<\/p>\n<p data-start=\"913\" data-end=\"1144\">See tass sobib ideaalselt kingituseks s\u00f5brale, kolleegile v\u00f5i kallimale, kes ei kujuta oma hommikut ilma kohvita ette. Minimalistlik v\u00e4limus ja humoorikas s\u00f5num teevad sellest universaalse ja praktilise kingituse igaks t\u00e4htp\u00e4evaks.<\/p>","protected":false},"excerpt":{"rendered":"<p data-start=\"682\" data-end=\"911\">Tass &#8220;Life Begins After Coffee&#8221; on loodud t\u00f5elistele kohvis\u00f5pradele, kes teavad, et p\u00e4ev algab alles p\u00e4rast esimest lonksu kohvi. Modernne ja pilkup\u00fc\u00fcdev disain muudab selle kruusi suurep\u00e4raseks kaaslaseks nii kodus kui kontoris.<\/p>\n<p data-start=\"913\" data-end=\"1144\">See tass sobib ideaalselt kingituseks s\u00f5brale, kolleegile v\u00f5i kallimale, kes ei kujuta oma hommikut ilma kohvita ette. Minimalistlik v\u00e4limus ja humoorikas s\u00f5num teevad sellest universaalse ja praktilise kingituse igaks t\u00e4htp\u00e4evaks.<\/p>","protected":false},"featured_media":30097,"comment_status":"open","ping_status":"closed","template":"","meta":[],"product_brand":[],"product_cat":[170,177,95,156,163,188,100,138,202,203,204,209,240,173,178,160,166],"product_tag":[318,317,316,82],"class_list":{"0":"post-30096","1":"product","2":"type-product","3":"status-publish","4":"has-post-thumbnail","6":"product_cat-kingitused-emale","7":"product_cat-kingitused-isale","8":"product_cat-kingitused-koju","9":"product_cat-kingitused-meestele","10":"product_cat-kingitused-naistele","11":"product_cat-kingitused-vennale","12":"product_cat-kruusid","13":"product_cat-kruusid-tassid","14":"product_cat-sobrapaeva-kingitused","15":"product_cat-sobrapaeva-kingitused-meestele","16":"product_cat-sobrapaeva-kingitused-naistele","17":"product_cat-sobrapaeva-tassid","18":"product_cat-sunnipaevakingid","19":"product_cat-tassid-emale","20":"product_cat-tassid-isale","21":"product_cat-tassid-meestele","22":"product_cat-tassid-naistele","23":"product_tag-kohvi","24":"product_tag-kohvitass","25":"product_tag-life-begins-after-coffe","26":"product_tag-tass","28":"first","29":"instock","30":"sale","31":"taxable","32":"shipping-taxable","33":"purchasable","34":"product-type-simple"},"yoast_head":"<!-- This site is optimized with the Yoast SEO Premium plugin v27.1 (Yoast SEO v27.3) - https:\/\/yoast.com\/product\/yoast-seo-premium-wordpress\/ -->\n<title>Tass &quot;Life Begins After Coffee&quot; \u2013 ideaalne kohvis\u00f5brale | Kingimeister.ee<\/title>\n<meta name=\"description\" content=\"Stiilne tass kirjaga &quot;Life Begins After Coffee&quot; on ideaalne kingitus igale kohvis\u00f5brale. Naudi hommikukohvi m\u00f5nusa s\u00f5numiga kruusist. Telli Kingimeister.ee e-poest!\" \/>\n<meta name=\"robots\" content=\"index, follow, max-snippet:-1, max-image-preview:large, max-video-preview:-1\" \/>\n<link rel=\"canonical\" href=\"https:\/\/kingimeister.ee\/ru\/tass-life-begins-after-coffee\/\" \/>\n<meta property=\"og:locale\" content=\"ru_RU\" \/>\n<meta property=\"og:type\" content=\"article\" \/>\n<meta property=\"og:title\" content=\"Tass &#039;&#039;Life begins after coffee&#039;&#039;\" \/>\n<meta property=\"og:description\" content=\"Stiilne tass kirjaga &quot;Life Begins After Coffee&quot; on ideaalne kingitus igale kohvis\u00f5brale. Naudi hommikukohvi m\u00f5nusa s\u00f5numiga kruusist. Telli Kingimeister.ee e-poest!\" \/>\n<meta property=\"og:url\" content=\"https:\/\/kingimeister.ee\/ru\/tass-life-begins-after-coffee\/\" \/>\n<meta property=\"og:site_name\" content=\"Kingimeister.ee - Kingituste E-pood\" \/>\n<meta property=\"article:modified_time\" content=\"2026-03-26T06:00:07+00:00\" \/>\n<meta property=\"og:image\" content=\"https:\/\/kingimeister.ee\/wp-content\/uploads\/2026\/03\/you-and-me-1.png\" \/>\n\t<meta property=\"og:image:width\" content=\"625\" \/>\n\t<meta property=\"og:image:height\" content=\"625\" \/>\n\t<meta property=\"og:image:type\" content=\"image\/png\" \/>\n<meta name=\"twitter:card\" content=\"summary_large_image\" \/>\n<meta name=\"twitter:label1\" content=\"\u041f\u0440\u0438\u043c\u0435\u0440\u043d\u043e\u0435 \u0432\u0440\u0435\u043c\u044f \u0434\u043b\u044f \u0447\u0442\u0435\u043d\u0438\u044f\" \/>\n\t<meta name=\"twitter:data1\" content=\"1 \u043c\u0438\u043d\u0443\u0442\u0430\" \/>\n<script type=\"application\/ld+json\" class=\"yoast-schema-graph\">{\"@context\":\"https:\\\/\\\/schema.org\",\"@graph\":[{\"@type\":\"WebPage\",\"@id\":\"https:\\\/\\\/kingimeister.ee\\\/tass-life-begins-after-coffee\\\/\",\"url\":\"https:\\\/\\\/kingimeister.ee\\\/tass-life-begins-after-coffee\\\/\",\"name\":\"Tass \\\"Life Begins After Coffee\\\" \u2013 ideaalne kohvis\u00f5brale | Kingimeister.ee\",\"isPartOf\":{\"@id\":\"https:\\\/\\\/kingimeister.ee\\\/#website\"},\"primaryImageOfPage\":{\"@id\":\"https:\\\/\\\/kingimeister.ee\\\/tass-life-begins-after-coffee\\\/#primaryimage\"},\"image\":{\"@id\":\"https:\\\/\\\/kingimeister.ee\\\/tass-life-begins-after-coffee\\\/#primaryimage\"},\"thumbnailUrl\":\"https:\\\/\\\/i0.wp.com\\\/kingimeister.ee\\\/wp-content\\\/uploads\\\/2026\\\/03\\\/you-and-me-1.png?fit=625%2C625&ssl=1\",\"datePublished\":\"2026-03-26T06:00:05+00:00\",\"dateModified\":\"2026-03-26T06:00:07+00:00\",\"description\":\"Stiilne tass kirjaga \\\"Life Begins After Coffee\\\" on ideaalne kingitus igale kohvis\u00f5brale. Naudi hommikukohvi m\u00f5nusa s\u00f5numiga kruusist. Telli Kingimeister.ee e-poest!\",\"breadcrumb\":{\"@id\":\"https:\\\/\\\/kingimeister.ee\\\/tass-life-begins-after-coffee\\\/#breadcrumb\"},\"inLanguage\":\"ru-RU\",\"potentialAction\":[{\"@type\":\"ReadAction\",\"target\":[\"https:\\\/\\\/kingimeister.ee\\\/tass-life-begins-after-coffee\\\/\"]}]},{\"@type\":\"ImageObject\",\"inLanguage\":\"ru-RU\",\"@id\":\"https:\\\/\\\/kingimeister.ee\\\/tass-life-begins-after-coffee\\\/#primaryimage\",\"url\":\"https:\\\/\\\/i0.wp.com\\\/kingimeister.ee\\\/wp-content\\\/uploads\\\/2026\\\/03\\\/you-and-me-1.png?fit=625%2C625&ssl=1\",\"contentUrl\":\"https:\\\/\\\/i0.wp.com\\\/kingimeister.ee\\\/wp-content\\\/uploads\\\/2026\\\/03\\\/you-and-me-1.png?fit=625%2C625&ssl=1\",\"width\":625,\"height\":625},{\"@type\":\"BreadcrumbList\",\"@id\":\"https:\\\/\\\/kingimeister.ee\\\/tass-life-begins-after-coffee\\\/#breadcrumb\",\"itemListElement\":[{\"@type\":\"ListItem\",\"position\":1,\"name\":\"Home\",\"item\":\"https:\\\/\\\/kingimeister.ee\\\/\"},{\"@type\":\"ListItem\",\"position\":2,\"name\":\"Kingitused\",\"item\":\"https:\\\/\\\/kingimeister.ee\\\/kingitused\\\/\"},{\"@type\":\"ListItem\",\"position\":3,\"name\":\"Tass &#8221;Life begins after coffee&#8221;\"}]},{\"@type\":\"WebSite\",\"@id\":\"https:\\\/\\\/kingimeister.ee\\\/#website\",\"url\":\"https:\\\/\\\/kingimeister.ee\\\/\",\"name\":\"Kingimeister.ee - Kingituste E-pood\",\"description\":\"\",\"publisher\":{\"@id\":\"https:\\\/\\\/kingimeister.ee\\\/#organization\"},\"potentialAction\":[{\"@type\":\"SearchAction\",\"target\":{\"@type\":\"EntryPoint\",\"urlTemplate\":\"https:\\\/\\\/kingimeister.ee\\\/?s={search_term_string}\"},\"query-input\":{\"@type\":\"PropertyValueSpecification\",\"valueRequired\":true,\"valueName\":\"search_term_string\"}}],\"inLanguage\":\"ru-RU\"},{\"@type\":\"Organization\",\"@id\":\"https:\\\/\\\/kingimeister.ee\\\/#organization\",\"name\":\"Kingimeister.ee - Kingituste E-pood\",\"url\":\"https:\\\/\\\/kingimeister.ee\\\/\",\"logo\":{\"@type\":\"ImageObject\",\"inLanguage\":\"ru-RU\",\"@id\":\"https:\\\/\\\/kingimeister.ee\\\/#\\\/schema\\\/logo\\\/image\\\/\",\"url\":\"https:\\\/\\\/kingimeister.ee\\\/wp-content\\\/uploads\\\/2026\\\/03\\\/Logo-e1773259902867.png\",\"contentUrl\":\"https:\\\/\\\/kingimeister.ee\\\/wp-content\\\/uploads\\\/2026\\\/03\\\/Logo-e1773259902867.png\",\"width\":1443,\"height\":237,\"caption\":\"Kingimeister.ee - Kingituste E-pood\"},\"image\":{\"@id\":\"https:\\\/\\\/kingimeister.ee\\\/#\\\/schema\\\/logo\\\/image\\\/\"}}]}<\/script>\n<!-- \/ Yoast SEO Premium plugin. -->","yoast_head_json":{"title":"Tass \"Life Begins After Coffee\" \u2013 ideaalne kohvis\u00f5brale | Kingimeister.ee","description":"Stiilne tass kirjaga \"Life Begins After Coffee\" on ideaalne kingitus igale kohvis\u00f5brale. Naudi hommikukohvi m\u00f5nusa s\u00f5numiga kruusist. Telli Kingimeister.ee e-poest!","robots":{"index":"index","follow":"follow","max-snippet":"max-snippet:-1","max-image-preview":"max-image-preview:large","max-video-preview":"max-video-preview:-1"},"canonical":"https:\/\/kingimeister.ee\/ru\/tass-life-begins-after-coffee\/","og_locale":"ru_RU","og_type":"article","og_title":"Tass ''Life begins after coffee''","og_description":"Stiilne tass kirjaga \"Life Begins After Coffee\" on ideaalne kingitus igale kohvis\u00f5brale. Naudi hommikukohvi m\u00f5nusa s\u00f5numiga kruusist. Telli Kingimeister.ee e-poest!","og_url":"https:\/\/kingimeister.ee\/ru\/tass-life-begins-after-coffee\/","og_site_name":"Kingimeister.ee - Kingituste E-pood","article_modified_time":"2026-03-26T06:00:07+00:00","og_image":[{"width":625,"height":625,"url":"https:\/\/kingimeister.ee\/wp-content\/uploads\/2026\/03\/you-and-me-1.png","type":"image\/png"}],"twitter_card":"summary_large_image","twitter_misc":{"\u041f\u0440\u0438\u043c\u0435\u0440\u043d\u043e\u0435 \u0432\u0440\u0435\u043c\u044f \u0434\u043b\u044f \u0447\u0442\u0435\u043d\u0438\u044f":"1 \u043c\u0438\u043d\u0443\u0442\u0430"},"schema":{"@context":"https:\/\/schema.org","@graph":[{"@type":"WebPage","@id":"https:\/\/kingimeister.ee\/tass-life-begins-after-coffee\/","url":"https:\/\/kingimeister.ee\/tass-life-begins-after-coffee\/","name":"Tass \"Life Begins After Coffee\" \u2013 ideaalne kohvis\u00f5brale | Kingimeister.ee","isPartOf":{"@id":"https:\/\/kingimeister.ee\/#website"},"primaryImageOfPage":{"@id":"https:\/\/kingimeister.ee\/tass-life-begins-after-coffee\/#primaryimage"},"image":{"@id":"https:\/\/kingimeister.ee\/tass-life-begins-after-coffee\/#primaryimage"},"thumbnailUrl":"https:\/\/i0.wp.com\/kingimeister.ee\/wp-content\/uploads\/2026\/03\/you-and-me-1.png?fit=625%2C625&ssl=1","datePublished":"2026-03-26T06:00:05+00:00","dateModified":"2026-03-26T06:00:07+00:00","description":"Stiilne tass kirjaga \"Life Begins After Coffee\" on ideaalne kingitus igale kohvis\u00f5brale. Naudi hommikukohvi m\u00f5nusa s\u00f5numiga kruusist. Telli Kingimeister.ee e-poest!","breadcrumb":{"@id":"https:\/\/kingimeister.ee\/tass-life-begins-after-coffee\/#breadcrumb"},"inLanguage":"ru-RU","potentialAction":[{"@type":"ReadAction","target":["https:\/\/kingimeister.ee\/tass-life-begins-after-coffee\/"]}]},{"@type":"ImageObject","inLanguage":"ru-RU","@id":"https:\/\/kingimeister.ee\/tass-life-begins-after-coffee\/#primaryimage","url":"https:\/\/i0.wp.com\/kingimeister.ee\/wp-content\/uploads\/2026\/03\/you-and-me-1.png?fit=625%2C625&ssl=1","contentUrl":"https:\/\/i0.wp.com\/kingimeister.ee\/wp-content\/uploads\/2026\/03\/you-and-me-1.png?fit=625%2C625&ssl=1","width":625,"height":625},{"@type":"BreadcrumbList","@id":"https:\/\/kingimeister.ee\/tass-life-begins-after-coffee\/#breadcrumb","itemListElement":[{"@type":"ListItem","position":1,"name":"Home","item":"https:\/\/kingimeister.ee\/"},{"@type":"ListItem","position":2,"name":"Kingitused","item":"https:\/\/kingimeister.ee\/kingitused\/"},{"@type":"ListItem","position":3,"name":"Tass &#8221;Life begins after coffee&#8221;"}]},{"@type":"WebSite","@id":"https:\/\/kingimeister.ee\/#website","url":"https:\/\/kingimeister.ee\/","name":"Kingimeister.ee - Kingituste E-pood","description":"","publisher":{"@id":"https:\/\/kingimeister.ee\/#organization"},"potentialAction":[{"@type":"SearchAction","target":{"@type":"EntryPoint","urlTemplate":"https:\/\/kingimeister.ee\/?s={search_term_string}"},"query-input":{"@type":"PropertyValueSpecification","valueRequired":true,"valueName":"search_term_string"}}],"inLanguage":"ru-RU"},{"@type":"Organization","@id":"https:\/\/kingimeister.ee\/#organization","name":"Kingimeister.ee - Kingituste E-pood","url":"https:\/\/kingimeister.ee\/","logo":{"@type":"ImageObject","inLanguage":"ru-RU","@id":"https:\/\/kingimeister.ee\/#\/schema\/logo\/image\/","url":"https:\/\/kingimeister.ee\/wp-content\/uploads\/2026\/03\/Logo-e1773259902867.png","contentUrl":"https:\/\/kingimeister.ee\/wp-content\/uploads\/2026\/03\/Logo-e1773259902867.png","width":1443,"height":237,"caption":"Kingimeister.ee - Kingituste E-pood"},"image":{"@id":"https:\/\/kingimeister.ee\/#\/schema\/logo\/image\/"}}]}},"jetpack_sharing_enabled":true,"_links":{"self":[{"href":"https:\/\/kingimeister.ee\/ru\/wp-json\/wp\/v2\/product\/30096","targetHints":{"allow":["GET"]}}],"collection":[{"href":"https:\/\/kingimeister.ee\/ru\/wp-json\/wp\/v2\/product"}],"about":[{"href":"https:\/\/kingimeister.ee\/ru\/wp-json\/wp\/v2\/types\/product"}],"replies":[{"embeddable":true,"href":"https:\/\/kingimeister.ee\/ru\/wp-json\/wp\/v2\/comments?post=30096"}],"version-history":[{"count":1,"href":"https:\/\/kingimeister.ee\/ru\/wp-json\/wp\/v2\/product\/30096\/revisions"}],"predecessor-version":[{"id":30098,"href":"https:\/\/kingimeister.ee\/ru\/wp-json\/wp\/v2\/product\/30096\/revisions\/30098"}],"wp:featuredmedia":[{"embeddable":true,"href":"https:\/\/kingimeister.ee\/ru\/wp-json\/wp\/v2\/media\/30097"}],"wp:attachment":[{"href":"https:\/\/kingimeister.ee\/ru\/wp-json\/wp\/v2\/media?parent=30096"}],"wp:term":[{"taxonomy":"product_brand","embeddable":true,"href":"https:\/\/kingimeister.ee\/ru\/wp-json\/wp\/v2\/product_brand?post=30096"},{"taxonomy":"product_cat","embeddable":true,"href":"https:\/\/kingimeister.ee\/ru\/wp-json\/wp\/v2\/product_cat?post=30096"},{"taxonomy":"product_tag","embeddable":true,"href":"https:\/\/kingimeister.ee\/ru\/wp-json\/wp\/v2\/product_tag?post=30096"}],"curies":[{"name":"wp","href":"https:\/\/api.w.org\/{rel}","templated":true}]}}