{"id":30269,"date":"2026-04-03T09:20:33","date_gmt":"2026-04-03T07:20:33","guid":{"rendered":"https:\/\/kingimeister.ee\/?post_type=product&#038;p=30269"},"modified":"2026-04-08T22:56:42","modified_gmt":"2026-04-08T20:56:42","slug":"mini-laua-korvapall","status":"publish","type":"product","link":"https:\/\/kingimeister.ee\/ru\/mini-laua-korvapall\/","title":{"rendered":"Mini laua korvapall"},"content":{"rendered":"<p data-start=\"0\" data-end=\"228\"><strong data-start=\"0\" data-end=\"22\">Mini laua korvpall<\/strong> on l\u00f5bus ja kaasahaarav m\u00e4nguasi, mis pakub kiiret meelelahutust nii lastele kui ka t\u00e4iskasvanutele. Kompaktne suurus v\u00f5imaldab m\u00e4ngida seda mugavalt laual, olgu kodus, kontoris v\u00f5i s\u00f5pradega ajaveetmisel.<\/p>\n<p data-start=\"230\" data-end=\"391\">M\u00e4ngu eesm\u00e4rk on lihtne \u2013 viska pall korvi ja kogu punkte! Vedruga mehhanism teeb palli viskamise p\u00f5nevaks ja arendab samal ajal t\u00e4psust ning reaktsioonikiirust.<\/p>\n<p data-start=\"393\" data-end=\"412\"><strong data-start=\"393\" data-end=\"412\">Toote omadused:<\/strong><\/p>\n<ul data-start=\"413\" data-end=\"638\">\n<li data-section-id=\"16pwyl6\" data-start=\"413\" data-end=\"449\">Kompaktne ja kaasaskantav disain<\/li>\n<li data-section-id=\"1srmjov\" data-start=\"450\" data-end=\"502\">Lihtne kasutada \u2013 sobib igas vanuses m\u00e4ngijatele<\/li>\n<li data-section-id=\"1egp776\" data-start=\"503\" data-end=\"551\">Arendab k\u00e4e-silma koordinatsiooni ja t\u00e4psust<\/li>\n<li data-section-id=\"b8x5rx\" data-start=\"552\" data-end=\"587\">Komplektis mitu v\u00e4rvilist palli<\/li>\n<li data-section-id=\"p44lvz\" data-start=\"588\" data-end=\"638\">Ideaalne kingitus v\u00f5i ajaviide igasse olukorda<\/li>\n<li data-section-id=\"p44lvz\" data-start=\"588\" data-end=\"638\">Hoiatus. Ei ole sobiv alla 36 kuu vanustele lastele.V\u00e4ikesed osad. L\u00e4mbumisoht<\/li>\n<li data-section-id=\"p44lvz\" data-start=\"588\" data-end=\"638\">Toode tuleb juhuslikus v\u00e4rvis (valge v\u00f5i sinine)<\/li>\n<\/ul>\n<p data-start=\"640\" data-end=\"721\" data-is-last-node=\"\" data-is-only-node=\"\">Mini laua korvpall on suurep\u00e4rane viis lisada p\u00e4eva natuke sportlikku elevust! \ud83c\udfc0<\/p>","protected":false},"excerpt":{"rendered":"<p data-start=\"0\" data-end=\"228\"><strong data-start=\"0\" data-end=\"22\">Mini laua korvpall<\/strong> on l\u00f5bus ja kaasahaarav m\u00e4nguasi, mis pakub kiiret meelelahutust nii lastele kui ka t\u00e4iskasvanutele. Kompaktne suurus v\u00f5imaldab m\u00e4ngida seda mugavalt laual, olgu kodus, kontoris v\u00f5i s\u00f5pradega ajaveetmisel.<\/p>\n<p data-start=\"230\" data-end=\"391\">M\u00e4ngu eesm\u00e4rk on lihtne \u2013 viska pall korvi ja kogu punkte! Vedruga mehhanism teeb palli viskamise p\u00f5nevaks ja arendab samal ajal t\u00e4psust ning reaktsioonikiirust.<\/p>\n<p data-start=\"393\" data-end=\"412\"><strong data-start=\"393\" data-end=\"412\">Toote omadused:<\/strong><\/p>\n<ul data-start=\"413\" data-end=\"638\">\n<li data-section-id=\"16pwyl6\" data-start=\"413\" data-end=\"449\">Kompaktne ja kaasaskantav disain<\/li>\n<li data-section-id=\"1srmjov\" data-start=\"450\" data-end=\"502\">Lihtne kasutada \u2013 sobib igas vanuses m\u00e4ngijatele<\/li>\n<li data-section-id=\"1egp776\" data-start=\"503\" data-end=\"551\">Arendab k\u00e4e-silma koordinatsiooni ja t\u00e4psust<\/li>\n<li data-section-id=\"b8x5rx\" data-start=\"552\" data-end=\"587\">Komplektis mitu v\u00e4rvilist palli<\/li>\n<li data-section-id=\"p44lvz\" data-start=\"588\" data-end=\"638\">Ideaalne kingitus v\u00f5i ajaviide igasse olukorda<\/li>\n<li data-section-id=\"p44lvz\" data-start=\"588\" data-end=\"638\">Hoiatus. Ei ole sobiv alla 36 kuu vanustele lastele.V\u00e4ikesed osad. L\u00e4mbumisoht<\/li>\n<li>Toode tuleb juhuslikus v\u00e4rvis (valge v\u00f5i sinine)<\/li>\n<\/ul>\n<p data-start=\"640\" data-end=\"721\" data-is-last-node=\"\" data-is-only-node=\"\">Mini laua korvpall on suurep\u00e4rane viis lisada p\u00e4eva natuke sportlikku elevust! \ud83c\udfc0<\/p>","protected":false},"featured_media":30270,"comment_status":"open","ping_status":"closed","template":"","meta":[],"product_brand":[],"product_cat":[184,105,107,109,106],"product_tag":[259,360,322,361,324,323],"class_list":{"0":"post-30269","1":"product","2":"type-product","3":"status-publish","4":"has-post-thumbnail","6":"product_cat-kingitused-lastele","7":"product_cat-manguasjad","8":"product_cat-ouemanguasjad","9":"product_cat-siseruumi-manguasjad","10":"product_cat-stressi-leevendavad-kingitused","11":"product_tag-kingitus","12":"product_tag-kingitus-lastele","13":"product_tag-korvpall","14":"product_tag-lastekingitus","15":"product_tag-lauamang","16":"product_tag-mini-korvpall","18":"first","19":"instock","20":"sale","21":"taxable","22":"shipping-taxable","23":"purchasable","24":"product-type-simple"},"yoast_head":"<!-- This site is optimized with the Yoast SEO Premium plugin v27.1 (Yoast SEO v27.3) - https:\/\/yoast.com\/product\/yoast-seo-premium-wordpress\/ -->\n<title>Mini laua korvpall \u2013 l\u00f5bus lauam\u00e4ng igas vanuses | Kingimeister.ee<\/title>\n<meta name=\"description\" content=\"Mini laua korvpall on l\u00f5bus ja kompaktne m\u00e4nguasi, mis pakub kiiret meelelahutust nii lastele kui t\u00e4iskasvanutele. Ideaalne kingitus ja ajaviide!\" \/>\n<meta name=\"robots\" content=\"index, follow, max-snippet:-1, max-image-preview:large, max-video-preview:-1\" \/>\n<link rel=\"canonical\" href=\"https:\/\/kingimeister.ee\/ru\/mini-laua-korvapall\/\" \/>\n<meta property=\"og:locale\" content=\"ru_RU\" \/>\n<meta property=\"og:type\" content=\"article\" \/>\n<meta property=\"og:title\" content=\"Mini laua korvapall\" \/>\n<meta property=\"og:description\" content=\"Mini laua korvpall on l\u00f5bus ja kompaktne m\u00e4nguasi, mis pakub kiiret meelelahutust nii lastele kui t\u00e4iskasvanutele. Ideaalne kingitus ja ajaviide!\" \/>\n<meta property=\"og:url\" content=\"https:\/\/kingimeister.ee\/ru\/mini-laua-korvapall\/\" \/>\n<meta property=\"og:site_name\" content=\"Kingimeister.ee - Kingituste E-pood\" \/>\n<meta property=\"article:modified_time\" content=\"2026-04-08T20:56:42+00:00\" \/>\n<meta property=\"og:image\" content=\"https:\/\/kingimeister.ee\/wp-content\/uploads\/2026\/04\/mini-laua-korvpall.png\" \/>\n\t<meta property=\"og:image:width\" content=\"800\" \/>\n\t<meta property=\"og:image:height\" content=\"800\" \/>\n\t<meta property=\"og:image:type\" content=\"image\/png\" \/>\n<meta name=\"twitter:card\" content=\"summary_large_image\" \/>\n<meta name=\"twitter:label1\" content=\"\u041f\u0440\u0438\u043c\u0435\u0440\u043d\u043e\u0435 \u0432\u0440\u0435\u043c\u044f \u0434\u043b\u044f \u0447\u0442\u0435\u043d\u0438\u044f\" \/>\n\t<meta name=\"twitter:data1\" content=\"1 \u043c\u0438\u043d\u0443\u0442\u0430\" \/>\n<script type=\"application\/ld+json\" class=\"yoast-schema-graph\">{\"@context\":\"https:\\\/\\\/schema.org\",\"@graph\":[{\"@type\":\"WebPage\",\"@id\":\"https:\\\/\\\/kingimeister.ee\\\/mini-laua-korvapall\\\/\",\"url\":\"https:\\\/\\\/kingimeister.ee\\\/mini-laua-korvapall\\\/\",\"name\":\"Mini laua korvpall \u2013 l\u00f5bus lauam\u00e4ng igas vanuses | Kingimeister.ee\",\"isPartOf\":{\"@id\":\"https:\\\/\\\/kingimeister.ee\\\/#website\"},\"primaryImageOfPage\":{\"@id\":\"https:\\\/\\\/kingimeister.ee\\\/mini-laua-korvapall\\\/#primaryimage\"},\"image\":{\"@id\":\"https:\\\/\\\/kingimeister.ee\\\/mini-laua-korvapall\\\/#primaryimage\"},\"thumbnailUrl\":\"https:\\\/\\\/i0.wp.com\\\/kingimeister.ee\\\/wp-content\\\/uploads\\\/2026\\\/04\\\/mini-laua-korvpall.png?fit=800%2C800&ssl=1\",\"datePublished\":\"2026-04-03T07:20:33+00:00\",\"dateModified\":\"2026-04-08T20:56:42+00:00\",\"description\":\"Mini laua korvpall on l\u00f5bus ja kompaktne m\u00e4nguasi, mis pakub kiiret meelelahutust nii lastele kui t\u00e4iskasvanutele. Ideaalne kingitus ja ajaviide!\",\"breadcrumb\":{\"@id\":\"https:\\\/\\\/kingimeister.ee\\\/mini-laua-korvapall\\\/#breadcrumb\"},\"inLanguage\":\"ru-RU\",\"potentialAction\":[{\"@type\":\"ReadAction\",\"target\":[\"https:\\\/\\\/kingimeister.ee\\\/mini-laua-korvapall\\\/\"]}]},{\"@type\":\"ImageObject\",\"inLanguage\":\"ru-RU\",\"@id\":\"https:\\\/\\\/kingimeister.ee\\\/mini-laua-korvapall\\\/#primaryimage\",\"url\":\"https:\\\/\\\/i0.wp.com\\\/kingimeister.ee\\\/wp-content\\\/uploads\\\/2026\\\/04\\\/mini-laua-korvpall.png?fit=800%2C800&ssl=1\",\"contentUrl\":\"https:\\\/\\\/i0.wp.com\\\/kingimeister.ee\\\/wp-content\\\/uploads\\\/2026\\\/04\\\/mini-laua-korvpall.png?fit=800%2C800&ssl=1\",\"width\":800,\"height\":800},{\"@type\":\"BreadcrumbList\",\"@id\":\"https:\\\/\\\/kingimeister.ee\\\/mini-laua-korvapall\\\/#breadcrumb\",\"itemListElement\":[{\"@type\":\"ListItem\",\"position\":1,\"name\":\"Home\",\"item\":\"https:\\\/\\\/kingimeister.ee\\\/\"},{\"@type\":\"ListItem\",\"position\":2,\"name\":\"Kingitused\",\"item\":\"https:\\\/\\\/kingimeister.ee\\\/kingitused\\\/\"},{\"@type\":\"ListItem\",\"position\":3,\"name\":\"Mini laua korvapall\"}]},{\"@type\":\"WebSite\",\"@id\":\"https:\\\/\\\/kingimeister.ee\\\/#website\",\"url\":\"https:\\\/\\\/kingimeister.ee\\\/\",\"name\":\"Kingimeister.ee - Kingituste E-pood\",\"description\":\"\",\"publisher\":{\"@id\":\"https:\\\/\\\/kingimeister.ee\\\/#organization\"},\"potentialAction\":[{\"@type\":\"SearchAction\",\"target\":{\"@type\":\"EntryPoint\",\"urlTemplate\":\"https:\\\/\\\/kingimeister.ee\\\/?s={search_term_string}\"},\"query-input\":{\"@type\":\"PropertyValueSpecification\",\"valueRequired\":true,\"valueName\":\"search_term_string\"}}],\"inLanguage\":\"ru-RU\"},{\"@type\":\"Organization\",\"@id\":\"https:\\\/\\\/kingimeister.ee\\\/#organization\",\"name\":\"Kingimeister.ee - Kingituste E-pood\",\"url\":\"https:\\\/\\\/kingimeister.ee\\\/\",\"logo\":{\"@type\":\"ImageObject\",\"inLanguage\":\"ru-RU\",\"@id\":\"https:\\\/\\\/kingimeister.ee\\\/#\\\/schema\\\/logo\\\/image\\\/\",\"url\":\"https:\\\/\\\/kingimeister.ee\\\/wp-content\\\/uploads\\\/2026\\\/03\\\/Logo-e1773259902867.png\",\"contentUrl\":\"https:\\\/\\\/kingimeister.ee\\\/wp-content\\\/uploads\\\/2026\\\/03\\\/Logo-e1773259902867.png\",\"width\":1443,\"height\":237,\"caption\":\"Kingimeister.ee - Kingituste E-pood\"},\"image\":{\"@id\":\"https:\\\/\\\/kingimeister.ee\\\/#\\\/schema\\\/logo\\\/image\\\/\"}}]}<\/script>\n<!-- \/ Yoast SEO Premium plugin. -->","yoast_head_json":{"title":"Mini laua korvpall \u2013 l\u00f5bus lauam\u00e4ng igas vanuses | Kingimeister.ee","description":"Mini laua korvpall on l\u00f5bus ja kompaktne m\u00e4nguasi, mis pakub kiiret meelelahutust nii lastele kui t\u00e4iskasvanutele. Ideaalne kingitus ja ajaviide!","robots":{"index":"index","follow":"follow","max-snippet":"max-snippet:-1","max-image-preview":"max-image-preview:large","max-video-preview":"max-video-preview:-1"},"canonical":"https:\/\/kingimeister.ee\/ru\/mini-laua-korvapall\/","og_locale":"ru_RU","og_type":"article","og_title":"Mini laua korvapall","og_description":"Mini laua korvpall on l\u00f5bus ja kompaktne m\u00e4nguasi, mis pakub kiiret meelelahutust nii lastele kui t\u00e4iskasvanutele. Ideaalne kingitus ja ajaviide!","og_url":"https:\/\/kingimeister.ee\/ru\/mini-laua-korvapall\/","og_site_name":"Kingimeister.ee - Kingituste E-pood","article_modified_time":"2026-04-08T20:56:42+00:00","og_image":[{"width":800,"height":800,"url":"https:\/\/kingimeister.ee\/wp-content\/uploads\/2026\/04\/mini-laua-korvpall.png","type":"image\/png"}],"twitter_card":"summary_large_image","twitter_misc":{"\u041f\u0440\u0438\u043c\u0435\u0440\u043d\u043e\u0435 \u0432\u0440\u0435\u043c\u044f \u0434\u043b\u044f \u0447\u0442\u0435\u043d\u0438\u044f":"1 \u043c\u0438\u043d\u0443\u0442\u0430"},"schema":{"@context":"https:\/\/schema.org","@graph":[{"@type":"WebPage","@id":"https:\/\/kingimeister.ee\/mini-laua-korvapall\/","url":"https:\/\/kingimeister.ee\/mini-laua-korvapall\/","name":"Mini laua korvpall \u2013 l\u00f5bus lauam\u00e4ng igas vanuses | Kingimeister.ee","isPartOf":{"@id":"https:\/\/kingimeister.ee\/#website"},"primaryImageOfPage":{"@id":"https:\/\/kingimeister.ee\/mini-laua-korvapall\/#primaryimage"},"image":{"@id":"https:\/\/kingimeister.ee\/mini-laua-korvapall\/#primaryimage"},"thumbnailUrl":"https:\/\/i0.wp.com\/kingimeister.ee\/wp-content\/uploads\/2026\/04\/mini-laua-korvpall.png?fit=800%2C800&ssl=1","datePublished":"2026-04-03T07:20:33+00:00","dateModified":"2026-04-08T20:56:42+00:00","description":"Mini laua korvpall on l\u00f5bus ja kompaktne m\u00e4nguasi, mis pakub kiiret meelelahutust nii lastele kui t\u00e4iskasvanutele. Ideaalne kingitus ja ajaviide!","breadcrumb":{"@id":"https:\/\/kingimeister.ee\/mini-laua-korvapall\/#breadcrumb"},"inLanguage":"ru-RU","potentialAction":[{"@type":"ReadAction","target":["https:\/\/kingimeister.ee\/mini-laua-korvapall\/"]}]},{"@type":"ImageObject","inLanguage":"ru-RU","@id":"https:\/\/kingimeister.ee\/mini-laua-korvapall\/#primaryimage","url":"https:\/\/i0.wp.com\/kingimeister.ee\/wp-content\/uploads\/2026\/04\/mini-laua-korvpall.png?fit=800%2C800&ssl=1","contentUrl":"https:\/\/i0.wp.com\/kingimeister.ee\/wp-content\/uploads\/2026\/04\/mini-laua-korvpall.png?fit=800%2C800&ssl=1","width":800,"height":800},{"@type":"BreadcrumbList","@id":"https:\/\/kingimeister.ee\/mini-laua-korvapall\/#breadcrumb","itemListElement":[{"@type":"ListItem","position":1,"name":"Home","item":"https:\/\/kingimeister.ee\/"},{"@type":"ListItem","position":2,"name":"Kingitused","item":"https:\/\/kingimeister.ee\/kingitused\/"},{"@type":"ListItem","position":3,"name":"Mini laua korvapall"}]},{"@type":"WebSite","@id":"https:\/\/kingimeister.ee\/#website","url":"https:\/\/kingimeister.ee\/","name":"Kingimeister.ee - Kingituste E-pood","description":"","publisher":{"@id":"https:\/\/kingimeister.ee\/#organization"},"potentialAction":[{"@type":"SearchAction","target":{"@type":"EntryPoint","urlTemplate":"https:\/\/kingimeister.ee\/?s={search_term_string}"},"query-input":{"@type":"PropertyValueSpecification","valueRequired":true,"valueName":"search_term_string"}}],"inLanguage":"ru-RU"},{"@type":"Organization","@id":"https:\/\/kingimeister.ee\/#organization","name":"Kingimeister.ee - Kingituste E-pood","url":"https:\/\/kingimeister.ee\/","logo":{"@type":"ImageObject","inLanguage":"ru-RU","@id":"https:\/\/kingimeister.ee\/#\/schema\/logo\/image\/","url":"https:\/\/kingimeister.ee\/wp-content\/uploads\/2026\/03\/Logo-e1773259902867.png","contentUrl":"https:\/\/kingimeister.ee\/wp-content\/uploads\/2026\/03\/Logo-e1773259902867.png","width":1443,"height":237,"caption":"Kingimeister.ee - Kingituste E-pood"},"image":{"@id":"https:\/\/kingimeister.ee\/#\/schema\/logo\/image\/"}}]}},"jetpack_sharing_enabled":true,"_links":{"self":[{"href":"https:\/\/kingimeister.ee\/ru\/wp-json\/wp\/v2\/product\/30269","targetHints":{"allow":["GET"]}}],"collection":[{"href":"https:\/\/kingimeister.ee\/ru\/wp-json\/wp\/v2\/product"}],"about":[{"href":"https:\/\/kingimeister.ee\/ru\/wp-json\/wp\/v2\/types\/product"}],"replies":[{"embeddable":true,"href":"https:\/\/kingimeister.ee\/ru\/wp-json\/wp\/v2\/comments?post=30269"}],"version-history":[{"count":2,"href":"https:\/\/kingimeister.ee\/ru\/wp-json\/wp\/v2\/product\/30269\/revisions"}],"predecessor-version":[{"id":30274,"href":"https:\/\/kingimeister.ee\/ru\/wp-json\/wp\/v2\/product\/30269\/revisions\/30274"}],"wp:featuredmedia":[{"embeddable":true,"href":"https:\/\/kingimeister.ee\/ru\/wp-json\/wp\/v2\/media\/30270"}],"wp:attachment":[{"href":"https:\/\/kingimeister.ee\/ru\/wp-json\/wp\/v2\/media?parent=30269"}],"wp:term":[{"taxonomy":"product_brand","embeddable":true,"href":"https:\/\/kingimeister.ee\/ru\/wp-json\/wp\/v2\/product_brand?post=30269"},{"taxonomy":"product_cat","embeddable":true,"href":"https:\/\/kingimeister.ee\/ru\/wp-json\/wp\/v2\/product_cat?post=30269"},{"taxonomy":"product_tag","embeddable":true,"href":"https:\/\/kingimeister.ee\/ru\/wp-json\/wp\/v2\/product_tag?post=30269"}],"curies":[{"name":"wp","href":"https:\/\/api.w.org\/{rel}","templated":true}]}}