{"id":30275,"date":"2026-04-03T09:30:40","date_gmt":"2026-04-03T07:30:40","guid":{"rendered":"https:\/\/kingimeister.ee\/?post_type=product&#038;p=30275"},"modified":"2026-04-08T22:58:05","modified_gmt":"2026-04-08T20:58:05","slug":"mini-jalgpalli-laburundimang","status":"publish","type":"product","link":"https:\/\/kingimeister.ee\/ru\/mini-jalgpalli-laburundimang\/","title":{"rendered":"Mini jalgpalli labur\u00fcndim\u00e4ng"},"content":{"rendered":"<p data-start=\"0\" data-end=\"273\"><strong data-start=\"0\" data-end=\"32\">Mini jalgpalli lab\u00fcrindim\u00e4ng<\/strong> on p\u00f5nev ja osavust arendav m\u00e4nguasi, mis pakub meelelahutust igas vanuses m\u00e4ngijatele. M\u00e4ngu eesm\u00e4rk on juhtida pall osavalt l\u00e4bi takistusterohke lab\u00fcrindi ning viia see v\u00e4ravasse \u2013 see n\u00f5uab t\u00e4psust, kannatlikkust ja head koordinatsiooni.<\/p>\n<p data-start=\"275\" data-end=\"451\">Kompaktne ja kaasaskantav disain teeb sellest ideaalse ajaviite nii kodus, reisil kui ka kontoris. Lihtne, kuid kaasahaarav m\u00e4ng pakub r\u00f5\u00f5mu nii lastele kui ka t\u00e4iskasvanutele.<\/p>\n<p data-start=\"453\" data-end=\"472\"><strong data-start=\"453\" data-end=\"472\">Toote omadused:<\/strong><\/p>\n<ul data-start=\"473\" data-end=\"710\" data-is-last-node=\"\" data-is-only-node=\"\">\n<li data-section-id=\"139j9q6\" data-start=\"473\" data-end=\"531\">Arendab k\u00e4e-silma koordinatsiooni ja keskendumisv\u00f5imet<\/li>\n<li data-section-id=\"dvhvw\" data-start=\"532\" data-end=\"567\">Kompaktne ja mugav kaasas kanda<\/li>\n<li data-section-id=\"vx9pg6\" data-start=\"568\" data-end=\"619\">Lihtne, kuid v\u00e4ljakutseid pakkuv m\u00e4ngumehhanism<\/li>\n<li data-section-id=\"10eg9c5\" data-start=\"620\" data-end=\"661\">Sobib nii lastele kui t\u00e4iskasvanutele<\/li>\n<li data-section-id=\"uyarlg\" data-start=\"662\" data-end=\"710\" data-is-last-node=\"\">Ideaalne kingitus v\u00f5i ajaviide igaks p\u00e4evaks \u26bd<\/li>\n<\/ul>","protected":false},"excerpt":{"rendered":"<p data-start=\"0\" data-end=\"273\"><strong data-start=\"0\" data-end=\"32\">Mini jalgpalli lab\u00fcrindim\u00e4ng<\/strong> on p\u00f5nev ja osavust arendav m\u00e4nguasi, mis pakub meelelahutust igas vanuses m\u00e4ngijatele. M\u00e4ngu eesm\u00e4rk on juhtida pall osavalt l\u00e4bi takistusterohke lab\u00fcrindi ning viia see v\u00e4ravasse \u2013 see n\u00f5uab t\u00e4psust, kannatlikkust ja head koordinatsiooni.<\/p>\n<p data-start=\"275\" data-end=\"451\">Kompaktne ja kaasaskantav disain teeb sellest ideaalse ajaviite nii kodus, reisil kui ka kontoris. Lihtne, kuid kaasahaarav m\u00e4ng pakub r\u00f5\u00f5mu nii lastele kui ka t\u00e4iskasvanutele.<\/p>\n<p data-start=\"453\" data-end=\"472\"><strong data-start=\"453\" data-end=\"472\">Toote omadused:<\/strong><\/p>\n<ul data-start=\"473\" data-end=\"710\" data-is-last-node=\"\" data-is-only-node=\"\">\n<li data-section-id=\"139j9q6\" data-start=\"473\" data-end=\"531\">Arendab k\u00e4e-silma koordinatsiooni ja keskendumisv\u00f5imet<\/li>\n<li data-section-id=\"dvhvw\" data-start=\"532\" data-end=\"567\">Kompaktne ja mugav kaasas kanda<\/li>\n<li data-section-id=\"vx9pg6\" data-start=\"568\" data-end=\"619\">Lihtne, kuid v\u00e4ljakutseid pakkuv m\u00e4ngumehhanism<\/li>\n<li data-section-id=\"10eg9c5\" data-start=\"620\" data-end=\"661\">Sobib nii lastele kui t\u00e4iskasvanutele<\/li>\n<li data-section-id=\"uyarlg\" data-start=\"662\" data-end=\"710\" data-is-last-node=\"\">Ideaalne kingitus v\u00f5i ajaviide igaks p\u00e4evaks \u26bd<\/li>\n<\/ul>","protected":false},"featured_media":30276,"comment_status":"open","ping_status":"closed","template":"","meta":[],"product_brand":[],"product_cat":[184,105,107,109,106],"product_tag":[325,360,326,362,327],"class_list":{"0":"post-30275","1":"product","2":"type-product","3":"status-publish","4":"has-post-thumbnail","6":"product_cat-kingitused-lastele","7":"product_cat-manguasjad","8":"product_cat-ouemanguasjad","9":"product_cat-siseruumi-manguasjad","10":"product_cat-stressi-leevendavad-kingitused","11":"product_tag-jalgpall","12":"product_tag-kingitus-lastele","13":"product_tag-laburunt","14":"product_tag-laste-kingitus","15":"product_tag-manguasi","17":"first","18":"instock","19":"sale","20":"taxable","21":"shipping-taxable","22":"purchasable","23":"product-type-simple"},"yoast_head":"<!-- This site is optimized with the Yoast SEO Premium plugin v27.1 (Yoast SEO v27.3) - https:\/\/yoast.com\/product\/yoast-seo-premium-wordpress\/ -->\n<title>Mini jalgpalli lab\u00fcrindim\u00e4ng \u2013 osavusm\u00e4ng igas vanuses | Kingimeister.ee<\/title>\n<meta name=\"description\" content=\"Mini jalgpalli lab\u00fcrindim\u00e4ng on l\u00f5bus ja arendav osavusm\u00e4ng, kus juhid palli l\u00e4bi lab\u00fcrindi v\u00e4ravasse. Ideaalne ajaviide nii lastele kui t\u00e4iskasvanutele!\" \/>\n<meta name=\"robots\" content=\"index, follow, max-snippet:-1, max-image-preview:large, max-video-preview:-1\" \/>\n<link rel=\"canonical\" href=\"https:\/\/kingimeister.ee\/ru\/mini-jalgpalli-laburundimang\/\" \/>\n<meta property=\"og:locale\" content=\"ru_RU\" \/>\n<meta property=\"og:type\" content=\"article\" \/>\n<meta property=\"og:title\" content=\"Mini jalgpalli labur\u00fcndim\u00e4ng\" \/>\n<meta property=\"og:description\" content=\"Mini jalgpalli lab\u00fcrindim\u00e4ng on l\u00f5bus ja arendav osavusm\u00e4ng, kus juhid palli l\u00e4bi lab\u00fcrindi v\u00e4ravasse. Ideaalne ajaviide nii lastele kui t\u00e4iskasvanutele!\" \/>\n<meta property=\"og:url\" content=\"https:\/\/kingimeister.ee\/ru\/mini-jalgpalli-laburundimang\/\" \/>\n<meta property=\"og:site_name\" content=\"Kingimeister.ee - Kingituste E-pood\" \/>\n<meta property=\"article:modified_time\" content=\"2026-04-08T20:58:05+00:00\" \/>\n<meta property=\"og:image\" content=\"https:\/\/kingimeister.ee\/wp-content\/uploads\/2026\/04\/Mini-laburindimang-jalgpall.png\" \/>\n\t<meta property=\"og:image:width\" content=\"800\" \/>\n\t<meta property=\"og:image:height\" content=\"800\" \/>\n\t<meta property=\"og:image:type\" content=\"image\/png\" \/>\n<meta name=\"twitter:card\" content=\"summary_large_image\" \/>\n<meta name=\"twitter:label1\" content=\"\u041f\u0440\u0438\u043c\u0435\u0440\u043d\u043e\u0435 \u0432\u0440\u0435\u043c\u044f \u0434\u043b\u044f \u0447\u0442\u0435\u043d\u0438\u044f\" \/>\n\t<meta name=\"twitter:data1\" content=\"1 \u043c\u0438\u043d\u0443\u0442\u0430\" \/>\n<script type=\"application\/ld+json\" class=\"yoast-schema-graph\">{\"@context\":\"https:\\\/\\\/schema.org\",\"@graph\":[{\"@type\":\"WebPage\",\"@id\":\"https:\\\/\\\/kingimeister.ee\\\/mini-jalgpalli-laburundimang\\\/\",\"url\":\"https:\\\/\\\/kingimeister.ee\\\/mini-jalgpalli-laburundimang\\\/\",\"name\":\"Mini jalgpalli lab\u00fcrindim\u00e4ng \u2013 osavusm\u00e4ng igas vanuses | Kingimeister.ee\",\"isPartOf\":{\"@id\":\"https:\\\/\\\/kingimeister.ee\\\/#website\"},\"primaryImageOfPage\":{\"@id\":\"https:\\\/\\\/kingimeister.ee\\\/mini-jalgpalli-laburundimang\\\/#primaryimage\"},\"image\":{\"@id\":\"https:\\\/\\\/kingimeister.ee\\\/mini-jalgpalli-laburundimang\\\/#primaryimage\"},\"thumbnailUrl\":\"https:\\\/\\\/i0.wp.com\\\/kingimeister.ee\\\/wp-content\\\/uploads\\\/2026\\\/04\\\/Mini-laburindimang-jalgpall.png?fit=800%2C800&ssl=1\",\"datePublished\":\"2026-04-03T07:30:40+00:00\",\"dateModified\":\"2026-04-08T20:58:05+00:00\",\"description\":\"Mini jalgpalli lab\u00fcrindim\u00e4ng on l\u00f5bus ja arendav osavusm\u00e4ng, kus juhid palli l\u00e4bi lab\u00fcrindi v\u00e4ravasse. Ideaalne ajaviide nii lastele kui t\u00e4iskasvanutele!\",\"breadcrumb\":{\"@id\":\"https:\\\/\\\/kingimeister.ee\\\/mini-jalgpalli-laburundimang\\\/#breadcrumb\"},\"inLanguage\":\"ru-RU\",\"potentialAction\":[{\"@type\":\"ReadAction\",\"target\":[\"https:\\\/\\\/kingimeister.ee\\\/mini-jalgpalli-laburundimang\\\/\"]}]},{\"@type\":\"ImageObject\",\"inLanguage\":\"ru-RU\",\"@id\":\"https:\\\/\\\/kingimeister.ee\\\/mini-jalgpalli-laburundimang\\\/#primaryimage\",\"url\":\"https:\\\/\\\/i0.wp.com\\\/kingimeister.ee\\\/wp-content\\\/uploads\\\/2026\\\/04\\\/Mini-laburindimang-jalgpall.png?fit=800%2C800&ssl=1\",\"contentUrl\":\"https:\\\/\\\/i0.wp.com\\\/kingimeister.ee\\\/wp-content\\\/uploads\\\/2026\\\/04\\\/Mini-laburindimang-jalgpall.png?fit=800%2C800&ssl=1\",\"width\":800,\"height\":800},{\"@type\":\"BreadcrumbList\",\"@id\":\"https:\\\/\\\/kingimeister.ee\\\/mini-jalgpalli-laburundimang\\\/#breadcrumb\",\"itemListElement\":[{\"@type\":\"ListItem\",\"position\":1,\"name\":\"Home\",\"item\":\"https:\\\/\\\/kingimeister.ee\\\/\"},{\"@type\":\"ListItem\",\"position\":2,\"name\":\"Kingitused\",\"item\":\"https:\\\/\\\/kingimeister.ee\\\/kingitused\\\/\"},{\"@type\":\"ListItem\",\"position\":3,\"name\":\"Mini jalgpalli labur\u00fcndim\u00e4ng\"}]},{\"@type\":\"WebSite\",\"@id\":\"https:\\\/\\\/kingimeister.ee\\\/#website\",\"url\":\"https:\\\/\\\/kingimeister.ee\\\/\",\"name\":\"Kingimeister.ee - Kingituste E-pood\",\"description\":\"\",\"publisher\":{\"@id\":\"https:\\\/\\\/kingimeister.ee\\\/#organization\"},\"potentialAction\":[{\"@type\":\"SearchAction\",\"target\":{\"@type\":\"EntryPoint\",\"urlTemplate\":\"https:\\\/\\\/kingimeister.ee\\\/?s={search_term_string}\"},\"query-input\":{\"@type\":\"PropertyValueSpecification\",\"valueRequired\":true,\"valueName\":\"search_term_string\"}}],\"inLanguage\":\"ru-RU\"},{\"@type\":\"Organization\",\"@id\":\"https:\\\/\\\/kingimeister.ee\\\/#organization\",\"name\":\"Kingimeister.ee - Kingituste E-pood\",\"url\":\"https:\\\/\\\/kingimeister.ee\\\/\",\"logo\":{\"@type\":\"ImageObject\",\"inLanguage\":\"ru-RU\",\"@id\":\"https:\\\/\\\/kingimeister.ee\\\/#\\\/schema\\\/logo\\\/image\\\/\",\"url\":\"https:\\\/\\\/kingimeister.ee\\\/wp-content\\\/uploads\\\/2026\\\/03\\\/Logo-e1773259902867.png\",\"contentUrl\":\"https:\\\/\\\/kingimeister.ee\\\/wp-content\\\/uploads\\\/2026\\\/03\\\/Logo-e1773259902867.png\",\"width\":1443,\"height\":237,\"caption\":\"Kingimeister.ee - Kingituste E-pood\"},\"image\":{\"@id\":\"https:\\\/\\\/kingimeister.ee\\\/#\\\/schema\\\/logo\\\/image\\\/\"}}]}<\/script>\n<!-- \/ Yoast SEO Premium plugin. -->","yoast_head_json":{"title":"Mini jalgpalli lab\u00fcrindim\u00e4ng \u2013 osavusm\u00e4ng igas vanuses | Kingimeister.ee","description":"Mini jalgpalli lab\u00fcrindim\u00e4ng on l\u00f5bus ja arendav osavusm\u00e4ng, kus juhid palli l\u00e4bi lab\u00fcrindi v\u00e4ravasse. Ideaalne ajaviide nii lastele kui t\u00e4iskasvanutele!","robots":{"index":"index","follow":"follow","max-snippet":"max-snippet:-1","max-image-preview":"max-image-preview:large","max-video-preview":"max-video-preview:-1"},"canonical":"https:\/\/kingimeister.ee\/ru\/mini-jalgpalli-laburundimang\/","og_locale":"ru_RU","og_type":"article","og_title":"Mini jalgpalli labur\u00fcndim\u00e4ng","og_description":"Mini jalgpalli lab\u00fcrindim\u00e4ng on l\u00f5bus ja arendav osavusm\u00e4ng, kus juhid palli l\u00e4bi lab\u00fcrindi v\u00e4ravasse. Ideaalne ajaviide nii lastele kui t\u00e4iskasvanutele!","og_url":"https:\/\/kingimeister.ee\/ru\/mini-jalgpalli-laburundimang\/","og_site_name":"Kingimeister.ee - Kingituste E-pood","article_modified_time":"2026-04-08T20:58:05+00:00","og_image":[{"width":800,"height":800,"url":"https:\/\/kingimeister.ee\/wp-content\/uploads\/2026\/04\/Mini-laburindimang-jalgpall.png","type":"image\/png"}],"twitter_card":"summary_large_image","twitter_misc":{"\u041f\u0440\u0438\u043c\u0435\u0440\u043d\u043e\u0435 \u0432\u0440\u0435\u043c\u044f \u0434\u043b\u044f \u0447\u0442\u0435\u043d\u0438\u044f":"1 \u043c\u0438\u043d\u0443\u0442\u0430"},"schema":{"@context":"https:\/\/schema.org","@graph":[{"@type":"WebPage","@id":"https:\/\/kingimeister.ee\/mini-jalgpalli-laburundimang\/","url":"https:\/\/kingimeister.ee\/mini-jalgpalli-laburundimang\/","name":"Mini jalgpalli lab\u00fcrindim\u00e4ng \u2013 osavusm\u00e4ng igas vanuses | Kingimeister.ee","isPartOf":{"@id":"https:\/\/kingimeister.ee\/#website"},"primaryImageOfPage":{"@id":"https:\/\/kingimeister.ee\/mini-jalgpalli-laburundimang\/#primaryimage"},"image":{"@id":"https:\/\/kingimeister.ee\/mini-jalgpalli-laburundimang\/#primaryimage"},"thumbnailUrl":"https:\/\/i0.wp.com\/kingimeister.ee\/wp-content\/uploads\/2026\/04\/Mini-laburindimang-jalgpall.png?fit=800%2C800&ssl=1","datePublished":"2026-04-03T07:30:40+00:00","dateModified":"2026-04-08T20:58:05+00:00","description":"Mini jalgpalli lab\u00fcrindim\u00e4ng on l\u00f5bus ja arendav osavusm\u00e4ng, kus juhid palli l\u00e4bi lab\u00fcrindi v\u00e4ravasse. Ideaalne ajaviide nii lastele kui t\u00e4iskasvanutele!","breadcrumb":{"@id":"https:\/\/kingimeister.ee\/mini-jalgpalli-laburundimang\/#breadcrumb"},"inLanguage":"ru-RU","potentialAction":[{"@type":"ReadAction","target":["https:\/\/kingimeister.ee\/mini-jalgpalli-laburundimang\/"]}]},{"@type":"ImageObject","inLanguage":"ru-RU","@id":"https:\/\/kingimeister.ee\/mini-jalgpalli-laburundimang\/#primaryimage","url":"https:\/\/i0.wp.com\/kingimeister.ee\/wp-content\/uploads\/2026\/04\/Mini-laburindimang-jalgpall.png?fit=800%2C800&ssl=1","contentUrl":"https:\/\/i0.wp.com\/kingimeister.ee\/wp-content\/uploads\/2026\/04\/Mini-laburindimang-jalgpall.png?fit=800%2C800&ssl=1","width":800,"height":800},{"@type":"BreadcrumbList","@id":"https:\/\/kingimeister.ee\/mini-jalgpalli-laburundimang\/#breadcrumb","itemListElement":[{"@type":"ListItem","position":1,"name":"Home","item":"https:\/\/kingimeister.ee\/"},{"@type":"ListItem","position":2,"name":"Kingitused","item":"https:\/\/kingimeister.ee\/kingitused\/"},{"@type":"ListItem","position":3,"name":"Mini jalgpalli labur\u00fcndim\u00e4ng"}]},{"@type":"WebSite","@id":"https:\/\/kingimeister.ee\/#website","url":"https:\/\/kingimeister.ee\/","name":"Kingimeister.ee - Kingituste E-pood","description":"","publisher":{"@id":"https:\/\/kingimeister.ee\/#organization"},"potentialAction":[{"@type":"SearchAction","target":{"@type":"EntryPoint","urlTemplate":"https:\/\/kingimeister.ee\/?s={search_term_string}"},"query-input":{"@type":"PropertyValueSpecification","valueRequired":true,"valueName":"search_term_string"}}],"inLanguage":"ru-RU"},{"@type":"Organization","@id":"https:\/\/kingimeister.ee\/#organization","name":"Kingimeister.ee - Kingituste E-pood","url":"https:\/\/kingimeister.ee\/","logo":{"@type":"ImageObject","inLanguage":"ru-RU","@id":"https:\/\/kingimeister.ee\/#\/schema\/logo\/image\/","url":"https:\/\/kingimeister.ee\/wp-content\/uploads\/2026\/03\/Logo-e1773259902867.png","contentUrl":"https:\/\/kingimeister.ee\/wp-content\/uploads\/2026\/03\/Logo-e1773259902867.png","width":1443,"height":237,"caption":"Kingimeister.ee - Kingituste E-pood"},"image":{"@id":"https:\/\/kingimeister.ee\/#\/schema\/logo\/image\/"}}]}},"jetpack_sharing_enabled":true,"_links":{"self":[{"href":"https:\/\/kingimeister.ee\/ru\/wp-json\/wp\/v2\/product\/30275","targetHints":{"allow":["GET"]}}],"collection":[{"href":"https:\/\/kingimeister.ee\/ru\/wp-json\/wp\/v2\/product"}],"about":[{"href":"https:\/\/kingimeister.ee\/ru\/wp-json\/wp\/v2\/types\/product"}],"replies":[{"embeddable":true,"href":"https:\/\/kingimeister.ee\/ru\/wp-json\/wp\/v2\/comments?post=30275"}],"version-history":[{"count":1,"href":"https:\/\/kingimeister.ee\/ru\/wp-json\/wp\/v2\/product\/30275\/revisions"}],"predecessor-version":[{"id":30278,"href":"https:\/\/kingimeister.ee\/ru\/wp-json\/wp\/v2\/product\/30275\/revisions\/30278"}],"wp:featuredmedia":[{"embeddable":true,"href":"https:\/\/kingimeister.ee\/ru\/wp-json\/wp\/v2\/media\/30276"}],"wp:attachment":[{"href":"https:\/\/kingimeister.ee\/ru\/wp-json\/wp\/v2\/media?parent=30275"}],"wp:term":[{"taxonomy":"product_brand","embeddable":true,"href":"https:\/\/kingimeister.ee\/ru\/wp-json\/wp\/v2\/product_brand?post=30275"},{"taxonomy":"product_cat","embeddable":true,"href":"https:\/\/kingimeister.ee\/ru\/wp-json\/wp\/v2\/product_cat?post=30275"},{"taxonomy":"product_tag","embeddable":true,"href":"https:\/\/kingimeister.ee\/ru\/wp-json\/wp\/v2\/product_tag?post=30275"}],"curies":[{"name":"wp","href":"https:\/\/api.w.org\/{rel}","templated":true}]}}