{"id":30283,"date":"2026-04-03T09:45:17","date_gmt":"2026-04-03T07:45:17","guid":{"rendered":"https:\/\/kingimeister.ee\/?post_type=product&#038;p=30283"},"modified":"2026-04-08T22:57:36","modified_gmt":"2026-04-08T20:57:36","slug":"moistatus-ja-osavusmang-8-osaline","status":"publish","type":"product","link":"https:\/\/kingimeister.ee\/ru\/moistatus-ja-osavusmang-8-osaline\/","title":{"rendered":"M\u00f5istatus- ja osavusm\u00e4ng 8 osaline"},"content":{"rendered":"<p data-start=\"0\" data-end=\"258\"><strong data-start=\"0\" data-end=\"38\">M\u00f5istatus- ja osavusm\u00e4ng 8-osaline<\/strong> on nutikas ja meelt lahutav m\u00e4ngukomplekt, mis paneb proovile sinu loogika, kannatlikkuse ja osavuse. Komplekti kuulub kaheksa erinevat m\u00f5istatust, millest iga\u00fcks pakub ainulaadset v\u00e4ljakutset ning hoiab aju aktiivsena.<\/p>\n<p data-start=\"260\" data-end=\"454\">See m\u00e4ng sobib suurep\u00e4raselt nii lastele kui t\u00e4iskasvanutele, pakkudes arendavat ajaviidet nii \u00fcksi kui ka s\u00f5pradega. Kompaktne suurus v\u00f5imaldab m\u00e4ngu h\u00f5lpsasti kaasa v\u00f5tta ja m\u00e4ngida igal ajal.<\/p>\n<p data-start=\"456\" data-end=\"475\"><strong data-start=\"456\" data-end=\"475\">Toote omadused:<\/strong><\/p>\n<ul data-start=\"476\" data-end=\"709\" data-is-last-node=\"\" data-is-only-node=\"\">\n<li data-section-id=\"1jpe7pc\" data-start=\"476\" data-end=\"517\">8 erinevat m\u00f5istatust \u00fches komplektis<\/li>\n<li data-section-id=\"1qonahg\" data-start=\"518\" data-end=\"576\">Arendab loogilist m\u00f5tlemist ja probleemilahendusoskust<\/li>\n<li data-section-id=\"1ninibx\" data-start=\"577\" data-end=\"624\">Parandab keskendumisv\u00f5imet ja kannatlikkust<\/li>\n<li data-section-id=\"10eg9c5\" data-start=\"625\" data-end=\"666\">Sobib nii lastele kui t\u00e4iskasvanutele<\/li>\n<li data-section-id=\"11p2g1\" data-start=\"667\" data-end=\"709\" data-is-last-node=\"\">Ideaalne kingitus nutikaks ajaviiteks \ud83e\udde9<\/li>\n<\/ul>","protected":false},"excerpt":{"rendered":"<p data-start=\"0\" data-end=\"258\"><strong data-start=\"0\" data-end=\"38\">M\u00f5istatus- ja osavusm\u00e4ng 8-osaline<\/strong> on nutikas ja meelt lahutav m\u00e4ngukomplekt, mis paneb proovile sinu loogika, kannatlikkuse ja osavuse. Komplekti kuulub kaheksa erinevat m\u00f5istatust, millest iga\u00fcks pakub ainulaadset v\u00e4ljakutset ning hoiab aju aktiivsena.<\/p>\n<p data-start=\"260\" data-end=\"454\">See m\u00e4ng sobib suurep\u00e4raselt nii lastele kui t\u00e4iskasvanutele, pakkudes arendavat ajaviidet nii \u00fcksi kui ka s\u00f5pradega. Kompaktne suurus v\u00f5imaldab m\u00e4ngu h\u00f5lpsasti kaasa v\u00f5tta ja m\u00e4ngida igal ajal.<\/p>\n<p data-start=\"456\" data-end=\"475\"><strong data-start=\"456\" data-end=\"475\">Toote omadused:<\/strong><\/p>\n<ul data-start=\"476\" data-end=\"709\" data-is-last-node=\"\" data-is-only-node=\"\">\n<li data-section-id=\"1jpe7pc\" data-start=\"476\" data-end=\"517\">8 erinevat m\u00f5istatust \u00fches komplektis<\/li>\n<li data-section-id=\"1qonahg\" data-start=\"518\" data-end=\"576\">Arendab loogilist m\u00f5tlemist ja probleemilahendusoskust<\/li>\n<li data-section-id=\"1ninibx\" data-start=\"577\" data-end=\"624\">Parandab keskendumisv\u00f5imet ja kannatlikkust<\/li>\n<li data-section-id=\"10eg9c5\" data-start=\"625\" data-end=\"666\">Sobib nii lastele kui t\u00e4iskasvanutele<\/li>\n<li data-section-id=\"11p2g1\" data-start=\"667\" data-end=\"709\" data-is-last-node=\"\">Ideaalne kingitus nutikaks ajaviiteks \ud83e\udde9<\/li>\n<\/ul>","protected":false},"featured_media":30284,"comment_status":"open","ping_status":"closed","template":"","meta":[],"product_brand":[],"product_cat":[184,131,105,107,125,109,106],"product_tag":[360,333,332,330,331],"class_list":{"0":"post-30283","1":"product","2":"type-product","3":"status-publish","4":"has-post-thumbnail","6":"product_cat-kingitused-lastele","7":"product_cat-kostuumid-ja-aksessuaarid","8":"product_cat-manguasjad","9":"product_cat-ouemanguasjad","10":"product_cat-peomangud","11":"product_cat-siseruumi-manguasjad","12":"product_cat-stressi-leevendavad-kingitused","13":"product_tag-kingitus-lastele","14":"product_tag-magic-game","15":"product_tag-mang","16":"product_tag-moistatus","17":"product_tag-osavus","19":"first","20":"instock","21":"sale","22":"taxable","23":"shipping-taxable","24":"purchasable","25":"product-type-simple"},"yoast_head":"<!-- This site is optimized with the Yoast SEO Premium plugin v27.1 (Yoast SEO v27.3) - https:\/\/yoast.com\/product\/yoast-seo-premium-wordpress\/ -->\n<title>M\u00f5istatus- ja osavusm\u00e4ng 8-osaline \u2013 nutikas ajaviide | Kingimeister.ee<\/title>\n<meta name=\"description\" content=\"M\u00f5istatus- ja osavusm\u00e4ng 8-osaline pakub mitmekesist ja arendavat ajaviidet. Pane proovile oma loogika ja osavus \u2013 sobib nii lastele kui t\u00e4iskasvanutele!\" \/>\n<meta name=\"robots\" content=\"index, follow, max-snippet:-1, max-image-preview:large, max-video-preview:-1\" \/>\n<link rel=\"canonical\" href=\"https:\/\/kingimeister.ee\/ru\/moistatus-ja-osavusmang-8-osaline\/\" \/>\n<meta property=\"og:locale\" content=\"ru_RU\" \/>\n<meta property=\"og:type\" content=\"article\" \/>\n<meta property=\"og:title\" content=\"M\u00f5istatus- ja osavusm\u00e4ng 8 osaline\" \/>\n<meta property=\"og:description\" content=\"M\u00f5istatus- ja osavusm\u00e4ng 8-osaline pakub mitmekesist ja arendavat ajaviidet. Pane proovile oma loogika ja osavus \u2013 sobib nii lastele kui t\u00e4iskasvanutele!\" \/>\n<meta property=\"og:url\" content=\"https:\/\/kingimeister.ee\/ru\/moistatus-ja-osavusmang-8-osaline\/\" \/>\n<meta property=\"og:site_name\" content=\"Kingimeister.ee - Kingituste E-pood\" \/>\n<meta property=\"article:modified_time\" content=\"2026-04-08T20:57:36+00:00\" \/>\n<meta property=\"og:image\" content=\"https:\/\/kingimeister.ee\/wp-content\/uploads\/2026\/04\/Moistatusmang-8-osaline.png\" \/>\n\t<meta property=\"og:image:width\" content=\"800\" \/>\n\t<meta property=\"og:image:height\" content=\"800\" \/>\n\t<meta property=\"og:image:type\" content=\"image\/png\" \/>\n<meta name=\"twitter:card\" content=\"summary_large_image\" \/>\n<meta name=\"twitter:label1\" content=\"\u041f\u0440\u0438\u043c\u0435\u0440\u043d\u043e\u0435 \u0432\u0440\u0435\u043c\u044f \u0434\u043b\u044f \u0447\u0442\u0435\u043d\u0438\u044f\" \/>\n\t<meta name=\"twitter:data1\" content=\"1 \u043c\u0438\u043d\u0443\u0442\u0430\" \/>\n<script type=\"application\/ld+json\" class=\"yoast-schema-graph\">{\"@context\":\"https:\\\/\\\/schema.org\",\"@graph\":[{\"@type\":\"WebPage\",\"@id\":\"https:\\\/\\\/kingimeister.ee\\\/moistatus-ja-osavusmang-8-osaline\\\/\",\"url\":\"https:\\\/\\\/kingimeister.ee\\\/moistatus-ja-osavusmang-8-osaline\\\/\",\"name\":\"M\u00f5istatus- ja osavusm\u00e4ng 8-osaline \u2013 nutikas ajaviide | Kingimeister.ee\",\"isPartOf\":{\"@id\":\"https:\\\/\\\/kingimeister.ee\\\/#website\"},\"primaryImageOfPage\":{\"@id\":\"https:\\\/\\\/kingimeister.ee\\\/moistatus-ja-osavusmang-8-osaline\\\/#primaryimage\"},\"image\":{\"@id\":\"https:\\\/\\\/kingimeister.ee\\\/moistatus-ja-osavusmang-8-osaline\\\/#primaryimage\"},\"thumbnailUrl\":\"https:\\\/\\\/i0.wp.com\\\/kingimeister.ee\\\/wp-content\\\/uploads\\\/2026\\\/04\\\/Moistatusmang-8-osaline.png?fit=800%2C800&ssl=1\",\"datePublished\":\"2026-04-03T07:45:17+00:00\",\"dateModified\":\"2026-04-08T20:57:36+00:00\",\"description\":\"M\u00f5istatus- ja osavusm\u00e4ng 8-osaline pakub mitmekesist ja arendavat ajaviidet. Pane proovile oma loogika ja osavus \u2013 sobib nii lastele kui t\u00e4iskasvanutele!\",\"breadcrumb\":{\"@id\":\"https:\\\/\\\/kingimeister.ee\\\/moistatus-ja-osavusmang-8-osaline\\\/#breadcrumb\"},\"inLanguage\":\"ru-RU\",\"potentialAction\":[{\"@type\":\"ReadAction\",\"target\":[\"https:\\\/\\\/kingimeister.ee\\\/moistatus-ja-osavusmang-8-osaline\\\/\"]}]},{\"@type\":\"ImageObject\",\"inLanguage\":\"ru-RU\",\"@id\":\"https:\\\/\\\/kingimeister.ee\\\/moistatus-ja-osavusmang-8-osaline\\\/#primaryimage\",\"url\":\"https:\\\/\\\/i0.wp.com\\\/kingimeister.ee\\\/wp-content\\\/uploads\\\/2026\\\/04\\\/Moistatusmang-8-osaline.png?fit=800%2C800&ssl=1\",\"contentUrl\":\"https:\\\/\\\/i0.wp.com\\\/kingimeister.ee\\\/wp-content\\\/uploads\\\/2026\\\/04\\\/Moistatusmang-8-osaline.png?fit=800%2C800&ssl=1\",\"width\":800,\"height\":800},{\"@type\":\"BreadcrumbList\",\"@id\":\"https:\\\/\\\/kingimeister.ee\\\/moistatus-ja-osavusmang-8-osaline\\\/#breadcrumb\",\"itemListElement\":[{\"@type\":\"ListItem\",\"position\":1,\"name\":\"Home\",\"item\":\"https:\\\/\\\/kingimeister.ee\\\/\"},{\"@type\":\"ListItem\",\"position\":2,\"name\":\"Kingitused\",\"item\":\"https:\\\/\\\/kingimeister.ee\\\/kingitused\\\/\"},{\"@type\":\"ListItem\",\"position\":3,\"name\":\"M\u00f5istatus- ja osavusm\u00e4ng 8 osaline\"}]},{\"@type\":\"WebSite\",\"@id\":\"https:\\\/\\\/kingimeister.ee\\\/#website\",\"url\":\"https:\\\/\\\/kingimeister.ee\\\/\",\"name\":\"Kingimeister.ee - Kingituste E-pood\",\"description\":\"\",\"publisher\":{\"@id\":\"https:\\\/\\\/kingimeister.ee\\\/#organization\"},\"potentialAction\":[{\"@type\":\"SearchAction\",\"target\":{\"@type\":\"EntryPoint\",\"urlTemplate\":\"https:\\\/\\\/kingimeister.ee\\\/?s={search_term_string}\"},\"query-input\":{\"@type\":\"PropertyValueSpecification\",\"valueRequired\":true,\"valueName\":\"search_term_string\"}}],\"inLanguage\":\"ru-RU\"},{\"@type\":\"Organization\",\"@id\":\"https:\\\/\\\/kingimeister.ee\\\/#organization\",\"name\":\"Kingimeister.ee - Kingituste E-pood\",\"url\":\"https:\\\/\\\/kingimeister.ee\\\/\",\"logo\":{\"@type\":\"ImageObject\",\"inLanguage\":\"ru-RU\",\"@id\":\"https:\\\/\\\/kingimeister.ee\\\/#\\\/schema\\\/logo\\\/image\\\/\",\"url\":\"https:\\\/\\\/kingimeister.ee\\\/wp-content\\\/uploads\\\/2026\\\/03\\\/Logo-e1773259902867.png\",\"contentUrl\":\"https:\\\/\\\/kingimeister.ee\\\/wp-content\\\/uploads\\\/2026\\\/03\\\/Logo-e1773259902867.png\",\"width\":1443,\"height\":237,\"caption\":\"Kingimeister.ee - Kingituste E-pood\"},\"image\":{\"@id\":\"https:\\\/\\\/kingimeister.ee\\\/#\\\/schema\\\/logo\\\/image\\\/\"}}]}<\/script>\n<!-- \/ Yoast SEO Premium plugin. -->","yoast_head_json":{"title":"M\u00f5istatus- ja osavusm\u00e4ng 8-osaline \u2013 nutikas ajaviide | Kingimeister.ee","description":"M\u00f5istatus- ja osavusm\u00e4ng 8-osaline pakub mitmekesist ja arendavat ajaviidet. Pane proovile oma loogika ja osavus \u2013 sobib nii lastele kui t\u00e4iskasvanutele!","robots":{"index":"index","follow":"follow","max-snippet":"max-snippet:-1","max-image-preview":"max-image-preview:large","max-video-preview":"max-video-preview:-1"},"canonical":"https:\/\/kingimeister.ee\/ru\/moistatus-ja-osavusmang-8-osaline\/","og_locale":"ru_RU","og_type":"article","og_title":"M\u00f5istatus- ja osavusm\u00e4ng 8 osaline","og_description":"M\u00f5istatus- ja osavusm\u00e4ng 8-osaline pakub mitmekesist ja arendavat ajaviidet. Pane proovile oma loogika ja osavus \u2013 sobib nii lastele kui t\u00e4iskasvanutele!","og_url":"https:\/\/kingimeister.ee\/ru\/moistatus-ja-osavusmang-8-osaline\/","og_site_name":"Kingimeister.ee - Kingituste E-pood","article_modified_time":"2026-04-08T20:57:36+00:00","og_image":[{"width":800,"height":800,"url":"https:\/\/kingimeister.ee\/wp-content\/uploads\/2026\/04\/Moistatusmang-8-osaline.png","type":"image\/png"}],"twitter_card":"summary_large_image","twitter_misc":{"\u041f\u0440\u0438\u043c\u0435\u0440\u043d\u043e\u0435 \u0432\u0440\u0435\u043c\u044f \u0434\u043b\u044f \u0447\u0442\u0435\u043d\u0438\u044f":"1 \u043c\u0438\u043d\u0443\u0442\u0430"},"schema":{"@context":"https:\/\/schema.org","@graph":[{"@type":"WebPage","@id":"https:\/\/kingimeister.ee\/moistatus-ja-osavusmang-8-osaline\/","url":"https:\/\/kingimeister.ee\/moistatus-ja-osavusmang-8-osaline\/","name":"M\u00f5istatus- ja osavusm\u00e4ng 8-osaline \u2013 nutikas ajaviide | Kingimeister.ee","isPartOf":{"@id":"https:\/\/kingimeister.ee\/#website"},"primaryImageOfPage":{"@id":"https:\/\/kingimeister.ee\/moistatus-ja-osavusmang-8-osaline\/#primaryimage"},"image":{"@id":"https:\/\/kingimeister.ee\/moistatus-ja-osavusmang-8-osaline\/#primaryimage"},"thumbnailUrl":"https:\/\/i0.wp.com\/kingimeister.ee\/wp-content\/uploads\/2026\/04\/Moistatusmang-8-osaline.png?fit=800%2C800&ssl=1","datePublished":"2026-04-03T07:45:17+00:00","dateModified":"2026-04-08T20:57:36+00:00","description":"M\u00f5istatus- ja osavusm\u00e4ng 8-osaline pakub mitmekesist ja arendavat ajaviidet. Pane proovile oma loogika ja osavus \u2013 sobib nii lastele kui t\u00e4iskasvanutele!","breadcrumb":{"@id":"https:\/\/kingimeister.ee\/moistatus-ja-osavusmang-8-osaline\/#breadcrumb"},"inLanguage":"ru-RU","potentialAction":[{"@type":"ReadAction","target":["https:\/\/kingimeister.ee\/moistatus-ja-osavusmang-8-osaline\/"]}]},{"@type":"ImageObject","inLanguage":"ru-RU","@id":"https:\/\/kingimeister.ee\/moistatus-ja-osavusmang-8-osaline\/#primaryimage","url":"https:\/\/i0.wp.com\/kingimeister.ee\/wp-content\/uploads\/2026\/04\/Moistatusmang-8-osaline.png?fit=800%2C800&ssl=1","contentUrl":"https:\/\/i0.wp.com\/kingimeister.ee\/wp-content\/uploads\/2026\/04\/Moistatusmang-8-osaline.png?fit=800%2C800&ssl=1","width":800,"height":800},{"@type":"BreadcrumbList","@id":"https:\/\/kingimeister.ee\/moistatus-ja-osavusmang-8-osaline\/#breadcrumb","itemListElement":[{"@type":"ListItem","position":1,"name":"Home","item":"https:\/\/kingimeister.ee\/"},{"@type":"ListItem","position":2,"name":"Kingitused","item":"https:\/\/kingimeister.ee\/kingitused\/"},{"@type":"ListItem","position":3,"name":"M\u00f5istatus- ja osavusm\u00e4ng 8 osaline"}]},{"@type":"WebSite","@id":"https:\/\/kingimeister.ee\/#website","url":"https:\/\/kingimeister.ee\/","name":"Kingimeister.ee - Kingituste E-pood","description":"","publisher":{"@id":"https:\/\/kingimeister.ee\/#organization"},"potentialAction":[{"@type":"SearchAction","target":{"@type":"EntryPoint","urlTemplate":"https:\/\/kingimeister.ee\/?s={search_term_string}"},"query-input":{"@type":"PropertyValueSpecification","valueRequired":true,"valueName":"search_term_string"}}],"inLanguage":"ru-RU"},{"@type":"Organization","@id":"https:\/\/kingimeister.ee\/#organization","name":"Kingimeister.ee - Kingituste E-pood","url":"https:\/\/kingimeister.ee\/","logo":{"@type":"ImageObject","inLanguage":"ru-RU","@id":"https:\/\/kingimeister.ee\/#\/schema\/logo\/image\/","url":"https:\/\/kingimeister.ee\/wp-content\/uploads\/2026\/03\/Logo-e1773259902867.png","contentUrl":"https:\/\/kingimeister.ee\/wp-content\/uploads\/2026\/03\/Logo-e1773259902867.png","width":1443,"height":237,"caption":"Kingimeister.ee - Kingituste E-pood"},"image":{"@id":"https:\/\/kingimeister.ee\/#\/schema\/logo\/image\/"}}]}},"jetpack_sharing_enabled":true,"_links":{"self":[{"href":"https:\/\/kingimeister.ee\/ru\/wp-json\/wp\/v2\/product\/30283","targetHints":{"allow":["GET"]}}],"collection":[{"href":"https:\/\/kingimeister.ee\/ru\/wp-json\/wp\/v2\/product"}],"about":[{"href":"https:\/\/kingimeister.ee\/ru\/wp-json\/wp\/v2\/types\/product"}],"replies":[{"embeddable":true,"href":"https:\/\/kingimeister.ee\/ru\/wp-json\/wp\/v2\/comments?post=30283"}],"version-history":[{"count":1,"href":"https:\/\/kingimeister.ee\/ru\/wp-json\/wp\/v2\/product\/30283\/revisions"}],"predecessor-version":[{"id":30286,"href":"https:\/\/kingimeister.ee\/ru\/wp-json\/wp\/v2\/product\/30283\/revisions\/30286"}],"wp:featuredmedia":[{"embeddable":true,"href":"https:\/\/kingimeister.ee\/ru\/wp-json\/wp\/v2\/media\/30284"}],"wp:attachment":[{"href":"https:\/\/kingimeister.ee\/ru\/wp-json\/wp\/v2\/media?parent=30283"}],"wp:term":[{"taxonomy":"product_brand","embeddable":true,"href":"https:\/\/kingimeister.ee\/ru\/wp-json\/wp\/v2\/product_brand?post=30283"},{"taxonomy":"product_cat","embeddable":true,"href":"https:\/\/kingimeister.ee\/ru\/wp-json\/wp\/v2\/product_cat?post=30283"},{"taxonomy":"product_tag","embeddable":true,"href":"https:\/\/kingimeister.ee\/ru\/wp-json\/wp\/v2\/product_tag?post=30283"}],"curies":[{"name":"wp","href":"https:\/\/api.w.org\/{rel}","templated":true}]}}