{"id":30287,"date":"2026-04-03T09:52:48","date_gmt":"2026-04-03T07:52:48","guid":{"rendered":"https:\/\/kingimeister.ee\/?post_type=product&#038;p=30287"},"modified":"2026-04-08T22:58:24","modified_gmt":"2026-04-08T20:58:24","slug":"laste-ja-teismeliste-kinnas-ja-randmeveekahur-spiderman","status":"publish","type":"product","link":"https:\/\/kingimeister.ee\/ru\/laste-ja-teismeliste-kinnas-ja-randmeveekahur-spiderman\/","title":{"rendered":"Laste ja teismeliste kinnas- ja randmeveekahur Spiderman"},"content":{"rendered":"<p data-start=\"0\" data-end=\"235\"><strong data-start=\"0\" data-end=\"50\">Laste ja teismeliste kinnas- ja randmeveekahur<\/strong> on \u00e4ge ja kaasahaarav veem\u00e4nguasi, mis muudab suvised seiklused eriti l\u00f5busaks! K\u00e4ele kinnitatav disain v\u00f5imaldab mugavalt vett pritsida, j\u00e4ttes k\u00e4ed vabaks liikumiseks ja m\u00e4ngimiseks.<\/p>\n<p data-start=\"237\" data-end=\"417\">Inspiratsiooni saanud superkangelaste stiilist, pakub see veekahur lastele v\u00f5imalust tunda end t\u00f5elise kangelasena. Lihtne kasutada \u2013 t\u00e4ida veega, kinnita randmele ja alusta m\u00e4ngu!<\/p>\n<p data-start=\"419\" data-end=\"438\"><strong data-start=\"419\" data-end=\"438\">Toote omadused:<\/strong><\/p>\n<ul data-start=\"439\" data-end=\"654\" data-is-last-node=\"\" data-is-only-node=\"\">\n<li data-section-id=\"oypolh\" data-start=\"439\" data-end=\"484\">Mugav kinnas- ja randmekinnitusega disain<\/li>\n<li data-section-id=\"1aams9t\" data-start=\"485\" data-end=\"513\">Lihtne t\u00e4ita ja kasutada<\/li>\n<li data-section-id=\"m3iiqt\" data-start=\"514\" data-end=\"559\">Arendab aktiivset liikumist ja m\u00e4ngulusti<\/li>\n<li data-section-id=\"e1msgq\" data-start=\"560\" data-end=\"606\">Sobib suurep\u00e4raselt suvisteks \u00f5uem\u00e4ngudeks<\/li>\n<li data-section-id=\"yd8tvw\" data-start=\"607\" data-end=\"654\" data-is-last-node=\"\">Ideaalne kingitus lastele ja teismelistele \ud83d\udca6<\/li>\n<li data-section-id=\"yd8tvw\" data-start=\"607\" data-end=\"654\" data-is-last-node=\"\">\n<div class=\"_45Hm99wa PjdWJn3s\"><span class=\"\" data-type=\"0\">Hoiatus. Ei ole sobiv alla 36 kuu vanustele lastele.V\u00e4ikesed osad. L\u00e4mbumisoht <\/span><\/div>\n<\/li>\n<\/ul>","protected":false},"excerpt":{"rendered":"<p data-start=\"0\" data-end=\"235\"><strong data-start=\"0\" data-end=\"50\">Laste ja teismeliste kinnas- ja randmeveekahur<\/strong> on \u00e4ge ja kaasahaarav veem\u00e4nguasi, mis muudab suvised seiklused eriti l\u00f5busaks! K\u00e4ele kinnitatav disain v\u00f5imaldab mugavalt vett pritsida, j\u00e4ttes k\u00e4ed vabaks liikumiseks ja m\u00e4ngimiseks.<\/p>\n<p data-start=\"237\" data-end=\"417\">Inspiratsiooni saanud superkangelaste stiilist, pakub see veekahur lastele v\u00f5imalust tunda end t\u00f5elise kangelasena. Lihtne kasutada \u2013 t\u00e4ida veega, kinnita randmele ja alusta m\u00e4ngu!<\/p>\n<p data-start=\"419\" data-end=\"438\"><strong data-start=\"419\" data-end=\"438\">Toote omadused:<\/strong><\/p>\n<ul data-start=\"439\" data-end=\"654\" data-is-last-node=\"\" data-is-only-node=\"\">\n<li data-section-id=\"oypolh\" data-start=\"439\" data-end=\"484\">Mugav kinnas- ja randmekinnitusega disain<\/li>\n<li data-section-id=\"1aams9t\" data-start=\"485\" data-end=\"513\">Lihtne t\u00e4ita ja kasutada<\/li>\n<li data-section-id=\"m3iiqt\" data-start=\"514\" data-end=\"559\">Arendab aktiivset liikumist ja m\u00e4ngulusti<\/li>\n<li data-section-id=\"e1msgq\" data-start=\"560\" data-end=\"606\">Sobib suurep\u00e4raselt suvisteks \u00f5uem\u00e4ngudeks<\/li>\n<li data-section-id=\"yd8tvw\" data-start=\"607\" data-end=\"654\" data-is-last-node=\"\">Ideaalne kingitus lastele ja teismelistele \ud83d\udca6<\/li>\n<li data-section-id=\"yd8tvw\" data-start=\"607\" data-end=\"654\" data-is-last-node=\"\">\n<div class=\"_45Hm99wa PjdWJn3s\"><span class=\"\" data-type=\"0\">Hoiatus. Ei ole sobiv alla 36 kuu vanustele lastele.V\u00e4ikesed osad. L\u00e4mbumisoht <\/span><\/div>\n<\/li>\n<\/ul>","protected":false},"featured_media":30288,"comment_status":"open","ping_status":"closed","template":"","meta":[],"product_brand":[],"product_cat":[184,105,107],"product_tag":[336,327,334,335,338,337],"class_list":{"0":"post-30287","1":"product","2":"type-product","3":"status-publish","4":"has-post-thumbnail","6":"product_cat-kingitused-lastele","7":"product_cat-manguasjad","8":"product_cat-ouemanguasjad","9":"product_tag-kahur","10":"product_tag-manguasi","11":"product_tag-spiderman","12":"product_tag-veekahur","13":"product_tag-veepuss","14":"product_tag-vesi","16":"first","17":"instock","18":"sale","19":"taxable","20":"shipping-taxable","21":"purchasable","22":"product-type-simple"},"yoast_head":"<!-- This site is optimized with the Yoast SEO Premium plugin v27.1 (Yoast SEO v27.3) - https:\/\/yoast.com\/product\/yoast-seo-premium-wordpress\/ -->\n<title>Laste kinnas- ja randmeveekahur \u2013 l\u00f5bus suvine veem\u00e4ng | Kingimeister.ee<\/title>\n<meta name=\"description\" content=\"Laste kinnas- ja randmeveekahur on l\u00f5bus ja mugav veem\u00e4nguasi, mis sobib ideaalselt suvisteks \u00f5uem\u00e4ngudeks. Lihtne kasutada ja pakub palju m\u00e4ngur\u00f5\u00f5mu!\" \/>\n<meta name=\"robots\" content=\"index, follow, max-snippet:-1, max-image-preview:large, max-video-preview:-1\" \/>\n<link rel=\"canonical\" href=\"https:\/\/kingimeister.ee\/ru\/laste-ja-teismeliste-kinnas-ja-randmeveekahur-spiderman\/\" \/>\n<meta property=\"og:locale\" content=\"ru_RU\" \/>\n<meta property=\"og:type\" content=\"article\" \/>\n<meta property=\"og:title\" content=\"Laste ja teismeliste kinnas- ja randmeveekahur Spiderman\" \/>\n<meta property=\"og:description\" content=\"Laste kinnas- ja randmeveekahur on l\u00f5bus ja mugav veem\u00e4nguasi, mis sobib ideaalselt suvisteks \u00f5uem\u00e4ngudeks. Lihtne kasutada ja pakub palju m\u00e4ngur\u00f5\u00f5mu!\" \/>\n<meta property=\"og:url\" content=\"https:\/\/kingimeister.ee\/ru\/laste-ja-teismeliste-kinnas-ja-randmeveekahur-spiderman\/\" \/>\n<meta property=\"og:site_name\" content=\"Kingimeister.ee - Kingituste E-pood\" \/>\n<meta property=\"article:modified_time\" content=\"2026-04-08T20:58:24+00:00\" \/>\n<meta property=\"og:image\" content=\"https:\/\/kingimeister.ee\/wp-content\/uploads\/2026\/04\/Laste-ja-teismeliste-kinnas-ja-randmeveekahur-Spiderman.png\" \/>\n\t<meta property=\"og:image:width\" content=\"800\" \/>\n\t<meta property=\"og:image:height\" content=\"800\" \/>\n\t<meta property=\"og:image:type\" content=\"image\/png\" \/>\n<meta name=\"twitter:card\" content=\"summary_large_image\" \/>\n<meta name=\"twitter:label1\" content=\"\u041f\u0440\u0438\u043c\u0435\u0440\u043d\u043e\u0435 \u0432\u0440\u0435\u043c\u044f \u0434\u043b\u044f \u0447\u0442\u0435\u043d\u0438\u044f\" \/>\n\t<meta name=\"twitter:data1\" content=\"1 \u043c\u0438\u043d\u0443\u0442\u0430\" \/>\n<script type=\"application\/ld+json\" class=\"yoast-schema-graph\">{\"@context\":\"https:\\\/\\\/schema.org\",\"@graph\":[{\"@type\":\"WebPage\",\"@id\":\"https:\\\/\\\/kingimeister.ee\\\/laste-ja-teismeliste-kinnas-ja-randmeveekahur-spiderman\\\/\",\"url\":\"https:\\\/\\\/kingimeister.ee\\\/laste-ja-teismeliste-kinnas-ja-randmeveekahur-spiderman\\\/\",\"name\":\"Laste kinnas- ja randmeveekahur \u2013 l\u00f5bus suvine veem\u00e4ng | Kingimeister.ee\",\"isPartOf\":{\"@id\":\"https:\\\/\\\/kingimeister.ee\\\/#website\"},\"primaryImageOfPage\":{\"@id\":\"https:\\\/\\\/kingimeister.ee\\\/laste-ja-teismeliste-kinnas-ja-randmeveekahur-spiderman\\\/#primaryimage\"},\"image\":{\"@id\":\"https:\\\/\\\/kingimeister.ee\\\/laste-ja-teismeliste-kinnas-ja-randmeveekahur-spiderman\\\/#primaryimage\"},\"thumbnailUrl\":\"https:\\\/\\\/i0.wp.com\\\/kingimeister.ee\\\/wp-content\\\/uploads\\\/2026\\\/04\\\/Laste-ja-teismeliste-kinnas-ja-randmeveekahur-Spiderman.png?fit=800%2C800&ssl=1\",\"datePublished\":\"2026-04-03T07:52:48+00:00\",\"dateModified\":\"2026-04-08T20:58:24+00:00\",\"description\":\"Laste kinnas- ja randmeveekahur on l\u00f5bus ja mugav veem\u00e4nguasi, mis sobib ideaalselt suvisteks \u00f5uem\u00e4ngudeks. Lihtne kasutada ja pakub palju m\u00e4ngur\u00f5\u00f5mu!\",\"breadcrumb\":{\"@id\":\"https:\\\/\\\/kingimeister.ee\\\/laste-ja-teismeliste-kinnas-ja-randmeveekahur-spiderman\\\/#breadcrumb\"},\"inLanguage\":\"ru-RU\",\"potentialAction\":[{\"@type\":\"ReadAction\",\"target\":[\"https:\\\/\\\/kingimeister.ee\\\/laste-ja-teismeliste-kinnas-ja-randmeveekahur-spiderman\\\/\"]}]},{\"@type\":\"ImageObject\",\"inLanguage\":\"ru-RU\",\"@id\":\"https:\\\/\\\/kingimeister.ee\\\/laste-ja-teismeliste-kinnas-ja-randmeveekahur-spiderman\\\/#primaryimage\",\"url\":\"https:\\\/\\\/i0.wp.com\\\/kingimeister.ee\\\/wp-content\\\/uploads\\\/2026\\\/04\\\/Laste-ja-teismeliste-kinnas-ja-randmeveekahur-Spiderman.png?fit=800%2C800&ssl=1\",\"contentUrl\":\"https:\\\/\\\/i0.wp.com\\\/kingimeister.ee\\\/wp-content\\\/uploads\\\/2026\\\/04\\\/Laste-ja-teismeliste-kinnas-ja-randmeveekahur-Spiderman.png?fit=800%2C800&ssl=1\",\"width\":800,\"height\":800},{\"@type\":\"BreadcrumbList\",\"@id\":\"https:\\\/\\\/kingimeister.ee\\\/laste-ja-teismeliste-kinnas-ja-randmeveekahur-spiderman\\\/#breadcrumb\",\"itemListElement\":[{\"@type\":\"ListItem\",\"position\":1,\"name\":\"Home\",\"item\":\"https:\\\/\\\/kingimeister.ee\\\/\"},{\"@type\":\"ListItem\",\"position\":2,\"name\":\"Kingitused\",\"item\":\"https:\\\/\\\/kingimeister.ee\\\/kingitused\\\/\"},{\"@type\":\"ListItem\",\"position\":3,\"name\":\"Laste ja teismeliste kinnas- ja randmeveekahur Spiderman\"}]},{\"@type\":\"WebSite\",\"@id\":\"https:\\\/\\\/kingimeister.ee\\\/#website\",\"url\":\"https:\\\/\\\/kingimeister.ee\\\/\",\"name\":\"Kingimeister.ee - Kingituste E-pood\",\"description\":\"\",\"publisher\":{\"@id\":\"https:\\\/\\\/kingimeister.ee\\\/#organization\"},\"potentialAction\":[{\"@type\":\"SearchAction\",\"target\":{\"@type\":\"EntryPoint\",\"urlTemplate\":\"https:\\\/\\\/kingimeister.ee\\\/?s={search_term_string}\"},\"query-input\":{\"@type\":\"PropertyValueSpecification\",\"valueRequired\":true,\"valueName\":\"search_term_string\"}}],\"inLanguage\":\"ru-RU\"},{\"@type\":\"Organization\",\"@id\":\"https:\\\/\\\/kingimeister.ee\\\/#organization\",\"name\":\"Kingimeister.ee - Kingituste E-pood\",\"url\":\"https:\\\/\\\/kingimeister.ee\\\/\",\"logo\":{\"@type\":\"ImageObject\",\"inLanguage\":\"ru-RU\",\"@id\":\"https:\\\/\\\/kingimeister.ee\\\/#\\\/schema\\\/logo\\\/image\\\/\",\"url\":\"https:\\\/\\\/kingimeister.ee\\\/wp-content\\\/uploads\\\/2026\\\/03\\\/Logo-e1773259902867.png\",\"contentUrl\":\"https:\\\/\\\/kingimeister.ee\\\/wp-content\\\/uploads\\\/2026\\\/03\\\/Logo-e1773259902867.png\",\"width\":1443,\"height\":237,\"caption\":\"Kingimeister.ee - Kingituste E-pood\"},\"image\":{\"@id\":\"https:\\\/\\\/kingimeister.ee\\\/#\\\/schema\\\/logo\\\/image\\\/\"}}]}<\/script>\n<!-- \/ Yoast SEO Premium plugin. -->","yoast_head_json":{"title":"Laste kinnas- ja randmeveekahur \u2013 l\u00f5bus suvine veem\u00e4ng | Kingimeister.ee","description":"Laste kinnas- ja randmeveekahur on l\u00f5bus ja mugav veem\u00e4nguasi, mis sobib ideaalselt suvisteks \u00f5uem\u00e4ngudeks. Lihtne kasutada ja pakub palju m\u00e4ngur\u00f5\u00f5mu!","robots":{"index":"index","follow":"follow","max-snippet":"max-snippet:-1","max-image-preview":"max-image-preview:large","max-video-preview":"max-video-preview:-1"},"canonical":"https:\/\/kingimeister.ee\/ru\/laste-ja-teismeliste-kinnas-ja-randmeveekahur-spiderman\/","og_locale":"ru_RU","og_type":"article","og_title":"Laste ja teismeliste kinnas- ja randmeveekahur Spiderman","og_description":"Laste kinnas- ja randmeveekahur on l\u00f5bus ja mugav veem\u00e4nguasi, mis sobib ideaalselt suvisteks \u00f5uem\u00e4ngudeks. Lihtne kasutada ja pakub palju m\u00e4ngur\u00f5\u00f5mu!","og_url":"https:\/\/kingimeister.ee\/ru\/laste-ja-teismeliste-kinnas-ja-randmeveekahur-spiderman\/","og_site_name":"Kingimeister.ee - Kingituste E-pood","article_modified_time":"2026-04-08T20:58:24+00:00","og_image":[{"width":800,"height":800,"url":"https:\/\/kingimeister.ee\/wp-content\/uploads\/2026\/04\/Laste-ja-teismeliste-kinnas-ja-randmeveekahur-Spiderman.png","type":"image\/png"}],"twitter_card":"summary_large_image","twitter_misc":{"\u041f\u0440\u0438\u043c\u0435\u0440\u043d\u043e\u0435 \u0432\u0440\u0435\u043c\u044f \u0434\u043b\u044f \u0447\u0442\u0435\u043d\u0438\u044f":"1 \u043c\u0438\u043d\u0443\u0442\u0430"},"schema":{"@context":"https:\/\/schema.org","@graph":[{"@type":"WebPage","@id":"https:\/\/kingimeister.ee\/laste-ja-teismeliste-kinnas-ja-randmeveekahur-spiderman\/","url":"https:\/\/kingimeister.ee\/laste-ja-teismeliste-kinnas-ja-randmeveekahur-spiderman\/","name":"Laste kinnas- ja randmeveekahur \u2013 l\u00f5bus suvine veem\u00e4ng | Kingimeister.ee","isPartOf":{"@id":"https:\/\/kingimeister.ee\/#website"},"primaryImageOfPage":{"@id":"https:\/\/kingimeister.ee\/laste-ja-teismeliste-kinnas-ja-randmeveekahur-spiderman\/#primaryimage"},"image":{"@id":"https:\/\/kingimeister.ee\/laste-ja-teismeliste-kinnas-ja-randmeveekahur-spiderman\/#primaryimage"},"thumbnailUrl":"https:\/\/i0.wp.com\/kingimeister.ee\/wp-content\/uploads\/2026\/04\/Laste-ja-teismeliste-kinnas-ja-randmeveekahur-Spiderman.png?fit=800%2C800&ssl=1","datePublished":"2026-04-03T07:52:48+00:00","dateModified":"2026-04-08T20:58:24+00:00","description":"Laste kinnas- ja randmeveekahur on l\u00f5bus ja mugav veem\u00e4nguasi, mis sobib ideaalselt suvisteks \u00f5uem\u00e4ngudeks. Lihtne kasutada ja pakub palju m\u00e4ngur\u00f5\u00f5mu!","breadcrumb":{"@id":"https:\/\/kingimeister.ee\/laste-ja-teismeliste-kinnas-ja-randmeveekahur-spiderman\/#breadcrumb"},"inLanguage":"ru-RU","potentialAction":[{"@type":"ReadAction","target":["https:\/\/kingimeister.ee\/laste-ja-teismeliste-kinnas-ja-randmeveekahur-spiderman\/"]}]},{"@type":"ImageObject","inLanguage":"ru-RU","@id":"https:\/\/kingimeister.ee\/laste-ja-teismeliste-kinnas-ja-randmeveekahur-spiderman\/#primaryimage","url":"https:\/\/i0.wp.com\/kingimeister.ee\/wp-content\/uploads\/2026\/04\/Laste-ja-teismeliste-kinnas-ja-randmeveekahur-Spiderman.png?fit=800%2C800&ssl=1","contentUrl":"https:\/\/i0.wp.com\/kingimeister.ee\/wp-content\/uploads\/2026\/04\/Laste-ja-teismeliste-kinnas-ja-randmeveekahur-Spiderman.png?fit=800%2C800&ssl=1","width":800,"height":800},{"@type":"BreadcrumbList","@id":"https:\/\/kingimeister.ee\/laste-ja-teismeliste-kinnas-ja-randmeveekahur-spiderman\/#breadcrumb","itemListElement":[{"@type":"ListItem","position":1,"name":"Home","item":"https:\/\/kingimeister.ee\/"},{"@type":"ListItem","position":2,"name":"Kingitused","item":"https:\/\/kingimeister.ee\/kingitused\/"},{"@type":"ListItem","position":3,"name":"Laste ja teismeliste kinnas- ja randmeveekahur Spiderman"}]},{"@type":"WebSite","@id":"https:\/\/kingimeister.ee\/#website","url":"https:\/\/kingimeister.ee\/","name":"Kingimeister.ee - Kingituste E-pood","description":"","publisher":{"@id":"https:\/\/kingimeister.ee\/#organization"},"potentialAction":[{"@type":"SearchAction","target":{"@type":"EntryPoint","urlTemplate":"https:\/\/kingimeister.ee\/?s={search_term_string}"},"query-input":{"@type":"PropertyValueSpecification","valueRequired":true,"valueName":"search_term_string"}}],"inLanguage":"ru-RU"},{"@type":"Organization","@id":"https:\/\/kingimeister.ee\/#organization","name":"Kingimeister.ee - Kingituste E-pood","url":"https:\/\/kingimeister.ee\/","logo":{"@type":"ImageObject","inLanguage":"ru-RU","@id":"https:\/\/kingimeister.ee\/#\/schema\/logo\/image\/","url":"https:\/\/kingimeister.ee\/wp-content\/uploads\/2026\/03\/Logo-e1773259902867.png","contentUrl":"https:\/\/kingimeister.ee\/wp-content\/uploads\/2026\/03\/Logo-e1773259902867.png","width":1443,"height":237,"caption":"Kingimeister.ee - Kingituste E-pood"},"image":{"@id":"https:\/\/kingimeister.ee\/#\/schema\/logo\/image\/"}}]}},"jetpack_sharing_enabled":true,"_links":{"self":[{"href":"https:\/\/kingimeister.ee\/ru\/wp-json\/wp\/v2\/product\/30287","targetHints":{"allow":["GET"]}}],"collection":[{"href":"https:\/\/kingimeister.ee\/ru\/wp-json\/wp\/v2\/product"}],"about":[{"href":"https:\/\/kingimeister.ee\/ru\/wp-json\/wp\/v2\/types\/product"}],"replies":[{"embeddable":true,"href":"https:\/\/kingimeister.ee\/ru\/wp-json\/wp\/v2\/comments?post=30287"}],"version-history":[{"count":1,"href":"https:\/\/kingimeister.ee\/ru\/wp-json\/wp\/v2\/product\/30287\/revisions"}],"predecessor-version":[{"id":30289,"href":"https:\/\/kingimeister.ee\/ru\/wp-json\/wp\/v2\/product\/30287\/revisions\/30289"}],"wp:featuredmedia":[{"embeddable":true,"href":"https:\/\/kingimeister.ee\/ru\/wp-json\/wp\/v2\/media\/30288"}],"wp:attachment":[{"href":"https:\/\/kingimeister.ee\/ru\/wp-json\/wp\/v2\/media?parent=30287"}],"wp:term":[{"taxonomy":"product_brand","embeddable":true,"href":"https:\/\/kingimeister.ee\/ru\/wp-json\/wp\/v2\/product_brand?post=30287"},{"taxonomy":"product_cat","embeddable":true,"href":"https:\/\/kingimeister.ee\/ru\/wp-json\/wp\/v2\/product_cat?post=30287"},{"taxonomy":"product_tag","embeddable":true,"href":"https:\/\/kingimeister.ee\/ru\/wp-json\/wp\/v2\/product_tag?post=30287"}],"curies":[{"name":"wp","href":"https:\/\/api.w.org\/{rel}","templated":true}]}}