{"id":30295,"date":"2026-04-03T10:08:26","date_gmt":"2026-04-03T08:08:26","guid":{"rendered":"https:\/\/kingimeister.ee\/?post_type=product&#038;p=30295"},"modified":"2026-04-03T10:08:27","modified_gmt":"2026-04-03T08:08:27","slug":"auto-peatugede-katted-silmad","status":"publish","type":"product","link":"https:\/\/kingimeister.ee\/ru\/auto-peatugede-katted-silmad\/","title":{"rendered":"Auto peatugede katted &#8221;Silmad&#8221;"},"content":{"rendered":"<p data-start=\"0\" data-end=\"244\"><strong data-start=\"0\" data-end=\"41\">Auto peatugede katted \u201eSilmad\u201c (2 tk)<\/strong> on l\u00f5bus ja pilkup\u00fc\u00fcdev lisand sinu auto interj\u00f6\u00f6ri, mis toob igasse s\u00f5itu natuke huumorit ja isikup\u00e4ra. Silmatorkav disain loob mulje justkui auto istmed \u201evaataksid\u201c \u2013 ideaalne viis oma autot eristada!<\/p>\n<p data-start=\"246\" data-end=\"461\">Pehmest ja venivast materjalist valmistatud katted sobituvad mugavalt enamikele peatugedele ning on lihtsasti paigaldatavad. Lisaks dekoratiivsele v\u00e4limusele aitavad need kaitsta peatugesid kulumise ja mustuse eest.<\/p>\n<p data-start=\"463\" data-end=\"482\"><strong data-start=\"463\" data-end=\"482\">Toote omadused:<\/strong><\/p>\n<ul data-start=\"483\" data-end=\"682\" data-is-last-node=\"\" data-is-only-node=\"\">\n<li data-section-id=\"1o09rme\" data-start=\"483\" data-end=\"515\">Komplektis 2 peatugede katet<\/li>\n<li data-section-id=\"18azn8o\" data-start=\"516\" data-end=\"562\">Unikaalne ja humoorikas \u201esilmadega\u201c disain<\/li>\n<li data-section-id=\"olump0\" data-start=\"563\" data-end=\"599\">Sobib enamikele auto peatugedele<\/li>\n<li data-section-id=\"7wt3wj\" data-start=\"600\" data-end=\"634\">Lihtne paigaldada ja eemaldada<\/li>\n<\/ul>","protected":false},"excerpt":{"rendered":"<p data-start=\"0\" data-end=\"244\"><strong data-start=\"0\" data-end=\"41\">Auto peatugede katted \u201eSilmad\u201c (2 tk)<\/strong> on l\u00f5bus ja pilkup\u00fc\u00fcdev lisand sinu auto interj\u00f6\u00f6ri, mis toob igasse s\u00f5itu natuke huumorit ja isikup\u00e4ra. Silmatorkav disain loob mulje justkui auto istmed \u201evaataksid\u201c \u2013 ideaalne viis oma autot eristada!<\/p>\n<p data-start=\"246\" data-end=\"461\">Pehmest ja venivast materjalist valmistatud katted sobituvad mugavalt enamikele peatugedele ning on lihtsasti paigaldatavad. Lisaks dekoratiivsele v\u00e4limusele aitavad need kaitsta peatugesid kulumise ja mustuse eest.<\/p>\n<p data-start=\"463\" data-end=\"482\"><strong data-start=\"463\" data-end=\"482\">Toote omadused:<\/strong><\/p>\n<ul data-start=\"483\" data-end=\"682\" data-is-last-node=\"\" data-is-only-node=\"\">\n<li data-section-id=\"1o09rme\" data-start=\"483\" data-end=\"515\">Komplektis 2 peatugede katet<\/li>\n<li data-section-id=\"18azn8o\" data-start=\"516\" data-end=\"562\">Unikaalne ja humoorikas \u201esilmadega\u201c disain<\/li>\n<li data-section-id=\"olump0\" data-start=\"563\" data-end=\"599\">Sobib enamikele auto peatugedele<\/li>\n<li data-section-id=\"7wt3wj\" data-start=\"600\" data-end=\"634\">Lihtne paigaldada ja eemaldada<\/li>\n<\/ul>","protected":false},"featured_media":30296,"comment_status":"open","ping_status":"closed","template":"","meta":[],"product_brand":[],"product_cat":[156],"product_tag":[345,347,346,343,344,342],"class_list":{"0":"post-30295","1":"product","2":"type-product","3":"status-publish","4":"has-post-thumbnail","6":"product_cat-kingitused-meestele","7":"product_tag-auto","8":"product_tag-autosober","9":"product_tag-mehele","10":"product_tag-peakatted","11":"product_tag-peatoekate","12":"product_tag-silmad","14":"first","15":"instock","16":"sale","17":"taxable","18":"shipping-taxable","19":"purchasable","20":"product-type-simple"},"yoast_head":"<!-- This site is optimized with the Yoast SEO Premium plugin v27.1 (Yoast SEO v27.3) - https:\/\/yoast.com\/product\/yoast-seo-premium-wordpress\/ -->\n<title>Auto peatugede katted \u201eSilmad\u201c \u2013 l\u00f5bus autokaunistus | Kingimeister.ee<\/title>\n<meta name=\"description\" content=\"Auto peatugede katted \u201eSilmad\u201c annavad sinu autole humoorika v\u00e4limuse ja kaitsevad istmeid kulumise eest. Komplektis 2 tk \u2013 lihtne paigaldada!\" \/>\n<meta name=\"robots\" content=\"index, follow, max-snippet:-1, max-image-preview:large, max-video-preview:-1\" \/>\n<link rel=\"canonical\" href=\"https:\/\/kingimeister.ee\/ru\/auto-peatugede-katted-silmad\/\" \/>\n<meta property=\"og:locale\" content=\"ru_RU\" \/>\n<meta property=\"og:type\" content=\"article\" \/>\n<meta property=\"og:title\" content=\"Auto peatugede katted &#039;&#039;Silmad&#039;&#039;\" \/>\n<meta property=\"og:description\" content=\"Auto peatugede katted \u201eSilmad\u201c annavad sinu autole humoorika v\u00e4limuse ja kaitsevad istmeid kulumise eest. Komplektis 2 tk \u2013 lihtne paigaldada!\" \/>\n<meta property=\"og:url\" content=\"https:\/\/kingimeister.ee\/ru\/auto-peatugede-katted-silmad\/\" \/>\n<meta property=\"og:site_name\" content=\"Kingimeister.ee - Kingituste E-pood\" \/>\n<meta property=\"article:modified_time\" content=\"2026-04-03T08:08:27+00:00\" \/>\n<meta property=\"og:image\" content=\"https:\/\/kingimeister.ee\/wp-content\/uploads\/2026\/04\/Auto-peatugede-katted-__Silmad__.png\" \/>\n\t<meta property=\"og:image:width\" content=\"800\" \/>\n\t<meta property=\"og:image:height\" content=\"800\" \/>\n\t<meta property=\"og:image:type\" content=\"image\/png\" \/>\n<meta name=\"twitter:card\" content=\"summary_large_image\" \/>\n<meta name=\"twitter:label1\" content=\"\u041f\u0440\u0438\u043c\u0435\u0440\u043d\u043e\u0435 \u0432\u0440\u0435\u043c\u044f \u0434\u043b\u044f \u0447\u0442\u0435\u043d\u0438\u044f\" \/>\n\t<meta name=\"twitter:data1\" content=\"1 \u043c\u0438\u043d\u0443\u0442\u0430\" \/>\n<script type=\"application\/ld+json\" class=\"yoast-schema-graph\">{\"@context\":\"https:\\\/\\\/schema.org\",\"@graph\":[{\"@type\":\"WebPage\",\"@id\":\"https:\\\/\\\/kingimeister.ee\\\/auto-peatugede-katted-silmad\\\/\",\"url\":\"https:\\\/\\\/kingimeister.ee\\\/auto-peatugede-katted-silmad\\\/\",\"name\":\"Auto peatugede katted \u201eSilmad\u201c \u2013 l\u00f5bus autokaunistus | Kingimeister.ee\",\"isPartOf\":{\"@id\":\"https:\\\/\\\/kingimeister.ee\\\/#website\"},\"primaryImageOfPage\":{\"@id\":\"https:\\\/\\\/kingimeister.ee\\\/auto-peatugede-katted-silmad\\\/#primaryimage\"},\"image\":{\"@id\":\"https:\\\/\\\/kingimeister.ee\\\/auto-peatugede-katted-silmad\\\/#primaryimage\"},\"thumbnailUrl\":\"https:\\\/\\\/i0.wp.com\\\/kingimeister.ee\\\/wp-content\\\/uploads\\\/2026\\\/04\\\/Auto-peatugede-katted-__Silmad__.png?fit=800%2C800&ssl=1\",\"datePublished\":\"2026-04-03T08:08:26+00:00\",\"dateModified\":\"2026-04-03T08:08:27+00:00\",\"description\":\"Auto peatugede katted \u201eSilmad\u201c annavad sinu autole humoorika v\u00e4limuse ja kaitsevad istmeid kulumise eest. Komplektis 2 tk \u2013 lihtne paigaldada!\",\"breadcrumb\":{\"@id\":\"https:\\\/\\\/kingimeister.ee\\\/auto-peatugede-katted-silmad\\\/#breadcrumb\"},\"inLanguage\":\"ru-RU\",\"potentialAction\":[{\"@type\":\"ReadAction\",\"target\":[\"https:\\\/\\\/kingimeister.ee\\\/auto-peatugede-katted-silmad\\\/\"]}]},{\"@type\":\"ImageObject\",\"inLanguage\":\"ru-RU\",\"@id\":\"https:\\\/\\\/kingimeister.ee\\\/auto-peatugede-katted-silmad\\\/#primaryimage\",\"url\":\"https:\\\/\\\/i0.wp.com\\\/kingimeister.ee\\\/wp-content\\\/uploads\\\/2026\\\/04\\\/Auto-peatugede-katted-__Silmad__.png?fit=800%2C800&ssl=1\",\"contentUrl\":\"https:\\\/\\\/i0.wp.com\\\/kingimeister.ee\\\/wp-content\\\/uploads\\\/2026\\\/04\\\/Auto-peatugede-katted-__Silmad__.png?fit=800%2C800&ssl=1\",\"width\":800,\"height\":800},{\"@type\":\"BreadcrumbList\",\"@id\":\"https:\\\/\\\/kingimeister.ee\\\/auto-peatugede-katted-silmad\\\/#breadcrumb\",\"itemListElement\":[{\"@type\":\"ListItem\",\"position\":1,\"name\":\"Home\",\"item\":\"https:\\\/\\\/kingimeister.ee\\\/\"},{\"@type\":\"ListItem\",\"position\":2,\"name\":\"Kingitused\",\"item\":\"https:\\\/\\\/kingimeister.ee\\\/kingitused\\\/\"},{\"@type\":\"ListItem\",\"position\":3,\"name\":\"Auto peatugede katted &#8221;Silmad&#8221;\"}]},{\"@type\":\"WebSite\",\"@id\":\"https:\\\/\\\/kingimeister.ee\\\/#website\",\"url\":\"https:\\\/\\\/kingimeister.ee\\\/\",\"name\":\"Kingimeister.ee - Kingituste E-pood\",\"description\":\"\",\"publisher\":{\"@id\":\"https:\\\/\\\/kingimeister.ee\\\/#organization\"},\"potentialAction\":[{\"@type\":\"SearchAction\",\"target\":{\"@type\":\"EntryPoint\",\"urlTemplate\":\"https:\\\/\\\/kingimeister.ee\\\/?s={search_term_string}\"},\"query-input\":{\"@type\":\"PropertyValueSpecification\",\"valueRequired\":true,\"valueName\":\"search_term_string\"}}],\"inLanguage\":\"ru-RU\"},{\"@type\":\"Organization\",\"@id\":\"https:\\\/\\\/kingimeister.ee\\\/#organization\",\"name\":\"Kingimeister.ee - Kingituste E-pood\",\"url\":\"https:\\\/\\\/kingimeister.ee\\\/\",\"logo\":{\"@type\":\"ImageObject\",\"inLanguage\":\"ru-RU\",\"@id\":\"https:\\\/\\\/kingimeister.ee\\\/#\\\/schema\\\/logo\\\/image\\\/\",\"url\":\"https:\\\/\\\/kingimeister.ee\\\/wp-content\\\/uploads\\\/2026\\\/03\\\/Logo-e1773259902867.png\",\"contentUrl\":\"https:\\\/\\\/kingimeister.ee\\\/wp-content\\\/uploads\\\/2026\\\/03\\\/Logo-e1773259902867.png\",\"width\":1443,\"height\":237,\"caption\":\"Kingimeister.ee - Kingituste E-pood\"},\"image\":{\"@id\":\"https:\\\/\\\/kingimeister.ee\\\/#\\\/schema\\\/logo\\\/image\\\/\"}}]}<\/script>\n<!-- \/ Yoast SEO Premium plugin. -->","yoast_head_json":{"title":"Auto peatugede katted \u201eSilmad\u201c \u2013 l\u00f5bus autokaunistus | Kingimeister.ee","description":"Auto peatugede katted \u201eSilmad\u201c annavad sinu autole humoorika v\u00e4limuse ja kaitsevad istmeid kulumise eest. Komplektis 2 tk \u2013 lihtne paigaldada!","robots":{"index":"index","follow":"follow","max-snippet":"max-snippet:-1","max-image-preview":"max-image-preview:large","max-video-preview":"max-video-preview:-1"},"canonical":"https:\/\/kingimeister.ee\/ru\/auto-peatugede-katted-silmad\/","og_locale":"ru_RU","og_type":"article","og_title":"Auto peatugede katted ''Silmad''","og_description":"Auto peatugede katted \u201eSilmad\u201c annavad sinu autole humoorika v\u00e4limuse ja kaitsevad istmeid kulumise eest. Komplektis 2 tk \u2013 lihtne paigaldada!","og_url":"https:\/\/kingimeister.ee\/ru\/auto-peatugede-katted-silmad\/","og_site_name":"Kingimeister.ee - Kingituste E-pood","article_modified_time":"2026-04-03T08:08:27+00:00","og_image":[{"width":800,"height":800,"url":"https:\/\/kingimeister.ee\/wp-content\/uploads\/2026\/04\/Auto-peatugede-katted-__Silmad__.png","type":"image\/png"}],"twitter_card":"summary_large_image","twitter_misc":{"\u041f\u0440\u0438\u043c\u0435\u0440\u043d\u043e\u0435 \u0432\u0440\u0435\u043c\u044f \u0434\u043b\u044f \u0447\u0442\u0435\u043d\u0438\u044f":"1 \u043c\u0438\u043d\u0443\u0442\u0430"},"schema":{"@context":"https:\/\/schema.org","@graph":[{"@type":"WebPage","@id":"https:\/\/kingimeister.ee\/auto-peatugede-katted-silmad\/","url":"https:\/\/kingimeister.ee\/auto-peatugede-katted-silmad\/","name":"Auto peatugede katted \u201eSilmad\u201c \u2013 l\u00f5bus autokaunistus | Kingimeister.ee","isPartOf":{"@id":"https:\/\/kingimeister.ee\/#website"},"primaryImageOfPage":{"@id":"https:\/\/kingimeister.ee\/auto-peatugede-katted-silmad\/#primaryimage"},"image":{"@id":"https:\/\/kingimeister.ee\/auto-peatugede-katted-silmad\/#primaryimage"},"thumbnailUrl":"https:\/\/i0.wp.com\/kingimeister.ee\/wp-content\/uploads\/2026\/04\/Auto-peatugede-katted-__Silmad__.png?fit=800%2C800&ssl=1","datePublished":"2026-04-03T08:08:26+00:00","dateModified":"2026-04-03T08:08:27+00:00","description":"Auto peatugede katted \u201eSilmad\u201c annavad sinu autole humoorika v\u00e4limuse ja kaitsevad istmeid kulumise eest. Komplektis 2 tk \u2013 lihtne paigaldada!","breadcrumb":{"@id":"https:\/\/kingimeister.ee\/auto-peatugede-katted-silmad\/#breadcrumb"},"inLanguage":"ru-RU","potentialAction":[{"@type":"ReadAction","target":["https:\/\/kingimeister.ee\/auto-peatugede-katted-silmad\/"]}]},{"@type":"ImageObject","inLanguage":"ru-RU","@id":"https:\/\/kingimeister.ee\/auto-peatugede-katted-silmad\/#primaryimage","url":"https:\/\/i0.wp.com\/kingimeister.ee\/wp-content\/uploads\/2026\/04\/Auto-peatugede-katted-__Silmad__.png?fit=800%2C800&ssl=1","contentUrl":"https:\/\/i0.wp.com\/kingimeister.ee\/wp-content\/uploads\/2026\/04\/Auto-peatugede-katted-__Silmad__.png?fit=800%2C800&ssl=1","width":800,"height":800},{"@type":"BreadcrumbList","@id":"https:\/\/kingimeister.ee\/auto-peatugede-katted-silmad\/#breadcrumb","itemListElement":[{"@type":"ListItem","position":1,"name":"Home","item":"https:\/\/kingimeister.ee\/"},{"@type":"ListItem","position":2,"name":"Kingitused","item":"https:\/\/kingimeister.ee\/kingitused\/"},{"@type":"ListItem","position":3,"name":"Auto peatugede katted &#8221;Silmad&#8221;"}]},{"@type":"WebSite","@id":"https:\/\/kingimeister.ee\/#website","url":"https:\/\/kingimeister.ee\/","name":"Kingimeister.ee - Kingituste E-pood","description":"","publisher":{"@id":"https:\/\/kingimeister.ee\/#organization"},"potentialAction":[{"@type":"SearchAction","target":{"@type":"EntryPoint","urlTemplate":"https:\/\/kingimeister.ee\/?s={search_term_string}"},"query-input":{"@type":"PropertyValueSpecification","valueRequired":true,"valueName":"search_term_string"}}],"inLanguage":"ru-RU"},{"@type":"Organization","@id":"https:\/\/kingimeister.ee\/#organization","name":"Kingimeister.ee - Kingituste E-pood","url":"https:\/\/kingimeister.ee\/","logo":{"@type":"ImageObject","inLanguage":"ru-RU","@id":"https:\/\/kingimeister.ee\/#\/schema\/logo\/image\/","url":"https:\/\/kingimeister.ee\/wp-content\/uploads\/2026\/03\/Logo-e1773259902867.png","contentUrl":"https:\/\/kingimeister.ee\/wp-content\/uploads\/2026\/03\/Logo-e1773259902867.png","width":1443,"height":237,"caption":"Kingimeister.ee - Kingituste E-pood"},"image":{"@id":"https:\/\/kingimeister.ee\/#\/schema\/logo\/image\/"}}]}},"jetpack_sharing_enabled":true,"_links":{"self":[{"href":"https:\/\/kingimeister.ee\/ru\/wp-json\/wp\/v2\/product\/30295","targetHints":{"allow":["GET"]}}],"collection":[{"href":"https:\/\/kingimeister.ee\/ru\/wp-json\/wp\/v2\/product"}],"about":[{"href":"https:\/\/kingimeister.ee\/ru\/wp-json\/wp\/v2\/types\/product"}],"replies":[{"embeddable":true,"href":"https:\/\/kingimeister.ee\/ru\/wp-json\/wp\/v2\/comments?post=30295"}],"version-history":[{"count":1,"href":"https:\/\/kingimeister.ee\/ru\/wp-json\/wp\/v2\/product\/30295\/revisions"}],"predecessor-version":[{"id":30298,"href":"https:\/\/kingimeister.ee\/ru\/wp-json\/wp\/v2\/product\/30295\/revisions\/30298"}],"wp:featuredmedia":[{"embeddable":true,"href":"https:\/\/kingimeister.ee\/ru\/wp-json\/wp\/v2\/media\/30296"}],"wp:attachment":[{"href":"https:\/\/kingimeister.ee\/ru\/wp-json\/wp\/v2\/media?parent=30295"}],"wp:term":[{"taxonomy":"product_brand","embeddable":true,"href":"https:\/\/kingimeister.ee\/ru\/wp-json\/wp\/v2\/product_brand?post=30295"},{"taxonomy":"product_cat","embeddable":true,"href":"https:\/\/kingimeister.ee\/ru\/wp-json\/wp\/v2\/product_cat?post=30295"},{"taxonomy":"product_tag","embeddable":true,"href":"https:\/\/kingimeister.ee\/ru\/wp-json\/wp\/v2\/product_tag?post=30295"}],"curies":[{"name":"wp","href":"https:\/\/api.w.org\/{rel}","templated":true}]}}