{"id":30299,"date":"2026-04-03T10:15:34","date_gmt":"2026-04-03T08:15:34","guid":{"rendered":"https:\/\/kingimeister.ee\/?post_type=product&#038;p=30299"},"modified":"2026-04-08T22:57:51","modified_gmt":"2026-04-08T20:57:51","slug":"porkepall-juhusliku-varviga","status":"publish","type":"product","link":"https:\/\/kingimeister.ee\/ru\/porkepall-juhusliku-varviga\/","title":{"rendered":"P\u00f5rkepall (juhusliku v\u00e4rviga)"},"content":{"rendered":"<p data-start=\"0\" data-end=\"236\"><strong data-start=\"0\" data-end=\"13\">P\u00f5rkepall<\/strong> on klassikaline ja l\u00f5bus m\u00e4nguasi, mis pakub r\u00f5\u00f5mu nii lastele kui ka t\u00e4iskasvanutele. T\u00e4nu oma suurep\u00e4rasele p\u00f5rkev\u00f5imele saab sellega m\u00e4ngida nii toas kui \u00f5ues, arendades samal ajal reaktsioonikiirust ja koordinatsiooni.<\/p>\n<p data-start=\"238\" data-end=\"421\">V\u00e4ike ja kerge pall sobib ideaalselt taskusse v\u00f5i kotti, et v\u00f5tta see kaasa kooli, reisile v\u00f5i s\u00f5pradega m\u00e4ngimiseks. Lihtne, kuid alati kaasahaarav ajaviide igas vanuses m\u00e4ngijatele.<\/p>\n<p data-start=\"423\" data-end=\"442\"><strong data-start=\"423\" data-end=\"442\">Toote omadused:<\/strong><\/p>\n<ul data-start=\"443\" data-end=\"645\" data-is-last-node=\"\" data-is-only-node=\"\">\n<li data-section-id=\"1o7rimj\" data-start=\"443\" data-end=\"466\">V\u00e4ga hea p\u00f5rkev\u00f5ime<\/li>\n<li data-section-id=\"2pi8rm\" data-start=\"467\" data-end=\"496\">Kompaktne ja kaasaskantav<\/li>\n<li data-section-id=\"88yy46\" data-start=\"497\" data-end=\"549\">Sobib nii sise- kui v\u00e4listingimustes m\u00e4ngimiseks<\/li>\n<li data-section-id=\"1ha8tg1\" data-start=\"550\" data-end=\"599\">Arendab koordinatsiooni ja reaktsioonikiirust<\/li>\n<li data-section-id=\"1haa977\" data-start=\"600\" data-end=\"645\" data-is-last-node=\"\">Ideaalne lihtsaks ja l\u00f5busaks ajaviiteks \ud83d\udfe0<\/li>\n<li data-section-id=\"1haa977\" data-start=\"600\" data-end=\"645\" data-is-last-node=\"\">NB! P\u00f5rkepall tuleb juhuslikus v\u00e4rvis<\/li>\n<\/ul>","protected":false},"excerpt":{"rendered":"<p data-start=\"0\" data-end=\"236\"><strong data-start=\"0\" data-end=\"13\">P\u00f5rkepall<\/strong> on klassikaline ja l\u00f5bus m\u00e4nguasi, mis pakub r\u00f5\u00f5mu nii lastele kui ka t\u00e4iskasvanutele. T\u00e4nu oma suurep\u00e4rasele p\u00f5rkev\u00f5imele saab sellega m\u00e4ngida nii toas kui \u00f5ues, arendades samal ajal reaktsioonikiirust ja koordinatsiooni.<\/p>\n<p data-start=\"238\" data-end=\"421\">V\u00e4ike ja kerge pall sobib ideaalselt taskusse v\u00f5i kotti, et v\u00f5tta see kaasa kooli, reisile v\u00f5i s\u00f5pradega m\u00e4ngimiseks. Lihtne, kuid alati kaasahaarav ajaviide igas vanuses m\u00e4ngijatele.<\/p>\n<p data-start=\"423\" data-end=\"442\"><strong data-start=\"423\" data-end=\"442\">Toote omadused:<\/strong><\/p>\n<ul data-start=\"443\" data-end=\"645\" data-is-last-node=\"\" data-is-only-node=\"\">\n<li data-section-id=\"1o7rimj\" data-start=\"443\" data-end=\"466\">V\u00e4ga hea p\u00f5rkev\u00f5ime<\/li>\n<li data-section-id=\"2pi8rm\" data-start=\"467\" data-end=\"496\">Kompaktne ja kaasaskantav<\/li>\n<li data-section-id=\"88yy46\" data-start=\"497\" data-end=\"549\">Sobib nii sise- kui v\u00e4listingimustes m\u00e4ngimiseks<\/li>\n<li data-section-id=\"1ha8tg1\" data-start=\"550\" data-end=\"599\">Arendab koordinatsiooni ja reaktsioonikiirust<\/li>\n<li data-section-id=\"1haa977\" data-start=\"600\" data-end=\"645\" data-is-last-node=\"\">Ideaalne lihtsaks ja l\u00f5busaks ajaviiteks \ud83d\udfe0<\/li>\n<li>NB! P\u00f5rkepall tuleb juhuslikus v\u00e4rvis<\/li>\n<li data-section-id=\"1haa977\" data-start=\"600\" data-end=\"645\" data-is-last-node=\"\"><\/li>\n<\/ul>","protected":false},"featured_media":30300,"comment_status":"open","ping_status":"closed","template":"","meta":[],"product_brand":[],"product_cat":[184,105,107,109],"product_tag":[360,327,349,348,350],"class_list":{"0":"post-30299","1":"product","2":"type-product","3":"status-publish","4":"has-post-thumbnail","6":"product_cat-kingitused-lastele","7":"product_cat-manguasjad","8":"product_cat-ouemanguasjad","9":"product_cat-siseruumi-manguasjad","10":"product_tag-kingitus-lastele","11":"product_tag-manguasi","12":"product_tag-ouemanguasi","13":"product_tag-porkepall","14":"product_tag-sisemanguasi","16":"first","17":"instock","18":"taxable","19":"shipping-taxable","20":"purchasable","21":"product-type-simple"},"yoast_head":"<!-- This site is optimized with the Yoast SEO Premium plugin v27.1 (Yoast SEO v27.3) - https:\/\/yoast.com\/product\/yoast-seo-premium-wordpress\/ -->\n<title>P\u00f5rkepall \u2013 klassikaline ja l\u00f5bus m\u00e4nguasi | Kingimeister.ee<\/title>\n<meta name=\"description\" content=\"P\u00f5rkepall on lihtne ja l\u00f5bus m\u00e4nguasi, mis sobib nii lastele kui t\u00e4iskasvanutele. Arendab koordinatsiooni ja pakub meelelahutust igal ajal!\" \/>\n<meta name=\"robots\" content=\"index, follow, max-snippet:-1, max-image-preview:large, max-video-preview:-1\" \/>\n<link rel=\"canonical\" href=\"https:\/\/kingimeister.ee\/ru\/porkepall-juhusliku-varviga\/\" \/>\n<meta property=\"og:locale\" content=\"ru_RU\" \/>\n<meta property=\"og:type\" content=\"article\" \/>\n<meta property=\"og:title\" content=\"P\u00f5rkepall (juhusliku v\u00e4rviga)\" \/>\n<meta property=\"og:description\" content=\"P\u00f5rkepall on lihtne ja l\u00f5bus m\u00e4nguasi, mis sobib nii lastele kui t\u00e4iskasvanutele. Arendab koordinatsiooni ja pakub meelelahutust igal ajal!\" \/>\n<meta property=\"og:url\" content=\"https:\/\/kingimeister.ee\/ru\/porkepall-juhusliku-varviga\/\" \/>\n<meta property=\"og:site_name\" content=\"Kingimeister.ee - Kingituste E-pood\" \/>\n<meta property=\"article:modified_time\" content=\"2026-04-08T20:57:51+00:00\" \/>\n<meta property=\"og:image\" content=\"https:\/\/kingimeister.ee\/wp-content\/uploads\/2026\/04\/Porkepall.png\" \/>\n\t<meta property=\"og:image:width\" content=\"800\" \/>\n\t<meta property=\"og:image:height\" content=\"800\" \/>\n\t<meta property=\"og:image:type\" content=\"image\/png\" \/>\n<meta name=\"twitter:card\" content=\"summary_large_image\" \/>\n<meta name=\"twitter:label1\" content=\"\u041f\u0440\u0438\u043c\u0435\u0440\u043d\u043e\u0435 \u0432\u0440\u0435\u043c\u044f \u0434\u043b\u044f \u0447\u0442\u0435\u043d\u0438\u044f\" \/>\n\t<meta name=\"twitter:data1\" content=\"1 \u043c\u0438\u043d\u0443\u0442\u0430\" \/>\n<script type=\"application\/ld+json\" class=\"yoast-schema-graph\">{\"@context\":\"https:\\\/\\\/schema.org\",\"@graph\":[{\"@type\":\"WebPage\",\"@id\":\"https:\\\/\\\/kingimeister.ee\\\/porkepall-juhusliku-varviga\\\/\",\"url\":\"https:\\\/\\\/kingimeister.ee\\\/porkepall-juhusliku-varviga\\\/\",\"name\":\"P\u00f5rkepall \u2013 klassikaline ja l\u00f5bus m\u00e4nguasi | Kingimeister.ee\",\"isPartOf\":{\"@id\":\"https:\\\/\\\/kingimeister.ee\\\/#website\"},\"primaryImageOfPage\":{\"@id\":\"https:\\\/\\\/kingimeister.ee\\\/porkepall-juhusliku-varviga\\\/#primaryimage\"},\"image\":{\"@id\":\"https:\\\/\\\/kingimeister.ee\\\/porkepall-juhusliku-varviga\\\/#primaryimage\"},\"thumbnailUrl\":\"https:\\\/\\\/i0.wp.com\\\/kingimeister.ee\\\/wp-content\\\/uploads\\\/2026\\\/04\\\/Porkepall.png?fit=800%2C800&ssl=1\",\"datePublished\":\"2026-04-03T08:15:34+00:00\",\"dateModified\":\"2026-04-08T20:57:51+00:00\",\"description\":\"P\u00f5rkepall on lihtne ja l\u00f5bus m\u00e4nguasi, mis sobib nii lastele kui t\u00e4iskasvanutele. Arendab koordinatsiooni ja pakub meelelahutust igal ajal!\",\"breadcrumb\":{\"@id\":\"https:\\\/\\\/kingimeister.ee\\\/porkepall-juhusliku-varviga\\\/#breadcrumb\"},\"inLanguage\":\"ru-RU\",\"potentialAction\":[{\"@type\":\"ReadAction\",\"target\":[\"https:\\\/\\\/kingimeister.ee\\\/porkepall-juhusliku-varviga\\\/\"]}]},{\"@type\":\"ImageObject\",\"inLanguage\":\"ru-RU\",\"@id\":\"https:\\\/\\\/kingimeister.ee\\\/porkepall-juhusliku-varviga\\\/#primaryimage\",\"url\":\"https:\\\/\\\/i0.wp.com\\\/kingimeister.ee\\\/wp-content\\\/uploads\\\/2026\\\/04\\\/Porkepall.png?fit=800%2C800&ssl=1\",\"contentUrl\":\"https:\\\/\\\/i0.wp.com\\\/kingimeister.ee\\\/wp-content\\\/uploads\\\/2026\\\/04\\\/Porkepall.png?fit=800%2C800&ssl=1\",\"width\":800,\"height\":800},{\"@type\":\"BreadcrumbList\",\"@id\":\"https:\\\/\\\/kingimeister.ee\\\/porkepall-juhusliku-varviga\\\/#breadcrumb\",\"itemListElement\":[{\"@type\":\"ListItem\",\"position\":1,\"name\":\"Home\",\"item\":\"https:\\\/\\\/kingimeister.ee\\\/\"},{\"@type\":\"ListItem\",\"position\":2,\"name\":\"Kingitused\",\"item\":\"https:\\\/\\\/kingimeister.ee\\\/kingitused\\\/\"},{\"@type\":\"ListItem\",\"position\":3,\"name\":\"P\u00f5rkepall (juhusliku v\u00e4rviga)\"}]},{\"@type\":\"WebSite\",\"@id\":\"https:\\\/\\\/kingimeister.ee\\\/#website\",\"url\":\"https:\\\/\\\/kingimeister.ee\\\/\",\"name\":\"Kingimeister.ee - Kingituste E-pood\",\"description\":\"\",\"publisher\":{\"@id\":\"https:\\\/\\\/kingimeister.ee\\\/#organization\"},\"potentialAction\":[{\"@type\":\"SearchAction\",\"target\":{\"@type\":\"EntryPoint\",\"urlTemplate\":\"https:\\\/\\\/kingimeister.ee\\\/?s={search_term_string}\"},\"query-input\":{\"@type\":\"PropertyValueSpecification\",\"valueRequired\":true,\"valueName\":\"search_term_string\"}}],\"inLanguage\":\"ru-RU\"},{\"@type\":\"Organization\",\"@id\":\"https:\\\/\\\/kingimeister.ee\\\/#organization\",\"name\":\"Kingimeister.ee - Kingituste E-pood\",\"url\":\"https:\\\/\\\/kingimeister.ee\\\/\",\"logo\":{\"@type\":\"ImageObject\",\"inLanguage\":\"ru-RU\",\"@id\":\"https:\\\/\\\/kingimeister.ee\\\/#\\\/schema\\\/logo\\\/image\\\/\",\"url\":\"https:\\\/\\\/kingimeister.ee\\\/wp-content\\\/uploads\\\/2026\\\/03\\\/Logo-e1773259902867.png\",\"contentUrl\":\"https:\\\/\\\/kingimeister.ee\\\/wp-content\\\/uploads\\\/2026\\\/03\\\/Logo-e1773259902867.png\",\"width\":1443,\"height\":237,\"caption\":\"Kingimeister.ee - Kingituste E-pood\"},\"image\":{\"@id\":\"https:\\\/\\\/kingimeister.ee\\\/#\\\/schema\\\/logo\\\/image\\\/\"}}]}<\/script>\n<!-- \/ Yoast SEO Premium plugin. -->","yoast_head_json":{"title":"P\u00f5rkepall \u2013 klassikaline ja l\u00f5bus m\u00e4nguasi | Kingimeister.ee","description":"P\u00f5rkepall on lihtne ja l\u00f5bus m\u00e4nguasi, mis sobib nii lastele kui t\u00e4iskasvanutele. Arendab koordinatsiooni ja pakub meelelahutust igal ajal!","robots":{"index":"index","follow":"follow","max-snippet":"max-snippet:-1","max-image-preview":"max-image-preview:large","max-video-preview":"max-video-preview:-1"},"canonical":"https:\/\/kingimeister.ee\/ru\/porkepall-juhusliku-varviga\/","og_locale":"ru_RU","og_type":"article","og_title":"P\u00f5rkepall (juhusliku v\u00e4rviga)","og_description":"P\u00f5rkepall on lihtne ja l\u00f5bus m\u00e4nguasi, mis sobib nii lastele kui t\u00e4iskasvanutele. Arendab koordinatsiooni ja pakub meelelahutust igal ajal!","og_url":"https:\/\/kingimeister.ee\/ru\/porkepall-juhusliku-varviga\/","og_site_name":"Kingimeister.ee - Kingituste E-pood","article_modified_time":"2026-04-08T20:57:51+00:00","og_image":[{"width":800,"height":800,"url":"https:\/\/kingimeister.ee\/wp-content\/uploads\/2026\/04\/Porkepall.png","type":"image\/png"}],"twitter_card":"summary_large_image","twitter_misc":{"\u041f\u0440\u0438\u043c\u0435\u0440\u043d\u043e\u0435 \u0432\u0440\u0435\u043c\u044f \u0434\u043b\u044f \u0447\u0442\u0435\u043d\u0438\u044f":"1 \u043c\u0438\u043d\u0443\u0442\u0430"},"schema":{"@context":"https:\/\/schema.org","@graph":[{"@type":"WebPage","@id":"https:\/\/kingimeister.ee\/porkepall-juhusliku-varviga\/","url":"https:\/\/kingimeister.ee\/porkepall-juhusliku-varviga\/","name":"P\u00f5rkepall \u2013 klassikaline ja l\u00f5bus m\u00e4nguasi | Kingimeister.ee","isPartOf":{"@id":"https:\/\/kingimeister.ee\/#website"},"primaryImageOfPage":{"@id":"https:\/\/kingimeister.ee\/porkepall-juhusliku-varviga\/#primaryimage"},"image":{"@id":"https:\/\/kingimeister.ee\/porkepall-juhusliku-varviga\/#primaryimage"},"thumbnailUrl":"https:\/\/i0.wp.com\/kingimeister.ee\/wp-content\/uploads\/2026\/04\/Porkepall.png?fit=800%2C800&ssl=1","datePublished":"2026-04-03T08:15:34+00:00","dateModified":"2026-04-08T20:57:51+00:00","description":"P\u00f5rkepall on lihtne ja l\u00f5bus m\u00e4nguasi, mis sobib nii lastele kui t\u00e4iskasvanutele. Arendab koordinatsiooni ja pakub meelelahutust igal ajal!","breadcrumb":{"@id":"https:\/\/kingimeister.ee\/porkepall-juhusliku-varviga\/#breadcrumb"},"inLanguage":"ru-RU","potentialAction":[{"@type":"ReadAction","target":["https:\/\/kingimeister.ee\/porkepall-juhusliku-varviga\/"]}]},{"@type":"ImageObject","inLanguage":"ru-RU","@id":"https:\/\/kingimeister.ee\/porkepall-juhusliku-varviga\/#primaryimage","url":"https:\/\/i0.wp.com\/kingimeister.ee\/wp-content\/uploads\/2026\/04\/Porkepall.png?fit=800%2C800&ssl=1","contentUrl":"https:\/\/i0.wp.com\/kingimeister.ee\/wp-content\/uploads\/2026\/04\/Porkepall.png?fit=800%2C800&ssl=1","width":800,"height":800},{"@type":"BreadcrumbList","@id":"https:\/\/kingimeister.ee\/porkepall-juhusliku-varviga\/#breadcrumb","itemListElement":[{"@type":"ListItem","position":1,"name":"Home","item":"https:\/\/kingimeister.ee\/"},{"@type":"ListItem","position":2,"name":"Kingitused","item":"https:\/\/kingimeister.ee\/kingitused\/"},{"@type":"ListItem","position":3,"name":"P\u00f5rkepall (juhusliku v\u00e4rviga)"}]},{"@type":"WebSite","@id":"https:\/\/kingimeister.ee\/#website","url":"https:\/\/kingimeister.ee\/","name":"Kingimeister.ee - Kingituste E-pood","description":"","publisher":{"@id":"https:\/\/kingimeister.ee\/#organization"},"potentialAction":[{"@type":"SearchAction","target":{"@type":"EntryPoint","urlTemplate":"https:\/\/kingimeister.ee\/?s={search_term_string}"},"query-input":{"@type":"PropertyValueSpecification","valueRequired":true,"valueName":"search_term_string"}}],"inLanguage":"ru-RU"},{"@type":"Organization","@id":"https:\/\/kingimeister.ee\/#organization","name":"Kingimeister.ee - Kingituste E-pood","url":"https:\/\/kingimeister.ee\/","logo":{"@type":"ImageObject","inLanguage":"ru-RU","@id":"https:\/\/kingimeister.ee\/#\/schema\/logo\/image\/","url":"https:\/\/kingimeister.ee\/wp-content\/uploads\/2026\/03\/Logo-e1773259902867.png","contentUrl":"https:\/\/kingimeister.ee\/wp-content\/uploads\/2026\/03\/Logo-e1773259902867.png","width":1443,"height":237,"caption":"Kingimeister.ee - Kingituste E-pood"},"image":{"@id":"https:\/\/kingimeister.ee\/#\/schema\/logo\/image\/"}}]}},"jetpack_sharing_enabled":true,"_links":{"self":[{"href":"https:\/\/kingimeister.ee\/ru\/wp-json\/wp\/v2\/product\/30299","targetHints":{"allow":["GET"]}}],"collection":[{"href":"https:\/\/kingimeister.ee\/ru\/wp-json\/wp\/v2\/product"}],"about":[{"href":"https:\/\/kingimeister.ee\/ru\/wp-json\/wp\/v2\/types\/product"}],"replies":[{"embeddable":true,"href":"https:\/\/kingimeister.ee\/ru\/wp-json\/wp\/v2\/comments?post=30299"}],"version-history":[{"count":1,"href":"https:\/\/kingimeister.ee\/ru\/wp-json\/wp\/v2\/product\/30299\/revisions"}],"predecessor-version":[{"id":30301,"href":"https:\/\/kingimeister.ee\/ru\/wp-json\/wp\/v2\/product\/30299\/revisions\/30301"}],"wp:featuredmedia":[{"embeddable":true,"href":"https:\/\/kingimeister.ee\/ru\/wp-json\/wp\/v2\/media\/30300"}],"wp:attachment":[{"href":"https:\/\/kingimeister.ee\/ru\/wp-json\/wp\/v2\/media?parent=30299"}],"wp:term":[{"taxonomy":"product_brand","embeddable":true,"href":"https:\/\/kingimeister.ee\/ru\/wp-json\/wp\/v2\/product_brand?post=30299"},{"taxonomy":"product_cat","embeddable":true,"href":"https:\/\/kingimeister.ee\/ru\/wp-json\/wp\/v2\/product_cat?post=30299"},{"taxonomy":"product_tag","embeddable":true,"href":"https:\/\/kingimeister.ee\/ru\/wp-json\/wp\/v2\/product_tag?post=30299"}],"curies":[{"name":"wp","href":"https:\/\/api.w.org\/{rel}","templated":true}]}}