{"id":30302,"date":"2026-04-03T10:22:19","date_gmt":"2026-04-03T08:22:19","guid":{"rendered":"https:\/\/kingimeister.ee\/?post_type=product&#038;p=30302"},"modified":"2026-04-08T22:57:12","modified_gmt":"2026-04-08T20:57:12","slug":"mini-trips-traps-trull","status":"publish","type":"product","link":"https:\/\/kingimeister.ee\/ru\/mini-trips-traps-trull\/","title":{"rendered":"Mini Trips-Traps-Trull"},"content":{"rendered":"<p data-start=\"0\" data-end=\"229\"><strong data-start=\"0\" data-end=\"26\">Mini Trips-Traps-Trull<\/strong> on klassikaline ja ajatu lauam\u00e4ng, mis pakub l\u00f5busat ja nutikat ajaviidet igas vanuses m\u00e4ngijatele. Kompaktne versioon tuntud m\u00e4ngust sobib ideaalselt nii koju, reisile kui ka kiireks m\u00e4nguks s\u00f5pradega.<\/p>\n<p data-start=\"231\" data-end=\"409\">M\u00e4ngu eesm\u00e4rk on lihtne \u2013 saada kolm oma m\u00e4rki ritta enne vastast! See arendab loogilist m\u00f5tlemist, strateegiat ja t\u00e4helepanelikkust, pakkudes samal ajal l\u00f5busat v\u00f5istlusmomenti.<\/p>\n<p data-start=\"411\" data-end=\"430\"><strong data-start=\"411\" data-end=\"430\">Toote omadused:<\/strong><\/p>\n<ul data-start=\"431\" data-end=\"652\" data-is-last-node=\"\" data-is-only-node=\"\">\n<li data-section-id=\"15c0eeu\" data-start=\"431\" data-end=\"481\">Klassikaline Trips-Traps-Trull m\u00e4ng mini kujul<\/li>\n<li data-section-id=\"dvhvw\" data-start=\"482\" data-end=\"517\">Kompaktne ja mugav kaasas kanda<\/li>\n<li data-section-id=\"ypmzt6\" data-start=\"518\" data-end=\"565\">Arendab loogikat ja strateegilist m\u00f5tlemist<\/li>\n<li data-section-id=\"10eg9c5\" data-start=\"566\" data-end=\"607\">Sobib nii lastele kui t\u00e4iskasvanutele<\/li>\n<li data-section-id=\"o3wnjz\" data-start=\"608\" data-end=\"652\" data-is-last-node=\"\">Ideaalne reisile v\u00f5i kiireks ajaviiteks \ud83c\udfb2<\/li>\n<li data-section-id=\"o3wnjz\" data-start=\"608\" data-end=\"652\" data-is-last-node=\"\">\n<div class=\"_45Hm99wa PjdWJn3s\"><span class=\"\" data-type=\"0\">Hoiatus. Ei ole sobiv alla 36 kuu vanustele lastele.V\u00e4ikesed osad. L\u00e4mbumisoht <\/span><\/div>\n<\/li>\n<\/ul>","protected":false},"excerpt":{"rendered":"<p data-start=\"0\" data-end=\"229\"><strong data-start=\"0\" data-end=\"26\">Mini Trips-Traps-Trull<\/strong> on klassikaline ja ajatu lauam\u00e4ng, mis pakub l\u00f5busat ja nutikat ajaviidet igas vanuses m\u00e4ngijatele. Kompaktne versioon tuntud m\u00e4ngust sobib ideaalselt nii koju, reisile kui ka kiireks m\u00e4nguks s\u00f5pradega.<\/p>\n<p data-start=\"231\" data-end=\"409\">M\u00e4ngu eesm\u00e4rk on lihtne \u2013 saada kolm oma m\u00e4rki ritta enne vastast! See arendab loogilist m\u00f5tlemist, strateegiat ja t\u00e4helepanelikkust, pakkudes samal ajal l\u00f5busat v\u00f5istlusmomenti.<\/p>\n<p data-start=\"411\" data-end=\"430\"><strong data-start=\"411\" data-end=\"430\">Toote omadused:<\/strong><\/p>\n<ul data-start=\"431\" data-end=\"652\" data-is-last-node=\"\" data-is-only-node=\"\">\n<li data-section-id=\"15c0eeu\" data-start=\"431\" data-end=\"481\">Klassikaline Trips-Traps-Trull m\u00e4ng mini kujul<\/li>\n<li data-section-id=\"dvhvw\" data-start=\"482\" data-end=\"517\">Kompaktne ja mugav kaasas kanda<\/li>\n<li data-section-id=\"ypmzt6\" data-start=\"518\" data-end=\"565\">Arendab loogikat ja strateegilist m\u00f5tlemist<\/li>\n<li data-section-id=\"10eg9c5\" data-start=\"566\" data-end=\"607\">Sobib nii lastele kui t\u00e4iskasvanutele<\/li>\n<li data-section-id=\"o3wnjz\" data-start=\"608\" data-end=\"652\" data-is-last-node=\"\">Ideaalne reisile v\u00f5i kiireks ajaviiteks \ud83c\udfb2<\/li>\n<li data-section-id=\"o3wnjz\" data-start=\"608\" data-end=\"652\" data-is-last-node=\"\">\n<div class=\"_45Hm99wa PjdWJn3s\"><span class=\"\" data-type=\"0\">Hoiatus. Ei ole sobiv alla 36 kuu vanustele lastele.V\u00e4ikesed osad. L\u00e4mbumisoht <\/span><\/div>\n<\/li>\n<\/ul>","protected":false},"featured_media":30303,"comment_status":"open","ping_status":"closed","template":"","meta":[],"product_brand":[],"product_cat":[184,105,107,125,109],"product_tag":[351,360,362,332,327,352],"class_list":{"0":"post-30302","1":"product","2":"type-product","3":"status-publish","4":"has-post-thumbnail","6":"product_cat-kingitused-lastele","7":"product_cat-manguasjad","8":"product_cat-ouemanguasjad","9":"product_cat-peomangud","10":"product_cat-siseruumi-manguasjad","11":"product_tag-ajumang","12":"product_tag-kingitus-lastele","13":"product_tag-laste-kingitus","14":"product_tag-mang","15":"product_tag-manguasi","16":"product_tag-nuputamismang","18":"first","19":"instock","20":"sale","21":"taxable","22":"shipping-taxable","23":"purchasable","24":"product-type-simple"},"yoast_head":"<!-- This site is optimized with the Yoast SEO Premium plugin v27.1 (Yoast SEO v27.3) - https:\/\/yoast.com\/product\/yoast-seo-premium-wordpress\/ -->\n<title>Mini Trips-Traps-Trull \u2013 klassikaline lauam\u00e4ng reisile | Kingimeister.ee<\/title>\n<meta name=\"description\" content=\"Mini Trips-Traps-Trull on kompaktne ja l\u00f5bus lauam\u00e4ng, mis arendab loogikat ja strateegiat. Ideaalne reisile v\u00f5i kiireks ajaviiteks!\" \/>\n<meta name=\"robots\" content=\"index, follow, max-snippet:-1, max-image-preview:large, max-video-preview:-1\" \/>\n<link rel=\"canonical\" href=\"https:\/\/kingimeister.ee\/ru\/mini-trips-traps-trull\/\" \/>\n<meta property=\"og:locale\" content=\"ru_RU\" \/>\n<meta property=\"og:type\" content=\"article\" \/>\n<meta property=\"og:title\" content=\"Mini Trips-Traps-Trull\" \/>\n<meta property=\"og:description\" content=\"Mini Trips-Traps-Trull on kompaktne ja l\u00f5bus lauam\u00e4ng, mis arendab loogikat ja strateegiat. Ideaalne reisile v\u00f5i kiireks ajaviiteks!\" \/>\n<meta property=\"og:url\" content=\"https:\/\/kingimeister.ee\/ru\/mini-trips-traps-trull\/\" \/>\n<meta property=\"og:site_name\" content=\"Kingimeister.ee - Kingituste E-pood\" \/>\n<meta property=\"article:modified_time\" content=\"2026-04-08T20:57:12+00:00\" \/>\n<meta property=\"og:image\" content=\"https:\/\/kingimeister.ee\/wp-content\/uploads\/2026\/04\/trips-traps-trull-mini.png\" \/>\n\t<meta property=\"og:image:width\" content=\"800\" \/>\n\t<meta property=\"og:image:height\" content=\"800\" \/>\n\t<meta property=\"og:image:type\" content=\"image\/png\" \/>\n<meta name=\"twitter:card\" content=\"summary_large_image\" \/>\n<meta name=\"twitter:label1\" content=\"\u041f\u0440\u0438\u043c\u0435\u0440\u043d\u043e\u0435 \u0432\u0440\u0435\u043c\u044f \u0434\u043b\u044f \u0447\u0442\u0435\u043d\u0438\u044f\" \/>\n\t<meta name=\"twitter:data1\" content=\"1 \u043c\u0438\u043d\u0443\u0442\u0430\" \/>\n<script type=\"application\/ld+json\" class=\"yoast-schema-graph\">{\"@context\":\"https:\\\/\\\/schema.org\",\"@graph\":[{\"@type\":\"WebPage\",\"@id\":\"https:\\\/\\\/kingimeister.ee\\\/mini-trips-traps-trull\\\/\",\"url\":\"https:\\\/\\\/kingimeister.ee\\\/mini-trips-traps-trull\\\/\",\"name\":\"Mini Trips-Traps-Trull \u2013 klassikaline lauam\u00e4ng reisile | Kingimeister.ee\",\"isPartOf\":{\"@id\":\"https:\\\/\\\/kingimeister.ee\\\/#website\"},\"primaryImageOfPage\":{\"@id\":\"https:\\\/\\\/kingimeister.ee\\\/mini-trips-traps-trull\\\/#primaryimage\"},\"image\":{\"@id\":\"https:\\\/\\\/kingimeister.ee\\\/mini-trips-traps-trull\\\/#primaryimage\"},\"thumbnailUrl\":\"https:\\\/\\\/i0.wp.com\\\/kingimeister.ee\\\/wp-content\\\/uploads\\\/2026\\\/04\\\/trips-traps-trull-mini.png?fit=800%2C800&ssl=1\",\"datePublished\":\"2026-04-03T08:22:19+00:00\",\"dateModified\":\"2026-04-08T20:57:12+00:00\",\"description\":\"Mini Trips-Traps-Trull on kompaktne ja l\u00f5bus lauam\u00e4ng, mis arendab loogikat ja strateegiat. Ideaalne reisile v\u00f5i kiireks ajaviiteks!\",\"breadcrumb\":{\"@id\":\"https:\\\/\\\/kingimeister.ee\\\/mini-trips-traps-trull\\\/#breadcrumb\"},\"inLanguage\":\"ru-RU\",\"potentialAction\":[{\"@type\":\"ReadAction\",\"target\":[\"https:\\\/\\\/kingimeister.ee\\\/mini-trips-traps-trull\\\/\"]}]},{\"@type\":\"ImageObject\",\"inLanguage\":\"ru-RU\",\"@id\":\"https:\\\/\\\/kingimeister.ee\\\/mini-trips-traps-trull\\\/#primaryimage\",\"url\":\"https:\\\/\\\/i0.wp.com\\\/kingimeister.ee\\\/wp-content\\\/uploads\\\/2026\\\/04\\\/trips-traps-trull-mini.png?fit=800%2C800&ssl=1\",\"contentUrl\":\"https:\\\/\\\/i0.wp.com\\\/kingimeister.ee\\\/wp-content\\\/uploads\\\/2026\\\/04\\\/trips-traps-trull-mini.png?fit=800%2C800&ssl=1\",\"width\":800,\"height\":800},{\"@type\":\"BreadcrumbList\",\"@id\":\"https:\\\/\\\/kingimeister.ee\\\/mini-trips-traps-trull\\\/#breadcrumb\",\"itemListElement\":[{\"@type\":\"ListItem\",\"position\":1,\"name\":\"Home\",\"item\":\"https:\\\/\\\/kingimeister.ee\\\/\"},{\"@type\":\"ListItem\",\"position\":2,\"name\":\"Kingitused\",\"item\":\"https:\\\/\\\/kingimeister.ee\\\/kingitused\\\/\"},{\"@type\":\"ListItem\",\"position\":3,\"name\":\"Mini Trips-Traps-Trull\"}]},{\"@type\":\"WebSite\",\"@id\":\"https:\\\/\\\/kingimeister.ee\\\/#website\",\"url\":\"https:\\\/\\\/kingimeister.ee\\\/\",\"name\":\"Kingimeister.ee - Kingituste E-pood\",\"description\":\"\",\"publisher\":{\"@id\":\"https:\\\/\\\/kingimeister.ee\\\/#organization\"},\"potentialAction\":[{\"@type\":\"SearchAction\",\"target\":{\"@type\":\"EntryPoint\",\"urlTemplate\":\"https:\\\/\\\/kingimeister.ee\\\/?s={search_term_string}\"},\"query-input\":{\"@type\":\"PropertyValueSpecification\",\"valueRequired\":true,\"valueName\":\"search_term_string\"}}],\"inLanguage\":\"ru-RU\"},{\"@type\":\"Organization\",\"@id\":\"https:\\\/\\\/kingimeister.ee\\\/#organization\",\"name\":\"Kingimeister.ee - Kingituste E-pood\",\"url\":\"https:\\\/\\\/kingimeister.ee\\\/\",\"logo\":{\"@type\":\"ImageObject\",\"inLanguage\":\"ru-RU\",\"@id\":\"https:\\\/\\\/kingimeister.ee\\\/#\\\/schema\\\/logo\\\/image\\\/\",\"url\":\"https:\\\/\\\/kingimeister.ee\\\/wp-content\\\/uploads\\\/2026\\\/03\\\/Logo-e1773259902867.png\",\"contentUrl\":\"https:\\\/\\\/kingimeister.ee\\\/wp-content\\\/uploads\\\/2026\\\/03\\\/Logo-e1773259902867.png\",\"width\":1443,\"height\":237,\"caption\":\"Kingimeister.ee - Kingituste E-pood\"},\"image\":{\"@id\":\"https:\\\/\\\/kingimeister.ee\\\/#\\\/schema\\\/logo\\\/image\\\/\"}}]}<\/script>\n<!-- \/ Yoast SEO Premium plugin. -->","yoast_head_json":{"title":"Mini Trips-Traps-Trull \u2013 klassikaline lauam\u00e4ng reisile | Kingimeister.ee","description":"Mini Trips-Traps-Trull on kompaktne ja l\u00f5bus lauam\u00e4ng, mis arendab loogikat ja strateegiat. Ideaalne reisile v\u00f5i kiireks ajaviiteks!","robots":{"index":"index","follow":"follow","max-snippet":"max-snippet:-1","max-image-preview":"max-image-preview:large","max-video-preview":"max-video-preview:-1"},"canonical":"https:\/\/kingimeister.ee\/ru\/mini-trips-traps-trull\/","og_locale":"ru_RU","og_type":"article","og_title":"Mini Trips-Traps-Trull","og_description":"Mini Trips-Traps-Trull on kompaktne ja l\u00f5bus lauam\u00e4ng, mis arendab loogikat ja strateegiat. Ideaalne reisile v\u00f5i kiireks ajaviiteks!","og_url":"https:\/\/kingimeister.ee\/ru\/mini-trips-traps-trull\/","og_site_name":"Kingimeister.ee - Kingituste E-pood","article_modified_time":"2026-04-08T20:57:12+00:00","og_image":[{"width":800,"height":800,"url":"https:\/\/kingimeister.ee\/wp-content\/uploads\/2026\/04\/trips-traps-trull-mini.png","type":"image\/png"}],"twitter_card":"summary_large_image","twitter_misc":{"\u041f\u0440\u0438\u043c\u0435\u0440\u043d\u043e\u0435 \u0432\u0440\u0435\u043c\u044f \u0434\u043b\u044f \u0447\u0442\u0435\u043d\u0438\u044f":"1 \u043c\u0438\u043d\u0443\u0442\u0430"},"schema":{"@context":"https:\/\/schema.org","@graph":[{"@type":"WebPage","@id":"https:\/\/kingimeister.ee\/mini-trips-traps-trull\/","url":"https:\/\/kingimeister.ee\/mini-trips-traps-trull\/","name":"Mini Trips-Traps-Trull \u2013 klassikaline lauam\u00e4ng reisile | Kingimeister.ee","isPartOf":{"@id":"https:\/\/kingimeister.ee\/#website"},"primaryImageOfPage":{"@id":"https:\/\/kingimeister.ee\/mini-trips-traps-trull\/#primaryimage"},"image":{"@id":"https:\/\/kingimeister.ee\/mini-trips-traps-trull\/#primaryimage"},"thumbnailUrl":"https:\/\/i0.wp.com\/kingimeister.ee\/wp-content\/uploads\/2026\/04\/trips-traps-trull-mini.png?fit=800%2C800&ssl=1","datePublished":"2026-04-03T08:22:19+00:00","dateModified":"2026-04-08T20:57:12+00:00","description":"Mini Trips-Traps-Trull on kompaktne ja l\u00f5bus lauam\u00e4ng, mis arendab loogikat ja strateegiat. Ideaalne reisile v\u00f5i kiireks ajaviiteks!","breadcrumb":{"@id":"https:\/\/kingimeister.ee\/mini-trips-traps-trull\/#breadcrumb"},"inLanguage":"ru-RU","potentialAction":[{"@type":"ReadAction","target":["https:\/\/kingimeister.ee\/mini-trips-traps-trull\/"]}]},{"@type":"ImageObject","inLanguage":"ru-RU","@id":"https:\/\/kingimeister.ee\/mini-trips-traps-trull\/#primaryimage","url":"https:\/\/i0.wp.com\/kingimeister.ee\/wp-content\/uploads\/2026\/04\/trips-traps-trull-mini.png?fit=800%2C800&ssl=1","contentUrl":"https:\/\/i0.wp.com\/kingimeister.ee\/wp-content\/uploads\/2026\/04\/trips-traps-trull-mini.png?fit=800%2C800&ssl=1","width":800,"height":800},{"@type":"BreadcrumbList","@id":"https:\/\/kingimeister.ee\/mini-trips-traps-trull\/#breadcrumb","itemListElement":[{"@type":"ListItem","position":1,"name":"Home","item":"https:\/\/kingimeister.ee\/"},{"@type":"ListItem","position":2,"name":"Kingitused","item":"https:\/\/kingimeister.ee\/kingitused\/"},{"@type":"ListItem","position":3,"name":"Mini Trips-Traps-Trull"}]},{"@type":"WebSite","@id":"https:\/\/kingimeister.ee\/#website","url":"https:\/\/kingimeister.ee\/","name":"Kingimeister.ee - Kingituste E-pood","description":"","publisher":{"@id":"https:\/\/kingimeister.ee\/#organization"},"potentialAction":[{"@type":"SearchAction","target":{"@type":"EntryPoint","urlTemplate":"https:\/\/kingimeister.ee\/?s={search_term_string}"},"query-input":{"@type":"PropertyValueSpecification","valueRequired":true,"valueName":"search_term_string"}}],"inLanguage":"ru-RU"},{"@type":"Organization","@id":"https:\/\/kingimeister.ee\/#organization","name":"Kingimeister.ee - Kingituste E-pood","url":"https:\/\/kingimeister.ee\/","logo":{"@type":"ImageObject","inLanguage":"ru-RU","@id":"https:\/\/kingimeister.ee\/#\/schema\/logo\/image\/","url":"https:\/\/kingimeister.ee\/wp-content\/uploads\/2026\/03\/Logo-e1773259902867.png","contentUrl":"https:\/\/kingimeister.ee\/wp-content\/uploads\/2026\/03\/Logo-e1773259902867.png","width":1443,"height":237,"caption":"Kingimeister.ee - Kingituste E-pood"},"image":{"@id":"https:\/\/kingimeister.ee\/#\/schema\/logo\/image\/"}}]}},"jetpack_sharing_enabled":true,"_links":{"self":[{"href":"https:\/\/kingimeister.ee\/ru\/wp-json\/wp\/v2\/product\/30302","targetHints":{"allow":["GET"]}}],"collection":[{"href":"https:\/\/kingimeister.ee\/ru\/wp-json\/wp\/v2\/product"}],"about":[{"href":"https:\/\/kingimeister.ee\/ru\/wp-json\/wp\/v2\/types\/product"}],"replies":[{"embeddable":true,"href":"https:\/\/kingimeister.ee\/ru\/wp-json\/wp\/v2\/comments?post=30302"}],"version-history":[{"count":2,"href":"https:\/\/kingimeister.ee\/ru\/wp-json\/wp\/v2\/product\/30302\/revisions"}],"predecessor-version":[{"id":30308,"href":"https:\/\/kingimeister.ee\/ru\/wp-json\/wp\/v2\/product\/30302\/revisions\/30308"}],"wp:featuredmedia":[{"embeddable":true,"href":"https:\/\/kingimeister.ee\/ru\/wp-json\/wp\/v2\/media\/30303"}],"wp:attachment":[{"href":"https:\/\/kingimeister.ee\/ru\/wp-json\/wp\/v2\/media?parent=30302"}],"wp:term":[{"taxonomy":"product_brand","embeddable":true,"href":"https:\/\/kingimeister.ee\/ru\/wp-json\/wp\/v2\/product_brand?post=30302"},{"taxonomy":"product_cat","embeddable":true,"href":"https:\/\/kingimeister.ee\/ru\/wp-json\/wp\/v2\/product_cat?post=30302"},{"taxonomy":"product_tag","embeddable":true,"href":"https:\/\/kingimeister.ee\/ru\/wp-json\/wp\/v2\/product_tag?post=30302"}],"curies":[{"name":"wp","href":"https:\/\/api.w.org\/{rel}","templated":true}]}}