{"id":30310,"date":"2026-04-08T21:46:33","date_gmt":"2026-04-08T19:46:33","guid":{"rendered":"https:\/\/kingimeister.ee\/?post_type=product&#038;p=30310"},"modified":"2026-04-08T22:45:47","modified_gmt":"2026-04-08T20:45:47","slug":"t-sark-emale-maailma-parim-ema","status":"publish","type":"product","link":"https:\/\/kingimeister.ee\/ru\/t-sark-emale-maailma-parim-ema\/","title":{"rendered":"T-s\u00e4rk emale &#8221;Maailma Parim Ema&#8221;"},"content":{"rendered":"<p data-start=\"93\" data-end=\"284\">\u00dcllata oma ema v\u00f5i kallist inimest erilise ja s\u00fcdamliku kingitusega! See stiilne T-s\u00e4rk kannab kaunist s\u00f5numit \u201eMaailma parim ema\u201c, mis toob naeratuse n\u00e4ole iga kord, kui seda kantakse.<\/p>\n<p data-start=\"286\" data-end=\"525\">S\u00e4rk on mugav, pehme ja sobib ideaalselt igap\u00e4evaseks kandmiseks \u2013 olgu selleks jalutusk\u00e4ik, perega koosviibimine v\u00f5i lihtsalt kodune olemine. Elegantne disain kuldsete detailidega lisab naiselikkust ja teeb s\u00e4rgist pilkup\u00fc\u00fcdva r\u00f5ivaeseme.<\/p>","protected":false},"excerpt":{"rendered":"<p data-start=\"93\" data-end=\"284\">\u00dcllata oma ema v\u00f5i kallist inimest erilise ja s\u00fcdamliku kingitusega! See stiilne valge T-s\u00e4rk kannab kaunist s\u00f5numit \u201eMaailma parim ema\u201c, mis toob naeratuse n\u00e4ole iga kord, kui seda kantakse.<\/p>\n<p data-start=\"286\" data-end=\"525\">S\u00e4rk on mugav, pehme ja sobib ideaalselt igap\u00e4evaseks kandmiseks \u2013 olgu selleks jalutusk\u00e4ik, perega koosviibimine v\u00f5i lihtsalt kodune olemine. Elegantne disain kuldsete detailidega lisab naiselikkust ja teeb s\u00e4rgist pilkup\u00fc\u00fcdva r\u00f5ivaeseme.<\/p>","protected":false},"featured_media":30311,"comment_status":"open","ping_status":"closed","template":"","meta":[],"product_brand":[],"product_cat":[172,175,170,174,218],"product_tag":[353,258,257,356,255,355,354],"class_list":{"0":"post-30310","1":"product","2":"type-product","3":"status-publish","4":"has-post-thumbnail","6":"product_cat-disainiga-riided-emale","7":"product_cat-eksklusiivsed-kingitused-emale","8":"product_cat-kingitused-emale","9":"product_cat-personaalsed-kingitused-emale","10":"product_cat-t-sargid-emale","11":"product_tag-ema-sark","12":"product_tag-emadepaeva-kingitus","13":"product_tag-kingitus-emale","14":"product_tag-kingitus-emale-idee","15":"product_tag-maailma-parim-ema","16":"product_tag-personaalne-sark","17":"product_tag-t-sark-emale","19":"first","20":"instock","21":"sale","22":"taxable","23":"shipping-taxable","24":"purchasable","25":"product-type-variable"},"yoast_head":"<!-- This site is optimized with the Yoast SEO Premium plugin v27.1 (Yoast SEO v27.3) - https:\/\/yoast.com\/product\/yoast-seo-premium-wordpress\/ -->\n<title>T-s\u00e4rk emale \u201eMaailma parim ema\u201c | Kingimeister.ee<\/title>\n<meta name=\"description\" content=\"Stiilne ja mugav T-s\u00e4rk kirjaga \u201eMaailma parim ema\u201c. Ideaalne kingitus emadep\u00e4evaks v\u00f5i s\u00fcnnip\u00e4evaks. Telli juba t\u00e4na \u2013 Kingimeister.ee\" \/>\n<meta name=\"robots\" content=\"index, follow, max-snippet:-1, max-image-preview:large, max-video-preview:-1\" \/>\n<link rel=\"canonical\" href=\"https:\/\/kingimeister.ee\/ru\/t-sark-emale-maailma-parim-ema\/\" \/>\n<meta property=\"og:locale\" content=\"ru_RU\" \/>\n<meta property=\"og:type\" content=\"article\" \/>\n<meta property=\"og:title\" content=\"T-s\u00e4rk emale &#039;&#039;Maailma Parim Ema&#039;&#039;\" \/>\n<meta property=\"og:description\" content=\"Stiilne ja mugav T-s\u00e4rk kirjaga \u201eMaailma parim ema\u201c. Ideaalne kingitus emadep\u00e4evaks v\u00f5i s\u00fcnnip\u00e4evaks. Telli juba t\u00e4na \u2013 Kingimeister.ee\" \/>\n<meta property=\"og:url\" content=\"https:\/\/kingimeister.ee\/ru\/t-sark-emale-maailma-parim-ema\/\" \/>\n<meta property=\"og:site_name\" content=\"Kingimeister.ee - Kingituste E-pood\" \/>\n<meta property=\"article:modified_time\" content=\"2026-04-08T20:45:47+00:00\" \/>\n<meta property=\"og:image\" content=\"https:\/\/kingimeister.ee\/wp-content\/uploads\/2026\/04\/Sark-emale-maailma-parim-ema.png\" \/>\n\t<meta property=\"og:image:width\" content=\"1024\" \/>\n\t<meta property=\"og:image:height\" content=\"1024\" \/>\n\t<meta property=\"og:image:type\" content=\"image\/png\" \/>\n<meta name=\"twitter:card\" content=\"summary_large_image\" \/>\n<meta name=\"twitter:label1\" content=\"\u041f\u0440\u0438\u043c\u0435\u0440\u043d\u043e\u0435 \u0432\u0440\u0435\u043c\u044f \u0434\u043b\u044f \u0447\u0442\u0435\u043d\u0438\u044f\" \/>\n\t<meta name=\"twitter:data1\" content=\"1 \u043c\u0438\u043d\u0443\u0442\u0430\" \/>\n<script type=\"application\/ld+json\" class=\"yoast-schema-graph\">{\"@context\":\"https:\\\/\\\/schema.org\",\"@graph\":[{\"@type\":\"WebPage\",\"@id\":\"https:\\\/\\\/kingimeister.ee\\\/t-sark-emale-maailma-parim-ema\\\/\",\"url\":\"https:\\\/\\\/kingimeister.ee\\\/t-sark-emale-maailma-parim-ema\\\/\",\"name\":\"T-s\u00e4rk emale \u201eMaailma parim ema\u201c | Kingimeister.ee\",\"isPartOf\":{\"@id\":\"https:\\\/\\\/kingimeister.ee\\\/#website\"},\"primaryImageOfPage\":{\"@id\":\"https:\\\/\\\/kingimeister.ee\\\/t-sark-emale-maailma-parim-ema\\\/#primaryimage\"},\"image\":{\"@id\":\"https:\\\/\\\/kingimeister.ee\\\/t-sark-emale-maailma-parim-ema\\\/#primaryimage\"},\"thumbnailUrl\":\"https:\\\/\\\/i0.wp.com\\\/kingimeister.ee\\\/wp-content\\\/uploads\\\/2026\\\/04\\\/Sark-emale-maailma-parim-ema.png?fit=1024%2C1024&ssl=1\",\"datePublished\":\"2026-04-08T19:46:33+00:00\",\"dateModified\":\"2026-04-08T20:45:47+00:00\",\"description\":\"Stiilne ja mugav T-s\u00e4rk kirjaga \u201eMaailma parim ema\u201c. Ideaalne kingitus emadep\u00e4evaks v\u00f5i s\u00fcnnip\u00e4evaks. Telli juba t\u00e4na \u2013 Kingimeister.ee\",\"breadcrumb\":{\"@id\":\"https:\\\/\\\/kingimeister.ee\\\/t-sark-emale-maailma-parim-ema\\\/#breadcrumb\"},\"inLanguage\":\"ru-RU\",\"potentialAction\":[{\"@type\":\"ReadAction\",\"target\":[\"https:\\\/\\\/kingimeister.ee\\\/t-sark-emale-maailma-parim-ema\\\/\"]}]},{\"@type\":\"ImageObject\",\"inLanguage\":\"ru-RU\",\"@id\":\"https:\\\/\\\/kingimeister.ee\\\/t-sark-emale-maailma-parim-ema\\\/#primaryimage\",\"url\":\"https:\\\/\\\/i0.wp.com\\\/kingimeister.ee\\\/wp-content\\\/uploads\\\/2026\\\/04\\\/Sark-emale-maailma-parim-ema.png?fit=1024%2C1024&ssl=1\",\"contentUrl\":\"https:\\\/\\\/i0.wp.com\\\/kingimeister.ee\\\/wp-content\\\/uploads\\\/2026\\\/04\\\/Sark-emale-maailma-parim-ema.png?fit=1024%2C1024&ssl=1\",\"width\":1024,\"height\":1024},{\"@type\":\"BreadcrumbList\",\"@id\":\"https:\\\/\\\/kingimeister.ee\\\/t-sark-emale-maailma-parim-ema\\\/#breadcrumb\",\"itemListElement\":[{\"@type\":\"ListItem\",\"position\":1,\"name\":\"Home\",\"item\":\"https:\\\/\\\/kingimeister.ee\\\/\"},{\"@type\":\"ListItem\",\"position\":2,\"name\":\"Kingitused\",\"item\":\"https:\\\/\\\/kingimeister.ee\\\/kingitused\\\/\"},{\"@type\":\"ListItem\",\"position\":3,\"name\":\"T-s\u00e4rk emale &#8221;Maailma Parim Ema&#8221;\"}]},{\"@type\":\"WebSite\",\"@id\":\"https:\\\/\\\/kingimeister.ee\\\/#website\",\"url\":\"https:\\\/\\\/kingimeister.ee\\\/\",\"name\":\"Kingimeister.ee - Kingituste E-pood\",\"description\":\"\",\"publisher\":{\"@id\":\"https:\\\/\\\/kingimeister.ee\\\/#organization\"},\"potentialAction\":[{\"@type\":\"SearchAction\",\"target\":{\"@type\":\"EntryPoint\",\"urlTemplate\":\"https:\\\/\\\/kingimeister.ee\\\/?s={search_term_string}\"},\"query-input\":{\"@type\":\"PropertyValueSpecification\",\"valueRequired\":true,\"valueName\":\"search_term_string\"}}],\"inLanguage\":\"ru-RU\"},{\"@type\":\"Organization\",\"@id\":\"https:\\\/\\\/kingimeister.ee\\\/#organization\",\"name\":\"Kingimeister.ee - Kingituste E-pood\",\"url\":\"https:\\\/\\\/kingimeister.ee\\\/\",\"logo\":{\"@type\":\"ImageObject\",\"inLanguage\":\"ru-RU\",\"@id\":\"https:\\\/\\\/kingimeister.ee\\\/#\\\/schema\\\/logo\\\/image\\\/\",\"url\":\"https:\\\/\\\/kingimeister.ee\\\/wp-content\\\/uploads\\\/2026\\\/03\\\/Logo-e1773259902867.png\",\"contentUrl\":\"https:\\\/\\\/kingimeister.ee\\\/wp-content\\\/uploads\\\/2026\\\/03\\\/Logo-e1773259902867.png\",\"width\":1443,\"height\":237,\"caption\":\"Kingimeister.ee - Kingituste E-pood\"},\"image\":{\"@id\":\"https:\\\/\\\/kingimeister.ee\\\/#\\\/schema\\\/logo\\\/image\\\/\"}}]}<\/script>\n<!-- \/ Yoast SEO Premium plugin. -->","yoast_head_json":{"title":"T-s\u00e4rk emale \u201eMaailma parim ema\u201c | Kingimeister.ee","description":"Stiilne ja mugav T-s\u00e4rk kirjaga \u201eMaailma parim ema\u201c. Ideaalne kingitus emadep\u00e4evaks v\u00f5i s\u00fcnnip\u00e4evaks. Telli juba t\u00e4na \u2013 Kingimeister.ee","robots":{"index":"index","follow":"follow","max-snippet":"max-snippet:-1","max-image-preview":"max-image-preview:large","max-video-preview":"max-video-preview:-1"},"canonical":"https:\/\/kingimeister.ee\/ru\/t-sark-emale-maailma-parim-ema\/","og_locale":"ru_RU","og_type":"article","og_title":"T-s\u00e4rk emale ''Maailma Parim Ema''","og_description":"Stiilne ja mugav T-s\u00e4rk kirjaga \u201eMaailma parim ema\u201c. Ideaalne kingitus emadep\u00e4evaks v\u00f5i s\u00fcnnip\u00e4evaks. Telli juba t\u00e4na \u2013 Kingimeister.ee","og_url":"https:\/\/kingimeister.ee\/ru\/t-sark-emale-maailma-parim-ema\/","og_site_name":"Kingimeister.ee - Kingituste E-pood","article_modified_time":"2026-04-08T20:45:47+00:00","og_image":[{"width":1024,"height":1024,"url":"https:\/\/kingimeister.ee\/wp-content\/uploads\/2026\/04\/Sark-emale-maailma-parim-ema.png","type":"image\/png"}],"twitter_card":"summary_large_image","twitter_misc":{"\u041f\u0440\u0438\u043c\u0435\u0440\u043d\u043e\u0435 \u0432\u0440\u0435\u043c\u044f \u0434\u043b\u044f \u0447\u0442\u0435\u043d\u0438\u044f":"1 \u043c\u0438\u043d\u0443\u0442\u0430"},"schema":{"@context":"https:\/\/schema.org","@graph":[{"@type":"WebPage","@id":"https:\/\/kingimeister.ee\/t-sark-emale-maailma-parim-ema\/","url":"https:\/\/kingimeister.ee\/t-sark-emale-maailma-parim-ema\/","name":"T-s\u00e4rk emale \u201eMaailma parim ema\u201c | Kingimeister.ee","isPartOf":{"@id":"https:\/\/kingimeister.ee\/#website"},"primaryImageOfPage":{"@id":"https:\/\/kingimeister.ee\/t-sark-emale-maailma-parim-ema\/#primaryimage"},"image":{"@id":"https:\/\/kingimeister.ee\/t-sark-emale-maailma-parim-ema\/#primaryimage"},"thumbnailUrl":"https:\/\/i0.wp.com\/kingimeister.ee\/wp-content\/uploads\/2026\/04\/Sark-emale-maailma-parim-ema.png?fit=1024%2C1024&ssl=1","datePublished":"2026-04-08T19:46:33+00:00","dateModified":"2026-04-08T20:45:47+00:00","description":"Stiilne ja mugav T-s\u00e4rk kirjaga \u201eMaailma parim ema\u201c. Ideaalne kingitus emadep\u00e4evaks v\u00f5i s\u00fcnnip\u00e4evaks. Telli juba t\u00e4na \u2013 Kingimeister.ee","breadcrumb":{"@id":"https:\/\/kingimeister.ee\/t-sark-emale-maailma-parim-ema\/#breadcrumb"},"inLanguage":"ru-RU","potentialAction":[{"@type":"ReadAction","target":["https:\/\/kingimeister.ee\/t-sark-emale-maailma-parim-ema\/"]}]},{"@type":"ImageObject","inLanguage":"ru-RU","@id":"https:\/\/kingimeister.ee\/t-sark-emale-maailma-parim-ema\/#primaryimage","url":"https:\/\/i0.wp.com\/kingimeister.ee\/wp-content\/uploads\/2026\/04\/Sark-emale-maailma-parim-ema.png?fit=1024%2C1024&ssl=1","contentUrl":"https:\/\/i0.wp.com\/kingimeister.ee\/wp-content\/uploads\/2026\/04\/Sark-emale-maailma-parim-ema.png?fit=1024%2C1024&ssl=1","width":1024,"height":1024},{"@type":"BreadcrumbList","@id":"https:\/\/kingimeister.ee\/t-sark-emale-maailma-parim-ema\/#breadcrumb","itemListElement":[{"@type":"ListItem","position":1,"name":"Home","item":"https:\/\/kingimeister.ee\/"},{"@type":"ListItem","position":2,"name":"Kingitused","item":"https:\/\/kingimeister.ee\/kingitused\/"},{"@type":"ListItem","position":3,"name":"T-s\u00e4rk emale &#8221;Maailma Parim Ema&#8221;"}]},{"@type":"WebSite","@id":"https:\/\/kingimeister.ee\/#website","url":"https:\/\/kingimeister.ee\/","name":"Kingimeister.ee - Kingituste E-pood","description":"","publisher":{"@id":"https:\/\/kingimeister.ee\/#organization"},"potentialAction":[{"@type":"SearchAction","target":{"@type":"EntryPoint","urlTemplate":"https:\/\/kingimeister.ee\/?s={search_term_string}"},"query-input":{"@type":"PropertyValueSpecification","valueRequired":true,"valueName":"search_term_string"}}],"inLanguage":"ru-RU"},{"@type":"Organization","@id":"https:\/\/kingimeister.ee\/#organization","name":"Kingimeister.ee - Kingituste E-pood","url":"https:\/\/kingimeister.ee\/","logo":{"@type":"ImageObject","inLanguage":"ru-RU","@id":"https:\/\/kingimeister.ee\/#\/schema\/logo\/image\/","url":"https:\/\/kingimeister.ee\/wp-content\/uploads\/2026\/03\/Logo-e1773259902867.png","contentUrl":"https:\/\/kingimeister.ee\/wp-content\/uploads\/2026\/03\/Logo-e1773259902867.png","width":1443,"height":237,"caption":"Kingimeister.ee - Kingituste E-pood"},"image":{"@id":"https:\/\/kingimeister.ee\/#\/schema\/logo\/image\/"}}]}},"jetpack_sharing_enabled":true,"_links":{"self":[{"href":"https:\/\/kingimeister.ee\/ru\/wp-json\/wp\/v2\/product\/30310","targetHints":{"allow":["GET"]}}],"collection":[{"href":"https:\/\/kingimeister.ee\/ru\/wp-json\/wp\/v2\/product"}],"about":[{"href":"https:\/\/kingimeister.ee\/ru\/wp-json\/wp\/v2\/types\/product"}],"replies":[{"embeddable":true,"href":"https:\/\/kingimeister.ee\/ru\/wp-json\/wp\/v2\/comments?post=30310"}],"version-history":[{"count":3,"href":"https:\/\/kingimeister.ee\/ru\/wp-json\/wp\/v2\/product\/30310\/revisions"}],"predecessor-version":[{"id":30345,"href":"https:\/\/kingimeister.ee\/ru\/wp-json\/wp\/v2\/product\/30310\/revisions\/30345"}],"wp:featuredmedia":[{"embeddable":true,"href":"https:\/\/kingimeister.ee\/ru\/wp-json\/wp\/v2\/media\/30311"}],"wp:attachment":[{"href":"https:\/\/kingimeister.ee\/ru\/wp-json\/wp\/v2\/media?parent=30310"}],"wp:term":[{"taxonomy":"product_brand","embeddable":true,"href":"https:\/\/kingimeister.ee\/ru\/wp-json\/wp\/v2\/product_brand?post=30310"},{"taxonomy":"product_cat","embeddable":true,"href":"https:\/\/kingimeister.ee\/ru\/wp-json\/wp\/v2\/product_cat?post=30310"},{"taxonomy":"product_tag","embeddable":true,"href":"https:\/\/kingimeister.ee\/ru\/wp-json\/wp\/v2\/product_tag?post=30310"}],"curies":[{"name":"wp","href":"https:\/\/api.w.org\/{rel}","templated":true}]}}